{"id":36374,"date":"2026-02-23T20:55:32","date_gmt":"2026-02-23T20:55:32","guid":{"rendered":"https:\/\/petworld.ma\/?post_type=product&#038;p=36374"},"modified":"2026-02-26T09:55:45","modified_gmt":"2026-02-26T09:55:45","slug":"gamelle-double-en-acier-inoxydable-pour-chiens-et-chats-jaune-orange-bleu","status":"publish","type":"product","link":"https:\/\/petworld.ma\/index.php\/produit\/gamelle-double-en-acier-inoxydable-pour-chiens-et-chats-jaune-orange-bleu\/","title":{"rendered":"Gamelle double en acier inoxydable pour Chiens et Chats (Jaune | Orange | Bleu )"},"content":{"rendered":"<div class=\"title--wrap--NWOaiSp description--title--NMh4UiD\">\n<div class=\"title--text--Otu0bLr\">\n<h2 class=\"title--title--O6xcB1q\"><span style=\"font-size: 14.4px;\">1. Pr\u00e9vention efficace des risques d&rsquo;\u00e9touffement : Cette gamelle est con\u00e7ue avec un syst\u00e8me anti-\u00e9touffement qui emp\u00eache efficacement les animaux de s&rsquo;\u00e9touffer en mangeant. Elle favorise une alimentation plus lente, r\u00e9duisant ainsi les risques de troubles digestifs et am\u00e9liorant la sant\u00e9 globale de l&rsquo;animal.<\/span><\/h2>\n<\/div>\n<\/div>\n<div class=\"extend--wrap--yXwoDbO\">\n<div class=\"extend--content--VuIQZia\">\n<div id=\"product-description\" class=\"description--product-description--Mjtql28\" data-spm=\"1000023\" data-pl=\"product-description\">\n<div data-spm-anchor-id=\"a2g0o.detail.1000023.i0.73b3SXhySXhyrV\">\n<div id=\"product-description\" class=\"product-description\">\n<div class=\"detailmodule_html\">\n<div class=\"detail-desc-decorate-richtext\">\n<div>\n<div>\n<div>\n<p><span dir=\"auto\">2. Double gamelle pour une utilisation pratique\u00a0: Ce produit comprend deux gamelles, permettant aux animaux de manger et de boire simultan\u00e9ment. Ce design permet un gain de place et offre un confort optimal aux propri\u00e9taires d&rsquo;animaux, garantissant \u00e0 leurs compagnons \u00e0 quatre pattes un acc\u00e8s facile \u00e0 l&rsquo;eau et \u00e0 la nourriture.<\/span><\/p>\n<p><span dir=\"auto\">3. Mat\u00e9riaux s\u00fbrs et de haute qualit\u00e9\u00a0: Fabriqu\u00e9e en acier inoxydable, reconnu pour sa durabilit\u00e9 et sa r\u00e9sistance \u00e0 la rouille, cette gamelle est dot\u00e9e d&rsquo;une base en silicone stable qui emp\u00eache la gamelle de glisser ou de se renverser. Ces deux mat\u00e9riaux sont sans danger pour les animaux, assurant leur sant\u00e9 et leur bien-\u00eatre.<\/span><\/p>\n<p><span dir=\"auto\">4. Convient aux chats et aux chiens\u00a0: Cette gamelle polyvalente convient aussi bien aux chats qu&rsquo;aux chiens. Elle s&rsquo;adapte \u00e0 leurs besoins et \u00e0 leur taille, ce qui en fait un choix pratique pour les foyers avec plusieurs animaux ou les propri\u00e9taires de chats et de chiens.<\/span><\/p>\n<p><span dir=\"auto\">5. \u00c9cologique\u00a0: La gamelle pour animaux est fabriqu\u00e9e \u00e0 partir de mat\u00e9riaux \u00e9cologiques, favorisant ainsi le d\u00e9veloppement durable et r\u00e9duisant l\u2019impact environnemental. En choisissant ce produit, les propri\u00e9taires d\u2019animaux contribuent \u00e0 un mode de vie plus respectueux de l\u2019environnement.<\/span><\/p>\n<\/div>\n<\/div>\n<\/div>\n<\/div>\n<\/div>\n<\/div>\n<\/div>\n<\/div>\n<\/div>\n<\/div>\n","protected":false},"excerpt":{"rendered":"<p class=\"title--title--O6xcB1q\"><span dir=\"auto\">Gamelle double en acier inoxydable pour chien, id\u00e9ale pour les petits et moyens chiens et chats.<\/span><\/p>\n","protected":false},"featured_media":36385,"template":"","meta":{"jetpack_publicize_message":"","jetpack_publicize_feature_enabled":true,"jetpack_social_post_already_shared":true,"jetpack_social_options":{"image_generator_settings":{"template":"highway","default_image_id":0,"font":"","enabled":false},"version":2}},"product_brand":[],"product_cat":[133,134],"product_tag":[],"class_list":{"0":"post-36374","1":"product","2":"type-product","3":"status-publish","4":"has-post-thumbnail","6":"product_cat-gamelle","7":"product_cat-gamelles","9":"first","10":"instock","11":"taxable","12":"shipping-taxable","13":"purchasable","14":"product-type-variable"},"supplier_id":null,"supplier_sku":"","barcode":null,"atum_controlled":true,"out_stock_date":null,"out_stock_threshold":null,"inheritable":true,"inbound_stock":0,"stock_on_hold":0,"sold_today":null,"sales_last_days":null,"reserved_stock":0,"customer_returns":0,"warehouse_damage":0,"lost_in_post":0,"other_logs":0,"out_stock_days":null,"lost_sales":null,"has_location":false,"update_date":"2026-04-11T17:17:21","atum_locations":[],"atum_stock_status":"instock","restock_status":false,"low_stock_amount":"","sales_update_date":"2026-04-11T17:17:21","calc_backorders":null,"jetpack_publicize_connections":[],"jetpack_sharing_enabled":true,"batches":[],"_links":{"self":[{"href":"https:\/\/petworld.ma\/index.php\/wp-json\/wp\/v2\/product\/36374","targetHints":{"allow":["GET"]}}],"collection":[{"href":"https:\/\/petworld.ma\/index.php\/wp-json\/wp\/v2\/product"}],"about":[{"href":"https:\/\/petworld.ma\/index.php\/wp-json\/wp\/v2\/types\/product"}],"wp:featuredmedia":[{"embeddable":true,"href":"https:\/\/petworld.ma\/index.php\/wp-json\/wp\/v2\/media\/36385"}],"wp:attachment":[{"href":"https:\/\/petworld.ma\/index.php\/wp-json\/wp\/v2\/media?parent=36374"}],"wp:term":[{"taxonomy":"product_brand","embeddable":true,"href":"https:\/\/petworld.ma\/index.php\/wp-json\/wp\/v2\/product_brand?post=36374"},{"taxonomy":"product_cat","embeddable":true,"href":"https:\/\/petworld.ma\/index.php\/wp-json\/wp\/v2\/product_cat?post=36374"},{"taxonomy":"product_tag","embeddable":true,"href":"https:\/\/petworld.ma\/index.php\/wp-json\/wp\/v2\/product_tag?post=36374"}],"curies":[{"name":"wp","href":"https:\/\/api.w.org\/{rel}","templated":true}]}}