{"id":36477,"date":"2026-02-24T22:31:53","date_gmt":"2026-02-24T22:31:53","guid":{"rendered":"https:\/\/petworld.ma\/?post_type=product&#038;p=36477"},"modified":"2026-02-26T09:50:43","modified_gmt":"2026-02-26T09:50:43","slug":"litiere-pour-rongeurs-chipsi-classic","status":"publish","type":"product","link":"https:\/\/petworld.ma\/index.php\/produit\/litiere-pour-rongeurs-chipsi-classic\/","title":{"rendered":"Liti\u00e8re pour Rongeurs Chipsi Classic"},"content":{"rendered":"<p data-start=\"134\" data-end=\"204\"><strong data-start=\"134\" data-end=\"204\"><span dir=\"auto\">Liti\u00e8re biologique Chipsi pour petits animaux \u2013 Propre, confortable et sans produits chimiques<\/span><\/strong><\/p>\n<p data-start=\"206\" data-end=\"440\"><span dir=\"auto\">Offrez \u00e0 vos petits compagnons le confort naturel qu&rsquo;ils m\u00e9ritent avec la liti\u00e8re biologique Chipsi. Compos\u00e9e de copeaux de bois r\u00e9sineux et de fibres biologiques, elle est enti\u00e8rement biod\u00e9gradable et sans produits chimiques ajout\u00e9s\u00a0: douce pour vos animaux et respectueuse de l&rsquo;environnement.<\/span><\/p>\n<p data-start=\"442\" data-end=\"739\"><span dir=\"auto\">Mais ce n&rsquo;est pas qu&rsquo;une question de confort. Chipsi Organic est ultra-absorbant, \u00e9limine les mauvaises odeurs et est totalement sans poussi\u00e8re, ce qui en fait une option saine et propre pour les lapins, les cochons d&rsquo;Inde, les rats, les souris et bien d&rsquo;autres petits animaux. <\/span><\/p>\n<p data-start=\"442\" data-end=\"739\"><strong data-start=\"741\" data-end=\"764\"><span dir=\"auto\">Pourquoi vous allez l&rsquo;adorer\u00a0:<\/span><\/strong><\/p>\n<ul data-start=\"765\" data-end=\"1043\">\n<li data-start=\"765\" data-end=\"811\">\n<p data-start=\"767\" data-end=\"811\"><span dir=\"auto\">Biod\u00e9gradable et biologique \u2013 sans produits chimiques ajout\u00e9s<\/span><\/p>\n<\/li>\n<li data-start=\"812\" data-end=\"860\">\n<p data-start=\"814\" data-end=\"860\"><span dir=\"auto\">S\u00fbr et adapt\u00e9 \u00e0 une vari\u00e9t\u00e9 de petits animaux<\/span><\/p>\n<\/li>\n<li data-start=\"861\" data-end=\"900\">\n<p data-start=\"863\" data-end=\"900\"><span dir=\"auto\">Fabriqu\u00e9 \u00e0 partir de bois r\u00e9sineux et de fibres naturelles<\/span><\/p>\n<\/li>\n<li data-start=\"901\" data-end=\"939\">\n<p data-start=\"903\" data-end=\"939\"><span dir=\"auto\">Tr\u00e8s absorbant pour garder la literie s\u00e8che<\/span><\/p>\n<\/li>\n<li data-start=\"940\" data-end=\"968\">\n<p data-start=\"942\" data-end=\"968\"><span dir=\"auto\">Contr\u00f4le efficacement les odeurs<\/span><\/p>\n<\/li>\n<li data-start=\"969\" data-end=\"993\">\n<p data-start=\"971\" data-end=\"993\"><span dir=\"auto\">Sans poussi\u00e8re et hygi\u00e9nique<\/span><\/p>\n<\/li>\n<\/ul>\n<p data-start=\"1045\" data-end=\"1113\"><span dir=\"auto\">Une maison propre contribue au bonheur de son animal de compagnie \u2014 et celle-ci remplit toutes les conditions.<\/span><\/p>\n","protected":false},"excerpt":{"rendered":"<div class=\"elementor-toggle-item\">\n<div id=\"elementor-tab-content-3301\" class=\"elementor-tab-content elementor-clearfix elementor-active\" role=\"region\" data-tab=\"1\" aria-labelledby=\"elementor-tab-title-3301\">La liti\u00e8re au bois absorbe, neutralise les odeurs et est sans poussi\u00e8re. \u00c9cologique, fra\u00eeche et id\u00e9ale pour les rongeurs, elle pr\u00e9serve un environnement propre et confortable.<\/div>\n<\/div>\n<div class=\"elementor-toggle-item\">\n<div id=\"elementor-tab-title-3302\" class=\"elementor-tab-title\" role=\"button\" data-tab=\"2\" aria-controls=\"elementor-tab-content-3302\" aria-expanded=\"false\"><\/div>\n<\/div>\n","protected":false},"featured_media":36476,"template":"","meta":{"jetpack_publicize_message":"","jetpack_publicize_feature_enabled":true,"jetpack_social_post_already_shared":true,"jetpack_social_options":{"image_generator_settings":{"template":"highway","default_image_id":0,"font":"","enabled":false},"version":2}},"product_brand":[],"product_cat":[94,206],"product_tag":[],"class_list":{"0":"post-36477","1":"product","2":"type-product","3":"status-publish","4":"has-post-thumbnail","6":"product_cat-litieres-et-bacs","7":"product_cat-rongeurs","9":"first","10":"instock","11":"taxable","12":"shipping-taxable","13":"purchasable","14":"product-type-simple"},"supplier_id":5592,"supplier_sku":"","barcode":"4002973000700","atum_controlled":true,"out_stock_date":null,"out_stock_threshold":null,"inheritable":false,"inbound_stock":0,"stock_on_hold":0,"sold_today":0,"sales_last_days":0,"reserved_stock":0,"customer_returns":0,"warehouse_damage":0,"lost_in_post":0,"other_logs":0,"out_stock_days":0,"lost_sales":0,"has_location":false,"update_date":"2026-04-11T17:17:21","atum_locations":[],"atum_stock_status":"instock","restock_status":false,"low_stock_amount":1,"sales_update_date":"2026-04-11T17:17:21","calc_backorders":null,"jetpack_publicize_connections":[],"jetpack_sharing_enabled":true,"batches":[],"_links":{"self":[{"href":"https:\/\/petworld.ma\/index.php\/wp-json\/wp\/v2\/product\/36477","targetHints":{"allow":["GET"]}}],"collection":[{"href":"https:\/\/petworld.ma\/index.php\/wp-json\/wp\/v2\/product"}],"about":[{"href":"https:\/\/petworld.ma\/index.php\/wp-json\/wp\/v2\/types\/product"}],"wp:featuredmedia":[{"embeddable":true,"href":"https:\/\/petworld.ma\/index.php\/wp-json\/wp\/v2\/media\/36476"}],"wp:attachment":[{"href":"https:\/\/petworld.ma\/index.php\/wp-json\/wp\/v2\/media?parent=36477"}],"wp:term":[{"taxonomy":"product_brand","embeddable":true,"href":"https:\/\/petworld.ma\/index.php\/wp-json\/wp\/v2\/product_brand?post=36477"},{"taxonomy":"product_cat","embeddable":true,"href":"https:\/\/petworld.ma\/index.php\/wp-json\/wp\/v2\/product_cat?post=36477"},{"taxonomy":"product_tag","embeddable":true,"href":"https:\/\/petworld.ma\/index.php\/wp-json\/wp\/v2\/product_tag?post=36477"}],"curies":[{"name":"wp","href":"https:\/\/api.w.org\/{rel}","templated":true}]}}