{"id":36493,"date":"2026-02-25T00:07:09","date_gmt":"2026-02-25T00:07:09","guid":{"rendered":"https:\/\/petworld.ma\/?post_type=product&#038;p=36493"},"modified":"2026-04-04T21:12:09","modified_gmt":"2026-04-04T21:12:09","slug":"vitamina-plus-aliment-complet-pour-hamsters-et-ecureuils","status":"publish","type":"product","link":"https:\/\/petworld.ma\/index.php\/produit\/vitamina-plus-aliment-complet-pour-hamsters-et-ecureuils\/","title":{"rendered":"Vitamina Plus: Aliment Complet pour Hamsters et \u00c9cureuils"},"content":{"rendered":"<p data-start=\"218\" data-end=\"279\"><strong data-start=\"218\" data-end=\"279\">Vitamina Plus \u2013 Aliment Complet pour Hamsters &amp; \u00c9cureuils<\/strong><\/p>\n<p data-start=\"281\" data-end=\"540\">Vitamina Plus est un aliment complet sp\u00e9cialement formul\u00e9 pour r\u00e9pondre aux besoins nutritionnels des hamsters et \u00e9cureuils. Ce m\u00e9lange \u00e9quilibr\u00e9 contient une s\u00e9lection de graines, c\u00e9r\u00e9ales et ingr\u00e9dients vari\u00e9s favorisant une alimentation saine et naturelle.<\/p>\n<p data-start=\"542\" data-end=\"672\">\u2714 M\u00e9lange riche et vari\u00e9<br data-start=\"566\" data-end=\"569\" \/>\u2714 Source d\u2019\u00e9nergie et de vitalit\u00e9<br data-start=\"602\" data-end=\"605\" \/>\u2714 Adapt\u00e9 aux petits rongeurs<br data-start=\"633\" data-end=\"636\" \/>\u2714 Contribue au bien-\u00eatre quotidien<\/p>\n<p data-start=\"674\" data-end=\"842\">Id\u00e9al pour une alimentation quotidienne, Vitamina Plus apporte les nutriments essentiels n\u00e9cessaires \u00e0 la sant\u00e9, \u00e0 l\u2019activit\u00e9 et \u00e0 la vitalit\u00e9 de votre petit compagnon.<\/p>\n","protected":false},"excerpt":{"rendered":"<p>Vitamina Plus \u2013 Aliment Complet pour Hamsters &amp; \u00c9cureuils Vitamina Plus est un aliment complet sp\u00e9cialement formul\u00e9 pour r\u00e9pondre aux besoins nutritionnels des hamsters et \u00e9cureuils. Ce m\u00e9lange \u00e9quilibr\u00e9 contient une s\u00e9lection de graines, c\u00e9r\u00e9ales et ingr\u00e9dients vari\u00e9s favorisant une alimentation saine et naturelle. \u2714 M\u00e9lange riche et vari\u00e9\u2714 Source d\u2019\u00e9nergie et de vitalit\u00e9\u2714 Adapt\u00e9 [&#8230;]\n","protected":false},"featured_media":36495,"template":"","meta":{"jetpack_publicize_message":"","jetpack_publicize_feature_enabled":true,"jetpack_social_post_already_shared":true,"jetpack_social_options":{"image_generator_settings":{"template":"highway","default_image_id":0,"font":"","enabled":false},"version":2}},"product_brand":[],"product_cat":[206],"product_tag":[],"class_list":{"0":"post-36493","1":"product","2":"type-product","3":"status-publish","4":"has-post-thumbnail","6":"product_cat-rongeurs","8":"first","9":"instock","10":"taxable","11":"shipping-taxable","12":"purchasable","13":"product-type-simple"},"supplier_id":5592,"supplier_sku":"","barcode":null,"atum_controlled":true,"out_stock_date":null,"out_stock_threshold":null,"inheritable":false,"inbound_stock":0,"stock_on_hold":0,"sold_today":0,"sales_last_days":1,"reserved_stock":0,"customer_returns":0,"warehouse_damage":0,"lost_in_post":0,"other_logs":0,"out_stock_days":0,"lost_sales":0,"has_location":false,"update_date":"2026-04-11T17:17:21","atum_locations":[],"atum_stock_status":"instock","restock_status":false,"low_stock_amount":1,"sales_update_date":"2026-04-11T17:17:21","calc_backorders":null,"jetpack_publicize_connections":[],"jetpack_sharing_enabled":true,"batches":[{"id":"7934","date_created":"2026-02-25 00:13:45","date_expiry":"2027-12-15 00:00:00","user_id":"1","batch_number":"ALIMENTCOMPLETHAMSTER1227","location":"","quantity":"10.0000","quantity_available":"9.0000","units":"1","status":"active","order_ids":"[38954]","supplier":"Casablanca","po":{"id":"7873","date_created":"2026-02-25 00:13:47","batch_id":"7934","po_number":"","supplier":"Casablanca","cost":null,"regular_price":null,"sale_price":null,"price_margin":null,"price_discount":null}}],"_links":{"self":[{"href":"https:\/\/petworld.ma\/index.php\/wp-json\/wp\/v2\/product\/36493","targetHints":{"allow":["GET"]}}],"collection":[{"href":"https:\/\/petworld.ma\/index.php\/wp-json\/wp\/v2\/product"}],"about":[{"href":"https:\/\/petworld.ma\/index.php\/wp-json\/wp\/v2\/types\/product"}],"wp:featuredmedia":[{"embeddable":true,"href":"https:\/\/petworld.ma\/index.php\/wp-json\/wp\/v2\/media\/36495"}],"wp:attachment":[{"href":"https:\/\/petworld.ma\/index.php\/wp-json\/wp\/v2\/media?parent=36493"}],"wp:term":[{"taxonomy":"product_brand","embeddable":true,"href":"https:\/\/petworld.ma\/index.php\/wp-json\/wp\/v2\/product_brand?post=36493"},{"taxonomy":"product_cat","embeddable":true,"href":"https:\/\/petworld.ma\/index.php\/wp-json\/wp\/v2\/product_cat?post=36493"},{"taxonomy":"product_tag","embeddable":true,"href":"https:\/\/petworld.ma\/index.php\/wp-json\/wp\/v2\/product_tag?post=36493"}],"curies":[{"name":"wp","href":"https:\/\/api.w.org\/{rel}","templated":true}]}}