{"id":36565,"date":"2026-02-25T21:51:35","date_gmt":"2026-02-25T21:51:35","guid":{"rendered":"https:\/\/petworld.ma\/?post_type=product&#038;p=36565"},"modified":"2026-04-10T20:56:05","modified_gmt":"2026-04-10T20:56:05","slug":"purina-one-adult-sachets-fraicheur-pour-chat-formule-interieure-flocons-minces-en-sauce-4x85-g","status":"publish","type":"product","link":"https:\/\/petworld.ma\/index.php\/produit\/purina-one-adult-sachets-fraicheur-pour-chat-formule-interieure-flocons-minces-en-sauce-4x85-g\/","title":{"rendered":"Purina ONE\u00ae Adult Sachets Fra\u00eecheur Pour Chat Formule Int\u00e9rieure Flocons Minces en Sauce 4&#215;85 g"},"content":{"rendered":"<p><span dir=\"auto\">L&rsquo;aliment humide PURINA ONE est un produit complet et \u00e9quilibr\u00e9 qui associe de tendres morceaux de viande et de l\u00e9gumes finement coup\u00e9s dans une d\u00e9licieuse sauce, r\u00e9pondant aux plus hautes exigences de qualit\u00e9 en mati\u00e8re de nutrition savoureuse.\u00a0<\/span><br \/>\n<span dir=\"auto\">Les v\u00e9t\u00e9rinaires et nutritionnistes de Purina ont d\u00e9velopp\u00e9 nos produits pour contribuer au maintien d&rsquo;un microbiome sain \u2013 l&rsquo;\u00e9quilibre des micro-organismes \u00e9tant essentiel au bien-\u00eatre digestif et g\u00e9n\u00e9ral de votre chat.<\/span><br \/>\n<span dir=\"auto\">D&rsquo;une bonne digestion \u00e0 un syst\u00e8me immunitaire fort, en passant par un pelage brillant, vous constaterez des r\u00e9sultats visibles sur la sant\u00e9 de votre chat, d\u00e8s aujourd&rsquo;hui et pour l&rsquo;avenir.<\/span><\/p>\n<p><strong><span dir=\"auto\">Caract\u00e9ristiques<\/span><\/strong><\/p>\n<ul>\n<li><span dir=\"auto\">Un corps mince et sain gr\u00e2ce \u00e0 un apport \u00e9lev\u00e9 en prot\u00e9ines.<\/span><\/li>\n<li><span dir=\"auto\">Avec du b\u0153uf ou du thon de haute qualit\u00e9, une source de prot\u00e9ines et un go\u00fbt exceptionnel.<\/span><\/li>\n<li><span dir=\"auto\">Elle contribue \u00e0 maintenir de fortes d\u00e9fenses naturelles gr\u00e2ce \u00e0 des antioxydants, comme la vitamine E.<\/span><\/li>\n<li><span dir=\"auto\">Il contribue au maintien d&rsquo;un syst\u00e8me urinaire sain en aidant \u00e0 r\u00e9duire la concentration de min\u00e9raux susceptibles d&rsquo;entra\u00eener la formation de calculs r\u00e9naux.<\/span><\/li>\n<li><span dir=\"auto\">Il contribue au maintien du microbiome intestinal.<\/span><\/li>\n<li><span dir=\"auto\">Elle contribue \u00e0 maintenir la peau et le pelage dans un \u00e9tat de sant\u00e9 \u00e9clatant gr\u00e2ce aux acides gras om\u00e9ga 3 et 6 et aux vitamines et min\u00e9raux essentiels.<\/span><\/li>\n<li><span dir=\"auto\">Elle contribue \u00e0 limiter la chute excessive des cheveux gr\u00e2ce aux acides gras essentiels, aux vitamines et aux min\u00e9raux, et minimise la formation de boules de poils gr\u00e2ce \u00e0 ses fibres.<\/span><\/li>\n<li><span dir=\"auto\">Sans colorants, conservateurs ni ar\u00f4mes artificiels ajout\u00e9s.<\/span><\/li>\n<\/ul>\n<p><strong><span dir=\"auto\">Composition<\/span><\/strong><\/p>\n<p><span dir=\"auto\">Dans la vari\u00e9t\u00e9 au b\u0153uf\u00a0:<\/span><br \/>\n<span dir=\"auto\">Viandes et sous-produits animaux (dont 4\u00a0% de b\u0153uf),<\/span><br \/>\n<span dir=\"auto\">extraits de prot\u00e9ines v\u00e9g\u00e9tales<\/span><br \/>\n<span dir=\"auto\">, poissons et sous-produits de poissons,<\/span><br \/>\n<span dir=\"auto\">sous-produits d\u2019origine v\u00e9g\u00e9tale,<\/span><br \/>\n<span dir=\"auto\">huiles et graisses<\/span><br \/>\n<span dir=\"auto\">, substances min\u00e9rales,<\/span><br \/>\n<span dir=\"auto\">l\u00e9gumes (0,6\u00a0% de carottes d\u00e9shydrat\u00e9es, \u00e9quivalent \u00e0 5,4\u00a0% de carottes),<\/span><br \/>\n<span dir=\"auto\">sucres.<\/span><\/p>\n<p><span dir=\"auto\">Dans la vari\u00e9t\u00e9 au thon\u00a0:<\/span><br \/>\n<span dir=\"auto\">Viandes et sous-produits animaux,<\/span><br \/>\n<span dir=\"auto\">extraits de prot\u00e9ines v\u00e9g\u00e9tales,<\/span><br \/>\n<span dir=\"auto\">poissons et sous-produits de poissons (dont 4\u00a0% de thon),<\/span><br \/>\n<span dir=\"auto\">sous-produits d\u2019origine v\u00e9g\u00e9tale<\/span><br \/>\n<span dir=\"auto\">, huiles et graisses<\/span><br \/>\n<span dir=\"auto\">, substances min\u00e9rales,<\/span><br \/>\n<span dir=\"auto\">l\u00e9gumes (0,6\u00a0% de haricots verts secs, \u00e9quivalent \u00e0 5,4\u00a0% de haricots verts),<\/span><br \/>\n<span dir=\"auto\">sucres.<\/span><\/p>\n<p>&nbsp;<\/p>\n<p><strong><span dir=\"auto\">Composants analytiques<\/span><\/strong><\/p>\n<p><span dir=\"auto\">Humidit\u00e9 : 79,0 %<\/span><br \/>\n<span dir=\"auto\">Prot\u00e9ines brutes : 12,0 %<\/span><br \/>\n<span dir=\"auto\">Mati\u00e8res grasses brutes : 4,0 %<\/span><br \/>\n<span dir=\"auto\">Cendres brutes : 2,2 %<\/span><br \/>\n<span dir=\"auto\">Fibres brutes : 1,2 %<\/span><\/p>\n<p><strong><span dir=\"auto\">Additifs<\/span><\/strong><\/p>\n<p><span dir=\"auto\">UI\/kg :<\/span><br \/>\n<span dir=\"auto\">Vit A : 1\u00a0190\u00a0;<\/span><br \/>\n<span dir=\"auto\">Vit D3 : 166\u00a0;<\/span><br \/>\n<span dir=\"auto\">Vit E : 270.<\/span><\/p>\n<p><span dir=\"auto\">mg\/kg :<\/span><br \/>\n<span dir=\"auto\">Sulfate ferreux monohydrat\u00e9 : 44\u00a0;<\/span><br \/>\n<span dir=\"auto\">Iodate de calcium anhydre : 0,65\u00a0;<\/span><br \/>\n<span dir=\"auto\">Sulfate de cuivre pentahydrat\u00e9 : 4,3\u00a0;<\/span><br \/>\n<span dir=\"auto\">Sulfate de mangan\u00e8se monohydrat\u00e9 : 6,1\u00a0;<\/span><br \/>\n<span dir=\"auto\">Sulfate de zinc monohydrat\u00e9 : 78.<\/span><\/p>\n<p>&nbsp;<\/p>\n<p><strong><span dir=\"auto\">Ration journali\u00e8re et instructions d&rsquo;utilisation<\/span><\/strong><\/p>\n<p><span dir=\"auto\">Mode d&#8217;emploi et portion journali\u00e8re recommand\u00e9e\u00a0:<\/span><\/p>\n<p><span dir=\"auto\">Mode d&#8217;emploi et ration journali\u00e8re recommand\u00e9e\u00a0: Pour un chat adulte de 4\u00a0kg en moyenne, servir 3\u00a0sachets par jour, r\u00e9partis en au moins deux repas.<\/span><br \/>\n<span dir=\"auto\">La ration journali\u00e8re recommand\u00e9e doit \u00eatre adapt\u00e9e aux conditions environnementales, au niveau d&rsquo;activit\u00e9 et \u00e0 la condition physique du chat. Servir \u00e0 temp\u00e9rature ambiante. Toujours laisser de l&rsquo;eau fra\u00eeche et propre \u00e0 disposition.<\/span><\/p>\n<p><span dir=\"auto\">Vous pouvez \u00e9galement fournir 2 sachets combin\u00e9s \u00e0 30 g de croquettes Purina ONE Adult Indoor par jour.<\/span><\/p>\n","protected":false},"excerpt":{"rendered":"<div class=\"dsu-product--options\">\n<ul>\n<li>\n<div class=\"dsu-product--options\">\n<p><span dir=\"auto\">Tailles disponibles :<\/span><\/p>\n<div class=\"options\">\n<div class=\"field field--name-field-product-size field--type-string field--label-hidden field__items\">\n<div class=\"field__item\"><span dir=\"auto\">4 x 85 g<\/span><\/div>\n<\/div>\n<\/div>\n<\/div>\n<div class=\"dsu-product--highlight\">\n<div class=\"field field--name-field-product-highlight field--type-string field--label-hidden field__items\">\n<ul>\n<li><span dir=\"auto\">Gr\u00e2ce \u00e0 ses fibres, elle contribue \u00e0 r\u00e9duire la formation de boules de poils.<\/span><\/li>\n<li><span dir=\"auto\">Un corps mince et sain gr\u00e2ce \u00e0 un apport \u00e9lev\u00e9 en prot\u00e9ines.<\/span><\/li>\n<li><span dir=\"auto\">Avec du b\u0153uf ou du thon de haute qualit\u00e9, une source de prot\u00e9ines et un go\u00fbt exceptionnel.<\/span><\/li>\n<li><span dir=\"auto\">Elle contribue \u00e0 maintenir de fortes d\u00e9fenses naturelles gr\u00e2ce \u00e0 des antioxydants, comme la vitamine E.<\/span><\/li>\n<\/ul>\n<\/div>\n<\/div>\n<\/li>\n<\/ul>\n<\/div>\n","protected":false},"featured_media":36568,"template":"","meta":{"jetpack_publicize_message":"","jetpack_publicize_feature_enabled":true,"jetpack_social_post_already_shared":true,"jetpack_social_options":{"image_generator_settings":{"template":"highway","default_image_id":0,"font":"","enabled":false},"version":2}},"product_brand":[],"product_cat":[239],"product_tag":[],"class_list":{"0":"post-36565","1":"product","2":"type-product","3":"status-publish","4":"has-post-thumbnail","6":"product_cat-pate-humides-chat","8":"first","9":"instock","10":"taxable","11":"shipping-taxable","12":"purchasable","13":"product-type-simple"},"supplier_id":5592,"supplier_sku":"","barcode":null,"atum_controlled":true,"out_stock_date":null,"out_stock_threshold":null,"inheritable":false,"inbound_stock":0,"stock_on_hold":0,"sold_today":0,"sales_last_days":3,"reserved_stock":0,"customer_returns":0,"warehouse_damage":0,"lost_in_post":0,"other_logs":0,"out_stock_days":0,"lost_sales":0,"has_location":false,"update_date":"2026-04-13T11:21:11","atum_locations":[],"atum_stock_status":"instock","restock_status":false,"low_stock_amount":12,"sales_update_date":"2026-04-13T11:21:11","calc_backorders":null,"jetpack_publicize_connections":[],"jetpack_sharing_enabled":true,"batches":[{"id":"7938","date_created":"2026-02-25 22:00:18","date_expiry":"2027-08-30 00:00:00","user_id":"2461","batch_number":"Purina ONE\u00ae Adult Sachets Fra\u00eecheur Pour Chat Formule Int\u00e9rieure Flocons Minces en Sauce 4x85 g 300827","location":"","quantity":"24.0000","quantity_available":"19.0000","units":"1","status":"active","order_ids":"[36850,37919,38659,39418]","supplier":"Casablanca","po":{"id":"7876","date_created":"2026-02-25 22:00:18","batch_id":"7938","po_number":"","supplier":"Casablanca","cost":null,"regular_price":null,"sale_price":null,"price_margin":null,"price_discount":null}}],"_links":{"self":[{"href":"https:\/\/petworld.ma\/index.php\/wp-json\/wp\/v2\/product\/36565","targetHints":{"allow":["GET"]}}],"collection":[{"href":"https:\/\/petworld.ma\/index.php\/wp-json\/wp\/v2\/product"}],"about":[{"href":"https:\/\/petworld.ma\/index.php\/wp-json\/wp\/v2\/types\/product"}],"wp:featuredmedia":[{"embeddable":true,"href":"https:\/\/petworld.ma\/index.php\/wp-json\/wp\/v2\/media\/36568"}],"wp:attachment":[{"href":"https:\/\/petworld.ma\/index.php\/wp-json\/wp\/v2\/media?parent=36565"}],"wp:term":[{"taxonomy":"product_brand","embeddable":true,"href":"https:\/\/petworld.ma\/index.php\/wp-json\/wp\/v2\/product_brand?post=36565"},{"taxonomy":"product_cat","embeddable":true,"href":"https:\/\/petworld.ma\/index.php\/wp-json\/wp\/v2\/product_cat?post=36565"},{"taxonomy":"product_tag","embeddable":true,"href":"https:\/\/petworld.ma\/index.php\/wp-json\/wp\/v2\/product_tag?post=36565"}],"curies":[{"name":"wp","href":"https:\/\/api.w.org\/{rel}","templated":true}]}}