{"id":36594,"date":"2026-02-25T23:10:23","date_gmt":"2026-02-25T23:10:23","guid":{"rendered":"https:\/\/petworld.ma\/?post_type=product&#038;p=36594"},"modified":"2026-04-10T16:10:43","modified_gmt":"2026-04-10T16:10:43","slug":"purina-gourmet-perle-thin-flocons-aux-legumes-4x85-g","status":"publish","type":"product","link":"https:\/\/petworld.ma\/index.php\/produit\/purina-gourmet-perle-thin-flocons-aux-legumes-4x85-g\/","title":{"rendered":"Purina Gourmet Perle Thin Flocons aux l\u00e9gumes 4&#215;85 g"},"content":{"rendered":"<div class=\"dsu-product--options\">\n<p><strong><span dir=\"auto\">Caract\u00e9ristiques<\/span><\/strong><\/p>\n<ul>\n<li><span dir=\"auto\">Les croquettes Gourmet sont une source importante d&rsquo;hydratation pour votre chat. De plus, vous lui offrirez une alimentation vari\u00e9e, avec diff\u00e9rentes saveurs et textures pour son plus grand plaisir !<\/span><\/li>\n<li><span dir=\"auto\">Aliments 100% complets et \u00e9quilibr\u00e9s<\/span><\/li>\n<li><span dir=\"auto\">Fabriqu\u00e9 avec des ingr\u00e9dients de haute qualit\u00e9<\/span><\/li>\n<li><span dir=\"auto\">coup\u00e9 en fines lamelles et cuit avec soin dans sa savoureuse sauce<\/span><\/li>\n<\/ul>\n<p><strong><span dir=\"auto\">Composition<\/span><\/strong><\/p>\n<p><span dir=\"auto\">Au lapin et aux carottes\u00a0:<\/span><br \/>\n<span dir=\"auto\">Viandes et sous-produits animaux (dont 14\u00a0% de lapin, soit 4\u00a0%),<\/span><br \/>\n<span dir=\"auto\">extraits de prot\u00e9ines v\u00e9g\u00e9tales,<\/span><br \/>\n<span dir=\"auto\">poissons et sous-produits de poissons<\/span><br \/>\n<span dir=\"auto\">, substances min\u00e9rales,<\/span><br \/>\n<span dir=\"auto\">l\u00e9gumes (0,6\u00a0% de carottes d\u00e9shydrat\u00e9es, soit l\u2019\u00e9quivalent de 5,4\u00a0% de carottes) ,<\/span><br \/>\n<span dir=\"auto\">sucres<\/span><\/p>\n<p><span dir=\"auto\">. Au b\u0153uf et aux l\u00e9gumes\u00a0:<\/span><br \/>\n<span dir=\"auto\">Viandes et sous-produits animaux (dont 14\u00a0% de b\u0153uf, soit 4\u00a0%) ,<\/span><br \/>\n<span dir=\"auto\">extraits de prot\u00e9ines v\u00e9g\u00e9tales<\/span><br \/>\n<span dir=\"auto\">, poissons et sous-produits de poissons<\/span><br \/>\n<span dir=\"auto\">, substances min\u00e9rales<\/span><br \/>\n<span dir=\"auto\">, l\u00e9gumes (0,7\u00a0% de l\u00e9gumes d\u00e9shydrat\u00e9s, soit l\u2019\u00e9quivalent de 6,3\u00a0% de l\u00e9gumes),<\/span><br \/>\n<span dir=\"auto\">sucres<\/span><\/p>\n<p><span dir=\"auto\">. Au poulet proven\u00e7al\u00a0:<\/span><br \/>\n<span dir=\"auto\">Viandes et sous-produits animaux (dont 15\u00a0% de poulet, soit 6\u00a0%),<\/span><br \/>\n<span dir=\"auto\">extraits de prot\u00e9ines v\u00e9g\u00e9tales<\/span><br \/>\n<span dir=\"auto\">, poissons et sous-produits de poissons<\/span><br \/>\n<span dir=\"auto\">, substances min\u00e9rales,<\/span><br \/>\n<span dir=\"auto\">l\u00e9gumes (0,7\u00a0% de l\u00e9gumes d\u00e9shydrat\u00e9s, soit l\u2019\u00e9quivalent de 6,3\u00a0% de l\u00e9gumes) ,<\/span><br \/>\n<span dir=\"auto\">sucres<\/span><\/p>\n<p><span dir=\"auto\">. \u00c0 l\u2019agneau et aux l\u00e9gumes\u00a0:<\/span><br \/>\n<span dir=\"auto\">Viandes et sous-produits animaux (dont 15\u00a0% d\u2019agneau, soit 4\u00a0%),<\/span><br \/>\n<span dir=\"auto\">extraits de prot\u00e9ines v\u00e9g\u00e9tales,<\/span><br \/>\n<span dir=\"auto\">poissons et sous-produits de poissons.<\/span><br \/>\n<span dir=\"auto\">Substances min\u00e9rales<\/span><br \/>\n<span dir=\"auto\">L\u00e9gumes (0,8 % de l\u00e9gumes d\u00e9shydrat\u00e9s, \u00e9quivalent \u00e0 7,2 % de l\u00e9gumes)<\/span><br \/>\n<span dir=\"auto\">Sucres<\/span><\/p>\n<p><strong><span dir=\"auto\">Composants analytiques<\/span><\/strong><\/p>\n<p><span dir=\"auto\">Humidit\u00e9 : 80,0 %<\/span><br \/>\n<span dir=\"auto\">Prot\u00e9ines brutes : 12,5 %<\/span><br \/>\n<span dir=\"auto\">Mati\u00e8res grasses brutes : 2,5 %<\/span><br \/>\n<span dir=\"auto\">Cendres brutes : 2,5 %<\/span><br \/>\n<span dir=\"auto\">Fibres brutes : 0,1 %<\/span><\/p>\n<p><strong><span dir=\"auto\">Additifs<\/span><\/strong><\/p>\n<p><span dir=\"auto\">UI\/kg :<\/span><br \/>\n<span dir=\"auto\">Vit. A : 700<\/span><br \/>\n<span dir=\"auto\">Vit. D3 : 105<\/span><\/p>\n<p><span dir=\"auto\">mg\/kg :<\/span><br \/>\n<span dir=\"auto\">Sulfate ferreux (II), monohydrat\u00e9 : (Fe : 8,0)<\/span><br \/>\n<span dir=\"auto\">Iodate de calcium anhydre : (I : 0,20)<\/span><br \/>\n<span dir=\"auto\">Sulfate de cuivre (II), pentahydrat\u00e9 : (Cu : 0,7)<\/span><br \/>\n<span dir=\"auto\">Sulfate manganeux, monohydrat\u00e9 : (Mn : 1,5)<\/span><br \/>\n<span dir=\"auto\">Sulfate de zinc, monohydrat\u00e9 : (Zn : 14,5)<\/span><br \/>\n<span dir=\"auto\">Taurine : 440<\/span><\/p>\n<p><span dir=\"auto\">Avec ar\u00f4mes.<\/span><\/p>\n<p><strong><span dir=\"auto\">Mode d&#8217;emploi et portion quotidienne recommand\u00e9e<\/span><\/strong><\/p>\n<p><span dir=\"auto\">Pour un chat adulte de taille moyenne (4 kg), servez 3 \u00e0 4 sachets par jour, r\u00e9partis en au moins 2 repas.\u00a0<\/span><br \/>\n<span dir=\"auto\">Ces rations d&rsquo;entretien sont donn\u00e9es \u00e0 titre indicatif pour un chat mod\u00e9r\u00e9ment actif vivant dans des conditions environnementales normales.\u00a0<\/span><br \/>\n<span dir=\"auto\">Les besoins individuels \u00e9tant diff\u00e9rents, la quantit\u00e9 de nourriture doit \u00eatre adapt\u00e9e afin de maintenir votre chat \u00e0 un poids id\u00e9al.\u00a0<\/span><br \/>\n<span dir=\"auto\">Servez \u00e0 temp\u00e9rature ambiante. Veillez \u00e0\u00a0<\/span><br \/>\n<span dir=\"auto\">toujours laisser de l&rsquo;eau fra\u00eeche et propre \u00e0 disposition.<\/span><\/p>\n<p><span dir=\"auto\">\u00c0 consommer de pr\u00e9f\u00e9rence avant le : Num\u00e9ro de lot : voir le code sur le c\u00f4t\u00e9 de l&#8217;emballage.\u00a0<\/span><br \/>\n<span dir=\"auto\">Num\u00e9ro d&rsquo;enregistrement : voir sur les contenants individuels.\u00a0<\/span><br \/>\n<span dir=\"auto\">\u00c0 conserver dans un endroit frais et sec.\u00a0<\/span><br \/>\n<span dir=\"auto\">Les unit\u00e9s individuelles ne peuvent \u00eatre vendues s\u00e9par\u00e9ment.<\/span><\/p>\n<\/div>\n","protected":false},"excerpt":{"rendered":"<div class=\"dsu-product--options\">\n<div class=\"dsu-product--options\">\n<div class=\"dsu-product--options\">\n<div class=\"dsu-product--options\">\n<ul>\n<li><span dir=\"auto\">Votre chat est tr\u00e8s perspicace et il est parfois tr\u00e8s difficile de le tenter.<\/span><\/li>\n<li><span dir=\"auto\">C\u2019est pourquoi GOURMET Perle a cr\u00e9\u00e9 les Fines Tranches en Sauce aux L\u00e9gumes, des recettes d\u00e9licates qui \u00e9veilleront les sens de votre chat gr\u00e2ce \u00e0 une exp\u00e9rience gustative irr\u00e9sistible au quotidien.<\/span><\/li>\n<li><span dir=\"auto\">De d\u00e9licates bouch\u00e9es de viande ou de poisson finement tranch\u00e9s, cuisin\u00e9s dans leur savoureuse sauce et \u00e9l\u00e9gamment accompagn\u00e9s de l\u00e9gumes tendres, pour ravir m\u00eame le palais le plus raffin\u00e9 de votre chat.<\/span><\/li>\n<\/ul>\n<\/div>\n<\/div>\n<\/div>\n<\/div>\n","protected":false},"featured_media":36598,"template":"","meta":{"jetpack_publicize_message":"","jetpack_publicize_feature_enabled":true,"jetpack_social_post_already_shared":true,"jetpack_social_options":{"image_generator_settings":{"template":"highway","default_image_id":0,"font":"","enabled":false},"version":2}},"product_brand":[],"product_cat":[239],"product_tag":[],"class_list":{"0":"post-36594","1":"product","2":"type-product","3":"status-publish","4":"has-post-thumbnail","6":"product_cat-pate-humides-chat","8":"first","9":"instock","10":"taxable","11":"shipping-taxable","12":"purchasable","13":"product-type-simple"},"supplier_id":5592,"supplier_sku":"","barcode":null,"atum_controlled":true,"out_stock_date":null,"out_stock_threshold":null,"inheritable":false,"inbound_stock":0,"stock_on_hold":0,"sold_today":0,"sales_last_days":6,"reserved_stock":0,"customer_returns":0,"warehouse_damage":0,"lost_in_post":0,"other_logs":0,"out_stock_days":0,"lost_sales":0,"has_location":false,"update_date":"2026-04-11T17:17:20","atum_locations":[],"atum_stock_status":"instock","restock_status":false,"low_stock_amount":12,"sales_update_date":"2026-04-11T17:17:20","calc_backorders":null,"jetpack_publicize_connections":[],"jetpack_sharing_enabled":true,"batches":[{"id":"7941","date_created":"2026-02-25 23:15:18","date_expiry":"2027-09-30 00:00:00","user_id":"2461","batch_number":"Purina Gourmet Perle Thin Flocons aux l\u00e9gumes 4x85 g 300927","location":"","quantity":"12.0000","quantity_available":"0.0000","units":"1","status":"archived","order_ids":"[36841,37145,37494,37502,38409,38530,38579]","supplier":"Casablanca","po":{"id":"7879","date_created":"2026-02-25 23:15:18","batch_id":"7941","po_number":"","supplier":"Casablanca","cost":null,"regular_price":null,"sale_price":null,"price_margin":null,"price_discount":null}},{"id":"8786","date_created":"2026-04-10 16:10:42","date_expiry":"2027-09-30 00:00:00","user_id":"2461","batch_number":"Purina Gourmet Perle Thin Flocons aux l\u00e9gumes 4x85 g 300927","location":"","quantity":"20.0000","quantity_available":"20.0000","units":"1","status":"active","order_ids":null,"supplier":"Casablanca","po":{"id":"8713","date_created":"2026-04-10 16:10:43","batch_id":"8786","po_number":"","supplier":"Casablanca","cost":null,"regular_price":null,"sale_price":null,"price_margin":null,"price_discount":null}}],"_links":{"self":[{"href":"https:\/\/petworld.ma\/index.php\/wp-json\/wp\/v2\/product\/36594","targetHints":{"allow":["GET"]}}],"collection":[{"href":"https:\/\/petworld.ma\/index.php\/wp-json\/wp\/v2\/product"}],"about":[{"href":"https:\/\/petworld.ma\/index.php\/wp-json\/wp\/v2\/types\/product"}],"wp:featuredmedia":[{"embeddable":true,"href":"https:\/\/petworld.ma\/index.php\/wp-json\/wp\/v2\/media\/36598"}],"wp:attachment":[{"href":"https:\/\/petworld.ma\/index.php\/wp-json\/wp\/v2\/media?parent=36594"}],"wp:term":[{"taxonomy":"product_brand","embeddable":true,"href":"https:\/\/petworld.ma\/index.php\/wp-json\/wp\/v2\/product_brand?post=36594"},{"taxonomy":"product_cat","embeddable":true,"href":"https:\/\/petworld.ma\/index.php\/wp-json\/wp\/v2\/product_cat?post=36594"},{"taxonomy":"product_tag","embeddable":true,"href":"https:\/\/petworld.ma\/index.php\/wp-json\/wp\/v2\/product_tag?post=36594"}],"curies":[{"name":"wp","href":"https:\/\/api.w.org\/{rel}","templated":true}]}}