{"id":36601,"date":"2026-02-25T23:14:58","date_gmt":"2026-02-25T23:14:58","guid":{"rendered":"https:\/\/petworld.ma\/?post_type=product&#038;p=36601"},"modified":"2026-02-26T09:40:29","modified_gmt":"2026-02-26T09:40:29","slug":"jouet-chat-2-coeurs-pailletes-avec-souris","status":"publish","type":"product","link":"https:\/\/petworld.ma\/index.php\/produit\/jouet-chat-2-coeurs-pailletes-avec-souris\/","title":{"rendered":"Jouet chat 2 C\u0153urs Paillet\u00e9s avec Souris"},"content":{"rendered":"<h3 data-start=\"81\" data-end=\"141\">\u2764\ufe0f Lot de Jouets pour Chat \u2013 C\u0153urs Paillet\u00e9s avec Souris<\/h3>\n<p data-start=\"143\" data-end=\"293\">Ajoutez une touche de brillance et d\u2019amusement au quotidien de votre chat avec ce lot de 2 jouets en forme de c\u0153ur, au design original et scintillant.<\/p>\n<p data-start=\"295\" data-end=\"495\">Recouverts de paillettes color\u00e9es (or et bleu), ces petits c\u0153urs en forme de souris sont dot\u00e9s d\u2019oreilles, d\u2019yeux et d\u2019une petite queue souple pour stimuler l\u2019instinct naturel de chasse de votre chat.<\/p>\n<p data-start=\"497\" data-end=\"523\">\u2728 <strong data-start=\"499\" data-end=\"521\">Caract\u00e9ristiques :<\/strong><\/p>\n<ul data-start=\"524\" data-end=\"691\">\n<li data-start=\"524\" data-end=\"560\">\n<p data-start=\"526\" data-end=\"560\">Lot de 2 jouets en forme de c\u0153ur<\/p>\n<\/li>\n<li data-start=\"561\" data-end=\"593\">\n<p data-start=\"563\" data-end=\"593\">Surface paillet\u00e9e attractive<\/p>\n<\/li>\n<li data-start=\"594\" data-end=\"629\">\n<p data-start=\"596\" data-end=\"629\">Design souris avec queue souple<\/p>\n<\/li>\n<li data-start=\"630\" data-end=\"660\">\n<p data-start=\"632\" data-end=\"660\">L\u00e9ger et facile \u00e0 attraper<\/p>\n<\/li>\n<li data-start=\"661\" data-end=\"691\">\n<p data-start=\"663\" data-end=\"691\">Non toxique \u2013 test\u00e9 et s\u00fbr<\/p>\n<\/li>\n<\/ul>\n<p data-start=\"693\" data-end=\"714\">\ud83c\udfaf <strong data-start=\"696\" data-end=\"712\">Id\u00e9al pour :<\/strong><\/p>\n<ul data-start=\"715\" data-end=\"825\">\n<li data-start=\"715\" data-end=\"751\">\n<p data-start=\"717\" data-end=\"751\">Stimuler l\u2019activit\u00e9 et l\u2019agilit\u00e9<\/p>\n<\/li>\n<li data-start=\"752\" data-end=\"771\">\n<p data-start=\"754\" data-end=\"771\">R\u00e9duire l\u2019ennui<\/p>\n<\/li>\n<li data-start=\"772\" data-end=\"803\">\n<p data-start=\"774\" data-end=\"803\">Jeux interactifs ou en solo<\/p>\n<\/li>\n<li data-start=\"804\" data-end=\"825\">\n<p data-start=\"806\" data-end=\"825\">Chats de tout \u00e2ge<\/p>\n<\/li>\n<\/ul>\n<p data-start=\"827\" data-end=\"936\">Un jouet ludique et brillant qui attire imm\u00e9diatement l\u2019attention et encourage votre chat \u00e0 jouer activement.<\/p>\n","protected":false},"excerpt":{"rendered":"<p>\u2764\ufe0f Lot de Jouets pour Chat \u2013 C\u0153urs Paillet\u00e9s avec Souris Ajoutez une touche de brillance et d\u2019amusement au quotidien de votre chat avec ce lot de 2 jouets en forme de c\u0153ur, au design original et scintillant. Recouverts de paillettes color\u00e9es (or et bleu), ces petits c\u0153urs en forme de souris sont dot\u00e9s d\u2019oreilles, [&#8230;]\n","protected":false},"featured_media":36602,"template":"","meta":{"jetpack_publicize_message":"","jetpack_publicize_feature_enabled":true,"jetpack_social_post_already_shared":true,"jetpack_social_options":{"image_generator_settings":{"template":"highway","default_image_id":0,"font":"","enabled":false},"version":2}},"product_brand":[],"product_cat":[100],"product_tag":[],"class_list":{"0":"post-36601","1":"product","2":"type-product","3":"status-publish","4":"has-post-thumbnail","6":"product_cat-accessoires-jouets-et-colliers","8":"first","9":"instock","10":"taxable","11":"shipping-taxable","12":"purchasable","13":"product-type-simple"},"supplier_id":5592,"supplier_sku":"","barcode":null,"atum_controlled":true,"out_stock_date":null,"out_stock_threshold":null,"inheritable":false,"inbound_stock":0,"stock_on_hold":0,"sold_today":0,"sales_last_days":0,"reserved_stock":0,"customer_returns":0,"warehouse_damage":0,"lost_in_post":0,"other_logs":0,"out_stock_days":0,"lost_sales":0,"has_location":false,"update_date":"2026-04-14T00:08:20","atum_locations":[],"atum_stock_status":"instock","restock_status":false,"low_stock_amount":2,"sales_update_date":"2026-04-14T00:08:20","calc_backorders":null,"jetpack_publicize_connections":[],"jetpack_sharing_enabled":true,"batches":[],"_links":{"self":[{"href":"https:\/\/petworld.ma\/index.php\/wp-json\/wp\/v2\/product\/36601","targetHints":{"allow":["GET"]}}],"collection":[{"href":"https:\/\/petworld.ma\/index.php\/wp-json\/wp\/v2\/product"}],"about":[{"href":"https:\/\/petworld.ma\/index.php\/wp-json\/wp\/v2\/types\/product"}],"wp:featuredmedia":[{"embeddable":true,"href":"https:\/\/petworld.ma\/index.php\/wp-json\/wp\/v2\/media\/36602"}],"wp:attachment":[{"href":"https:\/\/petworld.ma\/index.php\/wp-json\/wp\/v2\/media?parent=36601"}],"wp:term":[{"taxonomy":"product_brand","embeddable":true,"href":"https:\/\/petworld.ma\/index.php\/wp-json\/wp\/v2\/product_brand?post=36601"},{"taxonomy":"product_cat","embeddable":true,"href":"https:\/\/petworld.ma\/index.php\/wp-json\/wp\/v2\/product_cat?post=36601"},{"taxonomy":"product_tag","embeddable":true,"href":"https:\/\/petworld.ma\/index.php\/wp-json\/wp\/v2\/product_tag?post=36601"}],"curies":[{"name":"wp","href":"https:\/\/api.w.org\/{rel}","templated":true}]}}