{"id":36606,"date":"2026-02-25T23:29:22","date_gmt":"2026-02-25T23:29:22","guid":{"rendered":"https:\/\/petworld.ma\/?post_type=product&#038;p=36606"},"modified":"2026-03-30T22:19:15","modified_gmt":"2026-03-30T22:19:15","slug":"jouet-chat-souris-en-fibre-naturelle-avec-queue-en-corde","status":"publish","type":"product","link":"https:\/\/petworld.ma\/index.php\/produit\/jouet-chat-souris-en-fibre-naturelle-avec-queue-en-corde\/","title":{"rendered":"Jouet Chat Souris en Fibre Naturelle avec Queue en Corde"},"content":{"rendered":"<h3 data-start=\"81\" data-end=\"151\">\ud83d\udc2d Jouet pour Chat \u2013 Souris en Fibre Naturelle avec Queue en Corde<\/h3>\n<p data-start=\"153\" data-end=\"344\">Stimulez l\u2019instinct de chasse naturel de votre chat avec cette adorable souris en fibre naturelle. Con\u00e7ue en corde tress\u00e9e r\u00e9sistante, elle est id\u00e9ale pour \u00eatre mordill\u00e9e, attrap\u00e9e et lanc\u00e9e.<\/p>\n<p data-start=\"346\" data-end=\"509\">Sa texture rugueuse aide \u00e0 stimuler les griffes, tandis que sa queue en corde et ses petits d\u00e9tails (oreilles et nez color\u00e9s) rendent le jeu encore plus attractif.<\/p>\n<p data-start=\"511\" data-end=\"537\">\u2728 <strong data-start=\"513\" data-end=\"535\">Caract\u00e9ristiques :<\/strong><\/p>\n<ul data-start=\"538\" data-end=\"721\">\n<li data-start=\"538\" data-end=\"575\">\n<p data-start=\"540\" data-end=\"575\">Mati\u00e8re : fibre naturelle tress\u00e9e<\/p>\n<\/li>\n<li data-start=\"576\" data-end=\"609\">\n<p data-start=\"578\" data-end=\"609\">Texture r\u00e9sistante et durable<\/p>\n<\/li>\n<li data-start=\"610\" data-end=\"652\">\n<p data-start=\"612\" data-end=\"652\">Queue en corde pour plus d\u2019interaction<\/p>\n<\/li>\n<li data-start=\"653\" data-end=\"685\">\n<p data-start=\"655\" data-end=\"685\">L\u00e9g\u00e8re et facile \u00e0 manipuler<\/p>\n<\/li>\n<li data-start=\"686\" data-end=\"721\">\n<p data-start=\"688\" data-end=\"721\">Non toxique \u2013 adapt\u00e9e aux chats<\/p>\n<\/li>\n<\/ul>\n<p data-start=\"723\" data-end=\"743\">\ud83c\udfaf <strong data-start=\"726\" data-end=\"741\">B\u00e9n\u00e9fices :<\/strong><\/p>\n<ul data-start=\"744\" data-end=\"882\">\n<li data-start=\"744\" data-end=\"775\">\n<p data-start=\"746\" data-end=\"775\">Stimule l\u2019activit\u00e9 physique<\/p>\n<\/li>\n<li data-start=\"776\" data-end=\"820\">\n<p data-start=\"778\" data-end=\"820\">Encourage le jeu et l\u2019instinct de chasse<\/p>\n<\/li>\n<li data-start=\"821\" data-end=\"847\">\n<p data-start=\"823\" data-end=\"847\">Aide \u00e0 r\u00e9duire l\u2019ennui<\/p>\n<\/li>\n<li data-start=\"848\" data-end=\"882\">\n<p data-start=\"850\" data-end=\"882\">Convient aux chats de tout \u00e2ge<\/p>\n<\/li>\n<\/ul>\n<p data-start=\"884\" data-end=\"984\">Un jouet simple, naturel et efficace pour divertir votre compagnon tout en favorisant son bien-\u00eatre.<\/p>\n","protected":false},"excerpt":{"rendered":"<p>\ud83d\udc2d Jouet pour Chat \u2013 Souris en Fibre Naturelle avec Queue en Corde Stimulez l\u2019instinct de chasse naturel de votre chat avec cette adorable souris en fibre naturelle. Con\u00e7ue en corde tress\u00e9e r\u00e9sistante, elle est id\u00e9ale pour \u00eatre mordill\u00e9e, attrap\u00e9e et lanc\u00e9e. Sa texture rugueuse aide \u00e0 stimuler les griffes, tandis que sa queue en [&#8230;]\n","protected":false},"featured_media":36607,"template":"","meta":{"jetpack_publicize_message":"","jetpack_publicize_feature_enabled":true,"jetpack_social_post_already_shared":true,"jetpack_social_options":{"image_generator_settings":{"template":"highway","default_image_id":0,"font":"","enabled":false},"version":2}},"product_brand":[],"product_cat":[100],"product_tag":[],"class_list":{"0":"post-36606","1":"product","2":"type-product","3":"status-publish","4":"has-post-thumbnail","6":"product_cat-accessoires-jouets-et-colliers","8":"first","9":"instock","10":"taxable","11":"shipping-taxable","12":"purchasable","13":"product-type-simple"},"supplier_id":5592,"supplier_sku":"","barcode":null,"atum_controlled":true,"out_stock_date":null,"out_stock_threshold":null,"inheritable":false,"inbound_stock":0,"stock_on_hold":0,"sold_today":0,"sales_last_days":1,"reserved_stock":0,"customer_returns":0,"warehouse_damage":0,"lost_in_post":0,"other_logs":0,"out_stock_days":0,"lost_sales":0,"has_location":false,"update_date":"2026-04-13T14:37:56","atum_locations":[],"atum_stock_status":"instock","restock_status":false,"low_stock_amount":2,"sales_update_date":"2026-04-13T14:37:56","calc_backorders":null,"jetpack_publicize_connections":[],"jetpack_sharing_enabled":true,"batches":[],"_links":{"self":[{"href":"https:\/\/petworld.ma\/index.php\/wp-json\/wp\/v2\/product\/36606","targetHints":{"allow":["GET"]}}],"collection":[{"href":"https:\/\/petworld.ma\/index.php\/wp-json\/wp\/v2\/product"}],"about":[{"href":"https:\/\/petworld.ma\/index.php\/wp-json\/wp\/v2\/types\/product"}],"wp:featuredmedia":[{"embeddable":true,"href":"https:\/\/petworld.ma\/index.php\/wp-json\/wp\/v2\/media\/36607"}],"wp:attachment":[{"href":"https:\/\/petworld.ma\/index.php\/wp-json\/wp\/v2\/media?parent=36606"}],"wp:term":[{"taxonomy":"product_brand","embeddable":true,"href":"https:\/\/petworld.ma\/index.php\/wp-json\/wp\/v2\/product_brand?post=36606"},{"taxonomy":"product_cat","embeddable":true,"href":"https:\/\/petworld.ma\/index.php\/wp-json\/wp\/v2\/product_cat?post=36606"},{"taxonomy":"product_tag","embeddable":true,"href":"https:\/\/petworld.ma\/index.php\/wp-json\/wp\/v2\/product_tag?post=36606"}],"curies":[{"name":"wp","href":"https:\/\/api.w.org\/{rel}","templated":true}]}}