{"id":36657,"date":"2026-02-26T12:05:59","date_gmt":"2026-02-26T12:05:59","guid":{"rendered":"https:\/\/petworld.ma\/?post_type=product&#038;p=36657"},"modified":"2026-03-12T17:24:40","modified_gmt":"2026-03-12T17:24:40","slug":"reflex-plus-skin-care-au-saumon-pour-chat-adult-15kg","status":"publish","type":"product","link":"https:\/\/petworld.ma\/index.php\/produit\/reflex-plus-skin-care-au-saumon-pour-chat-adult-15kg\/","title":{"rendered":"Reflex Plus Skin Care Au Saumon Pour Chat Adult 15kg"},"content":{"rendered":"<p>&nbsp;<\/p>\n<p><b><span dir=\"auto\">INGR\u00c9DIENTS :<\/span><\/b><span dir=\"auto\">\u00a0Prot\u00e9ines de saumon (d\u00e9shydrat\u00e9es), prot\u00e9ines animales (d\u00e9shydrat\u00e9es), ma\u00efs, graisse de poulet, riz, pulpe de betterave, ar\u00f4me de poisson, vitamines et min\u00e9raux, huile de saumon, xylo-oligosaccharides, levure de bi\u00e8re, sel, Yucca schidigera, conservateurs \u2013 antioxydants.<\/span><\/p>\n<p><b><span dir=\"auto\">MIN\u00c9RAUX :<\/span><\/b><span dir=\"auto\">\u00a0Calcium, Phosphore, Sodium, Iode, Zinc, Cuivre, Fer, S\u00e9l\u00e9nium.<\/span><\/p>\n<p><b><span dir=\"auto\">VITAMINES :<\/span><\/b><span dir=\"auto\">\u00a0Vit. A, Vit. D, Vit. E, Vit. C, Vit. B1 \u2013 B2 \u2013 B3 (Niacine) \u2013 B6 \u2013 B12 \u2013 B7 (Biotine) \u2013 B9 (Acide folique), Vit. K, Choline, Pantoth\u00e9nate de calcium.<\/span><\/p>\n<p><b><span dir=\"auto\">IMPORTANT ET \u00c0 SAVOIR\u00a0:<\/span><\/b><span dir=\"auto\">\u00a0\u2022 Quantit\u00e9 journali\u00e8re recommand\u00e9e (en grammes) selon le poids (en kg) et la morphologie (A\u00a0: mince, B\u00a0: normale ou C\u00a0: en surpoids) du chat (voir tableau). \u2022 La ration journali\u00e8re peut varier en fonction de la temp\u00e9rature ambiante, du mode de vie (int\u00e9rieur\/ext\u00e9rieur), du temp\u00e9rament et du niveau d\u2019activit\u00e9 du chat. \u2022 Pour garantir le poids id\u00e9al de votre chat, pesez la quantit\u00e9 de nourriture n\u00e9cessaire. \u2022 Pour adapter les portions, tenez compte de l\u2019app\u00e9tit, de l\u2019apparence et des selles de votre chat. \u2022 Lors d\u2019une transition alimentaire, m\u00e9langez progressivement les deux aliments en petites quantit\u00e9s sur une semaine. \u2022 Assurez-vous que votre chat ait toujours acc\u00e8s \u00e0 de l\u2019eau fra\u00eeche. M\u00eame si l\u2019eau semble claire, changez-la au moins une fois par jour. \u2022 Conservez le produit dans un endroit frais et sec et refermez bien le sac apr\u00e8s chaque utilisation. \u2022 Num\u00e9ro de lot, num\u00e9ro d\u2019enregistrement du fabricant et date limite de consommation\u00a0: voir l\u2019emballage.<\/span><\/p>\n","protected":false},"excerpt":{"rendered":"<p>&nbsp; INGR\u00c9DIENTS :\u00a0Prot\u00e9ines de saumon (d\u00e9shydrat\u00e9es), prot\u00e9ines animales (d\u00e9shydrat\u00e9es), ma\u00efs, graisse de poulet, riz, pulpe de betterave, ar\u00f4me de poisson, vitamines et min\u00e9raux, huile de saumon, xylo-oligosaccharides, levure de bi\u00e8re, sel, Yucca schidigera, conservateurs \u2013 antioxydants. MIN\u00c9RAUX :\u00a0Calcium, Phosphore, Sodium, Iode, Zinc, Cuivre, Fer, S\u00e9l\u00e9nium. VITAMINES :\u00a0Vit. A, Vit. D, Vit. E, Vit. C, Vit. [&#8230;]\n","protected":false},"featured_media":36660,"template":"","meta":{"jetpack_publicize_message":"","jetpack_publicize_feature_enabled":true,"jetpack_social_post_already_shared":true,"jetpack_social_options":{"image_generator_settings":{"template":"highway","default_image_id":0,"font":"","enabled":false},"version":2}},"product_brand":[],"product_cat":[37,36,40],"product_tag":[],"class_list":{"0":"post-36657","1":"product","2":"type-product","3":"status-publish","4":"has-post-thumbnail","6":"product_cat-aliments-pour-chat","7":"product_cat-chat","8":"product_cat-coquettes-pour-chat","10":"first","11":"instock","12":"taxable","13":"shipping-taxable","14":"purchasable","15":"product-type-simple"},"supplier_id":5589,"supplier_sku":"RFX-413","barcode":null,"atum_controlled":true,"out_stock_date":null,"out_stock_threshold":null,"inheritable":false,"inbound_stock":0,"stock_on_hold":0,"sold_today":0,"sales_last_days":0,"reserved_stock":0,"customer_returns":0,"warehouse_damage":0,"lost_in_post":0,"other_logs":0,"out_stock_days":0,"lost_sales":0,"has_location":false,"update_date":"2026-04-11T17:17:19","atum_locations":[],"atum_stock_status":"instock","restock_status":false,"low_stock_amount":2,"sales_update_date":"2026-04-11T17:17:19","calc_backorders":null,"jetpack_publicize_connections":[],"jetpack_sharing_enabled":true,"batches":[{"id":"7944","date_created":"2026-02-26 12:18:35","date_expiry":"2027-01-17 00:00:00","user_id":"2461","batch_number":"Reflex Plus Skin Care Au Saumon Pour Chat Adult 15kg170127","location":"","quantity":"5.0000","quantity_available":"3.0000","units":"1","status":"active","order_ids":"[36765,37090]","supplier":"Zoolux","po":{"id":"7882","date_created":"2026-02-26 12:18:35","batch_id":"7944","po_number":"","supplier":"Zoolux","cost":null,"regular_price":null,"sale_price":null,"price_margin":null,"price_discount":null}}],"_links":{"self":[{"href":"https:\/\/petworld.ma\/index.php\/wp-json\/wp\/v2\/product\/36657","targetHints":{"allow":["GET"]}}],"collection":[{"href":"https:\/\/petworld.ma\/index.php\/wp-json\/wp\/v2\/product"}],"about":[{"href":"https:\/\/petworld.ma\/index.php\/wp-json\/wp\/v2\/types\/product"}],"wp:featuredmedia":[{"embeddable":true,"href":"https:\/\/petworld.ma\/index.php\/wp-json\/wp\/v2\/media\/36660"}],"wp:attachment":[{"href":"https:\/\/petworld.ma\/index.php\/wp-json\/wp\/v2\/media?parent=36657"}],"wp:term":[{"taxonomy":"product_brand","embeddable":true,"href":"https:\/\/petworld.ma\/index.php\/wp-json\/wp\/v2\/product_brand?post=36657"},{"taxonomy":"product_cat","embeddable":true,"href":"https:\/\/petworld.ma\/index.php\/wp-json\/wp\/v2\/product_cat?post=36657"},{"taxonomy":"product_tag","embeddable":true,"href":"https:\/\/petworld.ma\/index.php\/wp-json\/wp\/v2\/product_tag?post=36657"}],"curies":[{"name":"wp","href":"https:\/\/api.w.org\/{rel}","templated":true}]}}