{"id":36748,"date":"2026-02-27T15:40:08","date_gmt":"2026-02-27T15:40:08","guid":{"rendered":"https:\/\/petworld.ma\/?post_type=product&#038;p=36748"},"modified":"2026-04-18T17:11:15","modified_gmt":"2026-04-18T17:11:15","slug":"nettoyage-de-la-litiere-scoopeasy-leopet","status":"publish","type":"product","link":"https:\/\/petworld.ma\/index.php\/produit\/nettoyage-de-la-litiere-scoopeasy-leopet\/","title":{"rendered":"Nettoyage De La Liti\u00e8re Scoopeasy &#8211; LeoPet"},"content":{"rendered":"<div class=\"mb-2\">\n<p><span dir=\"auto\">Avec\u00a0<\/span>\u00a0<span dir=\"auto\">Scoopeasy\u00a0<\/span>\u00a0<span dir=\"auto\">, nettoyer la liti\u00e8re devient un jeu d&rsquo;enfant\u00a0!<\/span><br \/>\n<span dir=\"auto\">Ce syst\u00e8me 2-en-1 innovant vous permet de ramasser la liti\u00e8re souill\u00e9e et les d\u00e9jections de votre chat en un seul geste. La pelle se retire facilement pour un nettoyage rapide et hygi\u00e9nique, tandis que le sac int\u00e9gr\u00e9 retient les mauvaises odeurs.<\/span><\/p>\n<p><strong><em><span dir=\"auto\">Avantages:<\/span><\/em><br \/>\n<\/strong><\/p>\n<ul>\n<li><span dir=\"auto\">Collecte efficace des d\u00e9chets en une seule op\u00e9ration.<\/span><\/li>\n<li><span dir=\"auto\">Nettoyage facile gr\u00e2ce \u00e0 la pelle amovible.<\/span><\/li>\n<li><span dir=\"auto\">Id\u00e9al pour ceux qui poss\u00e8dent un ou plusieurs chats, simplifiant la gestion quotidienne de la liti\u00e8re.<\/span><\/li>\n<li><span dir=\"auto\">Sac int\u00e9gr\u00e9 pour retenir les odeurs d\u00e9sagr\u00e9ables.<\/span><\/li>\n<li><span dir=\"auto\">Des mat\u00e9riaux durables et r\u00e9sistants pour une utilisation prolong\u00e9e.<\/span><\/li>\n<\/ul>\n<p><span dir=\"auto\">Fabriqu\u00e9 en plastique durable et facile \u00e0 nettoyer. Contient 2 rouleaux de sacs hygi\u00e9niques.<\/span><\/p>\n<\/div>\n","protected":false},"excerpt":{"rendered":"<p>Avec\u00a0\u00a0Scoopeasy\u00a0\u00a0, nettoyer la liti\u00e8re devient un jeu d&rsquo;enfant\u00a0! Ce syst\u00e8me 2-en-1 innovant vous permet de ramasser la liti\u00e8re souill\u00e9e et les d\u00e9jections de votre chat en un seul geste. La pelle se retire facilement pour un nettoyage rapide et hygi\u00e9nique, tandis que le sac int\u00e9gr\u00e9 retient les mauvaises odeurs. Avantages: Collecte efficace des d\u00e9chets en [&#8230;]\n","protected":false},"featured_media":36751,"template":"","meta":{"jetpack_publicize_message":"","jetpack_publicize_feature_enabled":true,"jetpack_social_post_already_shared":true,"jetpack_social_options":{"image_generator_settings":{"template":"highway","default_image_id":0,"font":"","enabled":false},"version":2}},"product_brand":[],"product_cat":[42,25],"product_tag":[],"class_list":{"0":"post-36748","1":"product","2":"type-product","3":"status-publish","4":"has-post-thumbnail","6":"product_cat-hygiene-et-soins-pour-chat","7":"product_cat-hygiene-et-soins","9":"first","10":"instock","11":"sale","12":"taxable","13":"shipping-taxable","14":"purchasable","15":"product-type-simple"},"supplier_id":5588,"supplier_sku":"IC952082","barcode":null,"atum_controlled":true,"out_stock_date":null,"out_stock_threshold":null,"inheritable":false,"inbound_stock":0,"stock_on_hold":0,"sold_today":0,"sales_last_days":1,"reserved_stock":0,"customer_returns":0,"warehouse_damage":0,"lost_in_post":0,"other_logs":0,"out_stock_days":0,"lost_sales":0,"has_location":false,"update_date":"2026-04-19T21:51:02","atum_locations":[],"atum_stock_status":"instock","restock_status":false,"low_stock_amount":1,"sales_update_date":"2026-04-19T21:51:02","calc_backorders":null,"jetpack_publicize_connections":[],"jetpack_sharing_enabled":true,"batches":[],"_links":{"self":[{"href":"https:\/\/petworld.ma\/index.php\/wp-json\/wp\/v2\/product\/36748","targetHints":{"allow":["GET"]}}],"collection":[{"href":"https:\/\/petworld.ma\/index.php\/wp-json\/wp\/v2\/product"}],"about":[{"href":"https:\/\/petworld.ma\/index.php\/wp-json\/wp\/v2\/types\/product"}],"wp:featuredmedia":[{"embeddable":true,"href":"https:\/\/petworld.ma\/index.php\/wp-json\/wp\/v2\/media\/36751"}],"wp:attachment":[{"href":"https:\/\/petworld.ma\/index.php\/wp-json\/wp\/v2\/media?parent=36748"}],"wp:term":[{"taxonomy":"product_brand","embeddable":true,"href":"https:\/\/petworld.ma\/index.php\/wp-json\/wp\/v2\/product_brand?post=36748"},{"taxonomy":"product_cat","embeddable":true,"href":"https:\/\/petworld.ma\/index.php\/wp-json\/wp\/v2\/product_cat?post=36748"},{"taxonomy":"product_tag","embeddable":true,"href":"https:\/\/petworld.ma\/index.php\/wp-json\/wp\/v2\/product_tag?post=36748"}],"curies":[{"name":"wp","href":"https:\/\/api.w.org\/{rel}","templated":true}]}}