{"id":36784,"date":"2026-02-28T09:54:42","date_gmt":"2026-02-28T09:54:42","guid":{"rendered":"https:\/\/petworld.ma\/?post_type=product&#038;p=36784"},"modified":"2026-02-28T11:56:48","modified_gmt":"2026-02-28T11:56:48","slug":"leopet-natural-fibres-de-bois-parfumees-au-citron-900g","status":"publish","type":"product","link":"https:\/\/petworld.ma\/index.php\/produit\/leopet-natural-fibres-de-bois-parfumees-au-citron-900g\/","title":{"rendered":"Leopet Natural Fibres De Bois Parfum\u00e9es Au Citron 900g"},"content":{"rendered":"<p>Les copeaux de bois PremiumSpan Pet Lemon sont une liti\u00e8re pour rongeurs de haute qualit\u00e9, conditionn\u00e9e en sacs de 15 litres. Cette liti\u00e8re est fabriqu\u00e9e \u00e0 partir de copeaux de bois tendres, reconnus pour leur haut potentiel absorbant qui permet de garder l&rsquo;environnement des animaux propre et sec.<\/p>\n<p>La particularit\u00e9 de cette liti\u00e8re est sa capacit\u00e9 \u00e0 neutraliser les odeurs d\u00e9sagr\u00e9ables, assurant ainsi un habitat plus agr\u00e9able tant aux animaux qu&rsquo;\u00e0 leurs propri\u00e9taires. De plus, il est totalement exempt de poussi\u00e8re, ce qui le rend id\u00e9al pour les animaux et les personnes sensibles \u00e0 la poussi\u00e8re.<\/p>\n<p>Un autre avantage important de cette liti\u00e8re est qu&rsquo;elle est 100 % compostable, ce qui en fait un choix \u00e9cologique pour les amoureux des animaux soucieux de l&rsquo;environnement. Le parfum de citron ajoute une touche de fra\u00eecheur, rendant l&rsquo;environnement encore plus agr\u00e9able.<\/p>\n<h3>Caract\u00e9ristiques du produit<\/h3>\n<p>Les copeaux de bois PremiumSpan Pet Lemon offrent de nombreux avantages gr\u00e2ce \u00e0 leurs caract\u00e9ristiques uniques. Les copeaux de bois r\u00e9sineux utilis\u00e9s sont extr\u00eamement absorbants, ce qui permet de garder la cage s\u00e8che et confortable pour les rongeurs. Ce haut pouvoir absorbant est essentiel pour \u00e9viter la formation de masses humides pouvant favoriser la croissance de bact\u00e9ries et de champignons.<\/p>\n<p>De plus, la capacit\u00e9 de neutraliser les odeurs est une caract\u00e9ristique cl\u00e9, car elle aide \u00e0 garder l\u2019air ambiant frais et exempt d\u2019odeurs d\u00e9sagr\u00e9ables pouvant r\u00e9sulter de l\u2019ammoniac pr\u00e9sent dans l\u2019urine animale. Le parfum de citron masque non seulement les odeurs, mais ajoute \u00e9galement une sensation de propret\u00e9 et de fra\u00eecheur.<\/p>\n<p>En tant que liti\u00e8re sans poussi\u00e8re, PremiumSpan est particuli\u00e8rement adapt\u00e9e aux animaux et aux personnes souffrant d&rsquo;allergies ou de sensibilit\u00e9s respiratoires. L&rsquo;absence de poussi\u00e8re aide \u00e0 pr\u00e9venir les probl\u00e8mes respiratoires et \u00e0 maintenir l&rsquo;environnement plus propre.<\/p>\n<p>La compostabilit\u00e9 du produit constitue un autre avantage, car elle permet aux utilisateurs d&rsquo;\u00e9liminer les d\u00e9chets usag\u00e9s de mani\u00e8re respectueuse de l&rsquo;environnement, contribuant ainsi \u00e0 la r\u00e9duction des d\u00e9chets et soutenant des pratiques durables.<\/p>\n<h3>Mode d&#8217;emploi<\/h3>\n<p>Les copeaux de bois de citron PremiumSpan Pet sont id\u00e9aux pour tous les types de rongeurs, y compris les lapins, les cobayes, les hamsters et autres petits mammif\u00e8res. Il convient \u00e9galement pour une utilisation dans les cages d&rsquo;oiseaux et autres petits animaux qui ont besoin d&rsquo;un substrat absorbant dans leur habitat.<\/p>\n<p>Pour de meilleurs r\u00e9sultats, \u00e9talez une couche uniforme de copeaux au fond de la cage ou de l&rsquo;habitat de l&rsquo;animal. Assurez-vous de remplacer les copeaux et de nettoyer la cage r\u00e9guli\u00e8rement pour maintenir un environnement hygi\u00e9nique et confortable pour votre animal.<\/p>\n<p>La liti\u00e8re peut \u00eatre jet\u00e9e dans le compost domestique ou conform\u00e9ment aux r\u00e9glementations locales pour l&rsquo;\u00e9limination des d\u00e9chets organiques, gr\u00e2ce \u00e0 sa compostabilit\u00e9 \u00e0 100%.<\/p>\n<h3>Pr\u00e9cautions et s\u00e9curit\u00e9<\/h3>\n<p>Bien que les copeaux de bois de citron PremiumSpan Pet soient un produit naturel et s\u00fbr, il est important de suivre certaines pr\u00e9cautions pour assurer la s\u00e9curit\u00e9 des animaux. Assurez-vous que les animaux ne consomment pas les copeaux, car ils ne sont pas destin\u00e9s \u00e0 \u00eatre ing\u00e9r\u00e9s.<\/p>\n<p>Surveillez les animaux pour vous assurer qu&rsquo;aucune r\u00e9action allergique ou irritation ne se produit en raison de l&rsquo;odeur de citron. En cas d&rsquo;effets ind\u00e9sirables, retirez la liti\u00e8re et consultez un v\u00e9t\u00e9rinaire.<\/p>\n<p>Conservez le sac de liti\u00e8re hors de port\u00e9e des enfants et rangez-le dans un endroit sec et frais pour pr\u00e9server sa qualit\u00e9 et son efficacit\u00e9.<\/p>\n","protected":false},"excerpt":{"rendered":"<div class=\"elementor-toggle-item\">\n<div id=\"elementor-tab-content-3301\" class=\"elementor-tab-content elementor-clearfix elementor-active\" role=\"region\" data-tab=\"1\" aria-labelledby=\"elementor-tab-title-3301\">Liti\u00e8re en bois de citronnier, absorbe, neutralise les odeurs et est sans poussi\u00e8re. Respectueux de l&rsquo;environnement, frais et id\u00e9al pour les rongeurs, gardant l&rsquo;environnement propre et confortable.<\/div>\n<\/div>\n<div class=\"elementor-toggle-item\">\n<div id=\"elementor-tab-title-3302\" class=\"elementor-tab-title\" role=\"button\" data-tab=\"2\" aria-controls=\"elementor-tab-content-3302\" aria-expanded=\"false\"><\/div>\n<\/div>\n","protected":false},"featured_media":36785,"template":"","meta":{"jetpack_publicize_message":"","jetpack_publicize_feature_enabled":true,"jetpack_social_post_already_shared":true,"jetpack_social_options":{"image_generator_settings":{"template":"highway","default_image_id":0,"font":"","enabled":false},"version":2}},"product_brand":[],"product_cat":[94,206],"product_tag":[],"class_list":{"0":"post-36784","1":"product","2":"type-product","3":"status-publish","4":"has-post-thumbnail","6":"product_cat-litieres-et-bacs","7":"product_cat-rongeurs","9":"first","10":"instock","11":"taxable","12":"shipping-taxable","13":"purchasable","14":"product-type-simple"},"supplier_id":5588,"supplier_sku":"PR381070","barcode":null,"atum_controlled":true,"out_stock_date":null,"out_stock_threshold":null,"inheritable":false,"inbound_stock":0,"stock_on_hold":0,"sold_today":0,"sales_last_days":0,"reserved_stock":0,"customer_returns":0,"warehouse_damage":0,"lost_in_post":0,"other_logs":0,"out_stock_days":0,"lost_sales":0,"has_location":false,"update_date":"2026-04-19T21:51:02","atum_locations":[],"atum_stock_status":"instock","restock_status":false,"low_stock_amount":2,"sales_update_date":"2026-04-19T21:51:02","calc_backorders":null,"jetpack_publicize_connections":[],"jetpack_sharing_enabled":true,"batches":[],"_links":{"self":[{"href":"https:\/\/petworld.ma\/index.php\/wp-json\/wp\/v2\/product\/36784","targetHints":{"allow":["GET"]}}],"collection":[{"href":"https:\/\/petworld.ma\/index.php\/wp-json\/wp\/v2\/product"}],"about":[{"href":"https:\/\/petworld.ma\/index.php\/wp-json\/wp\/v2\/types\/product"}],"wp:featuredmedia":[{"embeddable":true,"href":"https:\/\/petworld.ma\/index.php\/wp-json\/wp\/v2\/media\/36785"}],"wp:attachment":[{"href":"https:\/\/petworld.ma\/index.php\/wp-json\/wp\/v2\/media?parent=36784"}],"wp:term":[{"taxonomy":"product_brand","embeddable":true,"href":"https:\/\/petworld.ma\/index.php\/wp-json\/wp\/v2\/product_brand?post=36784"},{"taxonomy":"product_cat","embeddable":true,"href":"https:\/\/petworld.ma\/index.php\/wp-json\/wp\/v2\/product_cat?post=36784"},{"taxonomy":"product_tag","embeddable":true,"href":"https:\/\/petworld.ma\/index.php\/wp-json\/wp\/v2\/product_tag?post=36784"}],"curies":[{"name":"wp","href":"https:\/\/api.w.org\/{rel}","templated":true}]}}