{"id":36798,"date":"2026-02-28T12:25:10","date_gmt":"2026-02-28T12:25:10","guid":{"rendered":"https:\/\/petworld.ma\/?post_type=product&#038;p=36798"},"modified":"2026-03-15T23:13:49","modified_gmt":"2026-03-15T23:13:49","slug":"arbre-a-chat-tube-avec-2-plateaux-gris-fonce-de-la-marque-leopet-40-x-40-x-110h","status":"publish","type":"product","link":"https:\/\/petworld.ma\/index.php\/produit\/arbre-a-chat-tube-avec-2-plateaux-gris-fonce-de-la-marque-leopet-40-x-40-x-110h\/","title":{"rendered":"Arbre \u00e0 Chat Tube Avec 2 Plateaux Gris fonc\u00e9 de la marque Leopet 40 x 40 x 110h"},"content":{"rendered":"<h3>La nouvelle gamme d&rsquo;arbre \u00e0 chat\u00a0<strong>LEO PET<\/strong>\u00a0s&rsquo;int\u00e8gre parfaitement dans tous les styles d&rsquo;int\u00e9rieur gr\u00e2ce \u00e0 sa conception moderne et sobre.<\/h3>\n<h4>Offrez \u00e0 votre chat des heures de jeu avec cet arbre \u00e0 chat ! Il stimule son activit\u00e9 et est id\u00e9al pour sa croissance.<\/h4>\n<h4><strong>Caract\u00e9ristiques :<\/strong><\/h4>\n<h4><\/h4>\n<ul>\n<li>\n<h4>Arbre \u00e0 chat niche avec tunnel + 2 plateaux<\/h4>\n<\/li>\n<li>\n<h4>100% Polyester<\/h4>\n<\/li>\n<li>\n<h4>Couleur : Gris<\/h4>\n<\/li>\n<\/ul>\n","protected":false},"excerpt":{"rendered":"<p>La nouvelle gamme d&rsquo;arbre \u00e0 chat\u00a0LEO PET\u00a0s&rsquo;int\u00e8gre parfaitement dans tous les styles d&rsquo;int\u00e9rieur gr\u00e2ce \u00e0 sa conception moderne et sobre. Offrez \u00e0 votre chat des heures de jeu avec cet arbre \u00e0 chat ! Il stimule son activit\u00e9 et est id\u00e9al pour sa croissance. Caract\u00e9ristiques : Arbre \u00e0 chat niche avec tunnel + 2 plateaux [&#8230;]\n","protected":false},"featured_media":36800,"template":"","meta":{"jetpack_publicize_message":"","jetpack_publicize_feature_enabled":true,"jetpack_social_post_already_shared":true,"jetpack_social_options":{"image_generator_settings":{"template":"highway","default_image_id":0,"font":"","enabled":false},"version":2}},"product_brand":[],"product_cat":[95],"product_tag":[],"class_list":{"0":"post-36798","1":"product","2":"type-product","3":"status-publish","4":"has-post-thumbnail","6":"product_cat-arbres-a-chat","8":"first","9":"outofstock","10":"sale","11":"taxable","12":"shipping-taxable","13":"purchasable","14":"product-type-simple"},"supplier_id":5588,"supplier_sku":"TG765680","barcode":null,"atum_controlled":true,"out_stock_date":"2026-03-15 23:13:49","out_stock_threshold":null,"inheritable":false,"inbound_stock":0,"stock_on_hold":0,"sold_today":0,"sales_last_days":0,"reserved_stock":0,"customer_returns":0,"warehouse_damage":0,"lost_in_post":0,"other_logs":0,"out_stock_days":28,"lost_sales":3680,"has_location":false,"update_date":"2026-04-13T14:37:56","atum_locations":[],"atum_stock_status":"outofstock","restock_status":false,"low_stock_amount":1,"sales_update_date":"2026-04-13T14:37:56","calc_backorders":null,"jetpack_publicize_connections":[],"jetpack_sharing_enabled":true,"batches":[],"_links":{"self":[{"href":"https:\/\/petworld.ma\/index.php\/wp-json\/wp\/v2\/product\/36798","targetHints":{"allow":["GET"]}}],"collection":[{"href":"https:\/\/petworld.ma\/index.php\/wp-json\/wp\/v2\/product"}],"about":[{"href":"https:\/\/petworld.ma\/index.php\/wp-json\/wp\/v2\/types\/product"}],"wp:featuredmedia":[{"embeddable":true,"href":"https:\/\/petworld.ma\/index.php\/wp-json\/wp\/v2\/media\/36800"}],"wp:attachment":[{"href":"https:\/\/petworld.ma\/index.php\/wp-json\/wp\/v2\/media?parent=36798"}],"wp:term":[{"taxonomy":"product_brand","embeddable":true,"href":"https:\/\/petworld.ma\/index.php\/wp-json\/wp\/v2\/product_brand?post=36798"},{"taxonomy":"product_cat","embeddable":true,"href":"https:\/\/petworld.ma\/index.php\/wp-json\/wp\/v2\/product_cat?post=36798"},{"taxonomy":"product_tag","embeddable":true,"href":"https:\/\/petworld.ma\/index.php\/wp-json\/wp\/v2\/product_tag?post=36798"}],"curies":[{"name":"wp","href":"https:\/\/api.w.org\/{rel}","templated":true}]}}