{"id":36917,"date":"2026-03-02T16:24:26","date_gmt":"2026-03-02T16:24:26","guid":{"rendered":"https:\/\/petworld.ma\/?post_type=product&#038;p=36917"},"modified":"2026-04-17T10:25:57","modified_gmt":"2026-04-17T10:25:57","slug":"friskies-pochon-pour-chats-pack-de-24-sachets-de-85g-8-saumon-8-boeuf-8-poulet","status":"publish","type":"product","link":"https:\/\/petworld.ma\/index.php\/produit\/friskies-pochon-pour-chats-pack-de-24-sachets-de-85g-8-saumon-8-boeuf-8-poulet\/","title":{"rendered":"02- Friskies Pochon pour chats Pack de 24 sachets de 85g ( 14 Saumon | 10 Boeuf )"},"content":{"rendered":"<div class=\"hidden-xs\">\n<p><strong><span dir=\"auto\">5 promesses parce que nous nous soucions de vous\u00a0:<\/span><\/strong><\/p>\n<p>&nbsp;<\/p>\n<ul>\n<li><span dir=\"auto\">Nutrition : Une alimentation savoureuse, compl\u00e8te et \u00e9quilibr\u00e9e \u00e0 100 % pour un quotidien riche en prot\u00e9ines de qualit\u00e9, pour la sant\u00e9 et le bien-\u00eatre de votre chat.<\/span><\/li>\n<li><span dir=\"auto\">Qualit\u00e9 : plus de 1000 contr\u00f4les quotidiens de la qualit\u00e9 des ingr\u00e9dients et de la production<\/span><\/li>\n<li><span dir=\"auto\">Experts Purina : \u00e9labor\u00e9 par les nutritionnistes de Purina<\/span><\/li>\n<li><span dir=\"auto\">Fournisseurs de confiance : \u00e9labor\u00e9 avec des ingr\u00e9dients de haute qualit\u00e9 soigneusement s\u00e9lectionn\u00e9s aupr\u00e8s de fournisseurs connus et de confiance.<\/span><\/li>\n<li><span dir=\"auto\">Engagement pour 2025\u00a0: notre engagement est que 100\u00a0% de nos emballages soient recyclables ou r\u00e9utilisables d\u2019ici 2025.<\/span><\/li>\n<li><span dir=\"auto\">Toutes nos recettes sont sans colorants, sans ar\u00f4mes artificiels ajout\u00e9s et sans conservateurs.<\/span><\/li>\n<\/ul>\n<\/div>\n","protected":false},"excerpt":{"rendered":"<p>5 promesses parce que nous nous soucions de vous\u00a0: &nbsp; Nutrition : Une alimentation savoureuse, compl\u00e8te et \u00e9quilibr\u00e9e \u00e0 100 % pour un quotidien riche en prot\u00e9ines de qualit\u00e9, pour la sant\u00e9 et le bien-\u00eatre de votre chat. Qualit\u00e9 : plus de 1000 contr\u00f4les quotidiens de la qualit\u00e9 des ingr\u00e9dients et de la production Experts [&#8230;]\n","protected":false},"featured_media":40015,"template":"","meta":{"jetpack_publicize_message":"","jetpack_publicize_feature_enabled":true,"jetpack_social_post_already_shared":true,"jetpack_social_options":{"image_generator_settings":{"template":"highway","default_image_id":0,"font":"","enabled":false},"version":2}},"product_brand":[],"product_cat":[187,239],"product_tag":[],"class_list":{"0":"post-36917","1":"product","2":"type-product","3":"status-publish","4":"has-post-thumbnail","6":"product_cat-destockage","7":"product_cat-pate-humides-chat","9":"first","10":"onbackorder","11":"sale","12":"taxable","13":"shipping-taxable","14":"purchasable","15":"product-type-simple"},"supplier_id":5598,"supplier_sku":"","barcode":null,"atum_controlled":true,"out_stock_date":null,"out_stock_threshold":null,"inheritable":false,"inbound_stock":0,"stock_on_hold":0,"sold_today":0,"sales_last_days":2,"reserved_stock":0,"customer_returns":0,"warehouse_damage":0,"lost_in_post":0,"other_logs":0,"out_stock_days":0,"lost_sales":0,"has_location":false,"update_date":"2026-04-19T21:51:01","atum_locations":[],"atum_stock_status":"onbackorder","restock_status":false,"low_stock_amount":5,"sales_update_date":"2026-04-19T21:51:01","calc_backorders":-8,"jetpack_publicize_connections":[],"jetpack_sharing_enabled":true,"batches":[],"_links":{"self":[{"href":"https:\/\/petworld.ma\/index.php\/wp-json\/wp\/v2\/product\/36917","targetHints":{"allow":["GET"]}}],"collection":[{"href":"https:\/\/petworld.ma\/index.php\/wp-json\/wp\/v2\/product"}],"about":[{"href":"https:\/\/petworld.ma\/index.php\/wp-json\/wp\/v2\/types\/product"}],"wp:featuredmedia":[{"embeddable":true,"href":"https:\/\/petworld.ma\/index.php\/wp-json\/wp\/v2\/media\/40015"}],"wp:attachment":[{"href":"https:\/\/petworld.ma\/index.php\/wp-json\/wp\/v2\/media?parent=36917"}],"wp:term":[{"taxonomy":"product_brand","embeddable":true,"href":"https:\/\/petworld.ma\/index.php\/wp-json\/wp\/v2\/product_brand?post=36917"},{"taxonomy":"product_cat","embeddable":true,"href":"https:\/\/petworld.ma\/index.php\/wp-json\/wp\/v2\/product_cat?post=36917"},{"taxonomy":"product_tag","embeddable":true,"href":"https:\/\/petworld.ma\/index.php\/wp-json\/wp\/v2\/product_tag?post=36917"}],"curies":[{"name":"wp","href":"https:\/\/api.w.org\/{rel}","templated":true}]}}