{"id":3699,"date":"2023-08-23T08:57:02","date_gmt":"2023-08-23T08:57:02","guid":{"rendered":"https:\/\/petworld.ma\/?post_type=product&#038;p=3699"},"modified":"2026-04-29T12:26:03","modified_gmt":"2026-04-29T12:26:03","slug":"brit-premium-pochon-saumon-et-truite-pour-chat-adult-100g","status":"publish","type":"product","link":"https:\/\/petworld.ma\/index.php\/produit\/brit-premium-pochon-saumon-et-truite-pour-chat-adult-100g\/","title":{"rendered":"Brit Premium Pochon Saumon et Truite pour chat adult 100g"},"content":{"rendered":"<p><strong>SAUMON ET TRUITE EN SAUCE.\u00a0<\/strong>ALIMENT HUMIDE COMPLET PREMIUM POUR CHAT ADULTE.<\/p>\n<p>Les variantes de saveur respectent les pr\u00e9f\u00e9rences naturelles des chats et leurs besoins nutritionnels en termes d\u2019\u00e2ge ou de nutrition particuli\u00e8re. Le d\u00e9licieux jus souligne le go\u00fbt des morceaux de viande et fournit au chat les liquides n\u00e9cessaires.<\/p>\n<p class=\"composition\"><strong>Composition:<\/strong><\/p>\n<p>60\u00a0% viande et sous-produits animaux en bouch\u00e9es, 16\u00a0% poisson et sous-produits de poisson en bouch\u00e9es (8\u00a0% saumon, 8\u00a0% truite), sous-produits v\u00e9g\u00e9taux (0,4\u00a0% inuline), min\u00e9raux. Sans colorants ni conservateurs.<\/p>\n","protected":false},"excerpt":{"rendered":"<p>SAUMON ET TRUITE EN SAUCE.\u00a0ALIMENT HUMIDE COMPLET PREMIUM POUR CHAT ADULTE. Les variantes de saveur respectent les pr\u00e9f\u00e9rences naturelles des chats et leurs besoins nutritionnels en termes d\u2019\u00e2ge ou de nutrition particuli\u00e8re. Le d\u00e9licieux jus souligne le go\u00fbt des morceaux de viande et fournit au chat les liquides n\u00e9cessaires. Composition: 60\u00a0% viande et sous-produits animaux [&#8230;]\n","protected":false},"featured_media":3700,"template":"","meta":{"jetpack_publicize_message":"","jetpack_publicize_feature_enabled":true,"jetpack_social_post_already_shared":false,"jetpack_social_options":{"image_generator_settings":{"template":"highway","default_image_id":0,"font":"","enabled":false},"version":2}},"product_brand":[],"product_cat":[41],"product_tag":[],"class_list":{"0":"post-3699","1":"product","2":"type-product","3":"status-publish","4":"has-post-thumbnail","6":"product_cat-friandises-et-pate-pour-chat","8":"first","9":"instock","10":"taxable","11":"shipping-taxable","12":"purchasable","13":"product-type-simple"},"supplier_id":5590,"supplier_sku":"","barcode":null,"atum_controlled":true,"out_stock_date":null,"out_stock_threshold":null,"inheritable":false,"inbound_stock":0,"stock_on_hold":0,"sold_today":0,"sales_last_days":19,"reserved_stock":0,"customer_returns":0,"warehouse_damage":0,"lost_in_post":0,"other_logs":0,"out_stock_days":0,"lost_sales":0,"has_location":false,"update_date":"2026-04-30T16:44:33","atum_locations":[],"atum_stock_status":"instock","restock_status":false,"low_stock_amount":24,"sales_update_date":"2026-04-30T16:44:33","calc_backorders":null,"jetpack_publicize_connections":[],"jetpack_sharing_enabled":true,"batches":[{"id":"847","date_created":"2024-11-15 16:55:44","date_expiry":"2026-07-27 00:00:00","user_id":"2760","batch_number":"BritPochonSaumTruite270726","location":"","quantity":"48.0000","quantity_available":"0.0000","units":"1","status":"archived","order_ids":"[14581,14613,14705,14786,14835,14859,15133,15171,15441,15451,15834,15851,19162,19415,19452]","supplier":"Brit","po":{"id":"824","date_created":"2024-11-15 16:55:45","batch_id":"847","po_number":"","supplier":"Brit","cost":null,"regular_price":null,"sale_price":null,"price_margin":null,"price_discount":null}},{"id":"1315","date_created":"2024-12-20 21:17:15","date_expiry":"2026-07-22 00:00:00","user_id":"2760","batch_number":"BritPochonSaumTruite220726","location":"","quantity":"48.0000","quantity_available":"0.0000","units":"1","status":"archived","order_ids":"[16131,16165,16277,16443,16720,17094,17283,17637,17763,18055,18062,18320,18400]","supplier":"Brit","po":{"id":"1289","date_created":"2024-12-20 21:17:17","batch_id":"1315","po_number":"","supplier":"Brit","cost":null,"regular_price":null,"sale_price":null,"price_margin":null,"price_discount":null}},{"id":"1946","date_created":"2025-02-11 21:17:42","date_expiry":"2026-07-22 00:00:00","user_id":"2760","batch_number":"BritPochonSaumTruite220726NEW","location":"","quantity":"24.0000","quantity_available":"0.0000","units":"1","status":"archived","order_ids":"[18438,18990,19037,19162]","supplier":"Brit","po":{"id":"1918","date_created":"2025-02-11 21:17:45","batch_id":"1946","po_number":"","supplier":"Brit","cost":null,"regular_price":null,"sale_price":null,"price_margin":null,"price_discount":null}},{"id":"2635","date_created":"2025-03-30 22:48:13","date_expiry":"2026-11-25 00:00:00","user_id":"2760","batch_number":"BritPochonSaumTruite251126","location":"","quantity":"120.0000","quantity_available":"0.0000","units":"1","status":"archived","order_ids":"[20519,20868,20892,21352,21773,21851,21939,22028,22471,22593,22711,22717,22891,27023,27616,27767,28048,28108,28270,28289,28482,29327,29328,29349,29358,29502,29825,30508,30698,30768,30881,31096,31122,31397,31528,31665,31892,32213]","supplier":"Brit","po":{"id":"2603","date_created":"2025-03-30 22:48:16","batch_id":"2635","po_number":"","supplier":"Brit","cost":null,"regular_price":null,"sale_price":null,"price_margin":null,"price_discount":null}},{"id":"3829","date_created":"2025-06-04 22:16:24","date_expiry":"2026-11-25 00:00:00","user_id":"2760","batch_number":"BritPochonSaumTruite251126","location":"","quantity":"48.0000","quantity_available":"0.0000","units":"1","status":"archived","order_ids":"[23018,23360,23393,23593,23626,23629,23711,24894,25057,25540,25631,25816,26472,26946,27023,32363,32547,32580,33011,33374,33461,33857,34209,34821,34976,35114,35156,35450,35639,36070,36430,36706,37138,37254,37418,37873]","supplier":"Brit","po":{"id":"3793","date_created":"2025-06-04 22:16:24","batch_id":"3829","po_number":"","supplier":"Brit","cost":null,"regular_price":null,"sale_price":null,"price_margin":null,"price_discount":null}},{"id":"4731","date_created":"2025-08-08 10:25:27","date_expiry":"2027-01-27 00:00:00","user_id":"2760","batch_number":"BritPochonSaumTruite270127","location":"","quantity":"168.0000","quantity_available":"53.0000","units":"1","status":"active","order_ids":"[32213,38189,38322,38395,38575,38633,38695,38880,39148,39454,40082,40903,40943,40947]","supplier":" BRIT","po":{"id":"4695","date_created":"2025-08-08 10:25:28","batch_id":"4731","po_number":"","supplier":" BRIT","cost":null,"regular_price":null,"sale_price":null,"price_margin":null,"price_discount":null}},{"id":"6557","date_created":"2025-12-09 12:55:59","date_expiry":"2027-05-30 00:00:00","user_id":"2760","batch_number":"BritPochonSaumTruite300527","location":"","quantity":"48.0000","quantity_available":"48.0000","units":"1","status":"active","order_ids":null,"supplier":" BRIT","po":{"id":"6502","date_created":"2025-12-09 12:55:59","batch_id":"6557","po_number":"","supplier":" BRIT","cost":null,"regular_price":null,"sale_price":null,"price_margin":null,"price_discount":null}},{"id":"7454","date_created":"2026-02-02 16:17:35","date_expiry":"2027-10-30 00:00:00","user_id":"2760","batch_number":"BritPochonSaumTruite301027","location":"","quantity":"24.0000","quantity_available":"24.0000","units":"1","status":"active","order_ids":null,"supplier":"Brit","po":{"id":"7389","date_created":"2026-02-02 16:17:36","batch_id":"7454","po_number":"","supplier":"Brit","cost":null,"regular_price":null,"sale_price":null,"price_margin":null,"price_discount":null}}],"_links":{"self":[{"href":"https:\/\/petworld.ma\/index.php\/wp-json\/wp\/v2\/product\/3699","targetHints":{"allow":["GET"]}}],"collection":[{"href":"https:\/\/petworld.ma\/index.php\/wp-json\/wp\/v2\/product"}],"about":[{"href":"https:\/\/petworld.ma\/index.php\/wp-json\/wp\/v2\/types\/product"}],"wp:featuredmedia":[{"embeddable":true,"href":"https:\/\/petworld.ma\/index.php\/wp-json\/wp\/v2\/media\/3700"}],"wp:attachment":[{"href":"https:\/\/petworld.ma\/index.php\/wp-json\/wp\/v2\/media?parent=3699"}],"wp:term":[{"taxonomy":"product_brand","embeddable":true,"href":"https:\/\/petworld.ma\/index.php\/wp-json\/wp\/v2\/product_brand?post=3699"},{"taxonomy":"product_cat","embeddable":true,"href":"https:\/\/petworld.ma\/index.php\/wp-json\/wp\/v2\/product_cat?post=3699"},{"taxonomy":"product_tag","embeddable":true,"href":"https:\/\/petworld.ma\/index.php\/wp-json\/wp\/v2\/product_tag?post=3699"}],"curies":[{"name":"wp","href":"https:\/\/api.w.org\/{rel}","templated":true}]}}