{"id":37121,"date":"2026-03-06T09:46:27","date_gmt":"2026-03-06T09:46:27","guid":{"rendered":"https:\/\/petworld.ma\/?post_type=product&#038;p=37121"},"modified":"2026-03-06T14:17:05","modified_gmt":"2026-03-06T14:17:05","slug":"enclos-pour-animaux-de-compagnie-60cm-x-60cm-6-parts","status":"publish","type":"product","link":"https:\/\/petworld.ma\/index.php\/produit\/enclos-pour-animaux-de-compagnie-60cm-x-60cm-6-parts\/","title":{"rendered":"Enclos pour Animaux de Compagnie  60cm x 60cm 6 parts"},"content":{"rendered":"<p>Parc modulable et robuste avec portes \u00e0 double verrouillage. Sp\u00e9cialement con\u00e7u pour offrir \u00e0 vos animaux de compagnie un espace s\u00e9curis\u00e9 o\u00f9 ils peuvent jouer et se reposer en toute tranquillit\u00e9. L&rsquo;enclos modulable offre quatre possibilit\u00e9s d&rsquo;agencement diff\u00e9rentes (voir photo ci-dessous), ce qui permet de l&rsquo;adapter facilement \u00e0 vos besoins et \u00e0 l&rsquo;espace<span class=\"js-read-more__content\"> dont vous disposez.\u00a0<\/span><\/p>\n<p><img loading=\"lazy\" decoding=\"async\" class=\"alignnone  wp-image-37149\" src=\"https:\/\/petworld.ma\/wp-content\/uploads\/2026\/03\/WhatsApp-Image-2026-01-23-at-12.22.48-2-300x300.jpeg\" alt=\"\" width=\"508\" height=\"508\" srcset=\"https:\/\/petworld.ma\/wp-content\/uploads\/2026\/03\/WhatsApp-Image-2026-01-23-at-12.22.48-2-300x300.jpeg 300w, https:\/\/petworld.ma\/wp-content\/uploads\/2026\/03\/WhatsApp-Image-2026-01-23-at-12.22.48-2-150x150.jpeg 150w, https:\/\/petworld.ma\/wp-content\/uploads\/2026\/03\/WhatsApp-Image-2026-01-23-at-12.22.48-2-247x247.jpeg 247w, https:\/\/petworld.ma\/wp-content\/uploads\/2026\/03\/WhatsApp-Image-2026-01-23-at-12.22.48-2-510x510.jpeg 510w, https:\/\/petworld.ma\/wp-content\/uploads\/2026\/03\/WhatsApp-Image-2026-01-23-at-12.22.48-2-100x100.jpeg 100w, https:\/\/petworld.ma\/wp-content\/uploads\/2026\/03\/WhatsApp-Image-2026-01-23-at-12.22.48-2.jpeg 700w\" sizes=\"auto, (max-width: 508px) 100vw, 508px\" \/><\/p>\n<p>&nbsp;<\/p>\n<p>&nbsp;<\/p>\n","protected":false},"excerpt":{"rendered":"<p>60cm*60cm 6 parts<\/p>\n","protected":false},"featured_media":37158,"template":"","meta":{"jetpack_publicize_message":"","jetpack_publicize_feature_enabled":true,"jetpack_social_post_already_shared":true,"jetpack_social_options":{"image_generator_settings":{"template":"highway","default_image_id":0,"font":"","enabled":false},"version":2}},"product_brand":[],"product_cat":[106,100,124,125],"product_tag":[],"class_list":{"0":"post-37121","1":"product","2":"type-product","3":"status-publish","4":"has-post-thumbnail","6":"product_cat-jouet-et-dressage","7":"product_cat-accessoires-jouets-et-colliers","8":"product_cat-lits-et-cages","9":"product_cat-lits-et-cages-chien","11":"first","12":"instock","13":"sale","14":"taxable","15":"shipping-taxable","16":"purchasable","17":"product-type-simple"},"supplier_id":5592,"supplier_sku":"","barcode":null,"atum_controlled":true,"out_stock_date":null,"out_stock_threshold":null,"inheritable":false,"inbound_stock":0,"stock_on_hold":0,"sold_today":0,"sales_last_days":0,"reserved_stock":0,"customer_returns":0,"warehouse_damage":0,"lost_in_post":0,"other_logs":0,"out_stock_days":0,"lost_sales":0,"has_location":false,"update_date":"2026-04-22T23:34:27","atum_locations":[],"atum_stock_status":"instock","restock_status":false,"low_stock_amount":5,"sales_update_date":"2026-04-22T23:34:27","calc_backorders":null,"jetpack_publicize_connections":[],"jetpack_sharing_enabled":true,"batches":[],"_links":{"self":[{"href":"https:\/\/petworld.ma\/index.php\/wp-json\/wp\/v2\/product\/37121","targetHints":{"allow":["GET"]}}],"collection":[{"href":"https:\/\/petworld.ma\/index.php\/wp-json\/wp\/v2\/product"}],"about":[{"href":"https:\/\/petworld.ma\/index.php\/wp-json\/wp\/v2\/types\/product"}],"wp:featuredmedia":[{"embeddable":true,"href":"https:\/\/petworld.ma\/index.php\/wp-json\/wp\/v2\/media\/37158"}],"wp:attachment":[{"href":"https:\/\/petworld.ma\/index.php\/wp-json\/wp\/v2\/media?parent=37121"}],"wp:term":[{"taxonomy":"product_brand","embeddable":true,"href":"https:\/\/petworld.ma\/index.php\/wp-json\/wp\/v2\/product_brand?post=37121"},{"taxonomy":"product_cat","embeddable":true,"href":"https:\/\/petworld.ma\/index.php\/wp-json\/wp\/v2\/product_cat?post=37121"},{"taxonomy":"product_tag","embeddable":true,"href":"https:\/\/petworld.ma\/index.php\/wp-json\/wp\/v2\/product_tag?post=37121"}],"curies":[{"name":"wp","href":"https:\/\/api.w.org\/{rel}","templated":true}]}}