{"id":37168,"date":"2026-03-07T11:45:48","date_gmt":"2026-03-07T11:45:48","guid":{"rendered":"https:\/\/petworld.ma\/?post_type=product&#038;p=37168"},"modified":"2026-03-12T17:26:51","modified_gmt":"2026-03-12T17:26:51","slug":"canvit-amino-sol-supplement-pour-chat-et-chien-250-ml","status":"publish","type":"product","link":"https:\/\/petworld.ma\/index.php\/produit\/canvit-amino-sol-supplement-pour-chat-et-chien-250-ml\/","title":{"rendered":"Canvit Amino sol. Suppl\u00e9ment pour Chat et Chien 250 ml"},"content":{"rendered":"<p><span dir=\"auto\">Convient aux chiens et aux chats pour une application imm\u00e9diate apr\u00e8s une activit\u00e9 sportive intense ou un travail stressant, pour la r\u00e9cup\u00e9ration de l&rsquo;organisme apr\u00e8s une maladie et g\u00e9n\u00e9ralement lorsque l&rsquo;apport alimentaire est r\u00e9duit.<\/span><\/p>\n<p><span dir=\"auto\">Canvit Amino sol. est un complexe de vitamines B hydrophiles, d&rsquo;acides amin\u00e9s, de glucose et de sels min\u00e9raux sous forme de solution liquide. Ces substances soutiennent l&rsquo;organisme lors d&rsquo;un stress physiologique accru, pendant la croissance, la convalescence, la reproduction et en cas de stress (thermique, nutritionnel, li\u00e9 au transport).<br \/>\n<img loading=\"lazy\" decoding=\"async\" class=\"product-icon-img animal\" title=\"Chiens\" src=\"https:\/\/www.canvit.cz\/wp-content\/themes\/qe-canvit\/assets\/images\/icons\/ico_animal_psi.png\" alt=\"Chiens\" width=\"126\" height=\"126\" \/><img loading=\"lazy\" decoding=\"async\" class=\"product-icon-img animal\" title=\"Chats\" src=\"https:\/\/www.canvit.cz\/wp-content\/themes\/qe-canvit\/assets\/images\/icons\/ico_animal_kocky.png\" alt=\"Chats\" width=\"132\" height=\"132\" \/><img loading=\"lazy\" decoding=\"async\" class=\"product-icon-img group\" title=\"Digestion et immunit\u00e9\" src=\"https:\/\/www.canvit.cz\/wp-content\/themes\/qe-canvit\/assets\/images\/icons\/ico_group_traveni-a-imunita.png\" alt=\"Digestion et immunit\u00e9\" width=\"132\" height=\"132\" \/><img loading=\"lazy\" decoding=\"async\" class=\"product-icon-img benefit\" title=\"C\u0153ur et vaisseaux sanguins\" src=\"https:\/\/www.canvit.cz\/wp-content\/themes\/qe-canvit\/assets\/images\/icons\/ico_benefit_srdce-a-cevy.png\" alt=\"C\u0153ur et vaisseaux sanguins\" width=\"128\" height=\"128\" \/><img loading=\"lazy\" decoding=\"async\" class=\"product-icon-img benefit\" title=\"Dents et gencives\" src=\"https:\/\/www.canvit.cz\/wp-content\/themes\/qe-canvit\/assets\/images\/icons\/ico_benefit_zuby-a-dasne.png\" alt=\"Dents et gencives\" width=\"125\" height=\"125\" \/><\/span><\/p>\n<p>&nbsp;<\/p>\n<table class=\"benefits\">\n<tbody>\n<tr>\n<td class=\"icon-container text-center\"><img decoding=\"async\" class=\"benefit-icon\" src=\"https:\/\/www.canvit.cz\/wp-content\/uploads\/function_icons\/imunita.png\" \/><\/td>\n<td><span dir=\"auto\">En cas de surcharge de travail, apr\u00e8s une intervention chirurgicale et une convalescence, pendant les p\u00e9riodes de croissance ou de reproduction, en cas de stress accru de toute nature ou de r\u00e9duction de l&rsquo;apport alimentaire.<\/span><\/td>\n<\/tr>\n<tr>\n<td class=\"icon-container text-center\"><img decoding=\"async\" class=\"benefit-icon\" src=\"https:\/\/www.canvit.cz\/wp-content\/uploads\/function_icons\/zdravy_vyvoj.png?1772811265682\" \/><\/td>\n<td><span dir=\"auto\">Un complexe de vitamines B, d&rsquo;acides amin\u00e9s, de glucose et de sels sous forme de solution liquide.<\/span><\/td>\n<\/tr>\n<\/tbody>\n<\/table>\n<p><strong>Indications :<\/strong><\/p>\n<p><span dir=\"auto\">Une source d&rsquo;\u00e9nergie rapidement disponible pour les chiens de sport et de travail.<\/span><\/p>\n<p><span dir=\"auto\">Acc\u00e9l\u00e9ration de la r\u00e9g\u00e9n\u00e9ration et de la r\u00e9cup\u00e9ration de l&rsquo;organisme apr\u00e8s l&rsquo;effort physique et les situations stressantes<\/span><\/p>\n<p><span dir=\"auto\">Soutien nutritionnel pour les animaux souffrant d&rsquo;inapp\u00e9tence et pendant la maladie<\/span><\/p>\n<h4><span dir=\"auto\">Mode d&#8217;emploi :<\/span><\/h4>\n<p><span dir=\"auto\">AMINO sol s&rsquo;administre directement dans les aliments ou l&rsquo;eau une fois par jour selon la dose recommand\u00e9e.<\/span><\/p>\n<p>&nbsp;<\/p>\n<h4><strong><span dir=\"auto\">Dose journali\u00e8re recommand\u00e9e :<\/span><\/strong><\/h4>\n<p><span dir=\"auto\">5 ml par 10 kg de poids du chien<\/span><\/p>\n<p><span dir=\"auto\">2 ml par 4 kg de poids du chat<\/span><\/p>\n<p>&nbsp;<\/p>\n<h4><strong><span dir=\"auto\">Composition:<\/span><\/strong><\/h4>\n<p><span dir=\"auto\">glucose 30,00 %, chlorure de sodium 1,80 %, chlorure de magn\u00e9sium 0,02 %.<\/span><\/p>\n<h4><span dir=\"auto\">Substances suppl\u00e9mentaires dans 1 L :<\/span><\/h4>\n<p><span dir=\"auto\">Vitamines et provitamines : Chlorure de choline (3a890) 20 000 mg, Niacinamide (3a315) 2 000 mg, D-panth\u00e9nol (3a842) 1 000 mg, Vitamine B1 500 mg, Vitamine B2 500 mg, Vitamine B6 (3a831)<\/span><\/p>\n<p><span dir=\"auto\">500 mg, Biotine (3a880) 3 mg. Acides amin\u00e9s : L-lysine HCL (3.2.3) 8 000 mg, L-thr\u00e9onine (3.3.1.) 4 200 mg, DL-m\u00e9thionine (3c301) 3 000 mg, L-tryptophane (3.4.1.) 1 500 mg.<\/span><\/p>\n","protected":false},"excerpt":{"rendered":"<p><strong>R\u00e9cup\u00e9ration, reproduction, situation de stress<\/strong><\/p>\n","protected":false},"featured_media":37203,"template":"","meta":{"jetpack_publicize_message":"","jetpack_publicize_feature_enabled":true,"jetpack_social_post_already_shared":true,"jetpack_social_options":{"image_generator_settings":{"template":"highway","default_image_id":0,"font":"","enabled":false},"version":2}},"product_brand":[],"product_cat":[218,219],"product_tag":[],"class_list":{"0":"post-37168","1":"product","2":"type-product","3":"status-publish","4":"has-post-thumbnail","6":"product_cat-complement-alimentaire","7":"product_cat-complement-alimentaire-hygiene-et-soins-pour-chat","9":"first","10":"instock","11":"taxable","12":"shipping-taxable","13":"purchasable","14":"product-type-simple"},"supplier_id":5590,"supplier_sku":"","barcode":null,"atum_controlled":true,"out_stock_date":null,"out_stock_threshold":null,"inheritable":false,"inbound_stock":0,"stock_on_hold":0,"sold_today":0,"sales_last_days":0,"reserved_stock":0,"customer_returns":0,"warehouse_damage":0,"lost_in_post":0,"other_logs":0,"out_stock_days":0,"lost_sales":0,"has_location":false,"update_date":"2026-04-25T08:58:04","atum_locations":[],"atum_stock_status":"instock","restock_status":false,"low_stock_amount":2,"sales_update_date":"2026-04-25T08:58:04","calc_backorders":null,"jetpack_publicize_connections":[],"jetpack_sharing_enabled":true,"batches":[{"id":"8123","date_created":"2026-03-07 11:34:56","date_expiry":"2027-01-01 00:00:00","user_id":"2461","batch_number":"Canvit Amino sol. Suppl\u00e9ment pour Chat et Chien 250 ml010127","location":"","quantity":"12.0000","quantity_available":"12.0000","units":"1","status":"active","order_ids":null,"supplier":"Brit","po":{"id":"8062","date_created":"2026-03-07 11:34:56","batch_id":"8123","po_number":"","supplier":"Brit","cost":null,"regular_price":null,"sale_price":null,"price_margin":null,"price_discount":null}}],"_links":{"self":[{"href":"https:\/\/petworld.ma\/index.php\/wp-json\/wp\/v2\/product\/37168","targetHints":{"allow":["GET"]}}],"collection":[{"href":"https:\/\/petworld.ma\/index.php\/wp-json\/wp\/v2\/product"}],"about":[{"href":"https:\/\/petworld.ma\/index.php\/wp-json\/wp\/v2\/types\/product"}],"wp:featuredmedia":[{"embeddable":true,"href":"https:\/\/petworld.ma\/index.php\/wp-json\/wp\/v2\/media\/37203"}],"wp:attachment":[{"href":"https:\/\/petworld.ma\/index.php\/wp-json\/wp\/v2\/media?parent=37168"}],"wp:term":[{"taxonomy":"product_brand","embeddable":true,"href":"https:\/\/petworld.ma\/index.php\/wp-json\/wp\/v2\/product_brand?post=37168"},{"taxonomy":"product_cat","embeddable":true,"href":"https:\/\/petworld.ma\/index.php\/wp-json\/wp\/v2\/product_cat?post=37168"},{"taxonomy":"product_tag","embeddable":true,"href":"https:\/\/petworld.ma\/index.php\/wp-json\/wp\/v2\/product_tag?post=37168"}],"curies":[{"name":"wp","href":"https:\/\/api.w.org\/{rel}","templated":true}]}}