{"id":37283,"date":"2026-03-08T23:06:40","date_gmt":"2026-03-08T23:06:40","guid":{"rendered":"https:\/\/petworld.ma\/?post_type=product&#038;p=37283"},"modified":"2026-04-12T10:34:03","modified_gmt":"2026-04-12T10:34:03","slug":"pro-plan-liveclear-kitten-au-dinde-1-5kg","status":"publish","type":"product","link":"https:\/\/petworld.ma\/index.php\/produit\/pro-plan-liveclear-kitten-au-dinde-1-5kg\/","title":{"rendered":"Pro Plan LiveClear Kitten Au Dinde 1.5kg"},"content":{"rendered":"<p>PRO PLAN\u00ae LIVECLEAR\u00ae Kitten est un aliment pour chaton qui offre une alimentation quotidienne compl\u00e8te et \u00e9quilibr\u00e9e avec un go\u00fbt savoureux.<\/p>\n<p>R\u00e9duit de mani\u00e8re efficace et sans risque les allerg\u00e8nes sur les poils et les squames de chat, d\u00e8s trois semaines d&rsquo;alimentation quotidienne.<\/p>\n<p>&nbsp;<\/p>\n<ul>\n<li>R\u00e9volutionnaire : PRO PLAN\u00ae LIVECLEAR\u00ae est formul\u00e9 sp\u00e9cifiquement pour r\u00e9duire les allerg\u00e8nes sur les poils de votre chaton.<\/li>\n<li>Soutient le syst\u00e8me immunitaire gr\u00e2ce \u00e0 une teneur \u00e9lev\u00e9 en prot\u00e9ines et aux vitamines C et E.<\/li>\n<li>Prouv\u00e9 pour aider \u00e0 am\u00e9liorer la digestion gr\u00e2ce \u00e0 des pr\u00e9biotiques naturels.<\/li>\n<li>Contient du DHA (acide docosahexa\u00e9no\u00efque) pour aider \u00e0 un d\u00e9veloppement sain de la vue et du cerveau.<\/li>\n<\/ul>\n<p><strong>Caract\u00e9ristiques<\/strong><\/p>\n<ul>\n<li>R\u00e9volutionnaire : PRO PLAN\u00ae LIVECLEAR\u00ae est formul\u00e9 sp\u00e9cifiquement pour r\u00e9duire les allerg\u00e8nes sur les poils de votre chaton.<\/li>\n<li>Soutient le syst\u00e8me immunitaire gr\u00e2ce \u00e0 une teneur \u00e9lev\u00e9 en prot\u00e9ines et aux vitamines C et E.<\/li>\n<li>Prouv\u00e9 pour aider \u00e0 am\u00e9liorer la digestion gr\u00e2ce \u00e0 des pr\u00e9biotiques naturels.<\/li>\n<li>Contient du DHA (acide docosahexa\u00e9no\u00efque) pour aider \u00e0 un d\u00e9veloppement sain de la vue et du cerveau.<\/li>\n<li>Les allerg\u00e8nes sont r\u00e9duits en moyenne de 47 % apr\u00e8s trois semaines d\u2019alimentation.<\/li>\n<li>Dinde de haute qualit\u00e9 en 1er ingr\u00e9dient.<\/li>\n<li>Sans colorants ajout\u00e9s. Sans ar\u00f4mes ajout\u00e9s.<\/li>\n<\/ul>\n<p><strong>Composition<\/strong><\/p>\n<p>Dinde (16 %) Riz Prot\u00e9ines de dinde d\u00e9shydrat\u00e9es Poudre de prot\u00e9ines de soja Prot\u00e9ines de pois Graisse de porc Farine de prot\u00e9ines de ma\u00efs Amidon de ma\u00efs Racine de chicor\u00e9e d\u00e9shydrat\u00e9e (2 %) Substances min\u00e9rales \u0152ufs d\u00e9shydrat\u00e9s Hydrolysat Poudre de jaune d&rsquo;\u0153uf (0,6 %) Huile de poisson Levure<\/p>\n<p><strong>Constituants analytiques<\/strong><\/p>\n<p>Prot\u00e9ine : 40,0 %<br \/>\nTeneur en mati\u00e8res grasses : 20,0 %<br \/>\nCendres brutes : 7,5 %<br \/>\nCellulose brute : 1,5 %<br \/>\nDHA (Acide docosahexa\u00e9no\u00efque) : 0,05 %<\/p>\n<p><strong>Additifs : additifs nutritionnels<\/strong><\/p>\n<p>UI\/kg :<br \/>\nVit.\u00a0A : 35500 ;<br \/>\nVit.\u00a0D3 : 1000 ;<br \/>\nVit.\u00a0E : 670.<\/p>\n<p>mg\/kg :<br \/>\nVit.\u00a0C : 140 ;<br \/>\nSulfate de fer (II) monohydrat\u00e9 : (Fe: 150) ;<br \/>\nIodate de calcium anhydre : (I: 2,4) ;<br \/>\nSulfate de cuivre (II) pentahydrat\u00e9 : (Cu: 16) ;<br \/>\nSulfate manganeux monohydrat\u00e9 : (Mn: 58) ;<br \/>\nSulfate de zinc monohydrat\u00e9 : (Zn: 140) ;<br \/>\nS\u00e9l\u00e9nite de sodium : (Se: 0,17).<\/p>\n<p>&nbsp;<\/p>\n<p><strong>Guide d&rsquo;alimentation<\/strong><\/p>\n<p>Quel est le poids de votre animal ?<\/p>\n<div class=\"table-wrapper\">\n<table>\n<thead>\n<tr>\n<th><strong>\u00c2ge du chaton<\/strong><\/th>\n<th><strong>Quantit\u00e9 sec (g)<\/strong><\/th>\n<\/tr>\n<\/thead>\n<tbody>\n<tr>\n<td>4<\/td>\n<td>30<\/td>\n<\/tr>\n<tr>\n<td>12<\/td>\n<td>55<\/td>\n<\/tr>\n<tr>\n<td>26<\/td>\n<td>65<\/td>\n<\/tr>\n<tr>\n<td>52<\/td>\n<td>70<\/td>\n<\/tr>\n<\/tbody>\n<\/table>\n<\/div>\n<p>Donnez cette alimentation quotidiennement pour des b\u00e9n\u00e9fices durables et conserver dans un endroit frais et sec.<\/p>\n","protected":false},"excerpt":{"rendered":"<p>PRO PLAN\u00ae LIVECLEAR\u00ae Kitten est un aliment pour chaton qui offre une alimentation quotidienne compl\u00e8te et \u00e9quilibr\u00e9e avec un go\u00fbt savoureux. R\u00e9duit de mani\u00e8re efficace et sans risque les allerg\u00e8nes sur les poils et les squames de chat, d\u00e8s trois semaines d&rsquo;alimentation quotidienne. &nbsp; R\u00e9volutionnaire : PRO PLAN\u00ae LIVECLEAR\u00ae est formul\u00e9 sp\u00e9cifiquement pour r\u00e9duire les [&#8230;]\n","protected":false},"featured_media":37285,"template":"","meta":{"jetpack_publicize_message":"","jetpack_publicize_feature_enabled":true,"jetpack_social_post_already_shared":true,"jetpack_social_options":{"image_generator_settings":{"template":"highway","default_image_id":0,"font":"","enabled":false},"version":2}},"product_brand":[],"product_cat":[36,40],"product_tag":[],"class_list":{"0":"post-37283","1":"product","2":"type-product","3":"status-publish","4":"has-post-thumbnail","6":"product_cat-chat","7":"product_cat-coquettes-pour-chat","9":"first","10":"onbackorder","11":"taxable","12":"shipping-taxable","13":"purchasable","14":"product-type-simple"},"supplier_id":5598,"supplier_sku":"","barcode":null,"atum_controlled":true,"out_stock_date":"2026-04-12 10:34:04","out_stock_threshold":null,"inheritable":false,"inbound_stock":0,"stock_on_hold":0,"sold_today":0,"sales_last_days":0,"reserved_stock":0,"customer_returns":0,"warehouse_damage":0,"lost_in_post":0,"other_logs":0,"out_stock_days":14,"lost_sales":402,"has_location":false,"update_date":"2026-04-27T00:15:31","atum_locations":[],"atum_stock_status":"onbackorder","restock_status":false,"low_stock_amount":2,"sales_update_date":"2026-04-27T00:15:31","calc_backorders":0,"jetpack_publicize_connections":[],"jetpack_sharing_enabled":true,"batches":[{"id":"8170","date_created":"2026-03-09 09:42:51","date_expiry":"2027-01-31 00:00:00","user_id":"2461","batch_number":"Pro Plan LiveClear Kitten Au Dinde 1.5kg310127","location":"","quantity":"1.0000","quantity_available":"0.0000","units":"1","status":"archived","order_ids":"[39502]","supplier":"Proplan","po":{"id":"8109","date_created":"2026-03-09 09:42:51","batch_id":"8170","po_number":"","supplier":"Proplan","cost":null,"regular_price":null,"sale_price":null,"price_margin":null,"price_discount":null}}],"_links":{"self":[{"href":"https:\/\/petworld.ma\/index.php\/wp-json\/wp\/v2\/product\/37283","targetHints":{"allow":["GET"]}}],"collection":[{"href":"https:\/\/petworld.ma\/index.php\/wp-json\/wp\/v2\/product"}],"about":[{"href":"https:\/\/petworld.ma\/index.php\/wp-json\/wp\/v2\/types\/product"}],"wp:featuredmedia":[{"embeddable":true,"href":"https:\/\/petworld.ma\/index.php\/wp-json\/wp\/v2\/media\/37285"}],"wp:attachment":[{"href":"https:\/\/petworld.ma\/index.php\/wp-json\/wp\/v2\/media?parent=37283"}],"wp:term":[{"taxonomy":"product_brand","embeddable":true,"href":"https:\/\/petworld.ma\/index.php\/wp-json\/wp\/v2\/product_brand?post=37283"},{"taxonomy":"product_cat","embeddable":true,"href":"https:\/\/petworld.ma\/index.php\/wp-json\/wp\/v2\/product_cat?post=37283"},{"taxonomy":"product_tag","embeddable":true,"href":"https:\/\/petworld.ma\/index.php\/wp-json\/wp\/v2\/product_tag?post=37283"}],"curies":[{"name":"wp","href":"https:\/\/api.w.org\/{rel}","templated":true}]}}