{"id":37575,"date":"2026-03-13T11:13:35","date_gmt":"2026-03-13T11:13:35","guid":{"rendered":"https:\/\/petworld.ma\/?post_type=product&#038;p=37575"},"modified":"2026-03-13T11:23:30","modified_gmt":"2026-03-13T11:23:30","slug":"canvit-complement-probio-pour-chats-et-chiens-230-g","status":"publish","type":"product","link":"https:\/\/petworld.ma\/index.php\/produit\/canvit-complement-probio-pour-chats-et-chiens-230-g\/","title":{"rendered":"Canvit Compl\u00e9ment Probio pour Chats et Chiens 230 g"},"content":{"rendered":"<p>La sant\u00e9 intestinale est primordiale. Un syst\u00e8me digestif sain emp\u00eache les parasites et les bact\u00e9ries de prolif\u00e9rer et de provoquer des probl\u00e8mes d\u00e9sagr\u00e9ables comme la diarrh\u00e9e, les allergies et l&rsquo;inflammation. Canvit Probio est une source de probiotiques et d&rsquo;un complexe enzymatique pr\u00e9biotique qui favorise l&rsquo;\u00e9quilibre du microbiote intestinal, renforce l&rsquo;immunit\u00e9 et facilite la digestion.<\/p>\n<table class=\"benefits\" style=\"height: 174px\" width=\"951\">\n<tbody>\n<tr>\n<td class=\"icon-container text-center\"><img decoding=\"async\" class=\"benefit-icon\" src=\"https:\/\/www.canvit.cz\/wp-content\/uploads\/function_icons\/imunita.png\" \/><\/td>\n<td><span dir=\"auto\">Des intestins sains et une microflore \u00e9quilibr\u00e9e peuvent contribuer \u00e0 r\u00e9duire les processus inflammatoires globaux dans l&rsquo;organisme.<\/span><\/td>\n<\/tr>\n<tr>\n<td class=\"icon-container text-center\"><img decoding=\"async\" class=\"benefit-icon\" src=\"https:\/\/www.canvit.cz\/wp-content\/uploads\/function_icons\/traveni.png?1773399971253\" \/><\/td>\n<td><span dir=\"auto\">Les probiotiques et les pr\u00e9biotiques maintiennent l&rsquo;\u00e9quilibre du microbiome et favorisent les bonnes bact\u00e9ries, essentielles \u00e0 la sant\u00e9 intestinale et \u00e0 l&rsquo;immunit\u00e9.<\/span><\/td>\n<\/tr>\n<\/tbody>\n<\/table>\n<p><span dir=\"auto\">Canvit Probio est une dose quotidienne de probiotiques et de pr\u00e9biotiques pour un intestin sain, une bonne digestion et une immunit\u00e9 forte.<\/span><\/p>\n<p><strong><span dir=\"auto\">\u2013 Un microbiome sain et une immunit\u00e9 forte\u00a0:<\/span><\/strong><span dir=\"auto\">\u00a0les probiotiques et les pr\u00e9biotiques pr\u00e9servent l\u2019\u00e9quilibre du microbiome et favorisent la croissance des bact\u00e9ries b\u00e9n\u00e9fiques, essentielles \u00e0 un intestin sain et \u00e0 une immunit\u00e9 forte.<\/span><\/p>\n<p><strong><span dir=\"auto\">\u2013 Digestion facile m\u00eame en cas de digestion sensible\u00a0:<\/span><\/strong><span dir=\"auto\">\u00a0le complexe enzymatique \u00e0 base d\u2019acide fulvique facilite la digestion des ingr\u00e9dients alimentaires et pr\u00e9vient les d\u00e9sagr\u00e9ments tels que les selles molles et les flatulences.<\/span><\/p>\n<p><span dir=\"auto\">Avec Canvit Probio, vous pouvez vous attendre \u00e0 des selles fermes et parfum\u00e9es, signe \u00e9vident d&rsquo;une bonne digestion.<\/span><\/p>\n<p><strong><span dir=\"auto\">Poids :<\/span><\/strong><span dir=\"auto\">\u00a0230 g<\/span><\/p>\n<p><strong><span dir=\"auto\">Ingr\u00e9dients :<\/span><\/strong><span dir=\"auto\">\u00a0lactose, fructo-oligosaccharides (250 000 mg\/kg), levure hydrolys\u00e9e (200 000 mg\/kg), lignocellulose, foie hydrolys\u00e9, mannan-oligosaccharides (50 000 mg\/kg), b\u00eata-glucanes (30 000 mg\/kg), sous-produit de la production d&rsquo;enzymes avec Aspergillus niger (20 000 mg\/kg), acide fulvique (5 000 mg\/kg), bact\u00e9ries inactiv\u00e9es et parties de celles-ci (Lactobacillus helveticus HA \u2013 122, 30\u00d710 11 cellules\/kg).<\/span><\/p>\n<p><strong><span dir=\"auto\">Constituants analytiques\u00a0:<\/span><\/strong><span dir=\"auto\">\u00a0prot\u00e9ines brutes 12,0\u00a0%, mati\u00e8res grasses brutes 1,0\u00a0%, humidit\u00e9 8,0\u00a0%, cendres brutes 4,0\u00a0%, fibres brutes 3,5\u00a0%, calcium 0,1\u00a0%, phosphore 0,1\u00a0%, sodium 0,1\u00a0%<\/span><\/p>\n<p><strong><span dir=\"auto\">Additifs nutritionnels pour 1 kg :<\/span><\/strong><span dir=\"auto\">\u00a0vitamine C (3a312) 5 000 mg<\/span><\/p>\n<p><strong><span dir=\"auto\">Posologie\u00a0:<\/span><\/strong><span dir=\"auto\">\u00a0Les comprim\u00e9s sont administr\u00e9s directement \u00e0 la main ou \u00e9cras\u00e9s et m\u00e9lang\u00e9s \u00e0 l\u2019aliment. Administrer r\u00e9guli\u00e8rement 1\u00a0comprim\u00e9 \u00e0 soupe par 5\u00a0kg de poids corporel.<\/span><\/p>\n","protected":false},"excerpt":{"rendered":"<div class=\"short-description\">\n<div class=\"elementor-element elementor-element-1a60c1e elementor-widget elementor-widget-product-description-short elementor-widget-text-editor\" data-id=\"1a60c1e\" data-element_type=\"widget\" data-widget_type=\"product-description-short.default\">\n<div class=\"elementor-widget-container\">\n<div class=\"ce-product-description-short\">\n<p>Association de probiotiques, de pr\u00e9biotiques et d&rsquo;un complexe enzymatique, pour favoriser l&rsquo;\u00e9quilibre de la microflore intestinale, une digestion saine et un syst\u00e8me immunitaire fort chez les chiens et les chats.<\/p>\n<\/div>\n<\/div>\n<\/div>\n<div class=\"elementor-element elementor-element-3acc4f75 elementor-hidden-tablet elementor-hidden-phone elementor-widget elementor-widget-divider\" data-id=\"3acc4f75\" data-element_type=\"widget\" data-widget_type=\"divider.default\">\n<div class=\"elementor-widget-container\">\n<div class=\"elementor-divider\"><\/div>\n<\/div>\n<\/div>\n<\/div>\n<div class=\"pro-details-quality mt-0px\">\n<div class=\"attr-detail attr-size \">\n<div id=\"callBackVariant_ppr\" class=\"product-option-container select-view \"><\/div>\n<div class=\"mb-20px\">\n<div class=\"tabby-product-widget\" data-currency=\"MAD\" data-lang=\"ar\">\n<div>\n<div class=\"styles__tabbySnippet--e3274\">\n<div class=\"styles__tabbyPromoSnippet--ed9ac styles__tabbyPromoSnippetRtl--a17c9 styles__tabbyPromoSnippetFontInherit--bb9df styles__snippetWrapper--d68e9 styles__singleLine--d1c5f\">\n<div class=\"styles__tabbyPromoSnippetContent--ef3e6 styles__tabbyPromoSnippetContentRtl--bcbcb\"><\/div>\n<\/div>\n<\/div>\n<\/div>\n<\/div>\n<\/div>\n<\/div>\n<\/div>\n","protected":false},"featured_media":37580,"template":"","meta":{"jetpack_publicize_message":"","jetpack_publicize_feature_enabled":true,"jetpack_social_post_already_shared":true,"jetpack_social_options":{"image_generator_settings":{"template":"highway","default_image_id":0,"font":"","enabled":false},"version":2}},"product_brand":[],"product_cat":[218],"product_tag":[],"class_list":{"0":"post-37575","1":"product","2":"type-product","3":"status-publish","4":"has-post-thumbnail","6":"product_cat-complement-alimentaire","8":"first","9":"instock","10":"taxable","11":"shipping-taxable","12":"purchasable","13":"product-type-simple"},"supplier_id":5590,"supplier_sku":"","barcode":null,"atum_controlled":true,"out_stock_date":null,"out_stock_threshold":null,"inheritable":false,"inbound_stock":0,"stock_on_hold":0,"sold_today":0,"sales_last_days":0,"reserved_stock":0,"customer_returns":0,"warehouse_damage":0,"lost_in_post":0,"other_logs":0,"out_stock_days":0,"lost_sales":0,"has_location":false,"update_date":"2026-04-27T14:56:26","atum_locations":[],"atum_stock_status":"instock","restock_status":false,"low_stock_amount":4,"sales_update_date":"2026-04-27T14:56:26","calc_backorders":null,"jetpack_publicize_connections":[],"jetpack_sharing_enabled":true,"batches":[{"id":"8221","date_created":"2026-03-13 11:20:05","date_expiry":"2027-03-04 00:00:00","user_id":"2461","batch_number":"Canvit Compl\u00e9ment Probio pour Chats et Chiens 230 g040327","location":"","quantity":"9.0000","quantity_available":"8.0000","units":"1","status":"active","order_ids":"[37581]","supplier":"Brit","po":{"id":"8159","date_created":"2026-03-13 11:20:06","batch_id":"8221","po_number":"","supplier":"Brit","cost":null,"regular_price":null,"sale_price":null,"price_margin":null,"price_discount":null}}],"_links":{"self":[{"href":"https:\/\/petworld.ma\/index.php\/wp-json\/wp\/v2\/product\/37575","targetHints":{"allow":["GET"]}}],"collection":[{"href":"https:\/\/petworld.ma\/index.php\/wp-json\/wp\/v2\/product"}],"about":[{"href":"https:\/\/petworld.ma\/index.php\/wp-json\/wp\/v2\/types\/product"}],"wp:featuredmedia":[{"embeddable":true,"href":"https:\/\/petworld.ma\/index.php\/wp-json\/wp\/v2\/media\/37580"}],"wp:attachment":[{"href":"https:\/\/petworld.ma\/index.php\/wp-json\/wp\/v2\/media?parent=37575"}],"wp:term":[{"taxonomy":"product_brand","embeddable":true,"href":"https:\/\/petworld.ma\/index.php\/wp-json\/wp\/v2\/product_brand?post=37575"},{"taxonomy":"product_cat","embeddable":true,"href":"https:\/\/petworld.ma\/index.php\/wp-json\/wp\/v2\/product_cat?post=37575"},{"taxonomy":"product_tag","embeddable":true,"href":"https:\/\/petworld.ma\/index.php\/wp-json\/wp\/v2\/product_tag?post=37575"}],"curies":[{"name":"wp","href":"https:\/\/api.w.org\/{rel}","templated":true}]}}