{"id":37584,"date":"2026-03-13T11:28:17","date_gmt":"2026-03-13T11:28:17","guid":{"rendered":"https:\/\/petworld.ma\/?post_type=product&#038;p=37584"},"modified":"2026-03-13T11:40:39","modified_gmt":"2026-03-13T11:40:39","slug":"canvit-complement-antistress-pour-chats-et-chiens-230-g","status":"publish","type":"product","link":"https:\/\/petworld.ma\/index.php\/produit\/canvit-complement-antistress-pour-chats-et-chiens-230-g\/","title":{"rendered":"Canvit Compl\u00e9ment Antistress pour Chats et Chiens 230 g"},"content":{"rendered":"<p><span dir=\"auto\">Il arrive que nos chiens et nos chats aient besoin d&rsquo;un petit coup de pouce pour rester calmes et sereins. Canvit Antistress est formul\u00e9 \u00e0 partir d&rsquo;ingr\u00e9dients naturels s\u00e9lectionn\u00e9s pour soulager efficacement vos compagnons \u00e0 quatre pattes dans les situations stressantes qui perturbent leur bien-\u00eatre.<\/span><\/p>\n<p><span dir=\"auto\">Avec Canvit Antistress, vous pouvez offrir \u00e0 vos animaux de compagnie la protection et le soutien dont ils ont besoin pour se sentir en s\u00e9curit\u00e9 et heureux m\u00eame dans les situations difficiles.<\/span><\/p>\n<table class=\"benefits\" style=\"height: 195px;\" width=\"690\">\n<tbody>\n<tr>\n<td class=\"icon-container text-center\"><img decoding=\"async\" class=\"benefit-icon\" src=\"https:\/\/www.canvit.cz\/wp-content\/uploads\/function_icons\/imunita.png\" \/><\/td>\n<td><span dir=\"auto\">Maintenir un \u00e9tat calme et \u00e9quilibr\u00e9 soutient le syst\u00e8me immunitaire et am\u00e9liore la sant\u00e9 globale.<\/span><\/td>\n<\/tr>\n<tr>\n<td class=\"icon-container text-center\"><img decoding=\"async\" class=\"benefit-icon\" src=\"https:\/\/www.canvit.cz\/wp-content\/uploads\/function_icons\/mozek_a_nervy.png?1773401410201\" \/><\/td>\n<td><span dir=\"auto\">Le L-tryptophane et la vitamine B contribuent \u00e0 la production de s\u00e9rotonine, essentielle pour soulager l&rsquo;anxi\u00e9t\u00e9 et l&rsquo;agitation.<\/span><\/td>\n<\/tr>\n<\/tbody>\n<\/table>\n<p>&nbsp;<\/p>\n<p><strong><span dir=\"auto\">\u2013 Soulagez le stress et la tension en toute situation\u00a0:<\/span><\/strong><span dir=\"auto\">\u00a0le cannabis et la camomille, plantes m\u00e9dicinales reconnues pour leurs effets calmants et relaxants, renforc\u00e9s par l\u2019effet de\u00a0<\/span><strong><span dir=\"auto\">la val\u00e9riane et de l\u2019extrait de melon cantaloup,<\/span><\/strong><span dir=\"auto\">\u00a0favorisent le retour \u00e0 un comportement naturel dans les situations difficiles.<\/span><\/p>\n<p><strong><span dir=\"auto\">\u2013 Soulagement de l&rsquo;anxi\u00e9t\u00e9 et de la peur\u00a0:<\/span><\/strong><span dir=\"auto\">\u00a0le L-tryptophane et la vitamine B favorisent la production de s\u00e9rotonine, l&rsquo;hormone du bonheur essentielle pour un soulagement naturel de l&rsquo;anxi\u00e9t\u00e9 et de l&rsquo;agitation.<\/span><\/p>\n<p><span dir=\"auto\">Avec Canvit Antistress, chaque bouch\u00e9e est non seulement savoureuse, mais aussi pleine de force naturelle pour surmonter les situations difficiles.<\/span><\/p>\n<p><strong><span dir=\"auto\">Poids :<\/span><\/strong><span dir=\"auto\">\u00a0230 g<\/span><\/p>\n<p><strong><span dir=\"auto\">Ingr\u00e9dients :<\/span><\/strong><span dir=\"auto\">\u00a0lactose, farine de chanvre (50 000 mg\/kg), lignocellulose, foie hydrolys\u00e9, levure hydrolys\u00e9e (20 000 mg\/kg), camomille s\u00e9ch\u00e9e (20 000 mg\/kg), racine de val\u00e9riane s\u00e9ch\u00e9e (15 000 mg\/kg), extrait de melon cantaloup (1 000 mg\/kg).<\/span><\/p>\n<p><strong><span dir=\"auto\">Constituants analytiques :<\/span><\/strong><span dir=\"auto\">\u00a0prot\u00e9ines brutes 8,0 %, mati\u00e8res grasses brutes 1,0 %, humidit\u00e9 8,0 %, cendres brutes 7,5 %, fibres brutes 4,0 %, calcium 0,1 %, phosphore 0,1 %, sodium 0,1 %<\/span><\/p>\n<p><strong><span dir=\"auto\">Additifs nutritionnels pour 1 kg :<\/span><\/strong><span dir=\"auto\">\u00a0vitamine B1 (3a820) 25 000 mg, tryptophane (3c440) 10 000 mg, vitamine C (3a312) 5 000 mg<\/span><\/p>\n<p><strong><span dir=\"auto\">Posologie\u00a0:<\/span><\/strong><span dir=\"auto\">\u00a0Les comprim\u00e9s sont administr\u00e9s directement \u00e0 la main ou \u00e9cras\u00e9s et m\u00e9lang\u00e9s \u00e0 l\u2019aliment. Administrer r\u00e9guli\u00e8rement 1\u00a0comprim\u00e9 \u00e0 soupe par 5\u00a0kg de poids corporel.<\/span><\/p>\n","protected":false},"excerpt":{"rendered":"<div class=\"short-description\">\n<div class=\"elementor-element elementor-element-1a60c1e elementor-widget elementor-widget-product-description-short elementor-widget-text-editor\" data-id=\"1a60c1e\" data-element_type=\"widget\" data-widget_type=\"product-description-short.default\">\n<div class=\"elementor-widget-container\">\n<div class=\"ce-product-description-short\">\n<p>Canvit Antistress procure un soulagement et un apaisement efficaces dans les situations stressantes telles que les voyages, les visites chez le v\u00e9t\u00e9rinaire ou la peur des orages et des feux d&rsquo;artifice.<\/p>\n<\/div>\n<\/div>\n<\/div>\n<div class=\"elementor-element elementor-element-3acc4f75 elementor-hidden-tablet elementor-hidden-phone elementor-widget elementor-widget-divider\" data-id=\"3acc4f75\" data-element_type=\"widget\" data-widget_type=\"divider.default\">\n<div class=\"elementor-widget-container\">\n<div class=\"elementor-divider\"><\/div>\n<\/div>\n<\/div>\n<\/div>\n<div class=\"pro-details-quality mt-0px\">\n<div class=\"attr-detail attr-size \">\n<div id=\"callBackVariant_ppr\" class=\"product-option-container select-view \"><\/div>\n<div class=\"mb-20px\">\n<div class=\"tabby-product-widget\" data-currency=\"MAD\" data-lang=\"ar\">\n<div>\n<div class=\"styles__tabbySnippet--e3274\">\n<div class=\"styles__tabbyPromoSnippet--ed9ac styles__tabbyPromoSnippetRtl--a17c9 styles__tabbyPromoSnippetFontInherit--bb9df styles__snippetWrapper--d68e9 styles__singleLine--d1c5f\">\n<div class=\"styles__tabbyPromoSnippetContent--ef3e6 styles__tabbyPromoSnippetContentRtl--bcbcb\"><\/div>\n<\/div>\n<\/div>\n<\/div>\n<\/div>\n<\/div>\n<\/div>\n<\/div>\n","protected":false},"featured_media":37586,"template":"","meta":{"jetpack_publicize_message":"","jetpack_publicize_feature_enabled":true,"jetpack_social_post_already_shared":true,"jetpack_social_options":{"image_generator_settings":{"template":"highway","default_image_id":0,"font":"","enabled":false},"version":2}},"product_brand":[],"product_cat":[218],"product_tag":[],"class_list":{"0":"post-37584","1":"product","2":"type-product","3":"status-publish","4":"has-post-thumbnail","6":"product_cat-complement-alimentaire","8":"first","9":"instock","10":"taxable","11":"shipping-taxable","12":"purchasable","13":"product-type-simple"},"supplier_id":5590,"supplier_sku":"","barcode":null,"atum_controlled":true,"out_stock_date":null,"out_stock_threshold":null,"inheritable":false,"inbound_stock":0,"stock_on_hold":0,"sold_today":0,"sales_last_days":0,"reserved_stock":0,"customer_returns":0,"warehouse_damage":0,"lost_in_post":0,"other_logs":0,"out_stock_days":0,"lost_sales":0,"has_location":false,"update_date":"2026-04-25T08:58:04","atum_locations":[],"atum_stock_status":"instock","restock_status":false,"low_stock_amount":4,"sales_update_date":"2026-04-25T08:58:04","calc_backorders":null,"jetpack_publicize_connections":[],"jetpack_sharing_enabled":true,"batches":[{"id":"8222","date_created":"2026-03-13 11:40:38","date_expiry":"2027-02-26 00:00:00","user_id":"2461","batch_number":"Canvit Compl\u00e9ment Antistress pour Chats et Chiens 230 g260227","location":"","quantity":"10.0000","quantity_available":"10.0000","units":"1","status":"active","order_ids":null,"supplier":"Brit","po":{"id":"8160","date_created":"2026-03-13 11:40:38","batch_id":"8222","po_number":"","supplier":"Brit","cost":null,"regular_price":null,"sale_price":null,"price_margin":null,"price_discount":null}}],"_links":{"self":[{"href":"https:\/\/petworld.ma\/index.php\/wp-json\/wp\/v2\/product\/37584","targetHints":{"allow":["GET"]}}],"collection":[{"href":"https:\/\/petworld.ma\/index.php\/wp-json\/wp\/v2\/product"}],"about":[{"href":"https:\/\/petworld.ma\/index.php\/wp-json\/wp\/v2\/types\/product"}],"wp:featuredmedia":[{"embeddable":true,"href":"https:\/\/petworld.ma\/index.php\/wp-json\/wp\/v2\/media\/37586"}],"wp:attachment":[{"href":"https:\/\/petworld.ma\/index.php\/wp-json\/wp\/v2\/media?parent=37584"}],"wp:term":[{"taxonomy":"product_brand","embeddable":true,"href":"https:\/\/petworld.ma\/index.php\/wp-json\/wp\/v2\/product_brand?post=37584"},{"taxonomy":"product_cat","embeddable":true,"href":"https:\/\/petworld.ma\/index.php\/wp-json\/wp\/v2\/product_cat?post=37584"},{"taxonomy":"product_tag","embeddable":true,"href":"https:\/\/petworld.ma\/index.php\/wp-json\/wp\/v2\/product_tag?post=37584"}],"curies":[{"name":"wp","href":"https:\/\/api.w.org\/{rel}","templated":true}]}}