{"id":37587,"date":"2026-03-13T11:45:51","date_gmt":"2026-03-13T11:45:51","guid":{"rendered":"https:\/\/petworld.ma\/?post_type=product&#038;p=37587"},"modified":"2026-03-13T11:56:27","modified_gmt":"2026-03-13T11:56:27","slug":"tapis-a-litiere-anti-projection-a-deux-couches-grande-taillle-50x40cm-gris-pour-litiere-chat-eziclean-catbot","status":"publish","type":"product","link":"https:\/\/petworld.ma\/index.php\/produit\/tapis-a-litiere-anti-projection-a-deux-couches-grande-taillle-50x40cm-gris-pour-litiere-chat-eziclean-catbot\/","title":{"rendered":"Tapis \u00e0 liti\u00e8re Anti-Projection \u00e0 Deux Couches Grande Taillle 50x40cm Gris pour Liti\u00e8re Chat EZIclean\u00ae CATBOT"},"content":{"rendered":"<p><strong>Fini les grains de liti\u00e8re \u00e9parpill\u00e9s dans toute la maison.<\/strong><\/p>\n<p>Le tapis EZIclean\u00ae Catbot capture efficacement chaque grain de liti\u00e8re d\u00e8s la sortie du bac, pour un sol impeccable au quotidien. Sa conception optimis\u00e9e retient les particules tout en offrant un confort optimal sous les pattes de votre chat.<\/p>\n<p><strong>R\u00e9sultat :<\/strong>\u00a0Un int\u00e9rieur propre, sans effort, jour apr\u00e8s jour.<\/p>\n","protected":false},"excerpt":{"rendered":"<p>Dimension : 40cmx55cm et 30cmx30cm<\/p>\n<p>Couleur: Noir<\/p>\n","protected":false},"featured_media":37591,"template":"","meta":{"jetpack_publicize_message":"","jetpack_publicize_feature_enabled":true,"jetpack_social_post_already_shared":true,"jetpack_social_options":{"image_generator_settings":{"template":"highway","default_image_id":0,"font":"","enabled":false},"version":2}},"product_brand":[],"product_cat":[94],"product_tag":[],"class_list":{"0":"post-37587","1":"product","2":"type-product","3":"status-publish","4":"has-post-thumbnail","6":"product_cat-litieres-et-bacs","8":"first","9":"instock","10":"sale","11":"taxable","12":"shipping-taxable","13":"purchasable","14":"product-type-simple"},"supplier_id":29434,"supplier_sku":"","barcode":null,"atum_controlled":true,"out_stock_date":null,"out_stock_threshold":null,"inheritable":false,"inbound_stock":0,"stock_on_hold":0,"sold_today":0,"sales_last_days":0,"reserved_stock":0,"customer_returns":0,"warehouse_damage":0,"lost_in_post":0,"other_logs":0,"out_stock_days":0,"lost_sales":0,"has_location":false,"update_date":"2026-04-28T00:13:43","atum_locations":[],"atum_stock_status":"instock","restock_status":false,"low_stock_amount":2,"sales_update_date":"2026-04-28T00:13:43","calc_backorders":null,"jetpack_publicize_connections":[],"jetpack_sharing_enabled":true,"batches":[],"_links":{"self":[{"href":"https:\/\/petworld.ma\/index.php\/wp-json\/wp\/v2\/product\/37587","targetHints":{"allow":["GET"]}}],"collection":[{"href":"https:\/\/petworld.ma\/index.php\/wp-json\/wp\/v2\/product"}],"about":[{"href":"https:\/\/petworld.ma\/index.php\/wp-json\/wp\/v2\/types\/product"}],"wp:featuredmedia":[{"embeddable":true,"href":"https:\/\/petworld.ma\/index.php\/wp-json\/wp\/v2\/media\/37591"}],"wp:attachment":[{"href":"https:\/\/petworld.ma\/index.php\/wp-json\/wp\/v2\/media?parent=37587"}],"wp:term":[{"taxonomy":"product_brand","embeddable":true,"href":"https:\/\/petworld.ma\/index.php\/wp-json\/wp\/v2\/product_brand?post=37587"},{"taxonomy":"product_cat","embeddable":true,"href":"https:\/\/petworld.ma\/index.php\/wp-json\/wp\/v2\/product_cat?post=37587"},{"taxonomy":"product_tag","embeddable":true,"href":"https:\/\/petworld.ma\/index.php\/wp-json\/wp\/v2\/product_tag?post=37587"}],"curies":[{"name":"wp","href":"https:\/\/api.w.org\/{rel}","templated":true}]}}