{"id":37592,"date":"2026-03-13T11:53:29","date_gmt":"2026-03-13T11:53:29","guid":{"rendered":"https:\/\/petworld.ma\/?post_type=product&#038;p=37592"},"modified":"2026-04-23T18:42:27","modified_gmt":"2026-04-23T18:42:27","slug":"jungle-sucette-pour-chat-poulet-au-kefir-1-piece","status":"publish","type":"product","link":"https:\/\/petworld.ma\/index.php\/produit\/jungle-sucette-pour-chat-poulet-au-kefir-1-piece\/","title":{"rendered":"Jungle Sucette pour Chat Poulet au Kefir (1 pi\u00e8ce)"},"content":{"rendered":"<div id=\"-product-tabs-44-66\" class=\"oxy-product-tabs oxy-woo-element\">\n<div class=\"woocommerce-tabs wc-tabs-wrapper\">\n<div class=\"accordion-title active\">\n<p class=\"font-claude-response-body break-words whitespace-normal leading-[1.7]\"><strong>JUNGLE SUCETTE POUR CHAT AU K\u00c9FIR<\/strong><\/p>\n<p class=\"font-claude-response-body break-words whitespace-normal leading-[1.7]\"><strong>Ingr\u00e9dients :<\/strong> Foie de poulet 98,5 %, K\u00e9fir 1,5 %<\/p>\n<p class=\"font-claude-response-body break-words whitespace-normal leading-[1.7]\"><strong>Instructions d&rsquo;alimentation :<\/strong><\/p>\n<ul class=\"[li_&amp;]:mb-0 [li_&amp;]:mt-1 [li_&amp;]:gap-1 [&amp;:not(:last-child)_ul]:pb-1 [&amp;:not(:last-child)_ol]:pb-1 list-disc flex flex-col gap-1 pl-8 mb-3\">\n<li class=\"whitespace-normal break-words pl-2\">Donner \u00e0 votre chat en guise de r\u00e9compense ou de friandise.<\/li>\n<li class=\"whitespace-normal break-words pl-2\">Convient aux chats de plus de 4 mois.<\/li>\n<li class=\"whitespace-normal break-words pl-2\">La quantit\u00e9 journali\u00e8re recommand\u00e9e est de 2 b\u00e2tonnets par jour.<\/li>\n<li class=\"whitespace-normal break-words pl-2\">Peut varier selon l&rsquo;\u00e2ge, le poids et le niveau d&rsquo;activit\u00e9 de votre animal.<\/li>\n<li class=\"whitespace-normal break-words pl-2\">Peut \u00eatre consid\u00e9r\u00e9 comme une partie de la ration alimentaire quotidienne.<\/li>\n<li class=\"whitespace-normal break-words pl-2\">Surveillez votre animal pendant qu&rsquo;il m\u00e2che.<\/li>\n<li class=\"whitespace-normal break-words pl-2\">Ne pas d\u00e9passer la quantit\u00e9 journali\u00e8re recommand\u00e9e.<\/li>\n<li class=\"whitespace-normal break-words pl-2\">Fournir de l&rsquo;eau fra\u00eeche \u00e0 disposition.<\/li>\n<li class=\"whitespace-normal break-words pl-2\">Conserver dans un endroit frais et sec, \u00e0 l&rsquo;abri de la lumi\u00e8re directe du soleil.<\/li>\n<li class=\"whitespace-normal break-words pl-2\">Une fois ouvert, il est recommand\u00e9 de consommer le m\u00eame jour.<\/li>\n<li class=\"whitespace-normal break-words pl-2\">Le b\u00e2ton du lollipop n&rsquo;est pas comestible, veuillez en tenir compte.<\/li>\n<li class=\"whitespace-normal break-words pl-2\">La date de p\u00e9remption et le num\u00e9ro de lot sont indiqu\u00e9s sur l&#8217;emballage.<\/li>\n<li class=\"whitespace-normal break-words pl-2\">Uniquement destin\u00e9 \u00e0 la consommation animale. Ne pas consommer par les humains.<\/li>\n<\/ul>\n<\/div>\n<\/div>\n<\/div>\n","protected":false},"excerpt":{"rendered":"<p>JUNGLE SUCETTE POUR CHAT AU K\u00c9FIR Ingr\u00e9dients : Foie de poulet 98,5 %, K\u00e9fir 1,5 % Instructions d&rsquo;alimentation : Donner \u00e0 votre chat en guise de r\u00e9compense ou de friandise. Convient aux chats de plus de 4 mois. La quantit\u00e9 journali\u00e8re recommand\u00e9e est de 2 b\u00e2tonnets par jour. Peut varier selon l&rsquo;\u00e2ge, le poids et [&#8230;]\n","protected":false},"featured_media":37593,"template":"","meta":{"jetpack_publicize_message":"","jetpack_publicize_feature_enabled":true,"jetpack_social_post_already_shared":true,"jetpack_social_options":{"image_generator_settings":{"template":"highway","default_image_id":0,"font":"","enabled":false},"version":2}},"product_brand":[],"product_cat":[41,238],"product_tag":[],"class_list":{"0":"post-37592","1":"product","2":"type-product","3":"status-publish","4":"has-post-thumbnail","6":"product_cat-friandises-et-pate-pour-chat","7":"product_cat-friandises-secs-chat","9":"first","10":"outofstock","11":"taxable","12":"shipping-taxable","13":"purchasable","14":"product-type-simple"},"supplier_id":30685,"supplier_sku":"","barcode":"8682631210045","atum_controlled":true,"out_stock_date":"2026-04-23 18:42:27","out_stock_threshold":null,"inheritable":false,"inbound_stock":0,"stock_on_hold":0,"sold_today":0,"sales_last_days":18,"reserved_stock":0,"customer_returns":0,"warehouse_damage":0,"lost_in_post":0,"other_logs":0,"out_stock_days":5,"lost_sales":91,"has_location":false,"update_date":"2026-04-29T00:15:40","atum_locations":[],"atum_stock_status":"outofstock","restock_status":false,"low_stock_amount":12,"sales_update_date":"2026-04-29T00:15:40","calc_backorders":null,"jetpack_publicize_connections":[],"jetpack_sharing_enabled":true,"batches":[{"id":"8223","date_created":"2026-03-13 11:59:51","date_expiry":"2028-01-31 00:00:00","user_id":"50","batch_number":"SucetteungleKefir0128","location":"","quantity":"36.0000","quantity_available":"0.0000","units":"1","status":"archived","order_ids":"[37824,37919,38034,38107,38255,38659,38782,38878,39050,39134,39155,39198,39932,40051,40402,40506,40644]","supplier":"PETLINE","po":{"id":"8162","date_created":"2026-03-13 11:59:51","batch_id":"8223","po_number":"","supplier":"PETLINE","cost":null,"regular_price":null,"sale_price":null,"price_margin":null,"price_discount":null}}],"_links":{"self":[{"href":"https:\/\/petworld.ma\/index.php\/wp-json\/wp\/v2\/product\/37592","targetHints":{"allow":["GET"]}}],"collection":[{"href":"https:\/\/petworld.ma\/index.php\/wp-json\/wp\/v2\/product"}],"about":[{"href":"https:\/\/petworld.ma\/index.php\/wp-json\/wp\/v2\/types\/product"}],"wp:featuredmedia":[{"embeddable":true,"href":"https:\/\/petworld.ma\/index.php\/wp-json\/wp\/v2\/media\/37593"}],"wp:attachment":[{"href":"https:\/\/petworld.ma\/index.php\/wp-json\/wp\/v2\/media?parent=37592"}],"wp:term":[{"taxonomy":"product_brand","embeddable":true,"href":"https:\/\/petworld.ma\/index.php\/wp-json\/wp\/v2\/product_brand?post=37592"},{"taxonomy":"product_cat","embeddable":true,"href":"https:\/\/petworld.ma\/index.php\/wp-json\/wp\/v2\/product_cat?post=37592"},{"taxonomy":"product_tag","embeddable":true,"href":"https:\/\/petworld.ma\/index.php\/wp-json\/wp\/v2\/product_tag?post=37592"}],"curies":[{"name":"wp","href":"https:\/\/api.w.org\/{rel}","templated":true}]}}