{"id":37634,"date":"2026-03-13T17:30:39","date_gmt":"2026-03-13T17:30:39","guid":{"rendered":"https:\/\/petworld.ma\/?post_type=product&#038;p=37634"},"modified":"2026-04-25T14:46:36","modified_gmt":"2026-04-25T14:46:36","slug":"jungle-biscuits-crunch-chat-hairball-control-poulet-fromage-60g","status":"publish","type":"product","link":"https:\/\/petworld.ma\/index.php\/produit\/jungle-biscuits-crunch-chat-hairball-control-poulet-fromage-60g\/","title":{"rendered":"Jungle Biscuits Crunch Chat Hairball Control Poulet Fromage (60g)"},"content":{"rendered":"<div id=\"-product-tabs-44-66\" class=\"oxy-product-tabs oxy-woo-element\">\n<div class=\"woocommerce-tabs wc-tabs-wrapper\">\n<p class=\"product-description-content\"><span dir=\"auto\">Jungle Cat Crunch (Os Solides) Poulet-Fromage se distingue par sa formule riche en calcium qui contribue \u00e0 la sant\u00e9 des os et des dents de votre chat. Compos\u00e9e de vrai poulet (14 %) et de poudre de fromage (4 %), elle offre une app\u00e9tence exceptionnelle tout en fournissant des prot\u00e9ines, des vitamines et de la taurine pour une sant\u00e9 optimale.<\/span><\/p>\n<p><span dir=\"auto\">Elle constitue un compl\u00e9ment alimentaire id\u00e9al dans l&rsquo;alimentation quotidienne de votre chat. Convient aux chatons de plus de 8 semaines et aux chats adultes. Ses croquettes croustillantes, soigneusement pr\u00e9par\u00e9es, stimulent l&rsquo;app\u00e9tit et offrent de pr\u00e9cieux moments de plaisir.<\/span><\/p>\n<\/div>\n<div id=\"shopify-section-template--25736321630500__tabs\" class=\"shopify-section hdt-section hdt-section-main-product-tabs\">\n<div class=\"hdt-product-tab hdt-s-gradient hdt-section-spacing\">\n<div class=\"hdt-container\">\n<div class=\"hdt-type-tab\">\n<div class=\"hdt-product-tab__wrap hdt-product-tab--default\">\n<div id=\"product-tabs-tab-template--25736321630500__tabs\" class=\"hdt-product-tab__content\">\n<div class=\"hdt-tab-item\" data-type=\"tab_html\">\n<div class=\"hdt-rte\">\n<div class=\"metafield-rich_text_field\">\n<p><span dir=\"auto\">Produits d\u2019origine v\u00e9g\u00e9tale, viandes et sous-produits animaux (14 % de poulet), c\u00e9r\u00e9ales, huiles v\u00e9g\u00e9tales et animales, extraits de prot\u00e9ines v\u00e9g\u00e9tales, lait et sous-produits laitiers (4 % de poudre de fromage).<\/span><\/p>\n<p>Composants:<\/p>\n<ul>\n<li><span dir=\"auto\">Prot\u00e9ines brutes : 29 %<\/span><\/li>\n<li><span dir=\"auto\">Mati\u00e8res grasses brutes : 20 %<\/span><\/li>\n<li><span dir=\"auto\">Fibres brutes : 1,7 %<\/span><\/li>\n<li><span dir=\"auto\">Cendres brutes : 6 %<\/span><\/li>\n<li><span dir=\"auto\">Humidit\u00e9 : 9 %<\/span><\/li>\n<li><span dir=\"auto\">\u00c9nergie : 4225 kcal\/kg<\/span><\/li>\n<\/ul>\n<\/div>\n<\/div>\n<\/div>\n<\/div>\n<\/div>\n<\/div>\n<\/div>\n<\/div>\n<\/div>\n<\/div>\n","protected":false},"excerpt":{"rendered":"<div class=\"hdt-product-info__item hdt-product__description\">\n<div class=\"hdt-s-text2 hdt-rte\">\n<p><span dir=\"auto\">Alliant les saveurs du poulet et du fromage, Jungle Cat Crunch Strong Bones offre une friandise d\u00e9licieuse et nutritive pour les chats adultes et les chatons.<\/span><\/p>\n<\/div>\n<\/div>\n<div class=\"hdt-product-info__item hdt-product__extra-link hdt-flex hdt-flex-wrap\" data-type=\"@theme\"><\/div>\n","protected":false},"featured_media":37636,"template":"","meta":{"jetpack_publicize_message":"","jetpack_publicize_feature_enabled":true,"jetpack_social_post_already_shared":true,"jetpack_social_options":{"image_generator_settings":{"template":"highway","default_image_id":0,"font":"","enabled":false},"version":2}},"product_brand":[],"product_cat":[41,238],"product_tag":[],"class_list":{"0":"post-37634","1":"product","2":"type-product","3":"status-publish","4":"has-post-thumbnail","6":"product_cat-friandises-et-pate-pour-chat","7":"product_cat-friandises-secs-chat","9":"first","10":"outofstock","11":"taxable","12":"shipping-taxable","13":"purchasable","14":"product-type-simple"},"supplier_id":30685,"supplier_sku":"","barcode":"8682631202934","atum_controlled":true,"out_stock_date":null,"out_stock_threshold":null,"inheritable":false,"inbound_stock":0,"stock_on_hold":0,"sold_today":0,"sales_last_days":5,"reserved_stock":0,"customer_returns":0,"warehouse_damage":0,"lost_in_post":0,"other_logs":0,"out_stock_days":0,"lost_sales":0,"has_location":false,"update_date":"2026-04-29T21:57:49","atum_locations":[],"atum_stock_status":"outofstock","restock_status":false,"low_stock_amount":5,"sales_update_date":"2026-04-29T21:57:49","calc_backorders":null,"jetpack_publicize_connections":[],"jetpack_sharing_enabled":true,"batches":[{"id":"8229","date_created":"2026-03-13 17:36:33","date_expiry":"2027-04-30 00:00:00","user_id":"50","batch_number":"JungleHaiball0427","location":"","quantity":"10.0000","quantity_available":"0.0000","units":"1","status":"archived","order_ids":"[37896,38379,38425,38633,39051,40082,40133,40392]","supplier":"PETLINE","po":{"id":"8168","date_created":"2026-03-13 17:36:34","batch_id":"8229","po_number":"","supplier":"PETLINE","cost":null,"regular_price":null,"sale_price":null,"price_margin":null,"price_discount":null}}],"_links":{"self":[{"href":"https:\/\/petworld.ma\/index.php\/wp-json\/wp\/v2\/product\/37634","targetHints":{"allow":["GET"]}}],"collection":[{"href":"https:\/\/petworld.ma\/index.php\/wp-json\/wp\/v2\/product"}],"about":[{"href":"https:\/\/petworld.ma\/index.php\/wp-json\/wp\/v2\/types\/product"}],"wp:featuredmedia":[{"embeddable":true,"href":"https:\/\/petworld.ma\/index.php\/wp-json\/wp\/v2\/media\/37636"}],"wp:attachment":[{"href":"https:\/\/petworld.ma\/index.php\/wp-json\/wp\/v2\/media?parent=37634"}],"wp:term":[{"taxonomy":"product_brand","embeddable":true,"href":"https:\/\/petworld.ma\/index.php\/wp-json\/wp\/v2\/product_brand?post=37634"},{"taxonomy":"product_cat","embeddable":true,"href":"https:\/\/petworld.ma\/index.php\/wp-json\/wp\/v2\/product_cat?post=37634"},{"taxonomy":"product_tag","embeddable":true,"href":"https:\/\/petworld.ma\/index.php\/wp-json\/wp\/v2\/product_tag?post=37634"}],"curies":[{"name":"wp","href":"https:\/\/api.w.org\/{rel}","templated":true}]}}