{"id":37646,"date":"2026-03-13T18:15:06","date_gmt":"2026-03-13T18:15:06","guid":{"rendered":"https:\/\/petworld.ma\/?post_type=product&#038;p=37646"},"modified":"2026-04-27T09:31:49","modified_gmt":"2026-04-27T09:31:49","slug":"manitoba-friandise-sticks-gran-festa-aux-fruits-et-au-miel-2-batonnets-60g","status":"publish","type":"product","link":"https:\/\/petworld.ma\/index.php\/produit\/manitoba-friandise-sticks-gran-festa-aux-fruits-et-au-miel-2-batonnets-60g\/","title":{"rendered":"Manitoba Friandise Sticks Gran Festa aux Fruits et au Miel  (2 b\u00e2tonnets ) 60g"},"content":{"rendered":"<div id=\"DESCR_TINY-bloc-2\" class=\"stylusBloc stylusBloc--text stylusBloc--autogen\">\n<div class=\"stylusBloc__content\">\n<div class=\"zms-title-div\">\n<div class=\"zms-title\" data-size=\"t1\">\n<div id=\"DESCR_TINY-bloc-2\" class=\"stylusBloc stylusBloc--text stylusBloc--autogen\">\n<div class=\"stylusBloc__content\">\n<div class=\"zms-title-div\">\n<div class=\"zms-title\" data-size=\"t1\">\n<div class=\"nav-tabs__content\">\n<div class=\"product-zmstylus mwct2\">\n<div id=\"DESCR_TINY-bloc-1\" class=\"stylusBloc stylusBloc--text\">\n<div class=\"stylusBloc__content\">\n<p id=\"heading_productDetails\" class=\"accordion-button border-0 bg-transparent hovereState rounded-0 m-0\" data-bs-toggle=\"collapse\" data-bs-target=\"#collapse_productDetails\" aria-expanded=\"true\" aria-controls=\"collapse_productDetails\"><strong><span dir=\"auto\">Ces b\u00e2tonnets aux fruits et au miel pour perruches ondul\u00e9es et ins\u00e9parables<\/span><\/strong><span dir=\"auto\">\u00a0constituent un aliment compl\u00e9mentaire \u00e0 base de fruits. Compos\u00e9s de trois couches, ils offrent une friandise appr\u00e9ci\u00e9e des oiseaux. Le b\u00e2tonnet est compos\u00e9 de c\u00e9r\u00e9ales, de graines, de dattes (2,4 %), de banane (2 %) et de miel (2 %).<\/span><\/p>\n<p><strong><span dir=\"auto\">Utilisation\u00a0:<\/span><\/strong><span dir=\"auto\">\u00a0accrochez le b\u00e2tonnet \u00e0 l\u2019int\u00e9rieur de la cage et laissez-le \u00e0 disposition, avec de l\u2019eau fra\u00eeche et propre.<\/span><\/p>\n<p><span dir=\"auto\">Prot\u00e9ines brutes\u00a0: 11,5\u00a0%, mati\u00e8res grasses\u00a0: 5,2\u00a0%, fibres brutes\u00a0: 6\u00a0%.<\/span><\/p>\n<p><span dir=\"auto\">Le paquet contient 2 b\u00e2tonnets de 30\u00a0g chacun.<\/span><\/p>\n<\/div>\n<\/div>\n<\/div>\n<\/div>\n<\/div>\n<\/div>\n<\/div>\n<\/div>\n<\/div>\n<\/div>\n<\/div>\n<\/div>\n","protected":false},"excerpt":{"rendered":"<p>Ces b\u00e2tonnets aux fruits et au miel pour perruches ondul\u00e9es et ins\u00e9parables\u00a0constituent un aliment compl\u00e9mentaire \u00e0 base de fruits. Compos\u00e9s de trois couches, ils offrent une friandise appr\u00e9ci\u00e9e des oiseaux. Le b\u00e2tonnet est compos\u00e9 de c\u00e9r\u00e9ales, de graines, de dattes (2,4 %), de banane (2 %) et de miel (2 %). Utilisation\u00a0:\u00a0accrochez le b\u00e2tonnet \u00e0 [&#8230;]\n","protected":false},"featured_media":37647,"template":"","meta":{"jetpack_publicize_message":"","jetpack_publicize_feature_enabled":true,"jetpack_social_post_already_shared":true,"jetpack_social_options":{"image_generator_settings":{"template":"highway","default_image_id":0,"font":"","enabled":false},"version":2}},"product_brand":[],"product_cat":[141],"product_tag":[],"class_list":{"0":"post-37646","1":"product","2":"type-product","3":"status-publish","4":"has-post-thumbnail","6":"product_cat-oiseaux","8":"first","9":"instock","10":"taxable","11":"shipping-taxable","12":"purchasable","13":"product-type-simple"},"supplier_id":34572,"supplier_sku":"","barcode":"8026272044131","atum_controlled":true,"out_stock_date":null,"out_stock_threshold":null,"inheritable":false,"inbound_stock":0,"stock_on_hold":0,"sold_today":0,"sales_last_days":7,"reserved_stock":0,"customer_returns":0,"warehouse_damage":0,"lost_in_post":0,"other_logs":0,"out_stock_days":0,"lost_sales":0,"has_location":false,"update_date":"2026-04-28T09:36:08","atum_locations":[],"atum_stock_status":"instock","restock_status":false,"low_stock_amount":5,"sales_update_date":"2026-04-28T09:36:07","calc_backorders":null,"jetpack_publicize_connections":[],"jetpack_sharing_enabled":true,"batches":[{"id":"8237","date_created":"2026-03-13 18:19:32","date_expiry":"2028-04-30 00:00:00","user_id":"50","batch_number":"Sitck3004","location":"","quantity":"30.0000","quantity_available":"22.0000","units":"1","status":"active","order_ids":"[38697,39721,40535,40771]"}],"_links":{"self":[{"href":"https:\/\/petworld.ma\/index.php\/wp-json\/wp\/v2\/product\/37646","targetHints":{"allow":["GET"]}}],"collection":[{"href":"https:\/\/petworld.ma\/index.php\/wp-json\/wp\/v2\/product"}],"about":[{"href":"https:\/\/petworld.ma\/index.php\/wp-json\/wp\/v2\/types\/product"}],"wp:featuredmedia":[{"embeddable":true,"href":"https:\/\/petworld.ma\/index.php\/wp-json\/wp\/v2\/media\/37647"}],"wp:attachment":[{"href":"https:\/\/petworld.ma\/index.php\/wp-json\/wp\/v2\/media?parent=37646"}],"wp:term":[{"taxonomy":"product_brand","embeddable":true,"href":"https:\/\/petworld.ma\/index.php\/wp-json\/wp\/v2\/product_brand?post=37646"},{"taxonomy":"product_cat","embeddable":true,"href":"https:\/\/petworld.ma\/index.php\/wp-json\/wp\/v2\/product_cat?post=37646"},{"taxonomy":"product_tag","embeddable":true,"href":"https:\/\/petworld.ma\/index.php\/wp-json\/wp\/v2\/product_tag?post=37646"}],"curies":[{"name":"wp","href":"https:\/\/api.w.org\/{rel}","templated":true}]}}