{"id":37770,"date":"2026-03-15T22:10:35","date_gmt":"2026-03-15T22:10:35","guid":{"rendered":"https:\/\/petworld.ma\/?post_type=product&#038;p=37770"},"modified":"2026-04-07T02:41:01","modified_gmt":"2026-04-07T02:41:01","slug":"purina-one-sachets-pour-chaton-au-saumon-et-aux-carottes-4x85-g","status":"publish","type":"product","link":"https:\/\/petworld.ma\/index.php\/produit\/purina-one-sachets-pour-chaton-au-saumon-et-aux-carottes-4x85-g\/","title":{"rendered":"Purina ONE\u00ae Sachets pour Chaton au Saumon et aux Carottes 4&#215;85 g"},"content":{"rendered":"<div class=\"dsu-product--options\">\n<p><strong>Caract\u00e9ristiques<\/strong><\/p>\n<ul>\n<li>Aide \u00e0 soutenir l\u2019\u00e9quilibre du microbiome intestinal gr\u00e2ce \u00e0 l\u2019effet pr\u00e9biotique des fibres solubles.<\/li>\n<li>Aide \u00e0 maintenir un syst\u00e8me immunitaire fort gr\u00e2ce aux antioxydants tels que la vitamine E.<\/li>\n<li>Avec du saumon de haute qualit\u00e9 pour des prot\u00e9ines et un go\u00fbt savoureux.<\/li>\n<li>Contient du DHA, un nutriment fonctionnel aussi pr\u00e9sent dans le lait maternel, reconnu pour stimuler le d\u00e9veloppement du cerveau et de la vue des chatons.<\/li>\n<li>Croissance saine de la masse musculaire et du squelette gr\u00e2ce \u00e0 un niveau \u00e9lev\u00e9 en prot\u00e9ines et un taux \u00e9quilibr\u00e9 en min\u00e9raux.<\/li>\n<\/ul>\n<\/div>\n<div>\n<p>D\u00e9couvrez la gamme de sachets fraicheur PURINA\u00ae ONE\u00ae qui aide \u00e0 maintenir un microbiome intestinal \u00e9quilibr\u00e9.<\/p>\n<p>Qu\u2019est-ce que le microbiome intestinal ?<\/p>\n<p>Le microbiome intestinal se compose de l\u2019intestin et de tous ses micro-organismes : un microbiome intestinal \u00e9quilibr\u00e9 est indispensable car il a un impact direct sur la bonne sant\u00e9 digestive, le syst\u00e8me immunitaire et le bien-\u00eatre g\u00e9n\u00e9ral de votre chat.<\/p>\n<p>C\u2019est pourquoi les sachets fraicheur PURINA\u00ae ONE \u00ae contiennent des pr\u00e9biotiques qui aident \u00e0 nourrir les bonnes bact\u00e9ries de l\u2019intestin et contribuent ainsi \u00e0 l \u2019\u00e9quilibre du microbiome intestinal de votre chat.<\/p>\n<p>Sp\u00e9cialement d\u00e9velopp\u00e9es par les v\u00e9t\u00e9rinaires et nutritionnistes PURINA\u00ae, ces recettes compl\u00e8tes et \u00e9quilibr\u00e9es associent de tendres effil\u00e9s aux l\u00e9gumes \u00e0 une sauce d\u00e9licieuse. Pr\u00e9par\u00e9es avec des ingr\u00e9dients de haute qualit\u00e9 et riches en vitamines et min\u00e9raux, elles apportent une nutrition adapt\u00e9e \u00e0 chaque \u00e9tape et style de vie de votre chat.<\/p>\n<p>PURINA\u00ae ONE\u00ae Junior est sp\u00e9cialement formul\u00e9 pour les chatons de 1 \u00e0 12 mois et les chattes en gestation ou en lactation. C&rsquo;est un aliment complet et \u00e9quilibr\u00e9.<\/p>\n<p>Les chatons sont dans une phase intensive de croissance et de d\u00e9veloppement ; leurs besoins nutritionnels sont donc tr\u00e8s importants. PURINA\u00ae ONE\u00ae Junior est sp\u00e9cialement formul\u00e9 pour r\u00e9pondre aux besoins nutritionnels des chatons (du sevrage jusqu\u2019\u00e0 12 mois) et pour les chattes en gestation ou en lactation.<\/p>\n<p>Prendre soin de votre chat d\u00e8s le plus jeune \u00e2ge l&rsquo;aidera \u00e0 rester en bonne sant\u00e9 aujourd&rsquo;hui et demain.<\/p>\n<p>Avec PURINA\u00ae ONE\u00ae Junior, vous pouvez \u00eatre s\u00fbr que vous lui apportez tout ce dont il a besoin pour rester en bonne sant\u00e9 aujourd\u2019hui et demain.<\/p>\n<\/div>\n","protected":false},"excerpt":{"rendered":"<ul>\n<li>Aide \u00e0 soutenir l\u2019\u00e9quilibre du microbiome intestinal gr\u00e2ce \u00e0 l\u2019effet pr\u00e9biotique des fibres solubles.<\/li>\n<li>Aide \u00e0 maintenir un syst\u00e8me immunitaire fort gr\u00e2ce aux antioxydants tels que la vitamine E.<\/li>\n<li>Avec du saumon de haute qualit\u00e9 pour des prot\u00e9ines et un go\u00fbt savoureux.<\/li>\n<li>Contient du DHA, un nutriment fonctionnel aussi pr\u00e9sent dans le lait maternel, reconnu pour stimuler le d\u00e9veloppement du cerveau et de la vue des chatons.<\/li>\n<\/ul>\n","protected":false},"featured_media":37771,"template":"","meta":{"jetpack_publicize_message":"","jetpack_publicize_feature_enabled":true,"jetpack_social_post_already_shared":true,"jetpack_social_options":{"image_generator_settings":{"template":"highway","default_image_id":0,"font":"","enabled":false},"version":2}},"product_brand":[],"product_cat":[239],"product_tag":[],"class_list":{"0":"post-37770","1":"product","2":"type-product","3":"status-publish","4":"has-post-thumbnail","6":"product_cat-pate-humides-chat","8":"first","9":"instock","10":"taxable","11":"shipping-taxable","12":"purchasable","13":"product-type-simple"},"supplier_id":5592,"supplier_sku":"","barcode":null,"atum_controlled":true,"out_stock_date":null,"out_stock_threshold":null,"inheritable":false,"inbound_stock":0,"stock_on_hold":0,"sold_today":0,"sales_last_days":0,"reserved_stock":0,"customer_returns":0,"warehouse_damage":0,"lost_in_post":0,"other_logs":0,"out_stock_days":0,"lost_sales":0,"has_location":false,"update_date":"2026-05-01T10:32:53","atum_locations":[],"atum_stock_status":"instock","restock_status":false,"low_stock_amount":12,"sales_update_date":"2026-05-01T10:32:53","calc_backorders":null,"jetpack_publicize_connections":[],"jetpack_sharing_enabled":true,"batches":[{"id":"8280","date_created":"2026-03-15 22:14:40","date_expiry":"2027-10-31 00:00:00","user_id":"9","batch_number":"purinaonechatonSaumon1027","location":"","quantity":"12.0000","quantity_available":"6.0000","units":"1","status":"active","order_ids":"[37818,37824,37874,39099]","supplier":"Casablanca","po":{"id":"8208","date_created":"2026-03-15 22:14:45","batch_id":"8280","po_number":"","supplier":"Casablanca","cost":null,"regular_price":null,"sale_price":null,"price_margin":null,"price_discount":null}}],"_links":{"self":[{"href":"https:\/\/petworld.ma\/index.php\/wp-json\/wp\/v2\/product\/37770","targetHints":{"allow":["GET"]}}],"collection":[{"href":"https:\/\/petworld.ma\/index.php\/wp-json\/wp\/v2\/product"}],"about":[{"href":"https:\/\/petworld.ma\/index.php\/wp-json\/wp\/v2\/types\/product"}],"wp:featuredmedia":[{"embeddable":true,"href":"https:\/\/petworld.ma\/index.php\/wp-json\/wp\/v2\/media\/37771"}],"wp:attachment":[{"href":"https:\/\/petworld.ma\/index.php\/wp-json\/wp\/v2\/media?parent=37770"}],"wp:term":[{"taxonomy":"product_brand","embeddable":true,"href":"https:\/\/petworld.ma\/index.php\/wp-json\/wp\/v2\/product_brand?post=37770"},{"taxonomy":"product_cat","embeddable":true,"href":"https:\/\/petworld.ma\/index.php\/wp-json\/wp\/v2\/product_cat?post=37770"},{"taxonomy":"product_tag","embeddable":true,"href":"https:\/\/petworld.ma\/index.php\/wp-json\/wp\/v2\/product_tag?post=37770"}],"curies":[{"name":"wp","href":"https:\/\/api.w.org\/{rel}","templated":true}]}}