{"id":38113,"date":"2026-03-23T14:22:25","date_gmt":"2026-03-23T14:22:25","guid":{"rendered":"https:\/\/petworld.ma\/?post_type=product&#038;p=38113"},"modified":"2026-05-04T18:01:14","modified_gmt":"2026-05-04T18:01:14","slug":"brit-mono-protein-dinde-patate-douce-400g","status":"publish","type":"product","link":"https:\/\/petworld.ma\/index.php\/produit\/brit-mono-protein-dinde-patate-douce-400g\/","title":{"rendered":"Brit Mono Protein \u2013 Dinde &amp; Patate douce 400g"},"content":{"rendered":"<div class=\"hidden-xs\">\n<div class=\"hidden-xs\">\n<div class=\"hidden-xs\">\n<p>PROT\u00c9INE 100 % PURE DINDE AVEC PATATES DOUCES Le \u00ab Brit Mono Protein \u00bb propose une alimentation compl\u00e8te et bien \u00e9quilibr\u00e9e. La recette contenant un seul type de prot\u00e9ine permet de r\u00e9duire les risques d&rsquo;allergies et d&rsquo;intol\u00e9rances alimentaires. Aliment complet pour chiens.<\/p>\n<\/div>\n<p>Afin que nos amis \u00e0 quatre pattes se sentent bien dans leurs petits ventres bien qu\u2019ils aient une digestion sensible, des intol\u00e9rances ou sont allergiques, il faut leur servir un menu qui sans allerg\u00e8nes nocifs. La recherche des substances mal tol\u00e9r\u00e9es peut \u00eatre une course de longue distance, dans laquelle des aliments en conserve contenant un type de prot\u00e9ine peuvent \u00eatre une aide pr\u00e9cieuse. Nous pouvons simplement tester comment un chien r\u00e9agit \u00e0 quelle prot\u00e9ine et exclure tout ce qui est mal tol\u00e9r\u00e9. \u00c9tant donn\u00e9 que certains chiens \u00e0 digestion sensible ne dig\u00e8rent pas de gros morceaux de viande ou d\u2019abats, la monoprot\u00e9ine Brit en conserve a la consistance d\u2019un p\u00e2t\u00e9 fin est mieux dig\u00e9r\u00e9e et facilement accept\u00e9e m\u00eame par les chiens \u00e2g\u00e9s qui ont aussi des probl\u00e8mes avec les dents.<\/p>\n<p>&nbsp;<\/p>\n<ul>\n<li>Adapt\u00e9 aux chiens \u00e0 digestion sensible, souffrant d\u2019allergies et d\u2019intol\u00e9rances alimentaires.<\/li>\n<li>Gr\u00e2ce \u00e0 sa haute teneur en viande de haute qualit\u00e9 et \u00e0 son traitement respectueux, le produit est particuli\u00e8rement savoureux<\/li>\n<li>Compl\u00e9ment id\u00e9al de croquettes. Il permet d\u2019am\u00e9liorer l\u2019app\u00e9tit et apporte un suppl\u00e9ment d\u2019eau<\/li>\n<li>P\u00e2te fine pour une meilleure digestion et une prise plus facile pour les chiens \u00e2g\u00e9s<\/li>\n<li>SANS GLUTEN &#8211; SANS SOJA &#8211; SANS OGM<\/li>\n<\/ul>\n<p class=\"composition\"><strong>Composition:<\/strong>\u00a0dinde 70% (viande et organes), patates douces 5 %, amidon de pois 3 %, fibres de pois 1 %.<\/p>\n<p><strong>Composants analytiques:<\/strong>\u00a0prot\u00e9ine brute 8 %, graisse brute 10 %, cendres brutes 2 %, humidit\u00e9 78 %, cellulose brute 0,7 %, calcium 0,2 %, phosphore 0,3 %, sodium 0,4 %.<\/p>\n<p><strong>Ingr\u00e9dients:<\/strong>\u00a0vitamine D3 (3a671) 250 UI, vitamine E (3a700) 100 mg, zinc (3b606) 15 mg, fer (3b106) 10 mg, mangan\u00e8se (3b504) 3 mg, iodure de potassium (3b201) 0,75 mg, cuivre (3b406) 0,5 mg, biotine (3a880) 0,2 mg.<\/p>\n<p><strong>Metabolizable energy:<\/strong>\u00a01 250 kcal\/kg<\/p>\n<\/div>\n<\/div>\n","protected":false},"excerpt":{"rendered":"<p>PROT\u00c9INE 100 % PURE DINDE AVEC PATATES DOUCES Le \u00ab Brit Mono Protein \u00bb propose une alimentation compl\u00e8te et bien \u00e9quilibr\u00e9e. La recette contenant un seul type de prot\u00e9ine permet de r\u00e9duire les risques d&rsquo;allergies et d&rsquo;intol\u00e9rances alimentaires. Aliment complet pour chiens. Afin que nos amis \u00e0 quatre pattes se sentent bien dans leurs petits [&#8230;]\n","protected":false},"featured_media":38115,"template":"","meta":{"jetpack_publicize_message":"","jetpack_publicize_feature_enabled":true,"jetpack_social_post_already_shared":true,"jetpack_social_options":{"image_generator_settings":{"template":"highway","default_image_id":0,"font":"","enabled":false},"version":2}},"product_brand":[],"product_cat":[26,39],"product_tag":[],"class_list":{"0":"post-38113","1":"product","2":"type-product","3":"status-publish","4":"has-post-thumbnail","6":"product_cat-croquettes","7":"product_cat-friandises-et-pates-pour-chien","9":"first","10":"instock","11":"taxable","12":"shipping-taxable","13":"purchasable","14":"product-type-simple"},"supplier_id":5590,"supplier_sku":"","barcode":null,"atum_controlled":true,"out_stock_date":null,"out_stock_threshold":null,"inheritable":false,"inbound_stock":0,"stock_on_hold":0,"sold_today":0,"sales_last_days":1,"reserved_stock":0,"customer_returns":0,"warehouse_damage":0,"lost_in_post":0,"other_logs":0,"out_stock_days":0,"lost_sales":0,"has_location":false,"update_date":"2026-05-14T00:03:05","atum_locations":[],"atum_stock_status":"instock","restock_status":false,"low_stock_amount":6,"sales_update_date":"2026-05-14T00:03:04","calc_backorders":0,"jetpack_publicize_connections":[],"jetpack_sharing_enabled":true,"batches":[{"id":"8425","date_created":"2026-03-23 14:33:51","date_expiry":"2028-05-28 00:00:00","user_id":"9","batch_number":"Brit Mono Protein \u2013 Dinde & Patate douce 400g280528","location":"","quantity":"11.0000","quantity_available":"7.0000","units":"1","status":"active","order_ids":"[38818,39230,39654,41364]","supplier":"Brit","po":{"id":"8353","date_created":"2026-03-23 14:33:51","batch_id":"8425","po_number":"","supplier":"Brit","cost":null,"regular_price":null,"sale_price":null,"price_margin":null,"price_discount":null}}],"_links":{"self":[{"href":"https:\/\/petworld.ma\/index.php\/wp-json\/wp\/v2\/product\/38113","targetHints":{"allow":["GET"]}}],"collection":[{"href":"https:\/\/petworld.ma\/index.php\/wp-json\/wp\/v2\/product"}],"about":[{"href":"https:\/\/petworld.ma\/index.php\/wp-json\/wp\/v2\/types\/product"}],"wp:featuredmedia":[{"embeddable":true,"href":"https:\/\/petworld.ma\/index.php\/wp-json\/wp\/v2\/media\/38115"}],"wp:attachment":[{"href":"https:\/\/petworld.ma\/index.php\/wp-json\/wp\/v2\/media?parent=38113"}],"wp:term":[{"taxonomy":"product_brand","embeddable":true,"href":"https:\/\/petworld.ma\/index.php\/wp-json\/wp\/v2\/product_brand?post=38113"},{"taxonomy":"product_cat","embeddable":true,"href":"https:\/\/petworld.ma\/index.php\/wp-json\/wp\/v2\/product_cat?post=38113"},{"taxonomy":"product_tag","embeddable":true,"href":"https:\/\/petworld.ma\/index.php\/wp-json\/wp\/v2\/product_tag?post=38113"}],"curies":[{"name":"wp","href":"https:\/\/api.w.org\/{rel}","templated":true}]}}