{"id":38128,"date":"2026-03-23T17:02:39","date_gmt":"2026-03-23T17:02:39","guid":{"rendered":"https:\/\/petworld.ma\/?post_type=product&#038;p=38128"},"modified":"2026-03-26T11:19:05","modified_gmt":"2026-03-26T11:19:05","slug":"croquettes-adultes-sterilises-saumon-morando-400g","status":"publish","type":"product","link":"https:\/\/petworld.ma\/index.php\/produit\/croquettes-adultes-sterilises-saumon-morando-400g\/","title":{"rendered":"Croquettes Adultes St\u00e9rilis\u00e9s Saumon Morando 400g"},"content":{"rendered":"<div class=\"text\">\n<div class=\"z2-card-info-general\">\n<div class=\"z2-card-info-general-text full-width\">\n<div id=\"ph-new-prod-info-block\" class=\"ph-new-product-info-box-general-table\">\n<h3 class=\"ph-new-product-info-box-general-header\"><strong><span dir=\"auto\">Description:<\/span><\/strong><\/h3>\n<div>\n<p><span dir=\"auto\">Une alimentation compl\u00e8te et sp\u00e9cialis\u00e9e \u00e0 base de saumon pour les chats st\u00e9rilis\u00e9s. C&rsquo;est un r\u00e9gime \u00e9quilibr\u00e9 con\u00e7u pour r\u00e9pondre aux besoins sp\u00e9cifiques des chats st\u00e9rilis\u00e9s.<\/span><\/p>\n<p><strong><span dir=\"auto\">Pourquoi vaut-il la peine d&rsquo;\u00eatre achet\u00e9 ?<\/span><\/strong><\/p>\n<ul>\n<li><span dir=\"auto\">Il s&rsquo;agit d&rsquo;un r\u00e9gime alimentaire id\u00e9al pour la pr\u00e9vention des maladies des voies urinaires et le contr\u00f4le du poids des animaux de compagnie.<\/span><\/li>\n<li><span dir=\"auto\">R\u00e9duit le risque d&rsquo;ob\u00e9sit\u00e9 et de maladies des voies urinaires associ\u00e9es \u00e0 la formation de struvite et d&rsquo;oxalate chez les chats<\/span><\/li>\n<li><span dir=\"auto\">Contribue \u00e0 maintenir le pH moyen de l&rsquo;urine de votre animal dans des limites s\u00fbres (pH 6,3-6,6).<\/span><\/li>\n<li><span dir=\"auto\">Sa teneur \u00e9lev\u00e9e en fibres et faible en mati\u00e8res grasses r\u00e9pond \u00e0 tous les besoins des animaux st\u00e9rilis\u00e9s et contribue \u00e0 maintenir leur bien-\u00eatre.<\/span><\/li>\n<li><span dir=\"auto\">Contient de l&rsquo;iode, du s\u00e9l\u00e9nium, ainsi que des vitamines A, D3, C et E, qui am\u00e9liorent et renforcent globalement l&rsquo;organisme du chat.<\/span><\/li>\n<li><span dir=\"auto\">Gr\u00e2ce \u00e0 la pr\u00e9sence de zinc, de cuivre et de levure, cet aliment a un effet positif sur l&rsquo;\u00e9tat de la peau et du pelage de l&rsquo;animal.<\/span><\/li>\n<\/ul>\n<\/div>\n<\/div>\n<\/div>\n<\/div>\n<div class=\"z2-card-info-contain\">\n<div class=\"z2-card-info-contain-wrapper\">\n<div class=\"z2-card-info-contain-table\">\n<div class=\"z2-card-info-contain-title\">\n<div class=\"ph-new-product-info-box-general-header\"><strong><span dir=\"auto\">Analyse typique:<\/span><\/strong><\/div>\n<div><\/div>\n<div id=\"ph-new-prod-sostav-block\" class=\"ph-new-product-info-box-general-table\">\n<table class=\"ph-new-product-typical-analysis\" cellspacing=\"0\">\n<tbody>\n<tr class=\"ph-new-product-typical-analysis-title\">\n<td><span dir=\"auto\">Composant<\/span><\/td>\n<td><span dir=\"auto\">Contenu<\/span><\/td>\n<\/tr>\n<tr>\n<td><span dir=\"auto\">prot\u00e9ines<\/span><\/td>\n<td><span dir=\"auto\">29%<\/span><\/td>\n<\/tr>\n<tr>\n<td><span dir=\"auto\">graisses<\/span><\/td>\n<td><span dir=\"auto\">8,25%<\/span><\/td>\n<\/tr>\n<tr>\n<td><span dir=\"auto\">cendre<\/span><\/td>\n<td><span dir=\"auto\">5%<\/span><\/td>\n<\/tr>\n<tr>\n<td><span dir=\"auto\">fibre<\/span><\/td>\n<td><span dir=\"auto\">4%<\/span><\/td>\n<\/tr>\n<tr>\n<td><span dir=\"auto\">vitamine A<\/span><\/td>\n<td><span dir=\"auto\">20228 ME<\/span><\/td>\n<\/tr>\n<tr>\n<td><span dir=\"auto\">vitamine D3<\/span><\/td>\n<td><span dir=\"auto\">1405 ME<\/span><\/td>\n<\/tr>\n<tr>\n<td><span dir=\"auto\">vitamine E<\/span><\/td>\n<td><span dir=\"auto\">128 mg<\/span><\/td>\n<\/tr>\n<\/tbody>\n<\/table>\n<\/div>\n<\/div>\n<\/div>\n<div class=\"z2-card-info-contain-text\">\n<div class=\"z2-card-info-contain-title\">\n<div class=\"ph-new-product-info-box-general-header\"><span dir=\"auto\">Compos\u00e9<\/span><\/div>\n<\/div>\n<div><span dir=\"auto\">C\u00e9r\u00e9ales, viandes et sous-produits animaux, extraits de prot\u00e9ines v\u00e9g\u00e9tales, sous-produits d&rsquo;origine v\u00e9g\u00e9tale, poissons et sous-produits de poissons (saumon 4 %), huiles et graisses, substances min\u00e9rales, levures. Additifs\u00a0: vitamine A 20\u00a0228 UI, vitamine D3 1\u00a0405 UI, vitamine E 128 mg, fer (carbonate de fer(II) (sid\u00e9rite)) 109 mg, cuivre (sulfate de cuivre(II) pentahydrat\u00e9) 12 mg, zinc (oxyde de zinc) 145 mg, mangan\u00e8se (oxyde de mangan\u00e8se(II)) 9 mg, iode (iodate de calcium granulaire anhydre) 3,1 mg, s\u00e9l\u00e9nium (s\u00e9l\u00e9nite de sodium granulaire enrob\u00e9) 0,2 mg. Additifs technologiques\u00a0: antioxydants.<\/span><\/div>\n<div>\n<div class=\"z2-card-info-usage-wrapper\">\n<div class=\"z2-card-info-contain-title\">\n<div><\/div>\n<div class=\"ph-new-product-info-box-general-header\"><strong><span dir=\"auto\">Normes d&rsquo;alimentation:<\/span><\/strong><\/div>\n<\/div>\n<div class=\"z2-card-info-usage-text\">\n<div id=\"ph-new-prod-usage-block\" class=\"ph-new-product-info-box-general-table\">\n<div class=\"ph-new-product-usage\">\n<ul>\n<li><span dir=\"auto\">Donnez \u00e0 manger quotidiennement en fonction du poids et du niveau d&rsquo;activit\u00e9 de votre animal. Suivez les instructions d&rsquo;alimentation figurant sur l&#8217;emballage.<\/span><\/li>\n<li><span dir=\"auto\">Lors d&rsquo;un changement d&rsquo;alimentation, il est important de proc\u00e9der progressivement afin de laisser le temps \u00e0 l&rsquo;organisme de votre chat de s&rsquo;adapter au nouveau r\u00e9gime. En moyenne, la transition dure de 5 \u00e0 7 jours, en commen\u00e7ant par un petit ajout \u00e0 ses croquettes habituelles et en terminant par un changement complet.<\/span><\/li>\n<li><span dir=\"auto\">Veillez \u00e0 ce que votre animal ait toujours acc\u00e8s \u00e0 de l&rsquo;eau propre et fra\u00eeche.<\/span><\/li>\n<\/ul>\n<table border=\"1\" cellspacing=\"1\" cellpadding=\"1\">\n<tbody>\n<tr>\n<td><strong><span dir=\"auto\">Poids du chat, kg<\/span><\/strong><\/td>\n<td><strong><span dir=\"auto\">Quantit\u00e9 d&rsquo;alimentation, grammes\/jour<\/span><\/strong><\/td>\n<\/tr>\n<tr>\n<td><span dir=\"auto\">4<\/span><\/td>\n<td><span dir=\"auto\">45<\/span><\/td>\n<\/tr>\n<tr>\n<td><span dir=\"auto\">8<\/span><\/td>\n<td><span dir=\"auto\">90<\/span><\/td>\n<\/tr>\n<\/tbody>\n<\/table>\n<\/div>\n<\/div>\n<\/div>\n<\/div>\n<div class=\"z2-card-info-review\">\n<div class=\"z2-card-info-review-title\"><\/div>\n<\/div>\n<\/div>\n<\/div>\n<\/div>\n<\/div>\n<\/div>\n","protected":false},"excerpt":{"rendered":"<p>Description: Une alimentation compl\u00e8te et sp\u00e9cialis\u00e9e \u00e0 base de saumon pour les chats st\u00e9rilis\u00e9s. C&rsquo;est un r\u00e9gime \u00e9quilibr\u00e9 con\u00e7u pour r\u00e9pondre aux besoins sp\u00e9cifiques des chats st\u00e9rilis\u00e9s. Pourquoi vaut-il la peine d&rsquo;\u00eatre achet\u00e9 ? Il s&rsquo;agit d&rsquo;un r\u00e9gime alimentaire id\u00e9al pour la pr\u00e9vention des maladies des voies urinaires et le contr\u00f4le du poids des animaux [&#8230;]\n","protected":false},"featured_media":38129,"template":"","meta":{"jetpack_publicize_message":"","jetpack_publicize_feature_enabled":true,"jetpack_social_post_already_shared":true,"jetpack_social_options":{"image_generator_settings":{"template":"highway","default_image_id":0,"font":"","enabled":false},"version":2}},"product_brand":[],"product_cat":[40],"product_tag":[],"class_list":{"0":"post-38128","1":"product","2":"type-product","3":"status-publish","4":"has-post-thumbnail","6":"product_cat-coquettes-pour-chat","8":"first","9":"instock","10":"taxable","11":"shipping-taxable","12":"purchasable","13":"product-type-simple"},"supplier_id":5587,"supplier_sku":"","barcode":"8007520014878","atum_controlled":true,"out_stock_date":null,"out_stock_threshold":null,"inheritable":false,"inbound_stock":0,"stock_on_hold":0,"sold_today":0,"sales_last_days":0,"reserved_stock":0,"customer_returns":0,"warehouse_damage":0,"lost_in_post":0,"other_logs":0,"out_stock_days":0,"lost_sales":0,"has_location":false,"update_date":"2026-05-10T00:20:56","atum_locations":[],"atum_stock_status":"instock","restock_status":false,"low_stock_amount":2,"sales_update_date":"2026-05-10T00:20:56","calc_backorders":null,"jetpack_publicize_connections":[],"jetpack_sharing_enabled":true,"batches":[{"id":"8463","date_created":"2026-03-23 17:06:55","date_expiry":"2026-10-07 00:00:00","user_id":"9","batch_number":"MorandoSaumon1026","location":"","quantity":"22.0000","quantity_available":"21.0000","units":"1","status":"active","order_ids":"[38337]","supplier":"Royal Canin","po":{"id":"8392","date_created":"2026-03-23 17:07:01","batch_id":"8463","po_number":"","supplier":"Royal Canin","cost":null,"regular_price":null,"sale_price":null,"price_margin":null,"price_discount":null}}],"_links":{"self":[{"href":"https:\/\/petworld.ma\/index.php\/wp-json\/wp\/v2\/product\/38128","targetHints":{"allow":["GET"]}}],"collection":[{"href":"https:\/\/petworld.ma\/index.php\/wp-json\/wp\/v2\/product"}],"about":[{"href":"https:\/\/petworld.ma\/index.php\/wp-json\/wp\/v2\/types\/product"}],"wp:featuredmedia":[{"embeddable":true,"href":"https:\/\/petworld.ma\/index.php\/wp-json\/wp\/v2\/media\/38129"}],"wp:attachment":[{"href":"https:\/\/petworld.ma\/index.php\/wp-json\/wp\/v2\/media?parent=38128"}],"wp:term":[{"taxonomy":"product_brand","embeddable":true,"href":"https:\/\/petworld.ma\/index.php\/wp-json\/wp\/v2\/product_brand?post=38128"},{"taxonomy":"product_cat","embeddable":true,"href":"https:\/\/petworld.ma\/index.php\/wp-json\/wp\/v2\/product_cat?post=38128"},{"taxonomy":"product_tag","embeddable":true,"href":"https:\/\/petworld.ma\/index.php\/wp-json\/wp\/v2\/product_tag?post=38128"}],"curies":[{"name":"wp","href":"https:\/\/api.w.org\/{rel}","templated":true}]}}