{"id":38131,"date":"2026-03-23T17:17:03","date_gmt":"2026-03-23T17:17:03","guid":{"rendered":"https:\/\/petworld.ma\/?post_type=product&#038;p=38131"},"modified":"2026-04-28T14:47:23","modified_gmt":"2026-04-28T14:47:23","slug":"ownat-ultra-mature-sterilise-faible-en-graines-avec-poulet-dinde-3kg","status":"publish","type":"product","link":"https:\/\/petworld.ma\/index.php\/produit\/ownat-ultra-mature-sterilise-faible-en-graines-avec-poulet-dinde-3kg\/","title":{"rendered":"Ownat Ultra Mature St\u00e9rilis\u00e9 Faible en Graines avec Poulet &amp; Dinde 3kg"},"content":{"rendered":"<div class=\"nav-tabs__content\">\n<div class=\"zm-title\">\n<h2>DESCRIPTION DE OWNAT ULTRA Mature pour chat de 7 \u00e0 12 ans<\/h2>\n<\/div>\n<div class=\"product-zmstylus mwct2\">\n<div id=\"DESCR_TINY-bloc-1\" class=\"stylusBloc stylusBloc--text stylusBloc--autogen\">\n<div class=\"stylusBloc__content\">\n<p>Les\u00a0<b>OWNAT ULTRA Mature pour chat de 7 \u00e0 12 ans<\/b>\u00a0sont con\u00e7ues pour accompagner en douceur votre compagnon \u00e0 quatre pattes dans cette nouvelle \u00e9tape de sa vie.<\/p>\n<\/div>\n<\/div>\n<div id=\"DESCR_TINY-bloc-2\" class=\"stylusBloc stylusBloc--text stylusBloc--autogen\">\n<div class=\"stylusBloc__content\">\n<div class=\"zms-title-div\">\n<div class=\"zms-title\" data-size=\"t1\">Une alimentation \u00e9quilibr\u00e9e pour les chats de plus de 7 ans<\/div>\n<\/div>\n<p>Enrichies avec 30 % de poulet et de dinde frais, les croquettes\u00a0<b>OWNAT ULTRA Mature pour chat st\u00e9rilis\u00e9 de 7 \u00e0 12 ans<\/b>\u00a0offrent des prot\u00e9ines de qualit\u00e9, adapt\u00e9es \u00e0 une activit\u00e9 mod\u00e9r\u00e9e ou faible. Gr\u00e2ce \u00e0 leur faible teneur en mati\u00e8res grasses et \u00e0 leur richesse en fibres, elles favorisent un bon \u00e9quilibre digestif tout en aidant au maintien du poids id\u00e9al.<\/p>\n<\/div>\n<\/div>\n<div id=\"DESCR_TINY-bloc-3\" class=\"stylusBloc stylusBloc--text stylusBloc--autogen\">\n<div class=\"stylusBloc__content\">\n<div class=\"zms-title-div\">\n<div class=\"zms-title\" data-size=\"t1\">Soutien digestif et r\u00e9nal pour chats matures<\/div>\n<\/div>\n<p>Les besoins \u00e9voluent avec l\u2019\u00e2ge. C\u2019est pourquoi les OWNAT ULTRA mature pour chat de 7 \u00e0 12 ans int\u00e8grent des pr\u00e9biotiques pour soutenir la flore intestinale, et un taux de min\u00e9raux rigoureusement contr\u00f4l\u00e9 pour pr\u00e9server les fonctions r\u00e9nales.<br \/>\nCes croquettes pour chat vous permettent d\u2019offrir \u00e0 votre f\u00e9lin une alimentation compl\u00e8te, digeste et adapt\u00e9e \u00e0 son \u00e2ge.<\/p>\n<\/div>\n<\/div>\n<div id=\"DESCR_TINY-bloc-4\" class=\"stylusBloc stylusBloc--text stylusBloc--autogen\">\n<div class=\"stylusBloc__content\">\n<div class=\"zms-title-div\">\n<div class=\"zms-title\" data-size=\"t1\">Caract\u00e9ristiques:<\/div>\n<\/div>\n<p>&#8211; Convient pour les chats\u00a0adultes de 7 \u00e0 12 ans, activit\u00e9 mod\u00e9r\u00e9e \u00e0 faible<br \/>\n&#8211;\u00a0Ingr\u00e9dients : 30 % de poulet et de dinde frais, fibres et pr\u00e9biotiques<br \/>\n&#8211;\u00a0Favorise la digestion et l\u2019\u00e9quilibre intestinal<br \/>\n&#8211;\u00a0Aide \u00e0 maintenir un poids de forme gr\u00e2ce \u00e0 une teneur mod\u00e9r\u00e9e en graisses<br \/>\n&#8211;\u00a0Formule adapt\u00e9e pour soutenir la fonction r\u00e9nale<\/p>\n<\/div>\n<\/div>\n<div id=\"DESCR_TINY-bloc-5\" class=\"stylusBloc stylusBloc--text\">\n<div class=\"stylusBloc__content\"><\/div>\n<\/div>\n<\/div>\n<\/div>\n<div class=\"product-section product-section--tableau-analytique\">\n<div class=\"row\">\n<div class=\"col-md-5 col-sm-12\">\n<div id=\"tableau-analytique\" class=\"product-section--observed\">\n<div class=\"nav-tabs__content\">\n<div class=\"zm-title\">Tableau analytique:<\/div>\n<div><\/div>\n<table class=\"table table-bordered table-striped mb-0\">\n<tbody>\n<tr>\n<td>Prot\u00e9ines (%) :<\/td>\n<td>34<\/td>\n<\/tr>\n<\/tbody>\n<\/table>\n<table class=\"table table-bordered table-striped mb-0\">\n<tbody>\n<tr>\n<td>Mati\u00e8re grasse (%) :<\/td>\n<td>17<\/td>\n<\/tr>\n<\/tbody>\n<\/table>\n<table class=\"table table-bordered table-striped mb-0\">\n<tbody>\n<tr>\n<td>Mati\u00e8re inorganique \/ cendre brute (%) :<\/td>\n<td>7<\/td>\n<\/tr>\n<\/tbody>\n<\/table>\n<table class=\"table table-bordered table-striped mb-0\">\n<tbody>\n<tr>\n<td>Fibre \/ cellulose (%) :<\/td>\n<td>3<\/td>\n<\/tr>\n<\/tbody>\n<\/table>\n<table class=\"table table-bordered table-striped mb-0\">\n<tbody>\n<tr>\n<td>Humidit\u00e9 (%) :<\/td>\n<td>8<\/td>\n<\/tr>\n<\/tbody>\n<\/table>\n<table class=\"table table-bordered table-striped mb-0\">\n<tbody>\n<tr>\n<td>Calcium (%) :<\/td>\n<td>0.8<\/td>\n<\/tr>\n<\/tbody>\n<\/table>\n<table class=\"table table-bordered table-striped mb-0\">\n<tbody>\n<tr>\n<td>Phosphore (%) :<\/td>\n<td>0.8<\/td>\n<\/tr>\n<\/tbody>\n<\/table>\n<table class=\"table table-bordered table-striped mb-0\">\n<tbody>\n<tr>\n<td>Omega 3 (%) :<\/td>\n<td>0.6<\/td>\n<\/tr>\n<\/tbody>\n<\/table>\n<table class=\"table table-bordered table-striped mb-0\">\n<tbody>\n<tr>\n<td>Omega 6 (%) :<\/td>\n<td>2.5<\/td>\n<\/tr>\n<\/tbody>\n<\/table>\n<\/div>\n<\/div>\n<\/div>\n<div class=\"col-md-7 col-sm-12\"><\/div>\n<\/div>\n<\/div>\n<div id=\"ingredients\" class=\"nav-tabs__content product-section--observed\">\n<div class=\"zm-title\">\n<h3>Ingr\u00e9dients pour OWNAT ULTRA Mature pour chat de 7 \u00e0 12 ans<\/h3>\n<\/div>\n<h4 class=\"text-primary fw-bolder\">Ingr\u00e9dients<\/h4>\n<p>Poulet frais* (15 % min. avant la cuisson), dinde fra\u00eeche* (15 % min. avant la cuisson), bl\u00e9* (10 %), poulet d\u00e9shydrat\u00e9 (10 %), graisse de volaille (pr\u00e9serv\u00e9e avec des antioxydants naturels), hydrolysat de saumon (8 %), riz* (8 %), racines de manioc* (5 %), prot\u00e9ines de ma\u00efs, porc d\u00e9shydrat\u00e9 (4 %), prot\u00e9ine de bl\u00e9, l\u00e9gumes et fruits frais avant la cuisson (pomme* 1 %, carotte* 0,5 %, brocoli* 0,5 %), levure de bi\u00e8re* (2 %), prot\u00e9ines de poulet hydrolys\u00e9es, lignocellulose, huile de saumon (pr\u00e9serv\u00e9e avec des antioxydants naturels), oeuf d\u00e9shydrat\u00e9* (1 %), pulpe de betterave, sel gemme*, luzerne d\u00e9shydrat\u00e9e*, racines de chicor\u00e9e (FOS)*, extrait de levure (MOS), algues marines d\u00e9shydrat\u00e9es* (500 mg\/kg), glucosamine (500 mg\/kg), yucca shidigera, sulfate de chondro\u00eftine (100 mg\/kg), airelles* (100 mg\/kg), th\u00e9 vert* (80 mg\/kg), \u00e9chinac\u00e9e* (80 mg\/kg), fleur de camomille* (80 mg\/kg), fenouil* (80 mg\/kg). *Ingr\u00e9dients naturels.\u00a0\u00bb<\/p>\n<\/div>\n","protected":false},"excerpt":{"rendered":"<p>Aliment complet pour chats. Con\u00e7u pour r\u00e9pondre \u00e0 tous les besoins nutritionnels des chats adultes d\u00e8s l&rsquo;\u00e2ge de sept ans, de toutes races et d&rsquo;activit\u00e9 mod\u00e9r\u00e9e \u00e0 faible. Sa recette contient 30 % de viande fra\u00eeche de poulet et de dinde, ainsi que d&rsquo;autres ingr\u00e9dients comme des \u0153ufs, pour une digestion optimale et une saveur d\u00e9licieuse. Elle contient \u00e9galement la teneur contr\u00f4l\u00e9e en min\u00e9raux n\u00e9cessaires au bon fonctionnement des reins.<\/p>\n","protected":false},"featured_media":38132,"template":"","meta":{"jetpack_publicize_message":"","jetpack_publicize_feature_enabled":true,"jetpack_social_post_already_shared":true,"jetpack_social_options":{"image_generator_settings":{"template":"highway","default_image_id":0,"font":"","enabled":false},"version":2}},"product_brand":[],"product_cat":[40],"product_tag":[],"class_list":{"0":"post-38131","1":"product","2":"type-product","3":"status-publish","4":"has-post-thumbnail","6":"product_cat-coquettes-pour-chat","8":"first","9":"instock","10":"sale","11":"taxable","12":"shipping-taxable","13":"purchasable","14":"product-type-simple"},"supplier_id":5595,"supplier_sku":"","barcode":"8429037002719","atum_controlled":true,"out_stock_date":null,"out_stock_threshold":null,"inheritable":false,"inbound_stock":0,"stock_on_hold":0,"sold_today":0,"sales_last_days":0,"reserved_stock":0,"customer_returns":0,"warehouse_damage":0,"lost_in_post":0,"other_logs":0,"out_stock_days":0,"lost_sales":0,"has_location":false,"update_date":"2026-05-12T15:46:44","atum_locations":[],"atum_stock_status":"instock","restock_status":false,"low_stock_amount":2,"sales_update_date":"2026-05-12T15:46:44","calc_backorders":null,"jetpack_publicize_connections":[],"jetpack_sharing_enabled":true,"batches":[{"id":"8465","date_created":"2026-03-23 17:21:24","date_expiry":"2026-11-30 00:00:00","user_id":"9","batch_number":"ownatultramature1126","location":"","quantity":"2.0000","quantity_available":"1.0000","units":"1","status":"active","order_ids":"[40891]","supplier":"Ownat","po":{"id":"8394","date_created":"2026-03-23 17:21:25","batch_id":"8465","po_number":"","supplier":"Ownat","cost":null,"regular_price":null,"sale_price":null,"price_margin":null,"price_discount":null}}],"_links":{"self":[{"href":"https:\/\/petworld.ma\/index.php\/wp-json\/wp\/v2\/product\/38131","targetHints":{"allow":["GET"]}}],"collection":[{"href":"https:\/\/petworld.ma\/index.php\/wp-json\/wp\/v2\/product"}],"about":[{"href":"https:\/\/petworld.ma\/index.php\/wp-json\/wp\/v2\/types\/product"}],"wp:featuredmedia":[{"embeddable":true,"href":"https:\/\/petworld.ma\/index.php\/wp-json\/wp\/v2\/media\/38132"}],"wp:attachment":[{"href":"https:\/\/petworld.ma\/index.php\/wp-json\/wp\/v2\/media?parent=38131"}],"wp:term":[{"taxonomy":"product_brand","embeddable":true,"href":"https:\/\/petworld.ma\/index.php\/wp-json\/wp\/v2\/product_brand?post=38131"},{"taxonomy":"product_cat","embeddable":true,"href":"https:\/\/petworld.ma\/index.php\/wp-json\/wp\/v2\/product_cat?post=38131"},{"taxonomy":"product_tag","embeddable":true,"href":"https:\/\/petworld.ma\/index.php\/wp-json\/wp\/v2\/product_tag?post=38131"}],"curies":[{"name":"wp","href":"https:\/\/api.w.org\/{rel}","templated":true}]}}