{"id":38137,"date":"2026-03-23T17:23:23","date_gmt":"2026-03-23T17:23:23","guid":{"rendered":"https:\/\/petworld.ma\/?post_type=product&#038;p=38137"},"modified":"2026-05-04T04:18:59","modified_gmt":"2026-05-04T04:18:59","slug":"ownat-ultra-jeune-1-6-ans-sterilise-faible-en-graines-avec-poulet-dinde-3kg","status":"publish","type":"product","link":"https:\/\/petworld.ma\/index.php\/produit\/ownat-ultra-jeune-1-6-ans-sterilise-faible-en-graines-avec-poulet-dinde-3kg\/","title":{"rendered":"Ownat Ultra Jeune (1-6 ans) St\u00e9rilis\u00e9 Faible en Graines avec Poulet &amp; Dinde 3kg"},"content":{"rendered":"<div class=\"nav-tabs__content\">\n<div class=\"zm-title\"><\/div>\n<div class=\"product-zmstylus mwct2\">\n<div id=\"DESCR_TINY-bloc-4\" class=\"stylusBloc stylusBloc--text stylusBloc--autogen\">\n<div class=\"stylusBloc__content\">\n<p><strong><span style=\"color: #333333\">Tableau analytique:<\/span><\/strong><\/p>\n<\/div>\n<\/div>\n<\/div>\n<\/div>\n<div class=\"product-section product-section--tableau-analytique\">\n<div class=\"row\">\n<div class=\"col-md-5 col-sm-12\">\n<div id=\"tableau-analytique\" class=\"product-section--observed\">\n<div class=\"nav-tabs__content\">\n<div><\/div>\n<p>Prot\u00e9ines : 37 %, mati\u00e8res grasses : 13 %, fibres brutes : 4,5 %, mati\u00e8res min\u00e9rales : 8 %, humidit\u00e9 : 8 %, om\u00e9ga 6 : 1,8 %, om\u00e9ga 3 : 0,5 %, calcium : 1,1 %, phosphore : 1 %. \u00c9nergie m\u00e9tabolisable : 3\u00a0700 kcal\/kg.<\/p>\n<\/div>\n<\/div>\n<\/div>\n<div><\/div>\n<p class=\"col-md-7 col-sm-12\"><strong><span style=\"font-size: 20.16px\">Ingr\u00e9dients pour OWNAT ULTRA Jeun pour chat de 1 \u00e0 6 ans<\/span><\/strong><\/p>\n<\/div>\n<\/div>\n<div id=\"ingredients\" class=\"nav-tabs__content product-section--observed\">\n<h4 class=\"text-primary fw-bolder\">Ingr\u00e9dients<\/h4>\n<p>Poulet frais* (15 % min. avant cuisson), dinde fra\u00eeche* (15 % min. avant cuisson), poulet d\u00e9shydrat\u00e9 (14 %), bl\u00e9* (13 %), hydrolysat de saumon (8 %), riz* (4 %), racines de manioc* (4 %), prot\u00e9ines de bl\u00e9, prot\u00e9ines de ma\u00efs, lignocellulose, graisse de volaille (conserv\u00e9e avec des antioxydants naturels), porc d\u00e9shydrat\u00e9 (3 %), l\u00e9gumes et fruits frais avant cuisson (pomme* 1 %, carotte* 0,5 %, brocoli* 0,5 %), levure de bi\u00e8re* (2 %), saumon d\u00e9shydrat\u00e9 (2 %), prot\u00e9ines de poulet hydrolys\u00e9es, pulpe de betterave, huile de saumon (conserv\u00e9e avec des antioxydants naturels), luzerne d\u00e9shydrat\u00e9e*, sel gemme*, racines de chicor\u00e9e (FOS)*, produits de levures (MOS), algues marines d\u00e9shydrat\u00e9es* (500 mg\/kg), glucosamine (500 mg\/kg), yucca shidigera, sulfate de chondro\u00eftine (100 mg\/kg), canneberges* (100 mg\/kg). mg\/kg), th\u00e9 vert* (80 mg\/kg), \u00e9chinac\u00e9e* (80 mg\/kg), fleur de camomille* (80 mg\/kg), fenouil* (80 mg\/kg). *INGR\u00c9DIENTS NATURELS<\/p>\n<\/div>\n","protected":false},"excerpt":{"rendered":"<p>Aliment complet et \u00e9quilibr\u00e9 pour chats st\u00e9rilis\u00e9s jusqu&rsquo;\u00e0 six ans. Cette recette all\u00e9g\u00e9e en mati\u00e8res grasses contient 30 % de viande fra\u00eeche de poulet et de dinde et est riche en fibres, ce qui procure une sensation de sati\u00e9t\u00e9 et contribue au maintien du poids id\u00e9al du chat.<\/p>\n","protected":false},"featured_media":38138,"template":"","meta":{"jetpack_publicize_message":"","jetpack_publicize_feature_enabled":true,"jetpack_social_post_already_shared":true,"jetpack_social_options":{"image_generator_settings":{"template":"highway","default_image_id":0,"font":"","enabled":false},"version":2}},"product_brand":[],"product_cat":[40],"product_tag":[],"class_list":{"0":"post-38137","1":"product","2":"type-product","3":"status-publish","4":"has-post-thumbnail","6":"product_cat-coquettes-pour-chat","8":"first","9":"outofstock","10":"sale","11":"taxable","12":"shipping-taxable","13":"purchasable","14":"product-type-simple"},"supplier_id":5595,"supplier_sku":"","barcode":"8429037002689","atum_controlled":true,"out_stock_date":"2026-05-04 04:18:59","out_stock_threshold":null,"inheritable":false,"inbound_stock":0,"stock_on_hold":0,"sold_today":0,"sales_last_days":1,"reserved_stock":0,"customer_returns":0,"warehouse_damage":0,"lost_in_post":0,"other_logs":0,"out_stock_days":7,"lost_sales":270,"has_location":false,"update_date":"2026-05-11T10:07:09","atum_locations":[],"atum_stock_status":"outofstock","restock_status":false,"low_stock_amount":2,"sales_update_date":"2026-05-11T10:07:09","calc_backorders":null,"jetpack_publicize_connections":[],"jetpack_sharing_enabled":true,"batches":[{"id":"8467","date_created":"2026-03-23 17:30:14","date_expiry":"2026-12-31 00:00:00","user_id":"9","batch_number":"OwnatUltraJeune12226","location":"","quantity":"2.0000","quantity_available":"0.0000","units":"1","status":"archived","order_ids":"[40109,41283]","supplier":"Royal Canin","po":{"id":"8396","date_created":"2026-03-23 17:30:15","batch_id":"8467","po_number":"","supplier":"Royal Canin","cost":null,"regular_price":null,"sale_price":null,"price_margin":null,"price_discount":null}}],"_links":{"self":[{"href":"https:\/\/petworld.ma\/index.php\/wp-json\/wp\/v2\/product\/38137","targetHints":{"allow":["GET"]}}],"collection":[{"href":"https:\/\/petworld.ma\/index.php\/wp-json\/wp\/v2\/product"}],"about":[{"href":"https:\/\/petworld.ma\/index.php\/wp-json\/wp\/v2\/types\/product"}],"wp:featuredmedia":[{"embeddable":true,"href":"https:\/\/petworld.ma\/index.php\/wp-json\/wp\/v2\/media\/38138"}],"wp:attachment":[{"href":"https:\/\/petworld.ma\/index.php\/wp-json\/wp\/v2\/media?parent=38137"}],"wp:term":[{"taxonomy":"product_brand","embeddable":true,"href":"https:\/\/petworld.ma\/index.php\/wp-json\/wp\/v2\/product_brand?post=38137"},{"taxonomy":"product_cat","embeddable":true,"href":"https:\/\/petworld.ma\/index.php\/wp-json\/wp\/v2\/product_cat?post=38137"},{"taxonomy":"product_tag","embeddable":true,"href":"https:\/\/petworld.ma\/index.php\/wp-json\/wp\/v2\/product_tag?post=38137"}],"curies":[{"name":"wp","href":"https:\/\/api.w.org\/{rel}","templated":true}]}}