{"id":38163,"date":"2026-03-24T09:46:27","date_gmt":"2026-03-24T09:46:27","guid":{"rendered":"https:\/\/petworld.ma\/?post_type=product&#038;p=38163"},"modified":"2026-05-05T21:09:07","modified_gmt":"2026-05-05T21:09:07","slug":"purina-felix-tendres-effiles-en-gelee-selection-poisson-12x85g","status":"publish","type":"product","link":"https:\/\/petworld.ma\/index.php\/produit\/purina-felix-tendres-effiles-en-gelee-selection-poisson-12x85g\/","title":{"rendered":"Purina Felix Tendres Effil\u00e9s en Gel\u00e9e S\u00e9lection Poisson 12x85g"},"content":{"rendered":"<p>Les Tendres Effil\u00e9s de FELIX\u00ae sont de savoureux repas \u00e0 l&rsquo;apparence, \u00e0 l&rsquo;odeur et au go\u00fbt si app\u00e9tissants que vous auriez pu les cuisiner vous-m\u00eame. Chaque recette est compos\u00e9e d&rsquo;ingr\u00e9dients de qualit\u00e9 et contient de tendres effil\u00e9s enrob\u00e9s d&rsquo;une succulente gel\u00e9e qui raviront votre chat \u00e0 tous les repas !<\/p>\n<p>Les Tendres Effil\u00e9s de FELIX\u00ae sont disponibles dans une large gamme de d\u00e9licieuses recettes en gel\u00e9e pour satisfaire les envies de vari\u00e9t\u00e9 de votre chat. Ils sont vraiment aussi bons qu&rsquo;ils en ont l&rsquo;air !<\/p>\n<p>FELIX\u00ae, tellement irr\u00e9sistible !<\/p>\n<p><strong>Caract\u00e9ristiques<\/strong><\/p>\n<ul>\n<li>100 % complet et \u00e9quilibr\u00e9.<\/li>\n<li>Sans colorants, tellement irr\u00e9sistible !<\/li>\n<li>Sans ar\u00f4mes artificiels ajout\u00e9s Sans conservateurs artificiels ajout\u00e9s.<\/li>\n<li>Vitamines D &amp; E.<\/li>\n<li>Source d&rsquo;Acides Gras Om\u00e9ga 6.<\/li>\n<\/ul>\n<p><strong>Composition<\/strong><\/p>\n<p>Thon :<br \/>\nViandes et sous-produits animaux* (12\u00a0%)<br \/>\nExtraits de prot\u00e9ines v\u00e9g\u00e9tales<br \/>\nPoissons et sous-produits de poissons (thon 4 %)<br \/>\nSubstances min\u00e9rales<br \/>\nSucres<\/p>\n<p>Cabillaud :<br \/>\nViandes et sous-produits animaux* (12\u00a0%)<br \/>\nExtraits de prot\u00e9ines v\u00e9g\u00e9tales<br \/>\nPoissons et sous-produits de poissons (cabillaud 4 %)<br \/>\nSubstances min\u00e9rales<br \/>\nSucres<\/p>\n<p>Saumon :<br \/>\nViandes et sous-produits animaux* (12\u00a0%)<br \/>\nExtraits de prot\u00e9ines v\u00e9g\u00e9tales<br \/>\nPoissons et sous-produits de poissons (saumon 4 %)<br \/>\nSubstances min\u00e9rales<br \/>\nSucres<\/p>\n<p>Carrelet :<br \/>\nViandes et sous-produits animaux* (12\u00a0%)<br \/>\nExtraits de prot\u00e9ines v\u00e9g\u00e9tales<br \/>\nPoissons et sous-produits de poissons (carrelet 4 %)<br \/>\nSubstances min\u00e9rales<br \/>\nSucres<\/p>\n<p>*Bouch\u00e9es : 40 % de viandes et sous-produits animaux.<\/p>\n<p><strong>Nutrition et constituants analytiques<\/strong><\/p>\n<p>Humidit\u00e9 : 82 %<br \/>\nProt\u00e9ine : 11,5 %<br \/>\nTeneur en mati\u00e8res grasses : 2,5 %<br \/>\nCendres brutes : 2,5 %<br \/>\nCellulose brute : 0,05 %<br \/>\nAcides gras Om\u00e9ga-6 : 0,4 %<\/p>\n<p><strong>Additifs : Additifs nutritionnels<\/strong><\/p>\n<p>UI\/kg :<br \/>\nVit A : 655 ;<br \/>\nVit D3 : 100 ;<br \/>\nVit E : 15.<\/p>\n<p>mg\/kg :<br \/>\n3b103 : (Fe : 7,6) ;<br \/>\n3b202 : (I : 0,19) ;<br \/>\n3b405 : (Cu : 0,66) ;<br \/>\n3b503 : (Mn : 1,5) ;<br \/>\n3b605 : (Zn : 13) ;<br \/>\n3a370 : 413 ;<br \/>\nAr\u00f4mes.<\/p>\n<p><strong>Guide d&rsquo;alimentation<\/strong><\/p>\n<p>Mode d&#8217;emploi : Pour un chat adulte d\u2019environ 4kg, donnez 4 sachets par jour, r\u00e9partis de pr\u00e9f\u00e9rence en au moins 2 repas. Les rations journali\u00e8res recommand\u00e9es sont calcul\u00e9es pour un chat adulte \u00e0 l&rsquo;activit\u00e9 mod\u00e9r\u00e9e dans des conditions d&rsquo;environnement et de temp\u00e9rature normales. Les besoins nutritionnels peuvent varier selon le chat, il faut donc ajuster ces rations de fa\u00e7on \u00e0 le maintenir \u00e0 son poids de forme. Servir \u00e0 temp\u00e9rature ambiante. Veillez \u00e0 toujours laisser de l\u2019eau propre et fra\u00eeche \u00e0 disposition de votre chat. Pour un chat adulte st\u00e9rilis\u00e9 d\u2019environ 4kg, donnez 3 sachets par jour, r\u00e9partis de pr\u00e9f\u00e9rence en au moins 2 repas.<\/p>\n","protected":false},"excerpt":{"rendered":"<ul>\n<li>\n<div class=\"dsu-product--highlight\">\n<div class=\"field field--name-field-product-highlight field--type-string field--label-hidden field__items\">\n<ul>\n<li>100 % complet et \u00e9quilibr\u00e9.<\/li>\n<li>Sans colorants, tellement irr\u00e9sistible !<\/li>\n<li>Sans ar\u00f4mes artificiels ajout\u00e9s Sans conservateurs artificiels ajout\u00e9s.<\/li>\n<li>Vitamines D &amp; E.<\/li>\n<\/ul>\n<\/div>\n<\/div>\n<\/li>\n<\/ul>\n","protected":false},"featured_media":38164,"template":"","meta":{"jetpack_publicize_message":"","jetpack_publicize_feature_enabled":true,"jetpack_social_post_already_shared":true,"jetpack_social_options":{"image_generator_settings":{"template":"highway","default_image_id":0,"font":"","enabled":false},"version":2}},"product_brand":[],"product_cat":[41],"product_tag":[],"class_list":{"0":"post-38163","1":"product","2":"type-product","3":"status-publish","4":"has-post-thumbnail","6":"product_cat-friandises-et-pate-pour-chat","8":"first","9":"instock","10":"sale","11":"taxable","12":"shipping-taxable","13":"purchasable","14":"product-type-simple"},"supplier_id":5592,"supplier_sku":"","barcode":null,"atum_controlled":true,"out_stock_date":null,"out_stock_threshold":null,"inheritable":false,"inbound_stock":0,"stock_on_hold":10,"sold_today":0,"sales_last_days":16,"reserved_stock":0,"customer_returns":0,"warehouse_damage":0,"lost_in_post":0,"other_logs":0,"out_stock_days":0,"lost_sales":0,"has_location":false,"update_date":"2026-05-07T19:08:28","atum_locations":[],"atum_stock_status":"instock","restock_status":false,"low_stock_amount":12,"sales_update_date":"2026-05-07T19:08:28","calc_backorders":null,"jetpack_publicize_connections":[],"jetpack_sharing_enabled":true,"batches":[{"id":"8472","date_created":"2026-03-24 10:00:05","date_expiry":"2027-02-15 00:00:00","user_id":"2461","batch_number":"Purina Felix Tendres Effil\u00e9s en Gel\u00e9e S\u00e9lection Poisson 12x85g0227","location":"","quantity":"200.0000","quantity_available":"148.0000","units":"1","status":"active","order_ids":"[38308,38659,38666,38683,38875,38917,39151,39515,39751,39804,39899,40040,40326,40598,40917,40957,41110,41264,41283,41348,41445]","supplier":"Proplan","po":{"id":"8400","date_created":"2026-03-24 10:00:06","batch_id":"8472","po_number":"","supplier":"Proplan","cost":null,"regular_price":null,"sale_price":null,"price_margin":null,"price_discount":null}}],"_links":{"self":[{"href":"https:\/\/petworld.ma\/index.php\/wp-json\/wp\/v2\/product\/38163","targetHints":{"allow":["GET"]}}],"collection":[{"href":"https:\/\/petworld.ma\/index.php\/wp-json\/wp\/v2\/product"}],"about":[{"href":"https:\/\/petworld.ma\/index.php\/wp-json\/wp\/v2\/types\/product"}],"wp:featuredmedia":[{"embeddable":true,"href":"https:\/\/petworld.ma\/index.php\/wp-json\/wp\/v2\/media\/38164"}],"wp:attachment":[{"href":"https:\/\/petworld.ma\/index.php\/wp-json\/wp\/v2\/media?parent=38163"}],"wp:term":[{"taxonomy":"product_brand","embeddable":true,"href":"https:\/\/petworld.ma\/index.php\/wp-json\/wp\/v2\/product_brand?post=38163"},{"taxonomy":"product_cat","embeddable":true,"href":"https:\/\/petworld.ma\/index.php\/wp-json\/wp\/v2\/product_cat?post=38163"},{"taxonomy":"product_tag","embeddable":true,"href":"https:\/\/petworld.ma\/index.php\/wp-json\/wp\/v2\/product_tag?post=38163"}],"curies":[{"name":"wp","href":"https:\/\/api.w.org\/{rel}","templated":true}]}}