{"id":38223,"date":"2026-03-24T21:37:18","date_gmt":"2026-03-24T21:37:18","guid":{"rendered":"https:\/\/petworld.ma\/?post_type=product&#038;p=38223"},"modified":"2026-05-06T10:59:11","modified_gmt":"2026-05-06T10:59:11","slug":"sac-a-dos-de-transport-pour-chat-et-chien-rose-gris-vert-rouge-bleu-ciel-noir","status":"publish","type":"product","link":"https:\/\/petworld.ma\/index.php\/produit\/sac-a-dos-de-transport-pour-chat-et-chien-rose-gris-vert-rouge-bleu-ciel-noir\/","title":{"rendered":"Sac \u00e0 Dos de Transport Pour Chat et Chien (Rose | Gris | Vert | Rouge | Bleu Ciel | Noir)"},"content":{"rendered":"<p><strong>Une solution pratique et efficace pour transporter votre animal de compagnie partout avec vous!\u00a0<\/strong><\/p>\n<p>Ce Sac \u00e0 Dos bien pens\u00e9 est\u00a0<strong>id\u00e9al pour balader et transporter votre animal<\/strong>\u00a0en ville, en for\u00eat et m\u00eame pourquoi pas \u00e0 la plage!<\/p>\n<ul>\n<li>Des\u00a0<strong>trous d\u2019a\u00e9rations<\/strong>\u00a0pour\u00a0permettre \u00e0\u00a0votre animal de respirer<\/li>\n<li><strong>Vue\u00a0imprenable\u00a0180\u00b0<\/strong>\u00a0pour que\u00a0votre animal soit\u00a0<strong>rassur\u00e9 et profite de la ballade<\/strong><\/li>\n<li><strong>Espace relaxant<\/strong>\u00a0pour votre animal<\/li>\n<li><strong>Fermeture \u00e9clair zip<\/strong>\u00a0pour vous simplifier la\u00a0vie<\/li>\n<li><strong>Petite ouverture pour simplifier l\u2019entr\u00e9e<\/strong>\u00a0dans sa nouvelle demeure portable<\/li>\n<\/ul>\n<h3>Sp\u00e9cifications<\/h3>\n<ul>\n<li><strong>Dimensions:<\/strong> 43X37X25 cm<\/li>\n<li><strong>Mat\u00e9riau:<\/strong> Plastique, PVC<\/li>\n<li><strong>Poids du produit sans chargement:\u00a0<\/strong>environ 1.2kg (environ 8kg en chargement)<\/li>\n<li><strong>Poids max pr\u00e9vu:\u00a0<\/strong>6.5kg pour chats ou 5kg pour chiens<\/li>\n<\/ul>\n","protected":false},"excerpt":{"rendered":"<p>Une solution pratique et efficace pour transporter votre animal de compagnie partout avec vous!\u00a0 Ce Sac \u00e0 Dos bien pens\u00e9 est\u00a0id\u00e9al pour balader et transporter votre animal\u00a0en ville, en for\u00eat et m\u00eame pourquoi pas \u00e0 la plage! Des\u00a0trous d\u2019a\u00e9rations\u00a0pour\u00a0permettre \u00e0\u00a0votre animal de respirer Vue\u00a0imprenable\u00a0180\u00b0\u00a0pour que\u00a0votre animal soit\u00a0rassur\u00e9 et profite de la ballade Espace relaxant\u00a0pour votre [&#8230;]\n","protected":false},"featured_media":38230,"template":"","meta":{"jetpack_publicize_message":"","jetpack_publicize_feature_enabled":true,"jetpack_social_post_already_shared":true,"jetpack_social_options":{"image_generator_settings":{"template":"highway","default_image_id":0,"font":"","enabled":false},"version":2}},"product_brand":[],"product_cat":[36,23,91,90],"product_tag":[],"class_list":{"0":"post-38223","1":"product","2":"type-product","3":"status-publish","4":"has-post-thumbnail","6":"product_cat-chat","7":"product_cat-chien","8":"product_cat-sac-de-transport-pour-chat","9":"product_cat-sac-de-transport-pour-chien","11":"first","12":"instock","13":"sale","14":"taxable","15":"shipping-taxable","16":"purchasable","17":"product-type-variable"},"supplier_id":null,"supplier_sku":"","barcode":null,"atum_controlled":true,"out_stock_date":null,"out_stock_threshold":null,"inheritable":true,"inbound_stock":0,"stock_on_hold":0,"sold_today":0,"sales_last_days":2,"reserved_stock":0,"customer_returns":0,"warehouse_damage":0,"lost_in_post":0,"other_logs":0,"out_stock_days":0,"lost_sales":0,"has_location":false,"update_date":"2026-05-15T00:00:35","atum_locations":[],"atum_stock_status":"instock","restock_status":false,"low_stock_amount":"","sales_update_date":"2026-05-15T00:00:35","calc_backorders":null,"jetpack_publicize_connections":[],"jetpack_sharing_enabled":true,"batches":[],"_links":{"self":[{"href":"https:\/\/petworld.ma\/index.php\/wp-json\/wp\/v2\/product\/38223","targetHints":{"allow":["GET"]}}],"collection":[{"href":"https:\/\/petworld.ma\/index.php\/wp-json\/wp\/v2\/product"}],"about":[{"href":"https:\/\/petworld.ma\/index.php\/wp-json\/wp\/v2\/types\/product"}],"wp:featuredmedia":[{"embeddable":true,"href":"https:\/\/petworld.ma\/index.php\/wp-json\/wp\/v2\/media\/38230"}],"wp:attachment":[{"href":"https:\/\/petworld.ma\/index.php\/wp-json\/wp\/v2\/media?parent=38223"}],"wp:term":[{"taxonomy":"product_brand","embeddable":true,"href":"https:\/\/petworld.ma\/index.php\/wp-json\/wp\/v2\/product_brand?post=38223"},{"taxonomy":"product_cat","embeddable":true,"href":"https:\/\/petworld.ma\/index.php\/wp-json\/wp\/v2\/product_cat?post=38223"},{"taxonomy":"product_tag","embeddable":true,"href":"https:\/\/petworld.ma\/index.php\/wp-json\/wp\/v2\/product_tag?post=38223"}],"curies":[{"name":"wp","href":"https:\/\/api.w.org\/{rel}","templated":true}]}}