{"id":38351,"date":"2026-03-26T15:49:27","date_gmt":"2026-03-26T15:49:27","guid":{"rendered":"https:\/\/petworld.ma\/?post_type=product&#038;p=38351"},"modified":"2026-04-20T18:57:19","modified_gmt":"2026-04-20T18:57:19","slug":"brit-care-crunchy-cracker-insects-with-salmon-enriched-with-thyme-insectes-au-saumon-enrichi-au-thym-200g","status":"publish","type":"product","link":"https:\/\/petworld.ma\/index.php\/produit\/brit-care-crunchy-cracker-insects-with-salmon-enriched-with-thyme-insectes-au-saumon-enrichi-au-thym-200g\/","title":{"rendered":"Brit Care Crunchy Cracker. Insects with Salmon Enriched with Thyme (Insectes au saumon, enrichi au thym) 200g"},"content":{"rendered":"<p>friandises croquantes fonctionnelles avec des insectes et du saumon. Enrichi au thym. Excellente digestibilit\u00e9 et faible risque d\u2019allergies. Une forte proportion d\u2019acides gras pour une peau saine et un pelage brillant.<\/p>\n<p><img decoding=\"async\" class=\"img-fluid\" src=\"https:\/\/www.krmivo-brit.cz\/out\/pictures\/wysiwigpro\/Produkty\/popisky\/Great%20for%20Earth_dog_CZ%20(1)_hd.png\" alt=\"\" width=\"120\" height=\"120\" \/><\/p>\n<ul>\n<li>FRIANDISE CROUSTILLANTE FONCTIONNELLE POUR CHIENS SENSIBLES<\/li>\n<li>PROT\u00c9INES D\u2019INSECTES DURABLES<\/li>\n<li>AJOUT DE THYM POUR LA DIGESTION SENSIBLE<\/li>\n<li>PROMOUVOIR LA SANT\u00c9 DE LA PEAU ET DU PELAGE &#8211; OM\u00c9GA-3 ET OM\u00c9GA-6<\/li>\n<\/ul>\n<h3>D\u00e9tails :<\/h3>\n<ul>\n<li>Pour ajuster la digestion sensible<\/li>\n<li>R\u00e9compense saine et savoureuse<\/li>\n<li>Prot\u00e9ine d\u2019insecte \u2013 excellente digestibilit\u00e9 et faible risque d\u2019allergies<\/li>\n<li>Une teneur \u00e9lev\u00e9e en acides gras pour une peau saine et un pelage brillant<\/li>\n<li>Emballages recyclables et faible empreinte carbone<\/li>\n<li>Fabriqu\u00e9 dans l\u2019UE<\/li>\n<\/ul>\n<p>Toutes les friandises Brit Crunchy Snack sont hypoallerg\u00e9niques et leur composition est riche en acides gras om\u00e9ga 3 et om\u00e9ga 6, qui seront appr\u00e9ci\u00e9s par les chiens \u00e0 la peau sensible, \u00e0 la fourrure exigeante et \u00e0 la digestion sensible. La graisse de poulet couramment utilis\u00e9e est remplac\u00e9e dans la composition par de l\u2019huile de coco hydratante. Lorsque nous ajoutons l\u2019emballage enti\u00e8rement recyclable dans lequel le Britannique a habill\u00e9 toute la gamme, nous obtenons une nourriture unique produite avec amour pour les chiens et la plan\u00e8te.<\/p>\n<p><strong>Ingr\u00e9dients :<\/strong><br \/>\nprot\u00e9ines d\u2019insectes (26 %), pois, prot\u00e9ines de saumon (14 %), f\u00e9cule de pomme de terre, huile de coco, graines de lin (4 %), pulpe de pomme s\u00e9ch\u00e9e, foie de poulet hydrolys\u00e9, thym s\u00e9ch\u00e9 (1 %), algues s\u00e9ch\u00e9es (1 %, Schizochytrium limacinum), huile de colza.<\/p>\n<h3>Valeurs Nutritionnelles :<\/h3>\n<p><strong>Constituants analytiques :<\/strong><br \/>\nprot\u00e9ines brutes 27,0 %, graisses brutes 12,0 %, humidit\u00e9 10,0 %, cendres brutes 6,5 %, fibres brutes 3,0 %, calcium 1,0 %, phosphore 0,7 %, sodium 0,25 %, om\u00e9ga 3 1,5 %, om\u00e9ga 6 0,6 %, EPA (20:5 n-3) 0,15 %, DHA (22:6 n-3) 0,25 %, ALA (18:3 n-3) 0,85 %.<\/p>\n<p><strong>Composition nutritionnelle :<\/strong><br \/>\nContient des antioxydants approuv\u00e9s par l\u2019UE : extraits de tocoph\u00e9rol issus d\u2019huiles v\u00e9g\u00e9tales (1b306(i)), palmite d\u2019ascorbyle (1b304) et extrait de romarin.<\/p>\n<p><strong>\u00c9nergie m\u00e9tabolisable :<\/strong><br \/>\n3 620 kcal\/kg, 15,16 MJ\/kg<\/p>\n<h3>Instructions d&rsquo;alimentations :<\/h3>\n<h3><strong>TABLE D\u2019ALIMENTATION<\/strong><\/h3>\n<p><img decoding=\"async\" class=\"\" src=\"https:\/\/www.krmivo-brit.cz\/out\/pictures\/wysiwigpro\/Feeding%20tables\/feeding%20snack%20cranchy%20lamb.JPG\" alt=\"\" width=\"600\" height=\"126\" \/><\/p>\n","protected":false},"excerpt":{"rendered":"<p><strong>Brit Care Dog &#8211; friandises croquantes avec prot\u00e9ines d\u2019insectes et saumon pour chiens de toutes races<\/strong><\/p>\n","protected":false},"featured_media":38352,"template":"","meta":{"jetpack_publicize_message":"","jetpack_publicize_feature_enabled":true,"jetpack_social_post_already_shared":true,"jetpack_social_options":{"image_generator_settings":{"template":"highway","default_image_id":0,"font":"","enabled":false},"version":2}},"product_brand":[],"product_cat":[26,39],"product_tag":[],"class_list":{"0":"post-38351","1":"product","2":"type-product","3":"status-publish","4":"has-post-thumbnail","6":"product_cat-croquettes","7":"product_cat-friandises-et-pates-pour-chien","9":"first","10":"instock","11":"taxable","12":"shipping-taxable","13":"purchasable","14":"product-type-simple"},"supplier_id":5590,"supplier_sku":"","barcode":null,"atum_controlled":true,"out_stock_date":null,"out_stock_threshold":null,"inheritable":false,"inbound_stock":0,"stock_on_hold":0,"sold_today":0,"sales_last_days":0,"reserved_stock":0,"customer_returns":0,"warehouse_damage":0,"lost_in_post":0,"other_logs":0,"out_stock_days":0,"lost_sales":0,"has_location":false,"update_date":"2026-05-10T00:20:01","atum_locations":[],"atum_stock_status":"instock","restock_status":false,"low_stock_amount":12,"sales_update_date":"2026-05-10T00:20:00","calc_backorders":null,"jetpack_publicize_connections":[],"jetpack_sharing_enabled":true,"batches":[{"id":"8548","date_created":"2026-03-26 15:55:13","date_expiry":"2027-06-06 00:00:00","user_id":"2461","batch_number":"Brit Care Crunchy Cracker. Insects with Salmon Enriched with Thyme (Insectes au saumon, enrichi au thym) 200g060627","location":"","quantity":"6.0000","quantity_available":"5.0000","units":"1","status":"active","order_ids":"[40370]","supplier":"Brit","po":{"id":"8476","date_created":"2026-03-26 15:55:13","batch_id":"8548","po_number":"","supplier":"Brit","cost":null,"regular_price":null,"sale_price":null,"price_margin":null,"price_discount":null}}],"_links":{"self":[{"href":"https:\/\/petworld.ma\/index.php\/wp-json\/wp\/v2\/product\/38351","targetHints":{"allow":["GET"]}}],"collection":[{"href":"https:\/\/petworld.ma\/index.php\/wp-json\/wp\/v2\/product"}],"about":[{"href":"https:\/\/petworld.ma\/index.php\/wp-json\/wp\/v2\/types\/product"}],"wp:featuredmedia":[{"embeddable":true,"href":"https:\/\/petworld.ma\/index.php\/wp-json\/wp\/v2\/media\/38352"}],"wp:attachment":[{"href":"https:\/\/petworld.ma\/index.php\/wp-json\/wp\/v2\/media?parent=38351"}],"wp:term":[{"taxonomy":"product_brand","embeddable":true,"href":"https:\/\/petworld.ma\/index.php\/wp-json\/wp\/v2\/product_brand?post=38351"},{"taxonomy":"product_cat","embeddable":true,"href":"https:\/\/petworld.ma\/index.php\/wp-json\/wp\/v2\/product_cat?post=38351"},{"taxonomy":"product_tag","embeddable":true,"href":"https:\/\/petworld.ma\/index.php\/wp-json\/wp\/v2\/product_tag?post=38351"}],"curies":[{"name":"wp","href":"https:\/\/api.w.org\/{rel}","templated":true}]}}