{"id":38404,"date":"2026-03-27T15:29:37","date_gmt":"2026-03-27T15:29:37","guid":{"rendered":"https:\/\/petworld.ma\/?post_type=product&#038;p=38404"},"modified":"2026-05-12T17:16:31","modified_gmt":"2026-05-12T17:16:31","slug":"croquettes-adultes-trendline-poulet-15kg","status":"publish","type":"product","link":"https:\/\/petworld.ma\/index.php\/produit\/croquettes-adultes-trendline-poulet-15kg\/","title":{"rendered":"Croquettes Adultes Trendline Poulet 15kg"},"content":{"rendered":"<p><span dir=\"auto\">&lsquo;aliment pour chats adultes Trendline au poulet est complet <\/span><span dir=\"auto\">aliments pour chats adultes <\/span><span dir=\"auto\">pour toutes les races, contenant les vitamines et min\u00e9raux n\u00e9cessaires au d\u00e9veloppement et \u00e0 la sant\u00e9 optimale de votre chat.<\/span><\/p>\n<p><span dir=\"auto\">Gr\u00e2ce \u00e0 ses ingr\u00e9dients naturels \u00e9quilibr\u00e9s, cet aliment assure un soin id\u00e9al et un renforcement global de l&rsquo;organisme.<\/span><\/p>\n<p><span dir=\"auto\">La viande contient des prot\u00e9ines facilement digestibles et des acides amin\u00e9s b\u00e9n\u00e9fiques. Ces derniers renforcent le syst\u00e8me immunitaire et ont un effet b\u00e9n\u00e9fique sur le syst\u00e8me nerveux central.<\/span><\/p>\n<p><span dir=\"auto\">Le complexe de vitamines, de min\u00e9raux et de prot\u00e9ines de lactos\u00e9rum fait de cet aliment un puissant immunostimulant.<\/span><\/p>\n<p><span dir=\"auto\">La taurine est un acide amin\u00e9 incroyablement important pour l&rsquo;organisme de votre animal de compagnie\u00a0:<\/span><\/p>\n<ul>\n<li><span dir=\"auto\">Renforce le syst\u00e8me immunitaire et les fonctions protectrices de l&rsquo;organisme.<\/span><\/li>\n<li><span dir=\"auto\">Am\u00e9liore le fonctionnement du syst\u00e8me digestif, des reins et du foie.<\/span><\/li>\n<li><span dir=\"auto\">Favorise le bon fonctionnement du cerveau, du syst\u00e8me nerveux et du syst\u00e8me cardiovasculaire.<\/span><\/li>\n<li><span dir=\"auto\">Normalise le taux de glyc\u00e9mie du chat.<\/span><\/li>\n<\/ul>\n<h2><span dir=\"auto\">Composition:<\/span><\/h2>\n<p><span dir=\"auto\">Prot\u00e9ines animales transform\u00e9es, bl\u00e9, ma\u00efs, graisse animale, agneau d\u00e9shydrat\u00e9, gluten de ma\u00efs, pulpe de betterave sucri\u00e8re d\u00e9shydrat\u00e9e, riz, ar\u00f4me de foie, sel, graines de lin, levure de bi\u00e8re s\u00e9ch\u00e9e, taurine.<\/span><\/p>\n<h2><span dir=\"auto\">Min\u00e9raux :<\/span><\/h2>\n<p><span dir=\"auto\">Calcium, phosphore, sodium, iode, zinc, cuivre, chlorure de potassium, fer, s\u00e9l\u00e9nium.<\/span><\/p>\n<h2><span dir=\"auto\">Vitamines :<\/span><\/h2>\n<p><span dir=\"auto\">Vit.A, Vit.D, Vit.E, Vit.C, Vit.B1 &#8211; B2 &#8211; B3 (Niacine) &#8211; B6 &#8211; B12 &#8211; B7 (Biotine) &#8211; B9 (Acide folique), Vit.K, Choline, Pantoth\u00e9nate de calcium.<\/span><\/p>\n<h2><span dir=\"auto\">Composition analytique :<\/span><\/h2>\n<ul>\n<li><span dir=\"auto\">Prot\u00e9ines : 27 %<\/span><\/li>\n<li><span dir=\"auto\">Mati\u00e8res grasses : 10 %<\/span><\/li>\n<li><span dir=\"auto\">Cendres : 8 %<\/span><\/li>\n<li><span dir=\"auto\">Fibres : 2,5 %<\/span><\/li>\n<\/ul>\n<p><span dir=\"auto\">Prot\u00e9ines\u00a0: Avec une teneur en prot\u00e9ines de 27\u00a0%, cet aliment fournit les prot\u00e9ines essentielles au maintien de la masse musculaire de votre chat. Les prot\u00e9ines sont les \u00e9l\u00e9ments constitutifs de l\u2019organisme et contribuent au bon fonctionnement des tissus et des syst\u00e8mes.<\/span><\/p>\n<p><span dir=\"auto\">Mati\u00e8res grasses\u00a0: Avec une teneur en mati\u00e8res grasses de 10\u00a0%, cet aliment fournit \u00e0 votre chat l\u2019\u00e9nergie n\u00e9cessaire. Les mati\u00e8res grasses constituent une source d\u2019\u00e9nergie concentr\u00e9e et apportent des acides gras essentiels, indispensables \u00e0 la sant\u00e9 de la peau et du pelage de votre chat. Elles favorisent \u00e9galement l\u2019absorption de certaines vitamines et contribuent au bon fonctionnement du syst\u00e8me nerveux.<\/span><\/p>\n<p><span dir=\"auto\">Cendres : Avec une teneur en cendres de 8 %, cet aliment contient des min\u00e9raux et des substances inorganiques essentiels au maintien d&rsquo;os et de dents sains, ainsi qu&rsquo;au bon fonctionnement de l&rsquo;organisme du chat.<\/span><\/p>\n<p><span dir=\"auto\">Fibres\u00a0: Avec une teneur en fibres de 2,5\u00a0%, cet aliment contribue au bon fonctionnement du syst\u00e8me digestif de votre chat. Les fibres aident \u00e0 r\u00e9guler la digestion, facilitent le p\u00e9ristaltisme et favorisent une bonne fonction intestinale.<\/span><\/p>\n<h2><span dir=\"auto\">Compl\u00e9ments alimentaires :<\/span><\/h2>\n<ul>\n<li><span dir=\"auto\">Vitamine A (E672) : 15\u00a0000 UI\/kg<\/span><\/li>\n<li><span dir=\"auto\">Vitamine D3 (E671) : 1000 UI\/kg<\/span><\/li>\n<li><span dir=\"auto\">Vitamine E (3A700) : 150 mg\/kg<\/span><\/li>\n<li><span dir=\"auto\">Vitamine C (Stay C) : 120 mg\/kg<\/span><\/li>\n<li><span dir=\"auto\">Taurine : 1000 mg\/kg<\/span><\/li>\n<\/ul>\n","protected":false},"excerpt":{"rendered":"<p>&lsquo;aliment pour chats adultes Trendline au poulet est complet aliments pour chats adultes pour toutes les races, contenant les vitamines et min\u00e9raux n\u00e9cessaires au d\u00e9veloppement et \u00e0 la sant\u00e9 optimale de votre chat. Gr\u00e2ce \u00e0 ses ingr\u00e9dients naturels \u00e9quilibr\u00e9s, cet aliment assure un soin id\u00e9al et un renforcement global de l&rsquo;organisme. La viande contient des [&#8230;]\n","protected":false},"featured_media":38406,"template":"","meta":{"jetpack_publicize_message":"","jetpack_publicize_feature_enabled":true,"jetpack_social_post_already_shared":true,"jetpack_social_options":{"image_generator_settings":{"template":"highway","default_image_id":0,"font":"","enabled":false},"version":2}},"product_brand":[],"product_cat":[40],"product_tag":[],"class_list":{"0":"post-38404","1":"product","2":"type-product","3":"status-publish","4":"has-post-thumbnail","6":"product_cat-coquettes-pour-chat","8":"first","9":"outofstock","10":"taxable","11":"shipping-taxable","12":"purchasable","13":"product-type-simple"},"supplier_id":5589,"supplier_sku":"","barcode":null,"atum_controlled":true,"out_stock_date":"2026-05-12 17:16:31","out_stock_threshold":null,"inheritable":false,"inbound_stock":0,"stock_on_hold":0,"sold_today":0,"sales_last_days":1,"reserved_stock":0,"customer_returns":0,"warehouse_damage":0,"lost_in_post":0,"other_logs":0,"out_stock_days":1,"lost_sales":60,"has_location":false,"update_date":"2026-05-14T09:00:28","atum_locations":[],"atum_stock_status":"outofstock","restock_status":false,"low_stock_amount":2,"sales_update_date":"2026-05-14T09:00:28","calc_backorders":null,"jetpack_publicize_connections":[],"jetpack_sharing_enabled":true,"batches":[],"_links":{"self":[{"href":"https:\/\/petworld.ma\/index.php\/wp-json\/wp\/v2\/product\/38404","targetHints":{"allow":["GET"]}}],"collection":[{"href":"https:\/\/petworld.ma\/index.php\/wp-json\/wp\/v2\/product"}],"about":[{"href":"https:\/\/petworld.ma\/index.php\/wp-json\/wp\/v2\/types\/product"}],"wp:featuredmedia":[{"embeddable":true,"href":"https:\/\/petworld.ma\/index.php\/wp-json\/wp\/v2\/media\/38406"}],"wp:attachment":[{"href":"https:\/\/petworld.ma\/index.php\/wp-json\/wp\/v2\/media?parent=38404"}],"wp:term":[{"taxonomy":"product_brand","embeddable":true,"href":"https:\/\/petworld.ma\/index.php\/wp-json\/wp\/v2\/product_brand?post=38404"},{"taxonomy":"product_cat","embeddable":true,"href":"https:\/\/petworld.ma\/index.php\/wp-json\/wp\/v2\/product_cat?post=38404"},{"taxonomy":"product_tag","embeddable":true,"href":"https:\/\/petworld.ma\/index.php\/wp-json\/wp\/v2\/product_tag?post=38404"}],"curies":[{"name":"wp","href":"https:\/\/api.w.org\/{rel}","templated":true}]}}