{"id":38566,"date":"2026-03-30T20:39:36","date_gmt":"2026-03-30T20:39:36","guid":{"rendered":"https:\/\/petworld.ma\/?post_type=product&#038;p=38566"},"modified":"2026-04-20T22:20:38","modified_gmt":"2026-04-20T22:20:38","slug":"monge-croquettes-chat-sterilise-poulet-1-5kg-400g-gratuit","status":"publish","type":"product","link":"https:\/\/petworld.ma\/index.php\/produit\/monge-croquettes-chat-sterilise-poulet-1-5kg-400g-gratuit\/","title":{"rendered":"Monge Croquettes Chat St\u00e9rilis\u00e9 Poulet 1.5kg +400g Gratuit"},"content":{"rendered":"<p>La gamme Monge Natural Superpremium assure le bien-\u00eatre de l&rsquo;animal gr\u00e2ce \u00e0 un bon \u00e9quilibre des nutriments essentiels, issus de la recherche Made in Italy. Monge Natural Superpremium St\u00e9rilis\u00e9 Riche en Poulet est un aliment complet pour chats adultes. Formul\u00e9 avec de la viande de poulet comme premier ingr\u00e9dient et de l&rsquo;huile de saumon, une source d&rsquo;acides gras om\u00e9ga-3, pour la douceur et la brillance du pelage. La formulation est enrichie en XOS (xilo-oligosaccharides) et MOS (mannano-oligosaccharides), des pr\u00e9biotiques qui soutiennent le bien-\u00eatre intestinal. La formulation contient un faible taux de graisses* pour favoriser le maintien du poids corporel id\u00e9al et est riche en fibres* pour limiter la densit\u00e9 \u00e9nerg\u00e9tique du produit. Sans colorants ni conservateurs artificiels ajout\u00e9s.<\/p>\n<p><b>Composition :<\/b><\/p>\n<p>Poulet (viande d\u00e9shydrat\u00e9e 26% et fra\u00eeche 10%), bl\u00e9, gluten de ma\u00efs, ma\u00efs, prot\u00e9ines animales hydrolys\u00e9es (foie), graisse animale (huile de poulet purifi\u00e9e \u00e0 99,5%), fibre de pois (3%), \u0153ufs s\u00e9ch\u00e9s, poisson (saumon s\u00e9ch\u00e9), huile de poisson 2% (huile de saumon purifi\u00e9e \u00e0 99,5%), sels min\u00e9raux, produits de levure (mannan-oligosaccharides MOS 1%), Xylo-oligosaccharide (XOS 0,3%), produits issus de la transformation des v\u00e9g\u00e9taux (\u00e9glantier 0,1%), Yucca schidigera (0,1%).<\/p>\n<p><b>Composants analytiques :<\/b><\/p>\n<p>Prot\u00e9ines brutes : 35%, Fibres brutes : 5%, Mati\u00e8res grasses brutes : 10%, Cendres brutes : 6,0%, Calcium : 1,2%, Phosphore : 1%, Magn\u00e9sium : 0,08%, Sodium : 0,2%, Acides gras Om\u00e9ga-3 : 0,4%, Acides gras Om\u00e9ga-6 : 3,6%. \u00c9nergie m\u00e9tabolisable (calcul\u00e9e selon Atwater) : 3.840 kcal\/kg.<\/p>\n<p><b>Additifs nutritionnels :<\/b><\/p>\n<p>Vitamine A (ac\u00e9tate de r\u00e9tinyle) 26.000 UI\/kg, Vitamine D3 1.830 UI\/kg, Vitamine E (tout-rac-alpha-tocoph\u00e9rol ac\u00e9tate 3a700i) 130 mg\/kg, S\u00e9l\u00e9nium (s\u00e9l\u00e9nite de sodium 0,2 mg\/kg) 0,09 mg\/kg, Mangan\u00e8se (sulfate de mangan\u00e8se monohydrat\u00e9 32 mg\/kg) 10,4 mg\/kg, Zinc (oxyde de zinc 150 mg\/kg) 120,4 mg\/kg, Cuivre (sulfate de cuivre (II) pentahydrat\u00e9 13 mg\/kg) 3,3 mg\/kg, Fer (sulfate de fer (II) monohydrat\u00e9 110 mg\/kg) 39,2 mg\/kg, Iode (iodate de calcium anhydre 1,8 mg\/kg) 1,17 mg\/kg, L-Carnitine 700 mg\/kg, DL-M\u00e9thionine techniquement pure 2.500 mg\/kg, Taurine 2.400 mg\/kg.<\/p>\n<p><b>Additifs technologiques :<\/b><\/p>\n<p>Antioxydants : Extraits de tocoph\u00e9rol issus d\u2019huiles v\u00e9g\u00e9tales.<\/p>\n<p><b>Mode d\u2019emploi :<br \/>\n<\/b>Les quantit\u00e9s peuvent \u00eatre adapt\u00e9es en fonction de la taille, de l\u2019\u00e2ge et des conditions de vie de l\u2019animal. La ration journali\u00e8re recommand\u00e9e indiqu\u00e9e dans le tableau peut \u00eatre r\u00e9partie en deux repas par jour. Laisser toujours de l\u2019eau fra\u00eeche et propre \u00e0 disposition. Lors du passage \u00e0 ce produit \u00e0 partir d\u2019un autre type d\u2019alimentation, il est conseill\u00e9 de l\u2019introduire progressivement sur une p\u00e9riode d\u2019au moins une semaine.<\/p>\n<p>Aliment pour animaux, non destin\u00e9 \u00e0 la consommation humaine.<\/p>\n","protected":false},"excerpt":{"rendered":"<p>Sans colorants ni conservateurs artificiels ajout\u00e9s.<\/p>\n<p>Aliment assure le bien-\u00eatre de l&rsquo;animal gr\u00e2ce \u00e0 un bon \u00e9quilibre des nutriments essentiel. Adapt\u00e9 pour les chats st\u00e9rilis\u00e9s.<\/p>\n","protected":false},"featured_media":40382,"template":"","meta":{"jetpack_publicize_message":"","jetpack_publicize_feature_enabled":true,"jetpack_social_post_already_shared":true,"jetpack_social_options":{"image_generator_settings":{"template":"highway","default_image_id":0,"font":"","enabled":false},"version":2}},"product_brand":[],"product_cat":[40,187],"product_tag":[],"class_list":{"0":"post-38566","1":"product","2":"type-product","3":"status-publish","4":"has-post-thumbnail","6":"product_cat-coquettes-pour-chat","7":"product_cat-destockage","9":"first","10":"instock","11":"taxable","12":"shipping-taxable","13":"purchasable","14":"product-type-simple"},"supplier_id":31321,"supplier_sku":"","barcode":null,"atum_controlled":true,"out_stock_date":null,"out_stock_threshold":null,"inheritable":false,"inbound_stock":null,"stock_on_hold":0,"sold_today":0,"sales_last_days":0,"reserved_stock":null,"customer_returns":null,"warehouse_damage":null,"lost_in_post":null,"other_logs":null,"out_stock_days":0,"lost_sales":0,"has_location":false,"update_date":"2026-04-20T22:20:40","atum_locations":[],"atum_stock_status":"instock","restock_status":false,"low_stock_amount":"","sales_update_date":"2026-04-20T00:10:34","calc_backorders":null,"jetpack_publicize_connections":[],"jetpack_sharing_enabled":true,"batches":[{"id":"8982","date_created":"2026-04-20 22:20:37","date_expiry":"2027-03-28 00:00:00","user_id":"2461","batch_number":"PROMO0327","location":"","quantity":"3.0000","quantity_available":"3.0000","units":"1","status":"active","order_ids":null,"supplier":"Monge","po":{"id":"8906","date_created":"2026-04-20 22:20:38","batch_id":"8982","po_number":"","supplier":"Monge","cost":null,"regular_price":null,"sale_price":null,"price_margin":null,"price_discount":null}}],"_links":{"self":[{"href":"https:\/\/petworld.ma\/index.php\/wp-json\/wp\/v2\/product\/38566","targetHints":{"allow":["GET"]}}],"collection":[{"href":"https:\/\/petworld.ma\/index.php\/wp-json\/wp\/v2\/product"}],"about":[{"href":"https:\/\/petworld.ma\/index.php\/wp-json\/wp\/v2\/types\/product"}],"wp:featuredmedia":[{"embeddable":true,"href":"https:\/\/petworld.ma\/index.php\/wp-json\/wp\/v2\/media\/40382"}],"wp:attachment":[{"href":"https:\/\/petworld.ma\/index.php\/wp-json\/wp\/v2\/media?parent=38566"}],"wp:term":[{"taxonomy":"product_brand","embeddable":true,"href":"https:\/\/petworld.ma\/index.php\/wp-json\/wp\/v2\/product_brand?post=38566"},{"taxonomy":"product_cat","embeddable":true,"href":"https:\/\/petworld.ma\/index.php\/wp-json\/wp\/v2\/product_cat?post=38566"},{"taxonomy":"product_tag","embeddable":true,"href":"https:\/\/petworld.ma\/index.php\/wp-json\/wp\/v2\/product_tag?post=38566"}],"curies":[{"name":"wp","href":"https:\/\/api.w.org\/{rel}","templated":true}]}}