{"id":38570,"date":"2026-03-30T20:44:11","date_gmt":"2026-03-30T20:44:11","guid":{"rendered":"https:\/\/petworld.ma\/?post_type=product&#038;p=38570"},"modified":"2026-04-20T22:05:14","modified_gmt":"2026-04-20T22:05:14","slug":"monge-croquettes-chat-adult-urinary-poulet-1-5kg-400g-gratuit","status":"publish","type":"product","link":"https:\/\/petworld.ma\/index.php\/produit\/monge-croquettes-chat-adult-urinary-poulet-1-5kg-400g-gratuit\/","title":{"rendered":"Monge Croquettes Chat Adult Urinary Poulet 1.5kg +400g Gratuit"},"content":{"rendered":"<p>Monge Natural Superpremium Urinary Feline Ricco in Pollo est un aliment di\u00e9t\u00e9tique complet formul\u00e9 pour r\u00e9duire les r\u00e9cidives des calculs de struvite chez les chats. Sa formulation se caract\u00e9rise par des propri\u00e9t\u00e9s acidifiantes de l\u2019urine et une concentration mod\u00e9r\u00e9e en magn\u00e9sium (Mg).L\u2019ingr\u00e9dient animal principal est le poulet, et la recette est con\u00e7ue pour assurer une digestibilit\u00e9 et une app\u00e9tence optimales gr\u00e2ce \u00e0 l\u2019inclusion de viande fra\u00eeche. Elle est \u00e9galement enrichie en XOS (Xylo-oligosaccharides), des pr\u00e9biotiques de derni\u00e8re g\u00e9n\u00e9ration qui favorisent le bien-\u00eatre intestinal.L\u2019ajout d\u2019ingr\u00e9dients sp\u00e9cifiques, comme la yucca schidigera pour le contr\u00f4le des odeurs intestinales, est le fruit de la recherche Made in Italy pour am\u00e9liorer la qualit\u00e9 de vie de nos chats. Sans colorants ni conservateurs artificiels ajout\u00e9s.<\/p>\n<p><b>Composition :<\/b><\/p>\n<p>Riz, gluten de ma\u00efs, poulet (d\u00e9shydrat\u00e9 18%, viande fra\u00eeche 5%), poisson (saumon s\u00e9ch\u00e9), graisse animale (huile de poulet purifi\u00e9e \u00e0 99,5%), avoine, prot\u00e9ines animales hydrolys\u00e9es (foie), pois s\u00e9ch\u00e9s, \u0153ufs s\u00e9ch\u00e9s, huile de poisson (huile de saumon 1%), substances min\u00e9rales, produits de levure (mannan-oligosaccharides MOS 1%), Xylo-oligosaccharides (XOS 0,3%), Yucca schidigera (0,1%).<\/p>\n<p><b>Composants analytiques :<\/b><\/p>\n<p>Prot\u00e9ines brutes : 31%, Fibres brutes : 2,5%, Mati\u00e8res grasses brutes : 16% ,Cendres brutes : 5%, Calcium : 0,8%, Phosphore : 0,8%, Sodium : 0,2%, Magn\u00e9sium : 0,06%, Potassium : 1,2%, Chlorure : 1,9%, Soufre : 0,16%, Acides gras Om\u00e9ga-3 : 0,4%, Acides gras Om\u00e9ga-6 : 4,5%<\/p>\n<p><strong>Additifs acidifiants de l\u2019urine :<\/strong><\/p>\n<p>Chlorure d\u2019ammonium 0,2%, Chlorure de potassium 0,4%.<\/p>\n<p>\u00c9nergie M\u00e9tabolisable : 4.200 kcal\/kg<\/p>\n<p><b>Additifs nutritionnels :<\/b><\/p>\n<p>Vitamine A (ac\u00e9tate de r\u00e9tinyle) : 32.300 UI\/kg, Vitamine D3 : 1.690 UI\/kg, Vitamine E (tout-rac-alpha-tocoph\u00e9rol ac\u00e9tate 3a700i) : 75 mg\/kg, S\u00e9l\u00e9nium (s\u00e9l\u00e9nite de sodium 0,27 mg\/kg) : 0,12 mg\/kg, Mangan\u00e8se (sulfate de mangan\u00e8se monohydrat\u00e9 58 mg\/kg) : 19 mg\/kg, Zinc (oxyde de zinc 109 mg\/kg) : 87,5 mg\/kg, Cuivre (sulfate de cuivre (II) pentahydrat\u00e9 29 mg\/kg) : 7,5 mg\/kg, Fer (sulfate de fer (II) monohydrat\u00e9 190 mg\/kg) : 62,5 mg\/kg, Iode (iodate de calcium anhydre 1,5 mg\/kg) : 1 mg\/kg, L-Carnitine : 1.000 mg\/kg, DL-M\u00e9thionine techniquement pure : 1.000 mg\/kg, Taurine : 1.100 mg\/kg<\/p>\n<p><b>Additifs technologiques :<\/b><\/p>\n<p>Extraits de tocoph\u00e9rol issus d\u2019huiles v\u00e9g\u00e9tales.<\/p>\n<p><b>Mode d\u2019emploi :<\/b><\/p>\n<p>Il est recommand\u00e9 de consulter un v\u00e9t\u00e9rinaire avant utilisation ou avant de prolonger la p\u00e9riode d\u2019administration.<\/p>\n<p><strong>P\u00e9riode d\u2019utilisation recommand\u00e9e :<\/strong><\/p>\n<p>initialement jusqu\u2019\u00e0 six mois.<\/p>\n<p>La ration journali\u00e8re recommand\u00e9e indiqu\u00e9e dans le tableau peut \u00eatre r\u00e9partie en deux repas par jour.<\/p>\n<p>Les quantit\u00e9s peuvent \u00eatre adapt\u00e9es en fonction de la taille, de l\u2019\u00e2ge et des conditions de vie du chat.<\/p>\n<p>&nbsp;<\/p>\n<p>Laisser toujours de l\u2019eau fra\u00eeche et propre \u00e0 disposition.<\/p>\n<p>Lors du passage \u00e0 ce produit \u00e0 partir d\u2019un autre type d\u2019alimentation, il est conseill\u00e9 de l\u2019introduire progressivement sur une p\u00e9riode d\u2019au moins une semaine.<\/p>\n<p>Aliment pour chats, non destin\u00e9 \u00e0 la consommation humaine.<\/p>\n","protected":false},"excerpt":{"rendered":"<p>Sans colorants ni conservateurs artificiels ajout\u00e9s.<\/p>\n<p>Aliment di\u00e9t\u00e9tique complet formul\u00e9 pour r\u00e9duire les r\u00e9cidives des calculs de struvite chez les chats.<\/p>\n","protected":false},"featured_media":40381,"template":"","meta":{"jetpack_publicize_message":"","jetpack_publicize_feature_enabled":true,"jetpack_social_post_already_shared":true,"jetpack_social_options":{"image_generator_settings":{"template":"highway","default_image_id":0,"font":"","enabled":false},"version":2}},"product_brand":[],"product_cat":[40,187],"product_tag":[],"class_list":{"0":"post-38570","1":"product","2":"type-product","3":"status-publish","4":"has-post-thumbnail","6":"product_cat-coquettes-pour-chat","7":"product_cat-destockage","9":"first","10":"instock","11":"taxable","12":"shipping-taxable","13":"purchasable","14":"product-type-simple"},"supplier_id":31321,"supplier_sku":"","barcode":null,"atum_controlled":true,"out_stock_date":null,"out_stock_threshold":null,"inheritable":false,"inbound_stock":0,"stock_on_hold":0,"sold_today":0,"sales_last_days":0,"reserved_stock":0,"customer_returns":0,"warehouse_damage":0,"lost_in_post":0,"other_logs":0,"out_stock_days":0,"lost_sales":0,"has_location":false,"update_date":"2026-04-24T12:25:53","atum_locations":[],"atum_stock_status":"instock","restock_status":false,"low_stock_amount":1,"sales_update_date":"2026-04-24T12:25:53","calc_backorders":null,"jetpack_publicize_connections":[],"jetpack_sharing_enabled":true,"batches":[{"id":"8981","date_created":"2026-04-20 22:05:13","date_expiry":"2027-04-07 00:00:00","user_id":"2461","batch_number":"PROMO070427","location":"","quantity":"2.0000","quantity_available":"2.0000","units":"1","status":"active","order_ids":null,"supplier":"Monge","po":{"id":"8905","date_created":"2026-04-20 22:05:14","batch_id":"8981","po_number":"","supplier":"Monge","cost":null,"regular_price":null,"sale_price":null,"price_margin":null,"price_discount":null}}],"_links":{"self":[{"href":"https:\/\/petworld.ma\/index.php\/wp-json\/wp\/v2\/product\/38570","targetHints":{"allow":["GET"]}}],"collection":[{"href":"https:\/\/petworld.ma\/index.php\/wp-json\/wp\/v2\/product"}],"about":[{"href":"https:\/\/petworld.ma\/index.php\/wp-json\/wp\/v2\/types\/product"}],"wp:featuredmedia":[{"embeddable":true,"href":"https:\/\/petworld.ma\/index.php\/wp-json\/wp\/v2\/media\/40381"}],"wp:attachment":[{"href":"https:\/\/petworld.ma\/index.php\/wp-json\/wp\/v2\/media?parent=38570"}],"wp:term":[{"taxonomy":"product_brand","embeddable":true,"href":"https:\/\/petworld.ma\/index.php\/wp-json\/wp\/v2\/product_brand?post=38570"},{"taxonomy":"product_cat","embeddable":true,"href":"https:\/\/petworld.ma\/index.php\/wp-json\/wp\/v2\/product_cat?post=38570"},{"taxonomy":"product_tag","embeddable":true,"href":"https:\/\/petworld.ma\/index.php\/wp-json\/wp\/v2\/product_tag?post=38570"}],"curies":[{"name":"wp","href":"https:\/\/api.w.org\/{rel}","templated":true}]}}