{"id":38615,"date":"2026-03-31T15:51:47","date_gmt":"2026-03-31T15:51:47","guid":{"rendered":"https:\/\/petworld.ma\/?post_type=product&#038;p=38615"},"modified":"2026-04-20T21:48:25","modified_gmt":"2026-04-20T21:48:25","slug":"monge-mini-adult-poulet-croquettes-3kg-800g-gratuit","status":"publish","type":"product","link":"https:\/\/petworld.ma\/index.php\/produit\/monge-mini-adult-poulet-croquettes-3kg-800g-gratuit\/","title":{"rendered":"Monge Mini Adult Poulet Croquettes 3kg +800g Gratuit"},"content":{"rendered":"<p>Monge Natural Superpremium Mini Adult Riche en Poulet est un aliment complet pour chiens adultes de petite taille (&lt;10 kg). Sp\u00e9cialement d\u00e9velopp\u00e9 pour le bien-\u00eatre de votre chien, gr\u00e2ce \u00e0 des nutriments de qualit\u00e9 issus de la recherche Made in Italy. Le premier ingr\u00e9dient est le poulet, et la formulation se distingue par sa digestibilit\u00e9 et son app\u00e9tence gr\u00e2ce \u00e0 l\u2019inclusion de viande fra\u00eeche. La recette est enrichie en pr\u00e9biotiques de derni\u00e8re g\u00e9n\u00e9ration, les xilooligosaccharides (XOS), pour soutenir le bien-\u00eatre intestinal. Elle contient \u00e9galement de la L-carnitine pour aider \u00e0 maintenir un poids corporel id\u00e9al et un rapport optimal om\u00e9ga-6\/om\u00e9ga-3 pour pr\u00e9server la brillance du pelage, gr\u00e2ce \u00e0 la pr\u00e9sence d\u2019huile de saumon. Sans colorants ni conservateurs artificiels ajout\u00e9s.<\/p>\n<p><strong>Composition :<br \/>\n<\/strong><br \/>\nPoulet (d\u00e9shydrat\u00e9 30%, viande fra\u00eeche 10%), riz, ma\u00efs, graisse animale (huile de poulet purifi\u00e9e \u00e0 99,5%), pulpe de betterave s\u00e9ch\u00e9e, levures de bi\u00e8re inactiv\u00e9es, gluten de ma\u00efs, prot\u00e9ines animales hydrolys\u00e9es (foie), poisson (saumon s\u00e9ch\u00e9), huile de poisson (huile de saumon 1%), min\u00e9raux, produits de levure (mannanoligosaccharides MOS 1%), xilo-oligosaccharides (XOS 0,3%), yucca schidigera (0,3%), farine d&rsquo;algues (spiruline &#8211; Arthrospira platensis 0,3%), glucosamine, sulfate de chondro\u00eftine.<\/p>\n<p><strong>Composant analytiques :<\/strong><\/p>\n<p>Prot\u00e9ine brute : 26%, Fibre brute : 2,5%, Graisses brutes : 14%, Cendres brutes : 6%. Calcium : 1,2%, Phosphore : 0,8%, Acides gras Omega-3 : 0,7%, Acides gras Omega-6 : 3,8%, Omega-6\/Omega-3 = 5. \u00c9nergie m\u00e9tabolisable : 4.050 kcal\/kg.<\/p>\n<p><b>Additifs nutritionnels :<\/b><\/p>\n<p>Vitamine A (ac\u00e9tate de r\u00e9tinyle) 33.800 UI\/kg, Vitamine D3 1.700 UI\/kg, Vitamine E (tout-rac-alpha-tocoph\u00e9rol ac\u00e9tate 3a700i) 80 mg\/kg, S\u00e9l\u00e9nium (s\u00e9l\u00e9nite de sodium 0,4 mg\/kg) 0,2 mg\/kg, Mangan\u00e8se (sulfate manganosique monohydrat\u00e9 99 mg\/kg) 32 mg\/kg, Zinc (oxyde de zinc 187 mg\/kg) : 150 mg\/kg, Cuivre (sulfate de cuivre (II) pentahydrat\u00e9 50 mg\/kg) 12 mg\/kg, Fer (sulfate de fer (II) monohydrat\u00e9 326 mg\/kg) 107 mg\/kg, Iode (iodate de calcium anhydre 2,6 mg\/kg) 1,7 mg\/kg ; L-Carnitine 100 mg\/kg ; DL-M\u00e9thionine techniquement pure : 1.500 mg\/kg.<\/p>\n<p><b>Additifs technologiques :<\/b><\/p>\n<p>Antioxydants : Extraits de tocoph\u00e9rols provenant d&rsquo;huiles v\u00e9g\u00e9tales.<\/p>\n<p><b>Additifs organoleptiques :<\/b><\/p>\n<p>Extrait de Ch\u00e2taigne (Castanea sativa) 20 mg\/kg.<\/p>\n<p><b>Mode d\u2019emploi :<\/b><\/p>\n<p>La ration quotidienne recommand\u00e9e, indiqu\u00e9e dans le tableau, peut \u00eatre divis\u00e9e en 2 repas par jour. Les quantit\u00e9s peuvent \u00eatre ajust\u00e9es en fonction de la taille, de l&rsquo;\u00e2ge et de l&rsquo;activit\u00e9 physique de l&rsquo;animal. Assurez-vous de toujours laisser de l&rsquo;eau fra\u00eeche et propre \u00e0 disposition. Lorsque le produit remplace un autre type d&rsquo;aliment, il est conseill\u00e9 de l&rsquo;introduire progressivement, sur une p\u00e9riode d&rsquo;au moins 1 semaine. Aliment pour chiens, non destin\u00e9 \u00e0 la consommation humaine.<\/p>\n","protected":false},"excerpt":{"rendered":"<p>Sans colorants ni conservateurs artificiels ajout\u00e9s.<\/p>\n<p>Riche en Poulet et un aliment complet pour chiens adultes de petite taille (&lt;10 kg).<\/p>\n","protected":false},"featured_media":40380,"template":"","meta":{"jetpack_publicize_message":"","jetpack_publicize_feature_enabled":true,"jetpack_social_post_already_shared":true,"jetpack_social_options":{"image_generator_settings":{"template":"highway","default_image_id":0,"font":"","enabled":false},"version":2}},"product_brand":[],"product_cat":[26,187],"product_tag":[],"class_list":{"0":"post-38615","1":"product","2":"type-product","3":"status-publish","4":"has-post-thumbnail","6":"product_cat-croquettes","7":"product_cat-destockage","9":"first","10":"instock","11":"taxable","12":"shipping-taxable","13":"purchasable","14":"product-type-simple"},"supplier_id":31321,"supplier_sku":"","barcode":null,"atum_controlled":true,"out_stock_date":null,"out_stock_threshold":null,"inheritable":false,"inbound_stock":0,"stock_on_hold":0,"sold_today":0,"sales_last_days":0,"reserved_stock":0,"customer_returns":0,"warehouse_damage":0,"lost_in_post":0,"other_logs":0,"out_stock_days":0,"lost_sales":0,"has_location":false,"update_date":"2026-04-22T09:56:01","atum_locations":[],"atum_stock_status":"instock","restock_status":false,"low_stock_amount":"","sales_update_date":"2026-04-22T09:56:01","calc_backorders":null,"jetpack_publicize_connections":[],"jetpack_sharing_enabled":true,"batches":[{"id":"8980","date_created":"2026-04-20 21:48:24","date_expiry":"2027-08-05 00:00:00","user_id":"2461","batch_number":"PROMO0827","location":"","quantity":"1.0000","quantity_available":"1.0000","units":"1","status":"active","order_ids":null,"supplier":"Monge","po":{"id":"8904","date_created":"2026-04-20 21:48:24","batch_id":"8980","po_number":"","supplier":"Monge","cost":null,"regular_price":null,"sale_price":null,"price_margin":null,"price_discount":null}}],"_links":{"self":[{"href":"https:\/\/petworld.ma\/index.php\/wp-json\/wp\/v2\/product\/38615","targetHints":{"allow":["GET"]}}],"collection":[{"href":"https:\/\/petworld.ma\/index.php\/wp-json\/wp\/v2\/product"}],"about":[{"href":"https:\/\/petworld.ma\/index.php\/wp-json\/wp\/v2\/types\/product"}],"wp:featuredmedia":[{"embeddable":true,"href":"https:\/\/petworld.ma\/index.php\/wp-json\/wp\/v2\/media\/40380"}],"wp:attachment":[{"href":"https:\/\/petworld.ma\/index.php\/wp-json\/wp\/v2\/media?parent=38615"}],"wp:term":[{"taxonomy":"product_brand","embeddable":true,"href":"https:\/\/petworld.ma\/index.php\/wp-json\/wp\/v2\/product_brand?post=38615"},{"taxonomy":"product_cat","embeddable":true,"href":"https:\/\/petworld.ma\/index.php\/wp-json\/wp\/v2\/product_cat?post=38615"},{"taxonomy":"product_tag","embeddable":true,"href":"https:\/\/petworld.ma\/index.php\/wp-json\/wp\/v2\/product_tag?post=38615"}],"curies":[{"name":"wp","href":"https:\/\/api.w.org\/{rel}","templated":true}]}}