{"id":38622,"date":"2026-03-31T16:04:21","date_gmt":"2026-03-31T16:04:21","guid":{"rendered":"https:\/\/petworld.ma\/?post_type=product&#038;p=38622"},"modified":"2026-04-20T21:42:46","modified_gmt":"2026-04-20T21:42:46","slug":"monge-medium-puppy-and-junior-poulet-croquettes-chiot-12kg-promo","status":"publish","type":"product","link":"https:\/\/petworld.ma\/index.php\/produit\/monge-medium-puppy-and-junior-poulet-croquettes-chiot-12kg-promo\/","title":{"rendered":"Monge Medium Puppy And Junior Poulet Croquettes Chiot 12kg Promo"},"content":{"rendered":"<p>Monge Natural Superpremium Medium Puppy &amp; Junior Riche en Poulet est un aliment complet pour chiots de taille moyenne (10-32 kg). Sp\u00e9cifiquement d\u00e9velopp\u00e9 pour le bien-\u00eatre de votre chiot, gr\u00e2ce \u00e0 des nutriments de qualit\u00e9 issus de la recherche Made in Italy.Le premier ingr\u00e9dient est le poulet, et la formulation garantit une excellente digestibilit\u00e9 et app\u00e9tence gr\u00e2ce \u00e0 l\u2019inclusion de viande fra\u00eeche. La recette est enrichie avec des pr\u00e9biotiques de derni\u00e8re g\u00e9n\u00e9ration, les xilo-oligosaccharides (XOS), qui favorisent un bon \u00e9quilibre intestinal.Cette formulation contient \u00e9galement de la glucosamine et du sulfate de chondro\u00eftine, essentiels au d\u00e9veloppement des articulations, ainsi qu\u2019un rapport calcium\/phosphore \u00e9quilibr\u00e9 pour une croissance harmonieuse des os et des articulations du chiot.Sans colorants ni conservateurs artificiels ajout\u00e9s.<\/p>\n<p><strong>Composition :<\/strong><\/p>\n<p>Poulet (d\u00e9shydrat\u00e9 32 %, viande fra\u00eeche 10 %), riz, ma\u00efs, graisse animale (huile de poulet purifi\u00e9e \u00e0 99,5 %), pulpe de betterave s\u00e9ch\u00e9e, levures de bi\u00e8re inactiv\u00e9es, gluten de ma\u00efs, prot\u00e9ines animales hydrolys\u00e9es (foie), avoine, \u0153ufs s\u00e9ch\u00e9s, poisson (saumon s\u00e9ch\u00e9), huile de poisson (huile de saumon), min\u00e9raux, mannane-oligosaccharides (MOS 1 %), xilo-oligosaccharides (XOS 0,3 %), yucca schidigera (0,3 %), farine d\u2019algues (spiruline &#8211; Arthrospira platensis 0,3 %), extraits v\u00e9g\u00e9taux (racine d\u2019\u00e9chinac\u00e9e pourpre 0,2 %, origan (Origanum vulgare) 0,1 %), ail s\u00e9ch\u00e9 (0,2 %), glucosamine (0,057 %), sulfate de chondro\u00eftine (0,04 %).<\/p>\n<p><strong>Constituants analytiques :<\/strong><\/p>\n<p>Prot\u00e9ines brutes : 29 %,\u00a0Fibres brutes : 2 %,\u00a0Mati\u00e8res grasses brutes : 18 %,\u00a0Cendres brutes : 7,5 %,\u00a0Calcium : 1,3 %,\u00a0Phosphore : 1 %,\u00a0Ratio Calcium\/Phosphore : 1,3,\u00a0Acides gras om\u00e9ga-3 : 0,8 %,\u00a0Acides gras om\u00e9ga-6 : 5,2 %,\u00a0\u00c9nergie M\u00e9tabolisable : 4 200 kcal\/kg<\/p>\n<p><strong>Additifs nutritionnels :<\/strong><\/p>\n<p>Vitamine A (ac\u00e9tate de r\u00e9tinyle) : 30 700 UI\/kg,\u00a0Vitamine D3 : 1 610 UI\/kg,\u00a0Vitamine E (tout-rac-alpha-tocoph\u00e9rol ac\u00e9tate) : 72 mg\/kg,\u00a0S\u00e9l\u00e9nium (s\u00e9l\u00e9nite de sodium 0,4 mg\/kg) : 0,2 mg\/kg,\u00a0Mangan\u00e8se (sulfate mangan\u00e8se monohydrat\u00e9 99 mg\/kg) : 32 mg\/kg,\u00a0Zinc (oxyde de zinc 187 mg\/kg) : 150 mg\/kg,\u00a0Cuivre (sulfate de cuivre (II) pentahydrat\u00e9 50 mg\/kg) : 12 mg\/kg,\u00a0Fer (sulfate de fer (II) monohydrat\u00e9 326 mg\/kg) : 107 mg\/kg,\u00a0Iode (iodate de calcium anhydre 2,6 mg\/kg) : 1,7 mg\/kg,\u00a0L-Carnitine : 100 mg\/kg,\u00a0DL-M\u00e9thionine : 1 500 mg\/kg<\/p>\n<p><strong>Additifs technologiques :<\/strong><\/p>\n<p>Antioxydants : Extraits de tocoph\u00e9rol issus d\u2019huiles v\u00e9g\u00e9tales.<\/p>\n<p><strong>Additifs organoleptiques :<\/strong><\/p>\n<p>Extrait de ch\u00e2taigne (Castanea sativa) : 20 mg\/kg<\/p>\n<p>Extrait d\u2019artichaut (Cynara scolymus L.) : 300 mg\/kg<\/p>\n<p><strong>Mode d&#8217;emploi :<\/strong><\/p>\n<p>La ration journali\u00e8re recommand\u00e9e indiqu\u00e9e dans le tableau peut \u00eatre r\u00e9partie en 3 repas par jour. Les quantit\u00e9s peuvent \u00eatre ajust\u00e9es en fonction de la taille, de l\u2019\u00e2ge et du niveau d\u2019activit\u00e9 du chiot. Toujours laisser de l\u2019eau fra\u00eeche et propre \u00e0 disposition. Lors du passage \u00e0 cet aliment depuis une autre alimentation, il est conseill\u00e9 de l\u2019introduire progressivement sur au moins une semaine.<\/p>\n<p>Aliment pour chiens non destin\u00e9 \u00e0 la consommation humaine.<\/p>\n","protected":false},"excerpt":{"rendered":"<p>Sans colorants ni conservateurs artificiels ajout\u00e9s.<\/p>\n<p>Riche en Poulet est un aliment complet pour chiots de taille moyenne (10-32 kg).<\/p>\n","protected":false},"featured_media":40379,"template":"","meta":{"jetpack_publicize_message":"","jetpack_publicize_feature_enabled":true,"jetpack_social_post_already_shared":true,"jetpack_social_options":{"image_generator_settings":{"template":"highway","default_image_id":0,"font":"","enabled":false},"version":2}},"product_brand":[],"product_cat":[26,187],"product_tag":[],"class_list":{"0":"post-38622","1":"product","2":"type-product","3":"status-publish","4":"has-post-thumbnail","6":"product_cat-croquettes","7":"product_cat-destockage","9":"first","10":"instock","11":"sale","12":"taxable","13":"shipping-taxable","14":"purchasable","15":"product-type-simple"},"supplier_id":31321,"supplier_sku":"","barcode":null,"atum_controlled":true,"out_stock_date":null,"out_stock_threshold":null,"inheritable":false,"inbound_stock":0,"stock_on_hold":0,"sold_today":0,"sales_last_days":0,"reserved_stock":0,"customer_returns":0,"warehouse_damage":0,"lost_in_post":0,"other_logs":0,"out_stock_days":0,"lost_sales":0,"has_location":false,"update_date":"2026-04-22T09:56:01","atum_locations":[],"atum_stock_status":"instock","restock_status":false,"low_stock_amount":1,"sales_update_date":"2026-04-22T09:56:01","calc_backorders":null,"jetpack_publicize_connections":[],"jetpack_sharing_enabled":true,"batches":[{"id":"8601","date_created":"2026-03-31 16:12:46","date_expiry":"2027-03-23 00:00:00","user_id":"2461","batch_number":"MongeMediumPuupy12kg230327","location":"","quantity":"2.0000","quantity_available":"2.0000","units":"1","status":"active","order_ids":null,"supplier":"Monge","po":{"id":"8529","date_created":"2026-03-31 16:12:47","batch_id":"8601","po_number":"","supplier":"Monge","cost":null,"regular_price":null,"sale_price":null,"price_margin":null,"price_discount":null}}],"_links":{"self":[{"href":"https:\/\/petworld.ma\/index.php\/wp-json\/wp\/v2\/product\/38622","targetHints":{"allow":["GET"]}}],"collection":[{"href":"https:\/\/petworld.ma\/index.php\/wp-json\/wp\/v2\/product"}],"about":[{"href":"https:\/\/petworld.ma\/index.php\/wp-json\/wp\/v2\/types\/product"}],"wp:featuredmedia":[{"embeddable":true,"href":"https:\/\/petworld.ma\/index.php\/wp-json\/wp\/v2\/media\/40379"}],"wp:attachment":[{"href":"https:\/\/petworld.ma\/index.php\/wp-json\/wp\/v2\/media?parent=38622"}],"wp:term":[{"taxonomy":"product_brand","embeddable":true,"href":"https:\/\/petworld.ma\/index.php\/wp-json\/wp\/v2\/product_brand?post=38622"},{"taxonomy":"product_cat","embeddable":true,"href":"https:\/\/petworld.ma\/index.php\/wp-json\/wp\/v2\/product_cat?post=38622"},{"taxonomy":"product_tag","embeddable":true,"href":"https:\/\/petworld.ma\/index.php\/wp-json\/wp\/v2\/product_tag?post=38622"}],"curies":[{"name":"wp","href":"https:\/\/api.w.org\/{rel}","templated":true}]}}