{"id":38627,"date":"2026-03-31T16:13:27","date_gmt":"2026-03-31T16:13:27","guid":{"rendered":"https:\/\/petworld.ma\/?post_type=product&#038;p=38627"},"modified":"2026-04-20T21:38:03","modified_gmt":"2026-04-20T21:38:03","slug":"monge-maxi-puppy-and-junior-poulet-croquettes-chiot-12kg-promo","status":"publish","type":"product","link":"https:\/\/petworld.ma\/index.php\/produit\/monge-maxi-puppy-and-junior-poulet-croquettes-chiot-12kg-promo\/","title":{"rendered":"Monge Maxi Puppy And Junior Poulet Croquettes Chiot 12kg Promo"},"content":{"rendered":"<p>Monge Natural Superpremium Maxi Puppy and Junior Riche en poulet est un aliment complet pour chiots de grande taille (32-80 kg). D\u00e9velopp\u00e9 sp\u00e9cifiquement pour le bien-\u00eatre de votre chien, gr\u00e2ce \u00e0 des nutriments de qualit\u00e9 issus de la recherche Made in Italy. Le premier ingr\u00e9dient est le poulet, et la formule est caract\u00e9ris\u00e9e par une digestibilit\u00e9 et une app\u00e9tence optimales gr\u00e2ce \u00e0 l&rsquo;inclusion de viande fra\u00eeche. La recette est enrichie de pr\u00e9biotiques de derni\u00e8re g\u00e9n\u00e9ration, les xilo-oligosaccharides (XOS), pour soutenir le bien-\u00eatre intestinal. La formulation contient \u00e9galement de la glucosamine et du sulfate de chondro\u00eftine pour soutenir le d\u00e9veloppement articulaire, ainsi qu&rsquo;un rapport \u00e9quilibr\u00e9 calcium\/phosphore pour une croissance r\u00e9guli\u00e8re des os et des articulations du chiot. Sans colorants ni conservateurs artificiels ajout\u00e9s.<\/p>\n<p><strong>Composition :\u00a0<\/strong><\/p>\n<p>Poulet (d\u00e9shydrat\u00e9 32%, viande fra\u00eeche 10%), Riz, Ma\u00efs, Graisse animale (huile de poulet purifi\u00e9e \u00e0 99,5%), Pulpe de betterave s\u00e9ch\u00e9e, Levures de bi\u00e8re inactiv\u00e9es, Gluten de ma\u00efs, Prot\u00e9ines animales hydrolys\u00e9es (foie), Avoine, \u0152ufs s\u00e9ch\u00e9s, Poisson (saumon s\u00e9ch\u00e9), Huile de poisson (huile de saumon), Min\u00e9raux, Produits de levure (source de mannan-oligosaccharides MOS), Xilo-oligosaccharides (XOS 0,3%), Yucca schidigera (0,3%), Farine d&rsquo;algues (spiruline &#8211; Arthrospira platensis 0,3%), Produits transform\u00e9s \u00e0 partir de plantes (racine d&rsquo;Echinacea purpurea 0,2%, Origanum Vulgare 0,1%), Ail s\u00e9ch\u00e9 (0,2%), Glucosamine (0,057%), Sulfate de chondro\u00eftine (0,04%)<\/p>\n<p><strong><br \/>\nComposants analytiques :<\/strong><\/p>\n<p>Prot\u00e9ines brutes : 28%, Fibres brutes : 2%, Graisses brutes : 16%, Cendres brutes : 7%, Calcium : 1,3%, Phosphore : 0,8%, Rapport Calcium\/Phosphore = 1,6, Acides gras Omega-3 : 0,5%, Acides gras Omega-6 : 4,5%, \u00c9nergie m\u00e9tabolisable : 4.120 kcal\/kg<\/p>\n<p><strong>Additifs nutritionnels :<\/strong><\/p>\n<p>Vitamine A (ac\u00e9tate de r\u00e9tinyle) : 30.700 UI\/kg, aVitamine D3 : 1.610 UI\/kg, Vitamine E (tout-rac-alph-tocoph\u00e9rol ac\u00e9tate 3a700i) : 72 mg\/kg, S\u00e9l\u00e9nium (s\u00e9l\u00e9nite de sodium) : 0,2 mg\/kg, Mangan\u00e8se (sulfate manganosique monohydrat\u00e9) : 30 mg\/kg, Zinc (oxyde de zinc) : 140 mg\/kg, Cuivre (sulfate de cuivre (II) pentahydrat\u00e9) : 12 mg\/kg, Fer (sulfate de fer (II) monohydrat\u00e9) : 100 mg\/kg, Iode (iodate de calcium anhydre) : 1,6 mg\/kg, L-Carnitine : 100 mg\/kg, DL-M\u00e9thionine techniquement pure : 1.500 mg\/kg<\/p>\n<p><strong><br \/>\nAntioxydants :<br \/>\n<\/strong><br \/>\nextraits de tocoph\u00e9rols provenant d&rsquo;huiles v\u00e9g\u00e9tales.<\/p>\n<p><strong>Additifs organoleptiques :<\/strong><\/p>\n<p>Extrait de Ch\u00e2taigne (Castanea sativa) : 20 mg\/kg<\/p>\n<p>Extrait de Artichaut (Cynara scolymus L.) : 300 mg\/kg<\/p>\n<p><strong><br \/>\nMode d&#8217;emploi :\u00a0<\/strong><\/p>\n<p>La ration journali\u00e8re recommand\u00e9e, indiqu\u00e9e dans le tableau, peut \u00eatre r\u00e9partie en 3 repas journaliers. Les quantit\u00e9s peuvent \u00eatre ajust\u00e9es en fonction de la taille, de l&rsquo;\u00e2ge et de l&rsquo;activit\u00e9 physique de l&rsquo;animal. Assurez-vous de toujours laisser de l&rsquo;eau fra\u00eeche et propre \u00e0 disposition. Lorsque le produit remplace un autre type d&rsquo;aliment ou de r\u00e9gime, il est recommand\u00e9 de l&rsquo;introduire progressivement, sur une p\u00e9riode d&rsquo;au moins 1 semaine. Aliment pour chiens non destin\u00e9 \u00e0 la consommation humaine.<\/p>\n","protected":false},"excerpt":{"rendered":"<p>Sans colorants ni conservateurs artificiels ajout\u00e9s.<\/p>\n<p>Riche en Poulet est un aliment complet pour chiots de grande taille (32-80 kg).<\/p>\n","protected":false},"featured_media":40378,"template":"","meta":{"jetpack_publicize_message":"","jetpack_publicize_feature_enabled":true,"jetpack_social_post_already_shared":true,"jetpack_social_options":{"image_generator_settings":{"template":"highway","default_image_id":0,"font":"","enabled":false},"version":2}},"product_brand":[],"product_cat":[26,187],"product_tag":[],"class_list":{"0":"post-38627","1":"product","2":"type-product","3":"status-publish","4":"has-post-thumbnail","6":"product_cat-croquettes","7":"product_cat-destockage","9":"first","10":"instock","11":"sale","12":"taxable","13":"shipping-taxable","14":"purchasable","15":"product-type-simple"},"supplier_id":31321,"supplier_sku":"","barcode":null,"atum_controlled":true,"out_stock_date":null,"out_stock_threshold":null,"inheritable":false,"inbound_stock":null,"stock_on_hold":0,"sold_today":0,"sales_last_days":0,"reserved_stock":null,"customer_returns":null,"warehouse_damage":null,"lost_in_post":null,"other_logs":null,"out_stock_days":0,"lost_sales":0,"has_location":false,"update_date":"2026-04-20T21:38:04","atum_locations":[],"atum_stock_status":"instock","restock_status":false,"low_stock_amount":"","sales_update_date":"2026-04-15T00:08:50","calc_backorders":null,"jetpack_publicize_connections":[],"jetpack_sharing_enabled":true,"batches":[{"id":"8602","date_created":"2026-03-31 16:23:51","date_expiry":"2027-03-31 00:00:00","user_id":"2461","batch_number":"Monge Maxi Puppy And Junior Poulet Croquettes Chiot 12kg Promo310327","location":"","quantity":"1.0000","quantity_available":"1.0000","units":"1","status":"active","order_ids":null,"supplier":"Monge","po":{"id":"8530","date_created":"2026-03-31 16:23:51","batch_id":"8602","po_number":"","supplier":"Monge","cost":null,"regular_price":null,"sale_price":null,"price_margin":null,"price_discount":null}}],"_links":{"self":[{"href":"https:\/\/petworld.ma\/index.php\/wp-json\/wp\/v2\/product\/38627","targetHints":{"allow":["GET"]}}],"collection":[{"href":"https:\/\/petworld.ma\/index.php\/wp-json\/wp\/v2\/product"}],"about":[{"href":"https:\/\/petworld.ma\/index.php\/wp-json\/wp\/v2\/types\/product"}],"wp:featuredmedia":[{"embeddable":true,"href":"https:\/\/petworld.ma\/index.php\/wp-json\/wp\/v2\/media\/40378"}],"wp:attachment":[{"href":"https:\/\/petworld.ma\/index.php\/wp-json\/wp\/v2\/media?parent=38627"}],"wp:term":[{"taxonomy":"product_brand","embeddable":true,"href":"https:\/\/petworld.ma\/index.php\/wp-json\/wp\/v2\/product_brand?post=38627"},{"taxonomy":"product_cat","embeddable":true,"href":"https:\/\/petworld.ma\/index.php\/wp-json\/wp\/v2\/product_cat?post=38627"},{"taxonomy":"product_tag","embeddable":true,"href":"https:\/\/petworld.ma\/index.php\/wp-json\/wp\/v2\/product_tag?post=38627"}],"curies":[{"name":"wp","href":"https:\/\/api.w.org\/{rel}","templated":true}]}}