{"id":38711,"date":"2026-04-01T18:44:15","date_gmt":"2026-04-01T18:44:15","guid":{"rendered":"https:\/\/petworld.ma\/?post_type=product&#038;p=38711"},"modified":"2026-04-01T20:24:44","modified_gmt":"2026-04-01T20:24:44","slug":"shampooing-pre-wash-orange-blossom-got-pets-pour-chiens-chat-250ml","status":"publish","type":"product","link":"https:\/\/petworld.ma\/index.php\/produit\/shampooing-pre-wash-orange-blossom-got-pets-pour-chiens-chat-250ml\/","title":{"rendered":"Shampooing &#038; Pr\u00e9-Wash Orange Blossom GOT PETS pour Chiens &#038; Chat 250ml"},"content":{"rendered":"<h3 data-section-id=\"1e73li2\" data-start=\"604\" data-end=\"648\">\ud83c\udf3f Routine compl\u00e8te de soin pour animaux<\/h3>\n<p data-start=\"650\" data-end=\"797\">La gamme <strong data-start=\"659\" data-end=\"686\">GOT PETS Orange Blossom<\/strong> est con\u00e7ue pour offrir un soin professionnel aux chiens et chats, tout en respectant leur peau et leur pelage.<\/p>\n<p data-start=\"799\" data-end=\"871\">D\u00e9velopp\u00e9e par des professionnels du grooming, cette routine permet de :<\/p>\n<ul data-start=\"873\" data-end=\"1000\">\n<li data-section-id=\"1pod1h2\" data-start=\"873\" data-end=\"896\">Nettoyer en douceur<\/li>\n<li data-section-id=\"1p6kecj\" data-start=\"897\" data-end=\"921\">D\u00e9m\u00ealer efficacement<\/li>\n<li data-section-id=\"iq1vzj\" data-start=\"922\" data-end=\"956\">Hydrater et prot\u00e9ger le pelage<\/li>\n<li data-section-id=\"l7bi4f\" data-start=\"957\" data-end=\"1000\">Laisser un parfum agr\u00e9able longue dur\u00e9e<\/li>\n<\/ul>\n<p data-start=\"1002\" data-end=\"1065\">\ud83d\udc49 Id\u00e9al pour un usage r\u00e9gulier ou professionnel (toiletteurs).<\/p>\n<hr data-start=\"1067\" data-end=\"1070\" \/>\n<h3 data-section-id=\"gni7je\" data-start=\"1072\" data-end=\"1098\">\ud83e\uddf4 Les produits inclus<\/h3>\n<p data-start=\"1100\" data-end=\"1124\"><strong data-start=\"1100\" data-end=\"1124\">1. Pr\u00e9-Wash d\u00e9m\u00ealant<\/strong><\/p>\n<ul data-start=\"1125\" data-end=\"1217\">\n<li data-section-id=\"1ixr7fm\" data-start=\"1125\" data-end=\"1159\">Pr\u00e9pare le pelage avant lavage<\/li>\n<li data-section-id=\"e1ab7r\" data-start=\"1160\" data-end=\"1192\">Hydrate et assouplit le poil<\/li>\n<li data-section-id=\"xv5ftp\" data-start=\"1193\" data-end=\"1217\">Facilite le d\u00e9m\u00ealage<\/li>\n<\/ul>\n<p data-start=\"1219\" data-end=\"1243\"><strong data-start=\"1219\" data-end=\"1243\">2. Shampooing Luxury<\/strong><\/p>\n<ul data-start=\"1244\" data-end=\"1342\">\n<li data-section-id=\"14ao879\" data-start=\"1244\" data-end=\"1277\">Nettoie sans agresser la peau<\/li>\n<li data-section-id=\"meu6zy\" data-start=\"1278\" data-end=\"1309\">Respecte l\u2019\u00e9quilibre cutan\u00e9<\/li>\n<li data-section-id=\"1htymia\" data-start=\"1310\" data-end=\"1342\">Convient \u00e0 un usage fr\u00e9quent<\/li>\n<\/ul>\n<p data-start=\"1344\" data-end=\"1369\"><strong data-start=\"1344\" data-end=\"1369\">3. Shaker (optionnel)<\/strong><\/p>\n<ul data-start=\"1370\" data-end=\"1469\">\n<li data-section-id=\"1agmxw9\" data-start=\"1370\" data-end=\"1403\">Permet de diluer les produits<\/li>\n<li data-section-id=\"11g0ugo\" data-start=\"1404\" data-end=\"1444\">Application facile jusqu\u2019\u00e0 la racine<\/li>\n<li data-section-id=\"184flll\" data-start=\"1445\" data-end=\"1469\">R\u00e9duit le gaspillage<\/li>\n<\/ul>\n<p data-start=\"1471\" data-end=\"1556\">\ud83d\udc49 (comme expliqu\u00e9 dans ta pr\u00e9sentation page 4)<\/p>\n<hr data-start=\"1558\" data-end=\"1561\" \/>\n<h3 data-section-id=\"18svvmv\" data-start=\"1563\" data-end=\"1588\">\ud83c\udf38 Actifs &amp; bienfaits<\/h3>\n<ul data-start=\"1590\" data-end=\"1820\">\n<li data-section-id=\"adnrfn\" data-start=\"1590\" data-end=\"1635\">Huile d\u2019amande douce : nourrit et prot\u00e8ge<\/li>\n<li data-section-id=\"xogoyk\" data-start=\"1636\" data-end=\"1669\">Aloe vera : hydrate et apaise<\/li>\n<li data-section-id=\"ztdlp5\" data-start=\"1670\" data-end=\"1699\">Camomille : calme la peau<\/li>\n<li data-section-id=\"1d2qe2x\" data-start=\"1700\" data-end=\"1739\">Glyc\u00e9rine : maintient l\u2019hydratation<\/li>\n<li data-section-id=\"1b6xbf3\" data-start=\"1740\" data-end=\"1779\">Huile d\u2019argan : r\u00e9g\u00e9n\u00e8re et prot\u00e8ge<\/li>\n<li data-section-id=\"x53zxp\" data-start=\"1780\" data-end=\"1820\">Beurre de karit\u00e9 : r\u00e9pare et nourrit<\/li>\n<\/ul>\n<p data-start=\"1822\" data-end=\"1889\">\ud83d\udc49 (pages 5 et 6 du document )<\/p>\n<hr data-start=\"1891\" data-end=\"1894\" \/>\n<h3 data-section-id=\"58tvqx\" data-start=\"1896\" data-end=\"1930\">\u2697\ufe0f Caract\u00e9ristiques techniques<\/h3>\n<ul data-start=\"1932\" data-end=\"2047\">\n<li data-section-id=\"ogee1e\" data-start=\"1932\" data-end=\"1957\">pH adapt\u00e9 aux animaux<\/li>\n<li data-section-id=\"xojyzt\" data-start=\"1958\" data-end=\"1983\">Pr\u00e9-wash : pH 4 \u2013 4.5<\/li>\n<li data-section-id=\"hjvn23\" data-start=\"1984\" data-end=\"2013\">Shampooing : pH 5.0 \u2013 5.5<\/li>\n<li data-section-id=\"le633y\" data-start=\"2014\" data-end=\"2047\">Formule douce et respectueuse<\/li>\n<\/ul>\n<p data-start=\"2049\" data-end=\"2103\">\ud83d\udc49 (pages 7 &amp; 8 )<\/p>\n<hr data-start=\"2105\" data-end=\"2108\" \/>\n<h3 data-section-id=\"15h2y2g\" data-start=\"2110\" data-end=\"2135\">\ud83d\udc3e Mode d\u2019utilisation<\/h3>\n<ol data-start=\"2137\" data-end=\"2346\">\n<li data-section-id=\"1fkofdf\" data-start=\"2137\" data-end=\"2177\">Diluer le pr\u00e9-wash dans l\u2019eau ti\u00e8de<\/li>\n<li data-section-id=\"216wtn\" data-start=\"2178\" data-end=\"2213\">Appliquer et masser l\u00e9g\u00e8rement<\/li>\n<li data-section-id=\"pr9ro9\" data-start=\"2214\" data-end=\"2225\">Rincer<\/li>\n<li data-section-id=\"14imrej\" data-start=\"2226\" data-end=\"2260\">Appliquer le shampooing dilu\u00e9<\/li>\n<li data-section-id=\"ktmf1b\" data-start=\"2261\" data-end=\"2303\">Faire mousser et rincer soigneusement<\/li>\n<li data-section-id=\"2q5wx7\" data-start=\"2304\" data-end=\"2346\">S\u00e9cher avec serviette + s\u00e9choir ti\u00e8de<\/li>\n<\/ol>\n<hr data-start=\"2348\" data-end=\"2351\" \/>\n<h3 data-section-id=\"cfi3mb\" data-start=\"2353\" data-end=\"2379\">\ud83d\udce6 Formats disponibles<\/h3>\n<ul data-start=\"2381\" data-end=\"2478\">\n<li data-section-id=\"elbj8p\" data-start=\"2381\" data-end=\"2403\">50 ml (d\u00e9couverte)<\/li>\n<li data-section-id=\"tu1w3a\" data-start=\"2404\" data-end=\"2429\">250 ml (particuliers)<\/li>\n<li data-section-id=\"1b54f9m\" data-start=\"2430\" data-end=\"2454\">1 L (usage r\u00e9gulier)<\/li>\n<li data-section-id=\"1m4acj5\" data-start=\"2455\" data-end=\"2478\">5 L (professionnel)<\/li>\n<\/ul>\n<p data-start=\"2480\" data-end=\"2530\">\ud83d\udc49 (page 10 )<\/p>\n<hr data-start=\"2532\" data-end=\"2535\" \/>\n<h3 data-section-id=\"138h75w\" data-start=\"2537\" data-end=\"2554\">\ud83c\udfaf Id\u00e9al pour<\/h3>\n<ul data-start=\"2556\" data-end=\"2642\">\n<li data-section-id=\"1m2vnl2\" data-start=\"2556\" data-end=\"2571\">Animaleries<\/li>\n<li data-section-id=\"1e27x42\" data-start=\"2572\" data-end=\"2587\">Toiletteurs<\/li>\n<li data-section-id=\"7bqisg\" data-start=\"2588\" data-end=\"2614\">Cliniques v\u00e9t\u00e9rinaires<\/li>\n<li data-section-id=\"eolol\" data-start=\"2615\" data-end=\"2642\">Propri\u00e9taires d\u2019animaux<\/li>\n<\/ul>\n","protected":false},"excerpt":{"rendered":"<div class=\"c-product__short-description\">\n<div class=\"row row-wrapper\">\n<div id=\"content-wrapper\" class=\"js-content-wrapper col-xs-12\">\n<section id=\"main\">\n<div class=\"row product-container product-layout1\">\n<div class=\"col-md-12\">\n<div class=\"tabs \">\n<div id=\"tab-content\" class=\"tab-content\">\n<h4 id=\"description\" class=\"tab-pane fade in active\" role=\"tabpanel\">\u00a0 \u00a0 \u00a0 Routine compl\u00e8te de soin pour chiens &amp; chats \ud83d\udc36\ud83d\udc31<\/h4>\n<\/div>\n<\/div>\n<\/div>\n<\/div>\n<\/section>\n<\/div>\n<\/div>\n<section class=\"categoryproducts section-top slider-arrows-top clearfix\">\n<div class=\"pos_title\">\n<p data-start=\"340\" data-end=\"546\">Pr\u00e9-wash d\u00e9m\u00ealant + shampooing doux pour un pelage propre, brillant et hydrat\u00e9.<br data-start=\"471\" data-end=\"474\" \/>\u2714 Sans sulfates<br data-start=\"489\" data-end=\"492\" \/>\u2714 Formule douce<br data-start=\"507\" data-end=\"510\" \/>\u2714 Usage professionnel &amp; domestique<\/p>\n<\/div>\n<\/section>\n<\/div>\n","protected":false},"featured_media":38724,"template":"","meta":{"jetpack_publicize_message":"","jetpack_publicize_feature_enabled":true,"jetpack_social_post_already_shared":true,"jetpack_social_options":{"image_generator_settings":{"template":"highway","default_image_id":0,"font":"","enabled":false},"version":2}},"product_brand":[],"product_cat":[215,214],"product_tag":[],"class_list":{"0":"post-38711","1":"product","2":"type-product","3":"status-publish","4":"has-post-thumbnail","6":"product_cat-parfums-shampoing-hygiene-et-soins-pour-chat","7":"product_cat-parfums-shampoing","9":"first","10":"instock","11":"taxable","12":"shipping-taxable","13":"purchasable","14":"product-type-simple"},"supplier_id":5592,"supplier_sku":"","barcode":null,"atum_controlled":true,"out_stock_date":null,"out_stock_threshold":null,"inheritable":false,"inbound_stock":0,"stock_on_hold":0,"sold_today":0,"sales_last_days":0,"reserved_stock":0,"customer_returns":0,"warehouse_damage":0,"lost_in_post":0,"other_logs":0,"out_stock_days":0,"lost_sales":0,"has_location":false,"update_date":"2026-05-17T13:19:40","atum_locations":[],"atum_stock_status":"instock","restock_status":false,"low_stock_amount":2,"sales_update_date":"2026-05-17T13:19:40","calc_backorders":0,"jetpack_publicize_connections":[],"jetpack_sharing_enabled":true,"batches":[],"_links":{"self":[{"href":"https:\/\/petworld.ma\/index.php\/wp-json\/wp\/v2\/product\/38711","targetHints":{"allow":["GET"]}}],"collection":[{"href":"https:\/\/petworld.ma\/index.php\/wp-json\/wp\/v2\/product"}],"about":[{"href":"https:\/\/petworld.ma\/index.php\/wp-json\/wp\/v2\/types\/product"}],"wp:featuredmedia":[{"embeddable":true,"href":"https:\/\/petworld.ma\/index.php\/wp-json\/wp\/v2\/media\/38724"}],"wp:attachment":[{"href":"https:\/\/petworld.ma\/index.php\/wp-json\/wp\/v2\/media?parent=38711"}],"wp:term":[{"taxonomy":"product_brand","embeddable":true,"href":"https:\/\/petworld.ma\/index.php\/wp-json\/wp\/v2\/product_brand?post=38711"},{"taxonomy":"product_cat","embeddable":true,"href":"https:\/\/petworld.ma\/index.php\/wp-json\/wp\/v2\/product_cat?post=38711"},{"taxonomy":"product_tag","embeddable":true,"href":"https:\/\/petworld.ma\/index.php\/wp-json\/wp\/v2\/product_tag?post=38711"}],"curies":[{"name":"wp","href":"https:\/\/api.w.org\/{rel}","templated":true}]}}