{"id":38827,"date":"2026-04-03T10:03:30","date_gmt":"2026-04-03T10:03:30","guid":{"rendered":"https:\/\/petworld.ma\/?post_type=product&#038;p=38827"},"modified":"2026-04-03T10:16:53","modified_gmt":"2026-04-03T10:16:53","slug":"purina-pro-plan-adult-delicate-digestion-a-la-dinde-en-sauce-85g","status":"publish","type":"product","link":"https:\/\/petworld.ma\/index.php\/produit\/purina-pro-plan-adult-delicate-digestion-a-la-dinde-en-sauce-85g\/","title":{"rendered":"Purina Pro Plan Adult Delicate Digestion \u00e0 la Dinde en Sauce 85g"},"content":{"rendered":"<p>PURINA\u00ae PRO PLAN\u00ae Adult Delicate Digestion \u00e0 la Dinde en Sauce est un aliment complet pour chats adultes compos\u00e9 de tendres morceaux \u00e0 la dinde en Sauce. Il est formul\u00e9 pour favoriser un syst\u00e8me digestif sain.<\/p>\n<p>Disponible en bo\u00eetes de 26 sachets fra\u00eecheurs de 85 g\u00a0ou en sachet fra\u00eecheurs de 85 g \u00e0 l&rsquo;unit\u00e9.<\/p>\n<p>PURINA\u00ae PRO PLAN\u00ae Adult Delicate Digestion \u00e0 la Dinde en Sauce a \u00e9t\u00e9 sp\u00e9cialement formul\u00e9 pour aider \u00e0 contr\u00f4ler la sensibilit\u00e9 cutan\u00e9e gr\u00e2ce \u00e0 des teneurs \u00e9lev\u00e9es en acides gras Om\u00e9ga 3&amp;6 et \u00e9labor\u00e9 avec des ingr\u00e9dients de haute qualit\u00e9 pour une bonne digestion.<br \/>\nSans colorants ajout\u00e9s.<\/p>\n<p><strong>Caract\u00e9ristiques<\/strong><\/p>\n<ul>\n<li>Aliment complet pour chats adultes.<\/li>\n<li>Favorise un syst\u00e8me digestif sain.<\/li>\n<li>Aide \u00e0 contr\u00f4ler la sensibilit\u00e9 cutan\u00e9e gr\u00e2ce \u00e0 des teneurs \u00e9lev\u00e9es en acides gras Om\u00e9ga 3&amp;6.<\/li>\n<li>\u00c9labor\u00e9 avec des ingr\u00e9dients de haute qualit\u00e9 pour une bonne digestion.<\/li>\n<\/ul>\n<p><strong>Composition<\/strong><\/p>\n<p>Viandes et sous-produits animaux (dont dinde 4 %)<br \/>\nExtraits de prot\u00e9ines v\u00e9g\u00e9tales<br \/>\nPoissons et sous-produits de poissons<br \/>\nHuiles et graisses<br \/>\nSous-produits d&rsquo;origine v\u00e9g\u00e9tale<br \/>\nSubstances min\u00e9rales<br \/>\nSucres<\/p>\n<p><strong>Guide d&rsquo;alimentation<\/strong><\/p>\n<p>Pour un chat adulte d&rsquo;environ 4 kg, donnez 3 sachets tout au long de la journ\u00e9e r\u00e9partis de pr\u00e9f\u00e9rence en au moins 2 repas. Les rations journali\u00e8res recommand\u00e9es sont calcul\u00e9es pour un chat \u00e0 l\u2019activit\u00e9 mod\u00e9r\u00e9e dans des conditions d&rsquo;environnement et de temp\u00e9rature normales. Les besoins nutritionnels peuvent varier selon le chat, il faut donc ajuster ces rations afin de le maintenir \u00e0 son poids de forme. Servir \u00e0 temp\u00e9rature ambiante. Laissez toujours de l\u2019eau propre et fra\u00eeche \u00e0 disposition.<\/p>\n","protected":false},"excerpt":{"rendered":"<p>PURINA\u00ae PRO PLAN\u00ae Adult Delicate Digestion \u00e0 la Dinde en Sauce est un aliment complet pour chats adultes compos\u00e9 de tendres morceaux \u00e0 la dinde en Sauce. Il est formul\u00e9 pour favoriser un syst\u00e8me digestif sain. Disponible en bo\u00eetes de 26 sachets fra\u00eecheurs de 85 g\u00a0ou en sachet fra\u00eecheurs de 85 g \u00e0 l&rsquo;unit\u00e9. PURINA\u00ae [&#8230;]\n","protected":false},"featured_media":38833,"template":"","meta":{"jetpack_publicize_message":"","jetpack_publicize_feature_enabled":true,"jetpack_social_post_already_shared":true,"jetpack_social_options":{"image_generator_settings":{"template":"highway","default_image_id":0,"font":"","enabled":false},"version":2}},"product_brand":[],"product_cat":[41],"product_tag":[],"class_list":{"0":"post-38827","1":"product","2":"type-product","3":"status-publish","4":"has-post-thumbnail","6":"product_cat-friandises-et-pate-pour-chat","8":"first","9":"instock","10":"sale","11":"taxable","12":"shipping-taxable","13":"purchasable","14":"product-type-simple"},"supplier_id":5598,"supplier_sku":"588241","barcode":null,"atum_controlled":true,"out_stock_date":null,"out_stock_threshold":null,"inheritable":false,"inbound_stock":0,"stock_on_hold":0,"sold_today":0,"sales_last_days":0,"reserved_stock":0,"customer_returns":0,"warehouse_damage":0,"lost_in_post":0,"other_logs":0,"out_stock_days":0,"lost_sales":0,"has_location":false,"update_date":"2026-04-03T10:39:53","atum_locations":[],"atum_stock_status":"instock","restock_status":false,"low_stock_amount":13,"sales_update_date":"2026-04-03T10:39:53","calc_backorders":null,"jetpack_publicize_connections":[],"jetpack_sharing_enabled":true,"batches":[{"id":"8630","date_created":"2026-04-03 10:16:45","date_expiry":"2026-06-30 00:00:00","user_id":"2760","batch_number":"Purina Pro Plan Adult Delicate Digestion \u00e0 la Dinde en Sauce 85g 300626","location":"","quantity":"5.0000","quantity_available":"5.0000","units":"1","status":"active","order_ids":null,"supplier":"Proplan","po":{"id":"8558","date_created":"2026-04-03 10:16:45","batch_id":"8630","po_number":"","supplier":"Proplan","cost":null,"regular_price":null,"sale_price":null,"price_margin":null,"price_discount":null}},{"id":"8631","date_created":"2026-04-03 10:16:53","date_expiry":"2026-06-30 00:00:00","user_id":"2760","batch_number":"Purina Pro Plan Adult Delicate Digestion \u00e0 la Dinde en Sauce 85g 300626","location":"","quantity":"5.0000","quantity_available":"5.0000","units":"1","status":"active","order_ids":null,"supplier":"Proplan","po":{"id":"8559","date_created":"2026-04-03 10:16:53","batch_id":"8631","po_number":"","supplier":"Proplan","cost":null,"regular_price":null,"sale_price":null,"price_margin":null,"price_discount":null}}],"_links":{"self":[{"href":"https:\/\/petworld.ma\/index.php\/wp-json\/wp\/v2\/product\/38827","targetHints":{"allow":["GET"]}}],"collection":[{"href":"https:\/\/petworld.ma\/index.php\/wp-json\/wp\/v2\/product"}],"about":[{"href":"https:\/\/petworld.ma\/index.php\/wp-json\/wp\/v2\/types\/product"}],"wp:featuredmedia":[{"embeddable":true,"href":"https:\/\/petworld.ma\/index.php\/wp-json\/wp\/v2\/media\/38833"}],"wp:attachment":[{"href":"https:\/\/petworld.ma\/index.php\/wp-json\/wp\/v2\/media?parent=38827"}],"wp:term":[{"taxonomy":"product_brand","embeddable":true,"href":"https:\/\/petworld.ma\/index.php\/wp-json\/wp\/v2\/product_brand?post=38827"},{"taxonomy":"product_cat","embeddable":true,"href":"https:\/\/petworld.ma\/index.php\/wp-json\/wp\/v2\/product_cat?post=38827"},{"taxonomy":"product_tag","embeddable":true,"href":"https:\/\/petworld.ma\/index.php\/wp-json\/wp\/v2\/product_tag?post=38827"}],"curies":[{"name":"wp","href":"https:\/\/api.w.org\/{rel}","templated":true}]}}