{"id":38903,"date":"2026-04-03T20:46:19","date_gmt":"2026-04-03T20:46:19","guid":{"rendered":"https:\/\/petworld.ma\/?post_type=product&#038;p=38903"},"modified":"2026-04-17T21:31:51","modified_gmt":"2026-04-17T21:31:51","slug":"gosbi-croquettes-original-chiot-12kg-baril-gratuit","status":"publish","type":"product","link":"https:\/\/petworld.ma\/index.php\/produit\/gosbi-croquettes-original-chiot-12kg-baril-gratuit\/","title":{"rendered":"Gosbi Croquettes Original Chiot 12kg + Baril Gratuit"},"content":{"rendered":"<h4><strong>Composition:<\/strong><\/h4>\n<p>Prot\u00e9ine de poulet d\u00e9shydrat\u00e9e (36%), ma\u00efs (19%), riz, graisse de poulet, farine de poisson LT, prot\u00e9ine d\u2019agneau d\u00e9shydrat\u00e9, fruits et l\u00e9gumes (pulpe de pomme, pulpe de betterave, carotte d\u00e9shydrat\u00e9e, tomates d\u00e9shydrat\u00e9es, agrumes d\u00e9shydrat\u00e9es, romarin), huile de saumon et huile de lin (source d\u2019acides gras om\u00e9ga-3 et om\u00e9ga-6), hydrolysats de poulet, levure de bi\u00e8re, algues marines d\u00e9shydrat\u00e9es, chlorure de potassium.<\/p>\n<h4><strong>Composants analytiques:<\/strong><\/h4>\n<p>prot\u00e9ine brute: 28%, mati\u00e8res grasses brutes: 18%, fibre brute: 1,4%, cendres brutes: 8%, humidit\u00e9: 8,5%, calcium : 1,5%, phosphore : 1%, sodium : 0,4%, omega3: 0,6%, omega6: 2,9%.<\/p>\n<h4><strong>Additifs:<\/strong><\/h4>\n<p>vitamines, provitamines et substances chimiquement d\u00e9finies \u00e0 effet analogue: vitamine\u00a0 A (3a672a): 16000 UI\/kg, vitamine B1 (3a821): 3 mg\/ kg, vitamine B2: 4 mg\/kg, vitamine B6 (3a831): 4 mg\/ kg, vitamine B12: 65 \u03bcg\/kg, vitamine D3 (E671): 1600<br \/>\nUI\/kg, D-pantoth\u00e9nate de calcium (3a841): 9 mg\/ kg, vitamine E: 80 UI\/kg, biotine (3a880): 10 \u03bcg\/ kg, chlorure de choline (3a890): 500 mg\/kg, niacin (3a314): 20 mg\/kg, acide folique (3a316): 300 \u03bcg\/kg. Les oligo-\u00e9l\u00e9ments: Fe (E1) (carbonate ferreux): 75 mg\/ kg, I (3b201) (iodure de potassium): 1,5 mg\/kg, Cu (E4) (sulfate de cuivre pentahydrat\u00e9): 15 mg \/ kg, Mn (E5) (oxyde de manganeux) : 90 mg\/kg, Zn (E6) (oxyde de zinc): 50 mg\/kg, Se (E8) (s\u00e9l\u00e9nite de sodium) 0,2 mg \/ kg.<\/p>\n<h4 class=\"h6\"><strong>Fiche technique:<\/strong><\/h4>\n<dl class=\"data-sheet\">\n<dt class=\"name\">Gamme: ORIGINAL DOG<\/dt>\n<dt class=\"name\">Prot\u00e9ine Brute:\u00a028%<\/dt>\n<dt class=\"name\">Cendres Brutes: 8%<\/dt>\n<dt class=\"name\">Calcium: 1.5%<\/dt>\n<dt class=\"name\">Phosphore: 1%<\/dt>\n<dt class=\"name\">Sodium:\u00a00,4%<\/dt>\n<dt class=\"name\">Mati\u00e8res Grasses Brutes:\u00a018%<\/dt>\n<dt class=\"name\">Poulet D\u00e9shydrat\u00e9e:\u00a036%<\/dt>\n<dt class=\"name\">Ma\u00efs:\u00a019%<\/dt>\n<dt class=\"name\">Fibre Brute: 1.4%<\/dt>\n<dt class=\"name\">Humidit\u00e9:\u00a08.5%<\/dt>\n<dt class=\"name\">Omega 3:\u00a00.6%<\/dt>\n<dt class=\"name\">Omega 6:\u00a02.9%<\/dt>\n<\/dl>\n","protected":false},"excerpt":{"rendered":"<p>Aliment complet pour chiots avec de la viande d\u00e9shydrat\u00e9e comme source de prot\u00e9ines de haute qualit\u00e9, atteignant une digestibilit\u00e9 de plus de 90 %.<br \/>\n<strong>Taille de la croquette:\u00a0<\/strong>12 mm<\/p>\n","protected":false},"featured_media":40065,"template":"","meta":{"jetpack_publicize_message":"","jetpack_publicize_feature_enabled":true,"jetpack_social_post_already_shared":true,"jetpack_social_options":{"image_generator_settings":{"template":"highway","default_image_id":0,"font":"","enabled":false},"version":2}},"product_brand":[191],"product_cat":[26,187],"product_tag":[],"class_list":{"0":"post-38903","1":"product","2":"type-product","3":"status-publish","4":"has-post-thumbnail","6":"product_brand-gosbi","7":"product_cat-croquettes","8":"product_cat-destockage","10":"first","11":"instock","12":"taxable","13":"shipping-taxable","14":"purchasable","15":"product-type-simple"},"supplier_id":30385,"supplier_sku":"","barcode":null,"atum_controlled":true,"out_stock_date":null,"out_stock_threshold":null,"inheritable":false,"inbound_stock":0,"stock_on_hold":0,"sold_today":0,"sales_last_days":0,"reserved_stock":0,"customer_returns":0,"warehouse_damage":0,"lost_in_post":0,"other_logs":0,"out_stock_days":0,"lost_sales":0,"has_location":false,"update_date":"2026-04-17T21:41:11","atum_locations":[],"atum_stock_status":"instock","restock_status":false,"low_stock_amount":"","sales_update_date":"2026-04-17T21:41:11","calc_backorders":null,"jetpack_publicize_connections":[],"jetpack_sharing_enabled":true,"batches":[{"id":"8653","date_created":"2026-04-03 20:51:10","date_expiry":"2026-12-01 00:00:00","user_id":"2461","batch_number":"Gosbi Croquettes Original Chiot 12kg + Baril Gratuit011226","location":"","quantity":"5.0000","quantity_available":"5.0000","units":"1","status":"active","order_ids":null,"supplier":"Gosbi","po":{"id":"8581","date_created":"2026-04-03 20:51:10","batch_id":"8653","po_number":"","supplier":"Gosbi","cost":null,"regular_price":null,"sale_price":null,"price_margin":null,"price_discount":null}}],"_links":{"self":[{"href":"https:\/\/petworld.ma\/index.php\/wp-json\/wp\/v2\/product\/38903","targetHints":{"allow":["GET"]}}],"collection":[{"href":"https:\/\/petworld.ma\/index.php\/wp-json\/wp\/v2\/product"}],"about":[{"href":"https:\/\/petworld.ma\/index.php\/wp-json\/wp\/v2\/types\/product"}],"wp:featuredmedia":[{"embeddable":true,"href":"https:\/\/petworld.ma\/index.php\/wp-json\/wp\/v2\/media\/40065"}],"wp:attachment":[{"href":"https:\/\/petworld.ma\/index.php\/wp-json\/wp\/v2\/media?parent=38903"}],"wp:term":[{"taxonomy":"product_brand","embeddable":true,"href":"https:\/\/petworld.ma\/index.php\/wp-json\/wp\/v2\/product_brand?post=38903"},{"taxonomy":"product_cat","embeddable":true,"href":"https:\/\/petworld.ma\/index.php\/wp-json\/wp\/v2\/product_cat?post=38903"},{"taxonomy":"product_tag","embeddable":true,"href":"https:\/\/petworld.ma\/index.php\/wp-json\/wp\/v2\/product_tag?post=38903"}],"curies":[{"name":"wp","href":"https:\/\/api.w.org\/{rel}","templated":true}]}}