{"id":38907,"date":"2026-04-03T22:44:27","date_gmt":"2026-04-03T22:44:27","guid":{"rendered":"https:\/\/petworld.ma\/?post_type=product&#038;p=38907"},"modified":"2026-04-17T21:20:22","modified_gmt":"2026-04-17T21:20:22","slug":"gosbi-croquettes-original-chat-sterilise-7kg-baril-gratuit","status":"publish","type":"product","link":"https:\/\/petworld.ma\/index.php\/produit\/gosbi-croquettes-original-chat-sterilise-7kg-baril-gratuit\/","title":{"rendered":"Gosbi Croquettes Original Chat St\u00e9rilis\u00e9 7kg + Baril Gratuit"},"content":{"rendered":"<h2 class=\"ng-star-inserted\"><b>Composition<\/b><\/h2>\n<p>Prot\u00e9ine de poulet d\u00e9shydrat\u00e9e (22%), riz (min. 20%), saumon, thon, graisse de poulet, ma\u00efs, huile de poisson, levure de bi\u00e8re, huile de saumon, pomme, \u0153uf entier d\u00e9shydrat\u00e9, pulpe de betterave, fibre de riz, extrait de yucca, algues marines, romarin, DL-m\u00e9thionine.<\/p>\n<div class=\"col-12\">\n<h2 class=\"ng-star-inserted\"><b>Composants analytiques<\/b><\/h2>\n<p>Prot\u00e9ine brute: 31%, mati\u00e8res grasses brutes: 10%, cellulose brute: 3%, cendres brutes: 8%, humidit\u00e9: 6,5%, calcium : 1,1%, phosphore : 0,6%, sodium : 0,5%.<\/p>\n<\/div>\n<div class=\"col-12\">\n<h2 class=\"ng-star-inserted\"><b>Instructions d\u2019utilisation<\/b><\/h2>\n<table width=\"499\">\n<tbody>\n<tr>\n<td>Poids<\/td>\n<td>Ration poids id\u00e9al (g\/Jour)<\/td>\n<td>Ration Chat en\u00a0 Surpoids (g\/Jour)<\/td>\n<\/tr>\n<tr>\n<td>2 kg<\/td>\n<td>40<\/td>\n<td>30<\/td>\n<\/tr>\n<tr>\n<td>3 kg<\/td>\n<td>50<\/td>\n<td>40<\/td>\n<\/tr>\n<tr>\n<td>4 kg<\/td>\n<td>60<\/td>\n<td>50<\/td>\n<\/tr>\n<tr>\n<td>5 kg<\/td>\n<td>70<\/td>\n<td>55<\/td>\n<\/tr>\n<tr>\n<td>6 kg<\/td>\n<td>80<\/td>\n<td>65<\/td>\n<\/tr>\n<tr>\n<td>7 kg<\/td>\n<td>90<\/td>\n<td>70<\/td>\n<\/tr>\n<tr>\n<td>8 kg<\/td>\n<td>100<\/td>\n<td>75<\/td>\n<\/tr>\n<tr>\n<td>9 kg<\/td>\n<td>105<\/td>\n<td>85<\/td>\n<\/tr>\n<tr>\n<td>10 kg<\/td>\n<td>110<\/td>\n<td>90<\/td>\n<\/tr>\n<\/tbody>\n<\/table>\n<\/div>\n","protected":false},"excerpt":{"rendered":"<p>Aliment adapt\u00e9 au plus grand app\u00e9tit et \u00e0 la moindre activit\u00e9 qui caract\u00e9rise les chats st\u00e9rilis\u00e9s, avec toutes les exigences nutritionnelles n\u00e9cessaires pour une alimentation correcte.<br \/>\n<strong>Taille de la croquette:\u00a0<\/strong>8 mm<\/p>\n","protected":false},"featured_media":40066,"template":"","meta":{"jetpack_publicize_message":"","jetpack_publicize_feature_enabled":true,"jetpack_social_post_already_shared":true,"jetpack_social_options":{"image_generator_settings":{"template":"highway","default_image_id":0,"font":"","enabled":false},"version":2}},"product_brand":[],"product_cat":[40,187],"product_tag":[],"class_list":{"0":"post-38907","1":"product","2":"type-product","3":"status-publish","4":"has-post-thumbnail","6":"product_cat-coquettes-pour-chat","7":"product_cat-destockage","9":"first","10":"instock","11":"taxable","12":"shipping-taxable","13":"purchasable","14":"product-type-simple"},"supplier_id":30385,"supplier_sku":"","barcode":null,"atum_controlled":true,"out_stock_date":null,"out_stock_threshold":null,"inheritable":false,"inbound_stock":0,"stock_on_hold":0,"sold_today":0,"sales_last_days":0,"reserved_stock":0,"customer_returns":0,"warehouse_damage":0,"lost_in_post":0,"other_logs":0,"out_stock_days":0,"lost_sales":0,"has_location":false,"update_date":"2026-04-17T21:41:11","atum_locations":[],"atum_stock_status":"instock","restock_status":false,"low_stock_amount":"","sales_update_date":"2026-04-17T21:41:11","calc_backorders":null,"jetpack_publicize_connections":[],"jetpack_sharing_enabled":true,"batches":[{"id":"8654","date_created":"2026-04-03 22:48:39","date_expiry":"2027-05-31 00:00:00","user_id":"2461","batch_number":"GosbiChatSterilis\u00e97Kg310526","location":"","quantity":"4.0000","quantity_available":"4.0000","units":"1","status":"active","order_ids":null,"supplier":"Gosbi","po":{"id":"8582","date_created":"2026-04-03 22:48:39","batch_id":"8654","po_number":"","supplier":"Gosbi","cost":null,"regular_price":null,"sale_price":null,"price_margin":null,"price_discount":null}}],"_links":{"self":[{"href":"https:\/\/petworld.ma\/index.php\/wp-json\/wp\/v2\/product\/38907","targetHints":{"allow":["GET"]}}],"collection":[{"href":"https:\/\/petworld.ma\/index.php\/wp-json\/wp\/v2\/product"}],"about":[{"href":"https:\/\/petworld.ma\/index.php\/wp-json\/wp\/v2\/types\/product"}],"wp:featuredmedia":[{"embeddable":true,"href":"https:\/\/petworld.ma\/index.php\/wp-json\/wp\/v2\/media\/40066"}],"wp:attachment":[{"href":"https:\/\/petworld.ma\/index.php\/wp-json\/wp\/v2\/media?parent=38907"}],"wp:term":[{"taxonomy":"product_brand","embeddable":true,"href":"https:\/\/petworld.ma\/index.php\/wp-json\/wp\/v2\/product_brand?post=38907"},{"taxonomy":"product_cat","embeddable":true,"href":"https:\/\/petworld.ma\/index.php\/wp-json\/wp\/v2\/product_cat?post=38907"},{"taxonomy":"product_tag","embeddable":true,"href":"https:\/\/petworld.ma\/index.php\/wp-json\/wp\/v2\/product_tag?post=38907"}],"curies":[{"name":"wp","href":"https:\/\/api.w.org\/{rel}","templated":true}]}}