{"id":38947,"date":"2026-04-04T17:23:49","date_gmt":"2026-04-04T17:23:49","guid":{"rendered":"https:\/\/petworld.ma\/?post_type=product&#038;p=38947"},"modified":"2026-04-04T17:37:48","modified_gmt":"2026-04-04T17:37:48","slug":"monge-pochons-grill-en-gelee-pour-chat-adulte-riches-en-agneau-85g","status":"publish","type":"product","link":"https:\/\/petworld.ma\/index.php\/produit\/monge-pochons-grill-en-gelee-pour-chat-adulte-riches-en-agneau-85g\/","title":{"rendered":"Monge Pochons Grill en Gel\u00e9e Pour Chat Adulte Riches en Agneau 85g"},"content":{"rendered":"<p>Aliment complet pour chats, sp\u00e9cialement con\u00e7u pour ravir les papilles de nos amis \u00e0 quatre pattes. Des croquettes en gel\u00e9e \u00e0 la texture ferme et \u00e0 l&rsquo;ar\u00f4me agr\u00e9able de viande cuite. L&rsquo;agneau de Nouvelle-Z\u00e9lande, principale source de prot\u00e9ines animales, est tendre et se distingue par sa haute valeur nutritionnelle et son efficacit\u00e9 pour une bonne digestion. L&rsquo;huile de saumon est riche en om\u00e9ga-3, b\u00e9n\u00e9fiques pour la brillance du pelage et de la peau. Cette recette est \u00e9galement formul\u00e9e sans c\u00e9r\u00e9ales.<\/p>\n<p><strong>Composition<\/strong><\/p>\n<p>Viandes et sous-produits animaux (agneau de Nouvelle-Z\u00e9lande 35 % et viande de lapin 10 %), huiles et graisses (huile de saumon 2 %), l\u00e9gumes (pommes de terre), min\u00e9raux, poudre de prot\u00e9ines de lait.<\/p>\n<p><strong>Composants analytiques<\/strong><\/p>\n<p>Prot\u00e9ines brutes : 9,4 % \u2013 Fibres brutes : 0,5 % \u2013 Mati\u00e8res grasses brutes : 4,7 % \u2013 Cendres brutes : 2,5 % \u2013 Humidit\u00e9 : 80 %.<\/p>\n<p><strong>Additifs<\/strong><\/p>\n<p>ADDITIFS NUTRITIONNELS\/kg\u00a0: Vitamine D3\u00a0: 180 UI \u2013 Vitamine E (ac\u00e9tate d\u2019alpha-tocoph\u00e9ryle 3a700i)\u00a0: 40 mg \u2013 Fer (sulfate de fer (II) monohydrat\u00e9)\u00a0: 13 mg \u2013 Iode (iodate de calcium)\u00a0: 1,6 mg \u2013 Cuivre (sulfate de cuivre (II) pentahydrat\u00e9)\u00a0: 3,4 mg \u2013 Mangan\u00e8se (sulfate de mangan\u00e8se monohydrat\u00e9)\u00a0: 8,5 mg \u2013 Zinc (oxyde de zinc)\u00a0: 42 mg \u2013 S\u00e9l\u00e9nium (s\u00e9l\u00e9nite de sodium)\u00a0: 0,04 mg \u2013 Taurine\u00a0: 500 mg. ADDITIFS TECHNOLOGIQUES\u00a0: g\u00e9lifiants et \u00e9mulsifiants.<\/p>\n<p><strong>Instructions d&rsquo;utilisation<\/strong><\/p>\n<p>Les rations journali\u00e8res recommand\u00e9es indiqu\u00e9es dans le tableau peuvent \u00eatre r\u00e9parties en deux repas. Adaptez la quantit\u00e9 \u00e0 la taille, \u00e0 l&rsquo;activit\u00e9 et au mode de vie de l&rsquo;animal. Veillez \u00e0 ce qu&rsquo;il ait toujours de l&rsquo;eau fra\u00eeche et propre \u00e0 disposition. Lors du remplacement d&rsquo;un autre aliment, il est conseill\u00e9 de l&rsquo;introduire progressivement sur une p\u00e9riode d&rsquo;au moins une semaine. Apr\u00e8s ouverture, conserver au r\u00e9frig\u00e9rateur et consommer dans les 3 jours.<\/p>\n","protected":false},"excerpt":{"rendered":"<p>&nbsp;<\/p>\n<p>&nbsp;<\/p>\n","protected":false},"featured_media":0,"template":"","meta":{"jetpack_publicize_message":"","jetpack_publicize_feature_enabled":true,"jetpack_social_post_already_shared":true,"jetpack_social_options":{"image_generator_settings":{"template":"highway","default_image_id":0,"font":"","enabled":false},"version":2}},"product_brand":[],"product_cat":[41,239],"product_tag":[],"class_list":{"0":"post-38947","1":"product","2":"type-product","3":"status-publish","5":"product_cat-friandises-et-pate-pour-chat","6":"product_cat-pate-humides-chat","8":"first","9":"instock","10":"taxable","11":"shipping-taxable","12":"purchasable","13":"product-type-simple"},"supplier_id":31321,"supplier_sku":"6MC01362","barcode":null,"atum_controlled":true,"out_stock_date":null,"out_stock_threshold":null,"inheritable":false,"inbound_stock":0,"stock_on_hold":0,"sold_today":0,"sales_last_days":0,"reserved_stock":0,"customer_returns":0,"warehouse_damage":0,"lost_in_post":0,"other_logs":0,"out_stock_days":0,"lost_sales":0,"has_location":false,"update_date":"2026-04-05T12:56:52","atum_locations":[],"atum_stock_status":"instock","restock_status":false,"low_stock_amount":1,"sales_update_date":"2026-04-05T12:56:52","calc_backorders":null,"jetpack_publicize_connections":[],"jetpack_sharing_enabled":true,"batches":[{"id":"8687","date_created":"2026-04-04 17:37:47","date_expiry":"2029-12-18 00:00:00","user_id":"2461","batch_number":"Monge Pochons Grill en Gel\u00e9e Pour Chat Adulte Riches en Agneau 85g181229","location":"","quantity":"28.0000","quantity_available":"28.0000","units":"1","status":"active","order_ids":null,"supplier":"Monge","po":{"id":"8615","date_created":"2026-04-04 17:37:48","batch_id":"8687","po_number":"","supplier":"Monge","cost":null,"regular_price":null,"sale_price":null,"price_margin":null,"price_discount":null}}],"_links":{"self":[{"href":"https:\/\/petworld.ma\/index.php\/wp-json\/wp\/v2\/product\/38947","targetHints":{"allow":["GET"]}}],"collection":[{"href":"https:\/\/petworld.ma\/index.php\/wp-json\/wp\/v2\/product"}],"about":[{"href":"https:\/\/petworld.ma\/index.php\/wp-json\/wp\/v2\/types\/product"}],"wp:attachment":[{"href":"https:\/\/petworld.ma\/index.php\/wp-json\/wp\/v2\/media?parent=38947"}],"wp:term":[{"taxonomy":"product_brand","embeddable":true,"href":"https:\/\/petworld.ma\/index.php\/wp-json\/wp\/v2\/product_brand?post=38947"},{"taxonomy":"product_cat","embeddable":true,"href":"https:\/\/petworld.ma\/index.php\/wp-json\/wp\/v2\/product_cat?post=38947"},{"taxonomy":"product_tag","embeddable":true,"href":"https:\/\/petworld.ma\/index.php\/wp-json\/wp\/v2\/product_tag?post=38947"}],"curies":[{"name":"wp","href":"https:\/\/api.w.org\/{rel}","templated":true}]}}