{"id":39033,"date":"2026-04-06T14:12:18","date_gmt":"2026-04-06T14:12:18","guid":{"rendered":"https:\/\/petworld.ma\/?post_type=product&#038;p=39033"},"modified":"2026-04-06T14:21:15","modified_gmt":"2026-04-06T14:21:15","slug":"soins-dentaires-pour-chats-et-chiens-falmingo-300ml","status":"publish","type":"product","link":"https:\/\/petworld.ma\/index.php\/produit\/soins-dentaires-pour-chats-et-chiens-falmingo-300ml\/","title":{"rendered":"Soins dentaires pour chats et chiens Flamingo 300ml"},"content":{"rendered":"<div class=\"col-12 col-md-6\">\n<div class=\"mb-2 cms-element-text\">Un rince-bouche \u00e0 la saveur de pomme pour une haleine fra\u00eeche. Vous pouvez facilement m\u00e9langer le rince-bouche avec l&rsquo;eau de boisson de votre animal de compagnie. Il offre une protection contre le tartre et la d\u00e9coloration des dents.<\/div>\n<\/div>\n<div class=\"col-12 col-md-6\">\n<div class=\"cms-element-text\">\n<ul>\n<li>Eau dentifrice avec un parfum et go\u00fbt de pomme pour une haleine fra\u00eeche<\/li>\n<li>Prot\u00e8ge contre le tartre et la coloration des dents<\/li>\n<li>A m\u00e9langer avec l&rsquo;eau potable<\/li>\n<\/ul>\n<p><span class=\"accordion-header\"><button class=\"product-detail-properties-toggle fw-bold font-size-md btn-reset rounded-0 d-flex align-items-center w-100 btn-no-outline justify-content-between accordion-button \" type=\"button\" data-bs-toggle=\"collapse\" data-bs-target=\"#pdpCollapse1\" aria-expanded=\"true\" aria-controls=\"pdpCollapse1\">D\u00e9tails du produit<\/button><\/span><\/p>\n<div id=\"pdpCollapse1\" class=\"product-detail-properties-content accordion-collapse collapse show\">\n<table class=\"table table-striped product-detail-properties-table product-detail-io-property-set-table accordion-body\">\n<tbody>\n<tr class=\"properties-row\">\n<th class=\"properties-label fw-normal d-block d-md-table-cell\">\n<div class=\"d-flex align-items-center\">Description du produit:<\/div>\n<\/th>\n<td class=\"properties-value d-block d-md-table-cell\">SOINS DENTAIRES SUPPL D&rsquo;EAU POMME<\/td>\n<\/tr>\n<tr class=\"properties-row\">\n<th class=\"properties-label fw-normal d-block d-md-table-cell\">\n<div class=\"d-flex align-items-center\">Nom du produit:<\/div>\n<\/th>\n<td class=\"properties-value d-block d-md-table-cell\">Bain de bouche avec parfum de pomme Bouteille<\/td>\n<\/tr>\n<tr class=\"properties-row\">\n<th class=\"properties-label fw-normal d-block d-md-table-cell\">\n<div class=\"d-flex align-items-center\">EAN:<\/div>\n<\/th>\n<td class=\"properties-value d-block d-md-table-cell\">5400585050806<\/p>\n<div class=\"mt-2\"><\/div>\n<\/td>\n<\/tr>\n<tr class=\"properties-row\">\n<th class=\"properties-label fw-normal d-block d-md-table-cell\">\n<div class=\"d-flex align-items-center\">N\u00b0 produit:<\/div>\n<\/th>\n<td class=\"properties-value d-block d-md-table-cell\">517266<\/td>\n<\/tr>\n<tr class=\"properties-row\">\n<th class=\"properties-label fw-normal d-block d-md-table-cell\">\n<div class=\"d-flex align-items-center\">Marque:<\/div>\n<\/th>\n<td class=\"properties-value d-block d-md-table-cell\">Flamingo<\/td>\n<\/tr>\n<tr class=\"properties-row\">\n<th class=\"properties-label fw-normal d-block d-md-table-cell\">Phase de la vie:<\/th>\n<td class=\"properties-value d-block d-md-table-cell\">Tous les \u00e2ges<\/td>\n<\/tr>\n<tr class=\"properties-row\">\n<th class=\"properties-label fw-normal d-block d-md-table-cell\">Type de produit:<\/th>\n<td class=\"properties-value d-block d-md-table-cell\">Bain de bouche<\/td>\n<\/tr>\n<tr class=\"properties-row\">\n<th class=\"properties-label fw-normal d-block d-md-table-cell\">Animal\/race:<\/th>\n<td class=\"properties-value d-block d-md-table-cell\">Toutes races de chats<\/td>\n<\/tr>\n<tr class=\"properties-row\">\n<th class=\"properties-label fw-normal d-block d-md-table-cell\">Taille de la race:<\/th>\n<td class=\"properties-value d-block d-md-table-cell\">Toutes les tailles<\/td>\n<\/tr>\n<tr class=\"properties-row\">\n<th class=\"properties-label fw-normal d-block d-md-table-cell\">Utilisation int\u00e9rieure\/ext\u00e9rieure:<\/th>\n<td class=\"properties-value d-block d-md-table-cell\">Int\u00e9rieur<\/td>\n<\/tr>\n<\/tbody>\n<\/table>\n<p><span class=\"accordion-header\"><button class=\"product-detail-properties-toggle fw-bold font-size-md btn-reset rounded-0 d-flex align-items-center w-100 btn-no-outline justify-content-between accordion-button\" type=\"button\" data-bs-toggle=\"collapse\" data-bs-target=\"#pdpCollapse2\" aria-expanded=\"true\" aria-controls=\"pdpCollapse2\">Caract\u00e9ristique soins &amp; hygi\u00e8ne<\/button><\/span><\/p>\n<div id=\"pdpCollapse2\" class=\"product-detail-properties-content accordion-collapse collapse show\">\n<table class=\"table table-striped product-detail-properties-table product-detail-io-property-set-table accordion-body\">\n<tbody>\n<tr class=\"properties-row\">\n<th class=\"properties-label fw-normal d-block d-md-table-cell\">Zone de traitement:<\/th>\n<td class=\"properties-value d-block d-md-table-cell\">Dents<\/td>\n<\/tr>\n<tr class=\"properties-row\">\n<th class=\"properties-label fw-normal d-block d-md-table-cell\">Type d&rsquo;ar\u00f4me:<\/th>\n<td class=\"properties-value d-block d-md-table-cell\">avec parfum de pomme<\/td>\n<\/tr>\n<tr class=\"properties-row\">\n<th class=\"properties-label fw-normal d-block d-md-table-cell\">Ingr\u00e9dients:<\/th>\n<td class=\"properties-value d-block d-md-table-cell\">Benzoate de sodium, Chlorure de sodium, Eau d\u00e9ionis\u00e9e, Gluconate de zinc, Glucose oxydase, Glyc\u00e9rine, Hydroxy\u00e9thylcellulose, Lysozyme, Parfum, Polysorbate 20, Pomme, Prot\u00e9ases<\/td>\n<\/tr>\n<tr class=\"properties-row\">\n<th class=\"properties-label fw-normal d-block d-md-table-cell\">Coh\u00e9rence:<\/th>\n<td class=\"properties-value d-block d-md-table-cell\">Fluide<\/td>\n<\/tr>\n<tr class=\"properties-row\">\n<th class=\"properties-label fw-normal d-block d-md-table-cell\">Caract\u00e9ristique soins:<\/th>\n<td class=\"properties-value d-block d-md-table-cell\">Assure une haleine fra\u00eeche, Protection contre la d\u00e9coloration des dents, Protection contre le tartre, Soigne<\/td>\n<\/tr>\n<tr class=\"properties-row\">\n<th class=\"properties-label fw-normal d-block d-md-table-cell\">Mode d&rsquo;administration:<\/th>\n<td class=\"properties-value d-block d-md-table-cell\">M\u00e9lange avec l&rsquo;eau<\/td>\n<\/tr>\n<tr class=\"properties-row\">\n<th class=\"properties-label fw-normal d-block d-md-table-cell\">Dosage:<\/th>\n<td class=\"properties-value d-block d-md-table-cell\">100 gr par 10 m\u00b2<\/td>\n<\/tr>\n<tr class=\"properties-row\">\n<th class=\"properties-label fw-normal d-block d-md-table-cell\">Instruction de stockage:<\/th>\n<td class=\"properties-value d-block d-md-table-cell\">12 maanden na opening, rekening houdend met vervaldatum<\/td>\n<\/tr>\n<\/tbody>\n<\/table>\n<\/div>\n<\/div>\n<\/div>\n<\/div>\n","protected":false},"excerpt":{"rendered":"<ul>\n<li>Eau dentifrice avec un parfum et go\u00fbt de pomme pour une haleine fra\u00eeche<\/li>\n<li>Prot\u00e8ge contre le tartre et la coloration des dents<\/li>\n<li>A m\u00e9langer avec l&rsquo;eau potable<\/li>\n<\/ul>\n","protected":false},"featured_media":39034,"template":"","meta":{"jetpack_publicize_message":"","jetpack_publicize_feature_enabled":true,"jetpack_social_post_already_shared":true,"jetpack_social_options":{"image_generator_settings":{"template":"highway","default_image_id":0,"font":"","enabled":false},"version":2}},"product_brand":[],"product_cat":[216,217],"product_tag":[],"class_list":{"0":"post-39033","1":"product","2":"type-product","3":"status-publish","4":"has-post-thumbnail","6":"product_cat-dentifrice-soin-buccal","7":"product_cat-dentifrice-soin-buccal-hygiene-et-soins","9":"first","10":"instock","11":"taxable","12":"shipping-taxable","13":"purchasable","14":"product-type-simple"},"supplier_id":8770,"supplier_sku":"517266","barcode":"5400585050806","atum_controlled":true,"out_stock_date":null,"out_stock_threshold":null,"inheritable":false,"inbound_stock":0,"stock_on_hold":0,"sold_today":0,"sales_last_days":0,"reserved_stock":0,"customer_returns":0,"warehouse_damage":0,"lost_in_post":0,"other_logs":0,"out_stock_days":0,"lost_sales":0,"has_location":false,"update_date":"2026-04-10T15:57:34","atum_locations":[],"atum_stock_status":"instock","restock_status":false,"low_stock_amount":5,"sales_update_date":"2026-04-10T15:57:34","calc_backorders":null,"jetpack_publicize_connections":[],"jetpack_sharing_enabled":true,"batches":[{"id":"8740","date_created":"2026-04-06 14:16:42","date_expiry":"2028-04-30 00:00:00","user_id":"9","batch_number":"Soinsdentairesflamingo0428","location":"","quantity":"12.0000","quantity_available":"12.0000","units":"1","status":"active","order_ids":null,"supplier":"GreenTown kennel","po":{"id":"8668","date_created":"2026-04-06 14:16:43","batch_id":"8740","po_number":"","supplier":"GreenTown kennel","cost":null,"regular_price":null,"sale_price":null,"price_margin":null,"price_discount":null}}],"_links":{"self":[{"href":"https:\/\/petworld.ma\/index.php\/wp-json\/wp\/v2\/product\/39033","targetHints":{"allow":["GET"]}}],"collection":[{"href":"https:\/\/petworld.ma\/index.php\/wp-json\/wp\/v2\/product"}],"about":[{"href":"https:\/\/petworld.ma\/index.php\/wp-json\/wp\/v2\/types\/product"}],"wp:featuredmedia":[{"embeddable":true,"href":"https:\/\/petworld.ma\/index.php\/wp-json\/wp\/v2\/media\/39034"}],"wp:attachment":[{"href":"https:\/\/petworld.ma\/index.php\/wp-json\/wp\/v2\/media?parent=39033"}],"wp:term":[{"taxonomy":"product_brand","embeddable":true,"href":"https:\/\/petworld.ma\/index.php\/wp-json\/wp\/v2\/product_brand?post=39033"},{"taxonomy":"product_cat","embeddable":true,"href":"https:\/\/petworld.ma\/index.php\/wp-json\/wp\/v2\/product_cat?post=39033"},{"taxonomy":"product_tag","embeddable":true,"href":"https:\/\/petworld.ma\/index.php\/wp-json\/wp\/v2\/product_tag?post=39033"}],"curies":[{"name":"wp","href":"https:\/\/api.w.org\/{rel}","templated":true}]}}