{"id":39052,"date":"2026-04-06T14:59:47","date_gmt":"2026-04-06T14:59:47","guid":{"rendered":"https:\/\/petworld.ma\/?post_type=product&#038;p=39052"},"modified":"2026-04-06T15:06:08","modified_gmt":"2026-04-06T15:06:08","slug":"purina-gourmet-mon-petit-selection-poisson-pate-pour-chat-6-x-50-g","status":"publish","type":"product","link":"https:\/\/petworld.ma\/index.php\/produit\/purina-gourmet-mon-petit-selection-poisson-pate-pour-chat-6-x-50-g\/","title":{"rendered":"Purina Gourmet Mon Petit S\u00e9lection Poisson P\u00e2t\u00e9 pour Chat (6 x 50 g)"},"content":{"rendered":"<div class=\"dsu-product--options\">\n<p>D\u00e9couvrez la gamme d&rsquo;aliments pour chats Mon Petit Gourmet, avec ses compositions exquises en petites portions et des rations parfaitement dos\u00e9es pour que votre chat appr\u00e9cie tout. Des textures et des saveurs vari\u00e9es qui raviront les papilles de votre f\u00e9lin. Offrez \u00e0 votre chat une qualit\u00e9 gastronomique exceptionnelle \u00e0 chaque bouch\u00e9e !<\/p>\n<p><main id=\"MainContent\" class=\"content-for-layout focus-none\" tabindex=\"-1\" role=\"main\"><\/p>\n<section id=\"shopify-section-template--24807100023166__53b8ca0c-553e-4988-bc4b-d854baa7a0e7\" class=\"shopify-section section\">\n<div class=\"color-background-1 gradient\">\n<div class=\"section-template--24807100023166__53b8ca0c-553e-4988-bc4b-d854baa7a0e7-padding\">\n<div class=\"page-width\">\n<div class=\"product-bottom\">\n<div id=\"descriptionBottom\" class=\"description-bottom\">\n<h2 class=\"title h2\"><span dir=\"auto\">Description<\/span><\/h2>\n<div class=\"product__description rte quick-add-hidden\">\n<div class=\"flex-shrink-0 flex flex-col relative items-end\">\n<div class=\"flex-shrink-0 flex flex-col relative items-end\">\n<div class=\"flex-shrink-0 flex flex-col relative items-end\">\n<div class=\"flex-shrink-0 flex flex-col relative items-end\">\n<div class=\"flex-shrink-0 flex flex-col relative items-end\">\n<div class=\"flex-shrink-0 flex flex-col relative items-end\">\n<div class=\"flex-shrink-0 flex flex-col relative items-end\">\n<div class=\"flex-shrink-0 flex flex-col relative items-end\">\n<div class=\"flex flex-grow flex-col max-w-full\">\n<div class=\"min-h-[20px] text-message flex flex-col items-start whitespace-pre-wrap break-words [.text-message+&amp;]:mt-5 juice:w-full juice:items-end overflow-x-auto gap-2\" dir=\"auto\" data-message-author-role=\"assistant\" data-message-id=\"83b6ccd8-9653-4438-991b-65615d05c00e\">\n<div class=\"flex w-full flex-col gap-1 juice:empty:hidden juice:first:pt-[3px]\">\n<div class=\"markdown prose w-full break-words dark:prose-invert light\">\n<div class=\"flex-shrink-0 flex flex-col relative items-end\">\n<p><strong><span dir=\"auto\">Mon Petit Pack Gourmet Nourriture Humide Poisson<\/span><\/strong><\/p>\n<p><span dir=\"auto\">La nouvelle gamme d&rsquo;aliments pour chats Gourmet Mon Petit propose des compositions exceptionnelles en petites portions, garantissant \u00e0 votre chat tous les nutriments essentiels. Les chats adorent explorer diff\u00e9rentes textures, et Gourmet offre une vaste palette de saveurs pour ravir leurs papilles.<\/span><\/p>\n<p><span dir=\"auto\">Ce lot comprend 6 sachets contenant une vari\u00e9t\u00e9 de plats. Les morceaux de poisson, finement tranch\u00e9s et d&rsquo;une grande fra\u00eecheur, sont accompagn\u00e9s d&rsquo;une d\u00e9licieuse sauce qui permettra \u00e0 votre chat de savourer un menu vari\u00e9 chaque jour. Les recettes \u00e0 base de cabillaud, de sardines ou de saumon offrent un ar\u00f4me et une saveur raffin\u00e9s qui sauront s\u00e9duire votre animal, qui aura bien du mal \u00e0 choisir son plat pr\u00e9f\u00e9r\u00e9.<\/span><\/p>\n<p><span dir=\"auto\">L&rsquo;engouement de tous les chats pour Gourmet Mon Petit en fait la r\u00e9compense id\u00e9ale pour un bon comportement ou tout simplement une fa\u00e7on de choyer votre fid\u00e8le compagnon. Cet aliment pour chats est \u00e9labor\u00e9 \u00e0 partir d&rsquo;ingr\u00e9dients de haute qualit\u00e9 qui r\u00e9pondent aux besoins nutritionnels essentiels \u00e0 la croissance optimale de votre animal, en lui fournissant prot\u00e9ines, vitamines et min\u00e9raux pour pr\u00e9server sa sant\u00e9 et pr\u00e9venir les maladies.<\/span><\/p>\n<p><span dir=\"auto\">Les sachets de 50 g sont tr\u00e8s pratiques et permettent d&rsquo;\u00e9viter le gaspillage alimentaire, garantissant ainsi la disponibilit\u00e9 d&rsquo;aliments frais en permanence. Leur format facile \u00e0 ouvrir pr\u00e9serve la qualit\u00e9 optimale du produit et toutes ses propri\u00e9t\u00e9s.<\/span><\/p>\n<p><span dir=\"auto\">Gourmet est une ligne exclusive de Purina d\u00e9di\u00e9e aux chats les plus exigeants, reconnue pour son leadership en mati\u00e8re de bien-\u00eatre animal, fruit de plus de 75 ans d&rsquo;exp\u00e9rience. Son engagement envers les besoins des animaux et de leurs propri\u00e9taires en fait un synonyme de qualit\u00e9.<\/span><\/p>\n<p><strong><span dir=\"auto\">Avantages :<\/span><\/strong><\/p>\n<ul>\n<li><span dir=\"auto\">Aliment humide pour chats aux compositions les plus raffin\u00e9es, en petites portions.<\/span><\/li>\n<li><span dir=\"auto\">Morceaux de poisson frais, coup\u00e9s en tranches, dans une d\u00e9licieuse sauce.<\/span><\/li>\n<li><span dir=\"auto\">Saveurs de cabillaud, de sardine et de saumon aux ar\u00f4mes d\u00e9licieux.<\/span><\/li>\n<li><span dir=\"auto\">Bo\u00eete contenant 6 sachets offrant une pr\u00e9sentation vari\u00e9e.<\/span><\/li>\n<li><span dir=\"auto\">Un emballage pratique qui garantit la fra\u00eecheur et pr\u00e9serve les qualit\u00e9s des aliments.<\/span><\/li>\n<\/ul>\n<p><strong><span dir=\"auto\">Utilisation et sp\u00e9cifications :<\/span><\/strong><\/p>\n<ul>\n<li><span dir=\"auto\">Aliment humide en sachets pour chats adultes en bonne sant\u00e9.<\/span><\/li>\n<li><span dir=\"auto\">Description nutritionnelle d\u00e9taill\u00e9e pour chaque vari\u00e9t\u00e9 de saveur.<\/span><\/li>\n<li><span dir=\"auto\">Ajustez la dose quotidienne en fonction des besoins individuels de votre animal afin de maintenir un poids sant\u00e9.<\/span><\/li>\n<li><span dir=\"auto\">Servez directement \u00e0 partir de la bo\u00eete pour un maximum de plaisir \u00e0 votre chat et veillez toujours \u00e0 lui fournir de l&rsquo;eau fra\u00eeche et propre.<\/span><\/li>\n<\/ul>\n<p><span dir=\"auto\">Cette version a \u00e9t\u00e9 r\u00e9dig\u00e9e pour transmettre les informations essentielles de mani\u00e8re claire et pr\u00e9cise, en mettant l&rsquo;accent sur les caract\u00e9ristiques et les avantages du produit pour les propri\u00e9taires de chats soucieux d&rsquo;offrir le meilleur \u00e0 leurs animaux de compagnie.<\/span><\/p>\n<\/div>\n<\/div>\n<\/div>\n<\/div>\n<\/div>\n<\/div>\n<\/div>\n<\/div>\n<\/div>\n<\/div>\n<\/div>\n<\/div>\n<\/div>\n<\/div>\n<\/div>\n<\/div>\n<\/div>\n<\/div>\n<\/div>\n<\/section>\n<section id=\"shopify-section-template--24807100023166__1751632451c7f425d2\" class=\"shopify-section section\">\n<div class=\"page-width\"><\/div>\n<\/section>\n<p><\/main><\/p>\n<div id=\"shopify-section-sections--24807092552062__footer\" class=\"shopify-section shopify-section-group-footer-group\">\n<footer class=\"footer color-inverse gradient section-sections--24807092552062__footer-padding\">\n<div class=\"footer__content-top page-width\">\n<div class=\"footer-block--newsletter\">\n<div class=\"footer-block__newsletter\">\n<div class=\"footer-block__newsletter--content\">\n<div class=\"footer-block__description inline-richtext rte\"><\/div>\n<\/div>\n<form id=\"ContactFooter\" class=\"footer__newsletter newsletter-form\" accept-charset=\"UTF-8\" action=\"https:\/\/www.mascotasavila.com\/contact#ContactFooter\" method=\"post\" data-cn-form-id=\"69a16d7db873e2c10e3d3e3f\">\n<div class=\"newsletter-form__field-wrapper\">\n<div class=\"field\"><\/div>\n<\/div>\n<\/form>\n<\/div>\n<\/div>\n<\/div>\n<\/footer>\n<\/div>\n<\/div>\n","protected":false},"excerpt":{"rendered":"<div class=\"dsu-product--options\">\n<div class=\"dsu-product--options\">\n<div class=\"dsu-product--options\">\n<div class=\"dsu-product--options\">\n<ul>\n<li><span dir=\"auto\">Votre chat est tr\u00e8s perspicace et il est parfois tr\u00e8s difficile de le tenter.<\/span><\/li>\n<li><span dir=\"auto\">C\u2019est pourquoi GOURMET Perle a cr\u00e9\u00e9 les Fines Tranches en Sauce aux L\u00e9gumes, des recettes d\u00e9licates qui \u00e9veilleront les sens de votre chat gr\u00e2ce \u00e0 une exp\u00e9rience gustative irr\u00e9sistible au quotidien.<\/span><\/li>\n<li><span dir=\"auto\">De d\u00e9licates bouch\u00e9es de viande ou de poisson finement tranch\u00e9s, cuisin\u00e9s dans leur savoureuse sauce et \u00e9l\u00e9gamment accompagn\u00e9s de l\u00e9gumes tendres, pour ravir m\u00eame le palais le plus raffin\u00e9 de votre chat.<\/span><\/li>\n<\/ul>\n<\/div>\n<\/div>\n<\/div>\n<\/div>\n","protected":false},"featured_media":39053,"template":"","meta":{"jetpack_publicize_message":"","jetpack_publicize_feature_enabled":true,"jetpack_social_post_already_shared":true,"jetpack_social_options":{"image_generator_settings":{"template":"highway","default_image_id":0,"font":"","enabled":false},"version":2}},"product_brand":[],"product_cat":[239],"product_tag":[],"class_list":{"0":"post-39052","1":"product","2":"type-product","3":"status-publish","4":"has-post-thumbnail","6":"product_cat-pate-humides-chat","8":"first","9":"instock","10":"taxable","11":"shipping-taxable","12":"purchasable","13":"product-type-simple"},"supplier_id":8770,"supplier_sku":"","barcode":"7613035023741","atum_controlled":true,"out_stock_date":null,"out_stock_threshold":null,"inheritable":false,"inbound_stock":0,"stock_on_hold":0,"sold_today":0,"sales_last_days":0,"reserved_stock":0,"customer_returns":0,"warehouse_damage":0,"lost_in_post":0,"other_logs":0,"out_stock_days":0,"lost_sales":0,"has_location":false,"update_date":"2026-04-06T17:38:17","atum_locations":[],"atum_stock_status":"instock","restock_status":false,"low_stock_amount":12,"sales_update_date":"2026-04-06T17:38:17","calc_backorders":null,"jetpack_publicize_connections":[],"jetpack_sharing_enabled":true,"batches":[{"id":"8746","date_created":"2026-04-06 15:04:51","date_expiry":"2027-02-28 00:00:00","user_id":"9","batch_number":"PurinaSelectionPoisson0227","location":"","quantity":"40.0000","quantity_available":"40.0000","units":"1","status":"active","order_ids":null,"supplier":"GreenTown kennel","po":{"id":"8674","date_created":"2026-04-06 15:04:52","batch_id":"8746","po_number":"","supplier":"GreenTown kennel","cost":null,"regular_price":null,"sale_price":null,"price_margin":null,"price_discount":null}}],"_links":{"self":[{"href":"https:\/\/petworld.ma\/index.php\/wp-json\/wp\/v2\/product\/39052","targetHints":{"allow":["GET"]}}],"collection":[{"href":"https:\/\/petworld.ma\/index.php\/wp-json\/wp\/v2\/product"}],"about":[{"href":"https:\/\/petworld.ma\/index.php\/wp-json\/wp\/v2\/types\/product"}],"wp:featuredmedia":[{"embeddable":true,"href":"https:\/\/petworld.ma\/index.php\/wp-json\/wp\/v2\/media\/39053"}],"wp:attachment":[{"href":"https:\/\/petworld.ma\/index.php\/wp-json\/wp\/v2\/media?parent=39052"}],"wp:term":[{"taxonomy":"product_brand","embeddable":true,"href":"https:\/\/petworld.ma\/index.php\/wp-json\/wp\/v2\/product_brand?post=39052"},{"taxonomy":"product_cat","embeddable":true,"href":"https:\/\/petworld.ma\/index.php\/wp-json\/wp\/v2\/product_cat?post=39052"},{"taxonomy":"product_tag","embeddable":true,"href":"https:\/\/petworld.ma\/index.php\/wp-json\/wp\/v2\/product_tag?post=39052"}],"curies":[{"name":"wp","href":"https:\/\/api.w.org\/{rel}","templated":true}]}}