{"id":39073,"date":"2026-04-06T16:56:02","date_gmt":"2026-04-06T16:56:02","guid":{"rendered":"https:\/\/petworld.ma\/?post_type=product&#038;p=39073"},"modified":"2026-04-06T17:06:28","modified_gmt":"2026-04-06T17:06:28","slug":"monge-pochons-grill-pour-chiens-adultes-riches-en-saumon-100g","status":"publish","type":"product","link":"https:\/\/petworld.ma\/index.php\/produit\/monge-pochons-grill-pour-chiens-adultes-riches-en-saumon-100g\/","title":{"rendered":"Monge Pochons Grill Pour Chiens Adultes Riches en Saumon 100g"},"content":{"rendered":"<p>Aliment complet pour chiens, sp\u00e9cialement con\u00e7u pour ravir les papilles de nos amis \u00e0 quatre pattes. Une recette \u00e0 base de saumon cuit au four. Formul\u00e9 sans c\u00e9r\u00e9ales et enrichi en glucosamine et chondro\u00eftine pour le soutien des articulations.<\/p>\n<p><strong>Composition<\/strong><\/p>\n<section class=\"elementor-section elementor-top-section elementor-element elementor-element-566f3c2 elementor-section-height-min-height elementor-section-items-top elementor-section-boxed elementor-section-height-default\" data-id=\"566f3c2\" data-element_type=\"section\" data-e-type=\"section\">\n<div class=\"elementor-container elementor-column-gap-default\">\n<div class=\"elementor-column elementor-col-100 elementor-top-column elementor-element elementor-element-5745f9a\" data-id=\"5745f9a\" data-element_type=\"column\" data-e-type=\"column\">\n<div class=\"elementor-widget-wrap elementor-element-populated\">\n<div class=\"elementor-element elementor-element-0e42962 elementor-tabs-view-horizontal elementor-widget elementor-widget-tabs\" data-id=\"0e42962\" data-element_type=\"widget\" data-e-type=\"widget\" data-widget_type=\"tabs.default\">\n<div class=\"elementor-widget-container\">\n<div class=\"elementor-tabs\">\n<div class=\"elementor-tabs-content-wrapper\" role=\"tablist\" aria-orientation=\"vertical\">\n<div id=\"elementor-tab-content-1491\" class=\"elementor-tab-content elementor-clearfix elementor-active\" tabindex=\"0\" role=\"tabpanel\" data-tab=\"1\" aria-labelledby=\"elementor-tab-title-1491\">\n<p><span dir=\"auto\">Viandes et sous-produits animaux, poissons et sous-produits de poissons 25 % (saumon 14 %), min\u00e9raux, glucosamine 0,008 %, sulfate de chondro\u00eftine 0,004 %.<\/span><\/p>\n<\/div>\n<\/div>\n<\/div>\n<\/div>\n<\/div>\n<\/div>\n<\/div>\n<\/div>\n<\/section>\n<p><strong>Composants analytiques<\/strong><\/p>\n<section class=\"elementor-section elementor-top-section elementor-element elementor-element-566f3c2 elementor-section-height-min-height elementor-section-items-top elementor-section-boxed elementor-section-height-default\" data-id=\"566f3c2\" data-element_type=\"section\" data-e-type=\"section\">\n<div class=\"elementor-container elementor-column-gap-default\">\n<div class=\"elementor-column elementor-col-100 elementor-top-column elementor-element elementor-element-5745f9a\" data-id=\"5745f9a\" data-element_type=\"column\" data-e-type=\"column\">\n<div class=\"elementor-widget-wrap elementor-element-populated\">\n<div class=\"elementor-element elementor-element-0e42962 elementor-tabs-view-horizontal elementor-widget elementor-widget-tabs\" data-id=\"0e42962\" data-element_type=\"widget\" data-e-type=\"widget\" data-widget_type=\"tabs.default\">\n<div class=\"elementor-widget-container\">\n<div class=\"elementor-tabs\">\n<div class=\"elementor-tabs-content-wrapper\" role=\"tablist\" aria-orientation=\"vertical\">\n<div id=\"elementor-tab-content-1492\" class=\"elementor-tab-content elementor-clearfix elementor-active\" tabindex=\"0\" role=\"tabpanel\" data-tab=\"2\" aria-labelledby=\"elementor-tab-title-1492\">\n<section class=\"elementor-section elementor-top-section elementor-element elementor-element-566f3c2 elementor-section-height-min-height elementor-section-items-top elementor-section-boxed elementor-section-height-default\" data-id=\"566f3c2\" data-element_type=\"section\" data-e-type=\"section\">\n<div class=\"elementor-container elementor-column-gap-default\">\n<div class=\"elementor-column elementor-col-100 elementor-top-column elementor-element elementor-element-5745f9a\" data-id=\"5745f9a\" data-element_type=\"column\" data-e-type=\"column\">\n<div class=\"elementor-widget-wrap elementor-element-populated\">\n<div class=\"elementor-element elementor-element-0e42962 elementor-tabs-view-horizontal elementor-widget elementor-widget-tabs\" data-id=\"0e42962\" data-element_type=\"widget\" data-e-type=\"widget\" data-widget_type=\"tabs.default\">\n<div class=\"elementor-widget-container\">\n<div class=\"elementor-tabs\">\n<div class=\"elementor-tabs-content-wrapper\" role=\"tablist\" aria-orientation=\"vertical\">\n<div id=\"elementor-tab-content-1492\" class=\"elementor-tab-content elementor-clearfix elementor-active\" tabindex=\"0\" role=\"tabpanel\" data-tab=\"2\" aria-labelledby=\"elementor-tab-title-1492\">\n<p><span dir=\"auto\">Prot\u00e9ines brutes 10,5 %, fibres brutes 0,5 %, mati\u00e8res grasses brutes 6 %, cendres brutes 1,8 %, humidit\u00e9 78,5 %.<\/span><\/p>\n<\/div>\n<\/div>\n<\/div>\n<\/div>\n<\/div>\n<\/div>\n<\/div>\n<\/div>\n<\/section>\n<\/div>\n<\/div>\n<\/div>\n<\/div>\n<\/div>\n<\/div>\n<\/div>\n<\/div>\n<\/section>\n<p><strong>Additifs<\/strong><\/p>\n<section class=\"elementor-section elementor-top-section elementor-element elementor-element-566f3c2 elementor-section-height-min-height elementor-section-items-top elementor-section-boxed elementor-section-height-default\" data-id=\"566f3c2\" data-element_type=\"section\" data-e-type=\"section\">\n<div class=\"elementor-container elementor-column-gap-default\">\n<div class=\"elementor-column elementor-col-100 elementor-top-column elementor-element elementor-element-5745f9a\" data-id=\"5745f9a\" data-element_type=\"column\" data-e-type=\"column\">\n<div class=\"elementor-widget-wrap elementor-element-populated\">\n<div class=\"elementor-element elementor-element-0e42962 elementor-tabs-view-horizontal elementor-widget elementor-widget-tabs\" data-id=\"0e42962\" data-element_type=\"widget\" data-e-type=\"widget\" data-widget_type=\"tabs.default\">\n<div class=\"elementor-widget-container\">\n<div class=\"elementor-tabs\">\n<div class=\"elementor-tabs-content-wrapper\" role=\"tablist\" aria-orientation=\"vertical\">\n<div id=\"elementor-tab-content-1493\" class=\"elementor-tab-content elementor-clearfix elementor-active\" tabindex=\"0\" role=\"tabpanel\" data-tab=\"3\" aria-labelledby=\"elementor-tab-title-1493\">\n<section class=\"elementor-section elementor-top-section elementor-element elementor-element-566f3c2 elementor-section-height-min-height elementor-section-items-top elementor-section-boxed elementor-section-height-default\" data-id=\"566f3c2\" data-element_type=\"section\" data-e-type=\"section\">\n<div class=\"elementor-container elementor-column-gap-default\">\n<div class=\"elementor-column elementor-col-100 elementor-top-column elementor-element elementor-element-5745f9a\" data-id=\"5745f9a\" data-element_type=\"column\" data-e-type=\"column\">\n<div class=\"elementor-widget-wrap elementor-element-populated\">\n<div class=\"elementor-element elementor-element-0e42962 elementor-tabs-view-horizontal elementor-widget elementor-widget-tabs\" data-id=\"0e42962\" data-element_type=\"widget\" data-e-type=\"widget\" data-widget_type=\"tabs.default\">\n<div class=\"elementor-widget-container\">\n<div class=\"elementor-tabs\">\n<div class=\"elementor-tabs-content-wrapper\" role=\"tablist\" aria-orientation=\"vertical\">\n<div id=\"elementor-tab-content-1493\" class=\"elementor-tab-content elementor-clearfix elementor-active\" tabindex=\"0\" role=\"tabpanel\" data-tab=\"3\" aria-labelledby=\"elementor-tab-title-1493\">\n<p><span dir=\"auto\">ADDITIFS NUTRITIONNELS\/kg : Vitamine D3 250 UI, Vitamine E (ac\u00e9tate d&rsquo;alpha-tocoph\u00e9ryle all-rac 3a700i) 8 mg.<\/span><\/p>\n<\/div>\n<\/div>\n<\/div>\n<\/div>\n<\/div>\n<\/div>\n<\/div>\n<\/div>\n<\/section>\n<\/div>\n<\/div>\n<\/div>\n<\/div>\n<\/div>\n<\/div>\n<\/div>\n<\/div>\n<\/section>\n<p><strong>Instructions d&rsquo;utilisation<\/strong><\/p>\n<section class=\"elementor-section elementor-top-section elementor-element elementor-element-566f3c2 elementor-section-height-min-height elementor-section-items-top elementor-section-boxed elementor-section-height-default\" data-id=\"566f3c2\" data-element_type=\"section\" data-e-type=\"section\">\n<div class=\"elementor-container elementor-column-gap-default\">\n<div class=\"elementor-column elementor-col-100 elementor-top-column elementor-element elementor-element-5745f9a\" data-id=\"5745f9a\" data-element_type=\"column\" data-e-type=\"column\">\n<div class=\"elementor-widget-wrap elementor-element-populated\">\n<div class=\"elementor-element elementor-element-0e42962 elementor-tabs-view-horizontal elementor-widget elementor-widget-tabs\" data-id=\"0e42962\" data-element_type=\"widget\" data-e-type=\"widget\" data-widget_type=\"tabs.default\">\n<div class=\"elementor-widget-container\">\n<div class=\"elementor-tabs\">\n<div class=\"elementor-tabs-content-wrapper\" role=\"tablist\" aria-orientation=\"vertical\">\n<div id=\"elementor-tab-content-1494\" class=\"elementor-tab-content elementor-clearfix elementor-active\" tabindex=\"0\" role=\"tabpanel\" data-tab=\"4\" aria-labelledby=\"elementor-tab-title-1494\">\n<section class=\"elementor-section elementor-top-section elementor-element elementor-element-566f3c2 elementor-section-height-min-height elementor-section-items-top elementor-section-boxed elementor-section-height-default\" data-id=\"566f3c2\" data-element_type=\"section\" data-e-type=\"section\">\n<div class=\"elementor-container elementor-column-gap-default\">\n<div class=\"elementor-column elementor-col-100 elementor-top-column elementor-element elementor-element-5745f9a\" data-id=\"5745f9a\" data-element_type=\"column\" data-e-type=\"column\">\n<div class=\"elementor-widget-wrap elementor-element-populated\">\n<div class=\"elementor-element elementor-element-0e42962 elementor-tabs-view-horizontal elementor-widget elementor-widget-tabs\" data-id=\"0e42962\" data-element_type=\"widget\" data-e-type=\"widget\" data-widget_type=\"tabs.default\">\n<div class=\"elementor-widget-container\">\n<div class=\"elementor-tabs\">\n<div class=\"elementor-tabs-content-wrapper\" role=\"tablist\" aria-orientation=\"vertical\">\n<div id=\"elementor-tab-content-1494\" class=\"elementor-tab-content elementor-clearfix elementor-active\" tabindex=\"0\" role=\"tabpanel\" data-tab=\"4\" aria-labelledby=\"elementor-tab-title-1494\">\n<p><span dir=\"auto\">\u00c0 servir \u00e0 temp\u00e9rature ambiante. Dose journali\u00e8re : 5 \u00e0 6 sachets pour un chien de 10 kg, r\u00e9partis en 2 repas. Toujours laisser de l\u2019eau fra\u00eeche et propre \u00e0 disposition. Conservation : apr\u00e8s ouverture, conserver au r\u00e9frig\u00e9rateur pendant 2 jours maximum.<\/span><\/p>\n<\/div>\n<\/div>\n<\/div>\n<\/div>\n<\/div>\n<\/div>\n<\/div>\n<\/div>\n<\/section>\n<\/div>\n<\/div>\n<\/div>\n<\/div>\n<\/div>\n<\/div>\n<\/div>\n<\/div>\n<\/section>\n","protected":false},"excerpt":{"rendered":"<p>&nbsp;<\/p>\n<p>&nbsp;<\/p>\n","protected":false},"featured_media":39075,"template":"","meta":{"jetpack_publicize_message":"","jetpack_publicize_feature_enabled":true,"jetpack_social_post_already_shared":true,"jetpack_social_options":{"image_generator_settings":{"template":"highway","default_image_id":0,"font":"","enabled":false},"version":2}},"product_brand":[],"product_cat":[39],"product_tag":[],"class_list":{"0":"post-39073","1":"product","2":"type-product","3":"status-publish","4":"has-post-thumbnail","6":"product_cat-friandises-et-pates-pour-chien","8":"first","9":"instock","10":"taxable","11":"shipping-taxable","12":"purchasable","13":"product-type-simple"},"supplier_id":31321,"supplier_sku":"6MD01312","barcode":null,"atum_controlled":true,"out_stock_date":null,"out_stock_threshold":null,"inheritable":false,"inbound_stock":0,"stock_on_hold":0,"sold_today":0,"sales_last_days":0,"reserved_stock":0,"customer_returns":0,"warehouse_damage":0,"lost_in_post":0,"other_logs":0,"out_stock_days":0,"lost_sales":0,"has_location":false,"update_date":"2026-04-06T17:38:17","atum_locations":[],"atum_stock_status":"instock","restock_status":false,"low_stock_amount":1,"sales_update_date":"2026-04-06T17:38:17","calc_backorders":null,"jetpack_publicize_connections":[],"jetpack_sharing_enabled":true,"batches":[{"id":"8767","date_created":"2026-04-06 17:06:28","date_expiry":"2029-12-26 00:00:00","user_id":"2461","batch_number":"Monge Pochons Grill Pour Chiens Adultes Riches en Saumon 100g261229","location":"","quantity":"24.0000","quantity_available":"24.0000","units":"1","status":"active","order_ids":null,"supplier":"Monge","po":{"id":"8694","date_created":"2026-04-06 17:06:28","batch_id":"8767","po_number":"","supplier":"Monge","cost":null,"regular_price":null,"sale_price":null,"price_margin":null,"price_discount":null}}],"_links":{"self":[{"href":"https:\/\/petworld.ma\/index.php\/wp-json\/wp\/v2\/product\/39073","targetHints":{"allow":["GET"]}}],"collection":[{"href":"https:\/\/petworld.ma\/index.php\/wp-json\/wp\/v2\/product"}],"about":[{"href":"https:\/\/petworld.ma\/index.php\/wp-json\/wp\/v2\/types\/product"}],"wp:featuredmedia":[{"embeddable":true,"href":"https:\/\/petworld.ma\/index.php\/wp-json\/wp\/v2\/media\/39075"}],"wp:attachment":[{"href":"https:\/\/petworld.ma\/index.php\/wp-json\/wp\/v2\/media?parent=39073"}],"wp:term":[{"taxonomy":"product_brand","embeddable":true,"href":"https:\/\/petworld.ma\/index.php\/wp-json\/wp\/v2\/product_brand?post=39073"},{"taxonomy":"product_cat","embeddable":true,"href":"https:\/\/petworld.ma\/index.php\/wp-json\/wp\/v2\/product_cat?post=39073"},{"taxonomy":"product_tag","embeddable":true,"href":"https:\/\/petworld.ma\/index.php\/wp-json\/wp\/v2\/product_tag?post=39073"}],"curies":[{"name":"wp","href":"https:\/\/api.w.org\/{rel}","templated":true}]}}