{"id":39093,"date":"2026-04-06T21:50:11","date_gmt":"2026-04-06T21:50:11","guid":{"rendered":"https:\/\/petworld.ma\/?post_type=product&#038;p=39093"},"modified":"2026-04-06T22:02:55","modified_gmt":"2026-04-06T22:02:55","slug":"purina-one-terrine-sterilisee-a-la-morue-et-aux-courgettes-85-g","status":"publish","type":"product","link":"https:\/\/petworld.ma\/index.php\/produit\/purina-one-terrine-sterilisee-a-la-morue-et-aux-courgettes-85-g\/","title":{"rendered":"Purina ONE\u00ae Terrine St\u00e9rilis\u00e9e \u00e0 La Morue et Aux Courgettes 85 g"},"content":{"rendered":"<div class=\"dsu-product--options\">\n<p><span dir=\"auto\">Les v\u00e9t\u00e9rinaires et nutritionnistes de Purina ont con\u00e7u une gamme de recettes compl\u00e8tes et \u00e9quilibr\u00e9es, avec 90 % de prot\u00e9ines animales(1), combinant une d\u00e9licieuse terrine avec des morceaux tendres cuits \u00e0 la vapeur et des l\u00e9gumes pour une nutrition avanc\u00e9e et un bien-\u00eatre g\u00e9n\u00e9ral.<\/span><\/p>\n<p><span dir=\"auto\">D&rsquo;une bonne digestion et d&rsquo;un syst\u00e8me immunitaire performant \u00e0 un pelage brillant, vous pouvez constater des r\u00e9sultats visibles sur la sant\u00e9 de votre chat d\u00e8s aujourd&rsquo;hui et d\u00e8s demain.<\/span><\/p>\n<p><span dir=\"auto\"><br \/>\nLes v\u00e9t\u00e9rinaires et nutritionnistes de Purina ont con\u00e7u une gamme de recettes compl\u00e8tes et \u00e9quilibr\u00e9es, contenant 90 % de prot\u00e9ines animales(1), alliant une d\u00e9licieuse terrine \u00e0 de tendres morceaux de viande cuits \u00e0 la vapeur et \u00e0 des l\u00e9gumes pour une nutrition optimale et un bien-\u00eatre g\u00e9n\u00e9ral. D&rsquo;une digestion saine \u00e0 un syst\u00e8me immunitaire fort, en passant par un pelage brillant, vous pouvez constater d\u00e8s aujourd&rsquo;hui les bienfaits sur la sant\u00e9 de votre chat.<\/span><\/p>\n<\/div>\n<div><\/div>\n<div>\n<p><strong><span dir=\"auto\">Caract\u00e9ristiques<\/span><\/strong><\/p>\n<ul>\n<li><strong><span dir=\"auto\">Caract\u00e9ristiques<\/span><\/strong>\n<ul>\n<li><span dir=\"auto\">Il contribue au maintien du microbiome intestinal\u00a0<\/span><\/li>\n<li><span dir=\"auto\">Soutenez la vitalit\u00e9 de votre chat\u00a0<\/span><\/li>\n<li><span dir=\"auto\">Avec des ingr\u00e9dients de haute qualit\u00e9\u00a0<\/span><\/li>\n<li><span dir=\"auto\">Contr\u00f4le du poids gr\u00e2ce \u00e0 un taux \u00e9lev\u00e9 de prot\u00e9ines\u00a0<\/span><\/li>\n<li><span dir=\"auto\">\u00c0 la vapeur\u00a0<\/span><\/li>\n<li><span dir=\"auto\">Saveur d\u00e9licieuse\u00a0<\/span><\/li>\n<li><span dir=\"auto\">Con\u00e7u par les v\u00e9t\u00e9rinaires et nutritionnistes de PURINA\u00ae\u00a0<\/span><\/li>\n<li><span dir=\"auto\">Cela favorise le microbiome intestinal.\u00a0<\/span><\/li>\n<li><span dir=\"auto\">Il contribue \u00e0 maintenir un syst\u00e8me immunitaire fort.\u00a0<\/span><\/li>\n<li><span dir=\"auto\">Contribue au maintien d&rsquo;un syst\u00e8me urinaire sain. Contient 90 % de prot\u00e9ines animales*\u00a0<\/span><br \/>\n<span dir=\"auto\">*de prot\u00e9ines totales<\/span><\/li>\n<\/ul>\n<\/li>\n<\/ul>\n<p><strong><span dir=\"auto\">Composition<\/span><\/strong><\/p>\n<p><span dir=\"auto\">Viandes et sous-produits animaux<\/span><br \/>\n<span dir=\"auto\">Poissons et sous-produits de poissons (morue 4 %)<\/span><br \/>\n<span dir=\"auto\">Substances min\u00e9rales<\/span><br \/>\n<span dir=\"auto\">L\u00e9gumes (0,7 % de courgette d\u00e9shydrat\u00e9e, \u00e9quivalent \u00e0 6,3 % de courgette)<\/span><br \/>\n<span dir=\"auto\">Sous-produits d&rsquo;origine v\u00e9g\u00e9tale<\/span><br \/>\n<span dir=\"auto\">Sucres.\u00a0<\/span><\/p>\n<p><strong><span dir=\"auto\">Additifs nutritionnels :\u00a0<\/span><\/strong><\/p>\n<p><span dir=\"auto\">UI\/kg :<\/span><br \/>\n<span dir=\"auto\">Vitamine A : 983<\/span><br \/>\n<span dir=\"auto\">Vitamine D3 : 137<\/span><br \/>\n<span dir=\"auto\">Vitamine E : 336 ;\u00a0<\/span><\/p>\n<p><span dir=\"auto\">mg\/kg :<\/span><br \/>\n<span dir=\"auto\">Sulfate de fer(II)<\/span><br \/>\n<span dir=\"auto\">monohydrat\u00e9 : (Fe : 11,9)<\/span><br \/>\n<span dir=\"auto\">Iodate de calcium anhydre : (I : 0,35)<\/span><br \/>\n<span dir=\"auto\">Sulfate de cuivre(II) pentahydrat\u00e9 : (Cu : 0,89)<\/span><br \/>\n<span dir=\"auto\">Sulfate de mangan\u00e8se monohydrat\u00e9 : (Mn : 1,6)<\/span><br \/>\n<span dir=\"auto\">Sulfate de zinc monohydrat\u00e9 : (Zn : 17)<\/span><br \/>\n<span dir=\"auto\">Taurine : 440.\u00a0<\/span><\/p>\n<p><strong><span dir=\"auto\">Composants analytiques :<\/span><\/strong><\/p>\n<p><span dir=\"auto\">Humidit\u00e9 : 77 %<\/span><br \/>\n<span dir=\"auto\">Prot\u00e9ines brutes : 12,5 %<\/span><br \/>\n<span dir=\"auto\">Mati\u00e8res grasses brutes : 4,5 %<\/span><br \/>\n<span dir=\"auto\">Cendres brutes : 3 %<\/span><br \/>\n<span dir=\"auto\">Fibres brutes : 0,07 %<\/span><br \/>\n<span dir=\"auto\">Fibres solubles : 0,6 %<\/span><br \/>\n<span dir=\"auto\">Acides gras om\u00e9ga-3 : 0,03 %<\/span><br \/>\n<span dir=\"auto\">Acides gras om\u00e9ga-6 : 0,7 %<\/span><\/p>\n<p><strong><span dir=\"auto\">Ration journali\u00e8re et instructions d&rsquo;utilisation<\/span><\/strong><\/p>\n<p><span dir=\"auto\">Pour un chat adulte moyen (4 kg), servez 2 \u00e0 3 bo\u00eetes tout au long de la journ\u00e9e en au moins 2 repas distincts.\u00a0<\/span><\/p>\n<p><span dir=\"auto\">Les rations d&rsquo;entretien moyennes pour les chats adultes sont bas\u00e9es sur des chats mod\u00e9r\u00e9ment actifs dans des conditions environnementales normales.\u00a0<\/span><\/p>\n<p><span dir=\"auto\">Les besoins individuels varient et la quantit\u00e9 de nourriture doit \u00eatre ajust\u00e9e en cons\u00e9quence pour maintenir votre chat \u00e0 un poids corporel mince et sain.\u00a0<\/span><\/p>\n<p><span dir=\"auto\">Servir \u00e0 temp\u00e9rature ambiante.\u00a0<\/span><\/p>\n<p><span dir=\"auto\">Laissez toujours de l&rsquo;eau propre et fra\u00eeche \u00e0 disposition.<\/span><\/p>\n<\/div>\n","protected":false},"excerpt":{"rendered":"<div class=\"dsu-product--options\">\n<ul>\n<li>\n<div class=\"dsu-product--options\">\n<div class=\"dsu-product--options\">\n<p><span dir=\"auto\">Tailles disponibles :<\/span><\/p>\n<div class=\"options\">\n<div class=\"field field--name-field-product-size field--type-string field--label-hidden field__items\">\n<div class=\"field__item\"><span dir=\"auto\">4 x 85 g<\/span><\/div>\n<\/div>\n<\/div>\n<\/div>\n<div class=\"dsu-product--highlight\">\n<div class=\"field field--name-field-product-highlight field--type-string field--label-hidden field__items\">\n<ul>\n<li><span dir=\"auto\">Contribue au maintien d&rsquo;un m\u00e9tabolisme sain apr\u00e8s st\u00e9rilisation\/castration.<\/span><\/li>\n<li><span dir=\"auto\">Il contribue au maintien d&rsquo;un syst\u00e8me urinaire sain en aidant \u00e0 r\u00e9duire la concentration de min\u00e9raux susceptibles d&rsquo;entra\u00eener la formation de calculs r\u00e9naux.<\/span><\/li>\n<li><span dir=\"auto\">Avec du saumon ou de la dinde de haute qualit\u00e9 comme source de prot\u00e9ines et pour un go\u00fbt exceptionnel.<\/span><\/li>\n<li><span dir=\"auto\">Elle contribue \u00e0 maintenir de fortes d\u00e9fenses naturelles gr\u00e2ce \u00e0 des antioxydants, comme la vitamine E.<\/span><\/li>\n<\/ul>\n<\/div>\n<\/div>\n<\/div>\n<\/li>\n<\/ul>\n<\/div>\n","protected":false},"featured_media":39094,"template":"","meta":{"jetpack_publicize_message":"","jetpack_publicize_feature_enabled":true,"jetpack_social_post_already_shared":true,"jetpack_social_options":{"image_generator_settings":{"template":"highway","default_image_id":0,"font":"","enabled":false},"version":2}},"product_brand":[],"product_cat":[41,239],"product_tag":[],"class_list":{"0":"post-39093","1":"product","2":"type-product","3":"status-publish","4":"has-post-thumbnail","6":"product_cat-friandises-et-pate-pour-chat","7":"product_cat-pate-humides-chat","9":"first","10":"instock","11":"taxable","12":"shipping-taxable","13":"purchasable","14":"product-type-simple"},"supplier_id":5592,"supplier_sku":"","barcode":null,"atum_controlled":true,"out_stock_date":null,"out_stock_threshold":null,"inheritable":false,"inbound_stock":null,"stock_on_hold":null,"sold_today":null,"sales_last_days":null,"reserved_stock":null,"customer_returns":null,"warehouse_damage":null,"lost_in_post":null,"other_logs":null,"out_stock_days":null,"lost_sales":null,"has_location":false,"update_date":"2026-04-06T22:02:56","atum_locations":[],"atum_stock_status":"instock","restock_status":false,"low_stock_amount":12,"sales_update_date":"2026-04-06T21:35:04","calc_backorders":null,"jetpack_publicize_connections":[],"jetpack_sharing_enabled":true,"batches":[{"id":"8771","date_created":"2026-04-06 22:02:54","date_expiry":"2027-07-30 00:00:00","user_id":"2461","batch_number":"Purina ONE\u00ae Terrine St\u00e9rilis\u00e9e \u00e0 La Morue et Aux Courgettes 85 g0727","location":"","quantity":"144.0000","quantity_available":"144.0000","units":"1","status":"active","order_ids":null,"supplier":"Casablanca","po":{"id":"8698","date_created":"2026-04-06 22:02:54","batch_id":"8771","po_number":"","supplier":"Casablanca","cost":null,"regular_price":null,"sale_price":null,"price_margin":null,"price_discount":null}}],"_links":{"self":[{"href":"https:\/\/petworld.ma\/index.php\/wp-json\/wp\/v2\/product\/39093","targetHints":{"allow":["GET"]}}],"collection":[{"href":"https:\/\/petworld.ma\/index.php\/wp-json\/wp\/v2\/product"}],"about":[{"href":"https:\/\/petworld.ma\/index.php\/wp-json\/wp\/v2\/types\/product"}],"wp:featuredmedia":[{"embeddable":true,"href":"https:\/\/petworld.ma\/index.php\/wp-json\/wp\/v2\/media\/39094"}],"wp:attachment":[{"href":"https:\/\/petworld.ma\/index.php\/wp-json\/wp\/v2\/media?parent=39093"}],"wp:term":[{"taxonomy":"product_brand","embeddable":true,"href":"https:\/\/petworld.ma\/index.php\/wp-json\/wp\/v2\/product_brand?post=39093"},{"taxonomy":"product_cat","embeddable":true,"href":"https:\/\/petworld.ma\/index.php\/wp-json\/wp\/v2\/product_cat?post=39093"},{"taxonomy":"product_tag","embeddable":true,"href":"https:\/\/petworld.ma\/index.php\/wp-json\/wp\/v2\/product_tag?post=39093"}],"curies":[{"name":"wp","href":"https:\/\/api.w.org\/{rel}","templated":true}]}}