{"id":39129,"date":"2026-04-07T15:33:31","date_gmt":"2026-04-07T15:33:31","guid":{"rendered":"https:\/\/petworld.ma\/?post_type=product&#038;p=39129"},"modified":"2026-04-07T16:04:24","modified_gmt":"2026-04-07T16:04:24","slug":"purina-one-terrine-sterilisee-a-la-dinde-et-aux-epinards-85-g","status":"publish","type":"product","link":"https:\/\/petworld.ma\/index.php\/produit\/purina-one-terrine-sterilisee-a-la-dinde-et-aux-epinards-85-g\/","title":{"rendered":"Purina ONE\u00ae Terrine St\u00e9rilis\u00e9e \u00e0 La Dinde et Aux \u00e9pinards 85 g"},"content":{"rendered":"<div class=\"dsu-product--options\">\n<p>Les v\u00e9t\u00e9rinaires et nutritionnistes Purina ont con\u00e7u une gamme de recettes compl\u00e8tes et \u00e9quilibr\u00e9es \u00e0 90 % de prot\u00e9ines animales (1), combinant un d\u00e9licieux terrine avec des morceaux tendres cuits \u00e0 la vapeur et des l\u00e9gumes pour une nutrition avanc\u00e9e et un bien-\u00eatre g\u00e9n\u00e9ral. D&rsquo;une bonne digestion et du syst\u00e8me immunitaire \u00e0 un pelage brillant, vous pouvez voir les r\u00e9sultats visibles sur la sant\u00e9 de votre chat aujourd&rsquo;hui et demain. (1) du total des prot\u00e9ines<\/p>\n<p><span dir=\"auto\"><br \/>\nLes v\u00e9t\u00e9rinaires et nutritionnistes de Purina ont con\u00e7u une gamme de recettes compl\u00e8tes et \u00e9quilibr\u00e9es, contenant 90 % de prot\u00e9ines animales(1), alliant une d\u00e9licieuse terrine \u00e0 de tendres morceaux de viande cuits \u00e0 la vapeur et \u00e0 des l\u00e9gumes pour une nutrition optimale et un bien-\u00eatre g\u00e9n\u00e9ral. D&rsquo;une digestion saine \u00e0 un syst\u00e8me immunitaire fort, en passant par un pelage brillant, vous pouvez constater d\u00e8s aujourd&rsquo;hui les bienfaits sur la sant\u00e9 de votre chat.<\/span><\/p>\n<\/div>\n<div><\/div>\n<div>\n<p><strong><span dir=\"auto\">Caract\u00e9ristiques<\/span><\/strong><\/p>\n<ul>\n<li><strong><span dir=\"auto\">Caract\u00e9ristiques<\/span><\/strong>\n<ul>\n<li class=\"a-spacing-mini\"><span class=\"a-list-item\">Aide au microbiome intestinal<\/span><\/li>\n<li class=\"a-spacing-mini\"><span class=\"a-list-item\">Aide \u00e0 maintenir un syst\u00e8me immunofort<\/span><\/li>\n<li class=\"a-spacing-mini\"><span class=\"a-list-item\">Contr\u00f4le du poids gr\u00e2ce \u00e0 un niveau \u00e9lev\u00e9 de prot\u00e9ines<\/span><\/li>\n<li class=\"a-spacing-mini\"><span class=\"a-list-item\">Aide \u00e0 maintenir les voies urinaires saines<\/span><\/li>\n<li class=\"a-spacing-mini\"><span class=\"a-list-item\">Avec 90 % de prot\u00e9ines animales * * du total des prot\u00e9ines<\/span><\/li>\n<\/ul>\n<\/li>\n<\/ul>\n<p><strong><span dir=\"auto\">Composition<\/span><\/strong><\/p>\n<p>viandes et sous-produits animaux (dont dinde 4 %), poissons et sous-produits du poisson, substances min\u00e9rales, sous-produits d&rsquo;origine v\u00e9g\u00e9tale, sucres, l\u00e9gumes (0,45 % d&rsquo;\u00e9pinards s\u00e9ch\u00e9s, \u00e9quivalent \u00e0 4 % d&rsquo;\u00e9pinards).<\/p>\n<h3>Mode d&#8217;emploi<\/h3>\n<p>Mode d&#8217;emploi et ration journali\u00e8re recommand\u00e9e : pour un chat adulte moyen (4 kg), servir 2 \u00e0 3 canettes tout au long de la journ\u00e9e dans au moins 2 repas s\u00e9par\u00e9s. Les rations d&rsquo;entretien moyennes pour adultes sont bas\u00e9es sur des chats ayant une activit\u00e9 mod\u00e9r\u00e9e dans des conditions environnementales normales. Les besoins individuels varient et la quantit\u00e9 de nourriture doit \u00eatre ajust\u00e9e pour maintenir votre chat \u00e0 un poids corporel maigre et sain. Servir \u00e0 temp\u00e9rature ambiante. Laissez toujours \u00e0 votre disposition de l&rsquo;eau propre et fra\u00eeche.<\/p>\n<\/div>\n","protected":false},"excerpt":{"rendered":"<p>Les v\u00e9t\u00e9rinaires et nutritionnistes Purina ont con\u00e7u une gamme de recettes compl\u00e8tes et \u00e9quilibr\u00e9es \u00e0 90 % de prot\u00e9ines animales (1), combinant un d\u00e9licieux terrine avec des morceaux tendres cuits \u00e0 la vapeur et des l\u00e9gumes pour une nutrition avanc\u00e9e et un bien-\u00eatre g\u00e9n\u00e9ral. D&rsquo;une bonne digestion et du syst\u00e8me immunitaire \u00e0 un pelage brillant, [&#8230;]\n","protected":false},"featured_media":39130,"template":"","meta":{"jetpack_publicize_message":"","jetpack_publicize_feature_enabled":true,"jetpack_social_post_already_shared":true,"jetpack_social_options":{"image_generator_settings":{"template":"highway","default_image_id":0,"font":"","enabled":false},"version":2}},"product_brand":[],"product_cat":[41,239],"product_tag":[],"class_list":{"0":"post-39129","1":"product","2":"type-product","3":"status-publish","4":"has-post-thumbnail","6":"product_cat-friandises-et-pate-pour-chat","7":"product_cat-pate-humides-chat","9":"first","10":"instock","11":"taxable","12":"shipping-taxable","13":"purchasable","14":"product-type-simple"},"supplier_id":5592,"supplier_sku":"","barcode":null,"atum_controlled":true,"out_stock_date":null,"out_stock_threshold":null,"inheritable":false,"inbound_stock":0,"stock_on_hold":0,"sold_today":0,"sales_last_days":0,"reserved_stock":0,"customer_returns":0,"warehouse_damage":0,"lost_in_post":0,"other_logs":0,"out_stock_days":0,"lost_sales":0,"has_location":false,"update_date":"2026-04-08T22:14:46","atum_locations":[],"atum_stock_status":"instock","restock_status":false,"low_stock_amount":12,"sales_update_date":"2026-04-08T22:14:46","calc_backorders":null,"jetpack_publicize_connections":[],"jetpack_sharing_enabled":true,"batches":[{"id":"8773","date_created":"2026-04-07 16:04:24","date_expiry":"2027-07-07 00:00:00","user_id":"2461","batch_number":"Purina ONE\u00ae Terrine St\u00e9rilis\u00e9e \u00e0 La Dinde et Aux \u00e9pinards 85 g070727","location":"","quantity":"144.0000","quantity_available":"144.0000","units":"1","status":"active","order_ids":null,"supplier":"Casablanca","po":{"id":"8700","date_created":"2026-04-07 16:04:24","batch_id":"8773","po_number":"","supplier":"Casablanca","cost":null,"regular_price":null,"sale_price":null,"price_margin":null,"price_discount":null}}],"_links":{"self":[{"href":"https:\/\/petworld.ma\/index.php\/wp-json\/wp\/v2\/product\/39129","targetHints":{"allow":["GET"]}}],"collection":[{"href":"https:\/\/petworld.ma\/index.php\/wp-json\/wp\/v2\/product"}],"about":[{"href":"https:\/\/petworld.ma\/index.php\/wp-json\/wp\/v2\/types\/product"}],"wp:featuredmedia":[{"embeddable":true,"href":"https:\/\/petworld.ma\/index.php\/wp-json\/wp\/v2\/media\/39130"}],"wp:attachment":[{"href":"https:\/\/petworld.ma\/index.php\/wp-json\/wp\/v2\/media?parent=39129"}],"wp:term":[{"taxonomy":"product_brand","embeddable":true,"href":"https:\/\/petworld.ma\/index.php\/wp-json\/wp\/v2\/product_brand?post=39129"},{"taxonomy":"product_cat","embeddable":true,"href":"https:\/\/petworld.ma\/index.php\/wp-json\/wp\/v2\/product_cat?post=39129"},{"taxonomy":"product_tag","embeddable":true,"href":"https:\/\/petworld.ma\/index.php\/wp-json\/wp\/v2\/product_tag?post=39129"}],"curies":[{"name":"wp","href":"https:\/\/api.w.org\/{rel}","templated":true}]}}