{"id":39263,"date":"2026-04-09T15:00:12","date_gmt":"2026-04-09T15:00:12","guid":{"rendered":"https:\/\/petworld.ma\/?post_type=product&#038;p=39263"},"modified":"2026-04-09T15:10:05","modified_gmt":"2026-04-09T15:10:05","slug":"distributeur-pour-sacs-a-dejections-waisty-noir-flamingo","status":"publish","type":"product","link":"https:\/\/petworld.ma\/index.php\/produit\/distributeur-pour-sacs-a-dejections-waisty-noir-flamingo\/","title":{"rendered":"Distributeur pour Sacs \u00e0 D\u00e9jections Waisty Noir &#8211; Flamingo"},"content":{"rendered":"<div class=\"col-12 col-md-6\">\n<div class=\"mb-2 cms-element-text\">\n<div class=\"col-12 col-md-6\">\n<div class=\"cms-element-text\">\n<ul>\n<li>Mat\u00e9riau : synth\u00e9tique<\/li>\n<li>Verrouillable avec un bouchon<\/li>\n<li>Comprend 2 rouleaux avec 8 sachets d&rsquo;une \u00e9paisseur de 10 micron<\/li>\n<li>Les sacs sont munis d&rsquo;une bande de papier hygi\u00e9nique<\/li>\n<li>Un sac mesure 200 x 320 mm<\/li>\n<\/ul>\n<\/div>\n<\/div>\n<div class=\"d-flex align-items-center gap-3 mt-4\">\n<div class=\"d-flex align-items-center\">\n<div class=\"bg-white rounded d-flex align-items-center flex-shrink-0\"><\/div>\n<\/div>\n<\/div>\n<\/div>\n<\/div>\n<div class=\"col-12 col-md-6\">\n<div class=\"cms-element-text\"><\/div>\n<\/div>\n<div class=\"d-flex align-items-center gap-3 mt-4\">\n<div class=\"d-flex align-items-center\">\n<div class=\"bg-white rounded d-flex align-items-center flex-shrink-0\"><img decoding=\"async\" title=\"Distributeur pour sacs \u00e0 d\u00e9jections Waisty Noir\" src=\"https:\/\/flamingo.xcdn.nl\/PoepzakhouderVerticaal_RA_01.jpg?s=24&amp;f=s:400:400:1:1\" alt=\"Distributeur pour sacs \u00e0 d\u00e9jections Waisty Noir\" \/><\/div>\n<div>A:5cm B:4,5cm C:11,5cm<\/div>\n<\/div>\n<\/div>\n<div><\/div>\n<div><\/div>\n<div class=\"product-detail-properties product-detail-io-property-sets\">\n<div class=\"row product-detail-properties-container product-detail-io-property-sets-container\">\n<div class=\"col-12 accordion\">\n<div class=\"product-detail-properties-item accordion-item\">\n<p><span class=\"accordion-header\"><button class=\"product-detail-properties-toggle fw-bold font-size-md btn-reset rounded-0 d-flex align-items-center w-100 btn-no-outline justify-content-between accordion-button \" type=\"button\" data-bs-toggle=\"collapse\" data-bs-target=\"#pdpCollapse1\" aria-expanded=\"true\" aria-controls=\"pdpCollapse1\">D\u00e9tails du produit<\/button><\/span><\/p>\n<div id=\"pdpCollapse1\" class=\"product-detail-properties-content accordion-collapse collapse show\">\n<table class=\"table table-striped product-detail-properties-table product-detail-io-property-set-table accordion-body\">\n<tbody>\n<tr class=\"properties-row\">\n<th class=\"properties-label fw-normal d-block d-md-table-cell\">\n<div class=\"d-flex align-items-center\">Description du produit:<\/div>\n<\/th>\n<td class=\"properties-value d-block d-md-table-cell\">PORTE-SAC \u00c0 D\u00c9JECTIONS WAISTY NOIR + 2 ROULEAUX 5&#215;4,5&#215;11,5CM<\/td>\n<\/tr>\n<tr class=\"properties-row\">\n<th class=\"properties-label fw-normal d-block d-md-table-cell\">\n<div class=\"d-flex align-items-center\">Nom du produit:<\/div>\n<\/th>\n<td class=\"properties-value d-block d-md-table-cell\">Distributeur pour sacs \u00e0 d\u00e9jections Waisty Noir<\/td>\n<\/tr>\n<tr class=\"properties-row\">\n<th class=\"properties-label fw-normal d-block d-md-table-cell\">\n<div class=\"d-flex align-items-center\">EAN:<\/div>\n<\/th>\n<td class=\"properties-value d-block d-md-table-cell\">5400585010794<\/p>\n<div class=\"mt-2\"><\/div>\n<\/td>\n<\/tr>\n<tr class=\"properties-row\">\n<th class=\"properties-label fw-normal d-block d-md-table-cell\">\n<div class=\"d-flex align-items-center\">N\u00b0 produit:<\/div>\n<\/th>\n<td class=\"properties-value d-block d-md-table-cell\">15605<\/td>\n<\/tr>\n<tr class=\"properties-row\">\n<th class=\"properties-label fw-normal d-block d-md-table-cell\">\n<div class=\"d-flex align-items-center\">Marque:<\/div>\n<\/th>\n<td class=\"properties-value d-block d-md-table-cell\">Flamingo<\/td>\n<\/tr>\n<tr class=\"properties-row\">\n<th class=\"properties-label fw-normal d-block d-md-table-cell\">Phase de la vie:<\/th>\n<td class=\"properties-value d-block d-md-table-cell\">Tous les \u00e2ges<\/td>\n<\/tr>\n<tr class=\"properties-row\">\n<th class=\"properties-label fw-normal d-block d-md-table-cell\">Sous-nom de marque:<\/th>\n<td class=\"properties-value d-block d-md-table-cell\">Waisty<\/td>\n<\/tr>\n<tr class=\"properties-row\">\n<th class=\"properties-label fw-normal d-block d-md-table-cell\">Type de produit:<\/th>\n<td class=\"properties-value d-block d-md-table-cell\">Distributeur pour sacs \u00e0 d\u00e9jections<\/td>\n<\/tr>\n<tr class=\"properties-row\">\n<th class=\"properties-label fw-normal d-block d-md-table-cell\">Taille de la race:<\/th>\n<td class=\"properties-value d-block d-md-table-cell\">Toutes les tailles<\/td>\n<\/tr>\n<tr class=\"properties-row\">\n<th class=\"properties-label fw-normal d-block d-md-table-cell\">Utilisation int\u00e9rieure\/ext\u00e9rieure:<\/th>\n<td class=\"properties-value d-block d-md-table-cell\">Ext\u00e9rieur<\/td>\n<\/tr>\n<\/tbody>\n<\/table>\n<\/div>\n<\/div>\n<\/div>\n<\/div>\n<\/div>\n<p>&nbsp;<\/p>\n","protected":false},"excerpt":{"rendered":"<p>Avec le porte-sac \u00e0 crottes Waisty Black + 2 rouleaux, vous \u00eates toujours pr\u00eat \u00e0 r\u00e9pondre aux besoins de votre fid\u00e8le compagnon \u00e0 quatre pattes. Le support est fait en plastique solide et dispose d&rsquo;un couvercle pratique pour fermer les sacs. Les sacs fournis ont une bande de papier hygi\u00e9nique et mesurent 200 x 320 mm.<\/p>\n<div class=\"ai-notice-icon\" data-tippy-options=\"{&quot;content&quot;:&quot;Ce texte a \\u00e9t\\u00e9 g\\u00e9n\\u00e9r\\u00e9 et traduit \\u00e0 l'aide de l'IA&quot;}\"><\/div>\n","protected":false},"featured_media":39268,"template":"","meta":{"jetpack_publicize_message":"","jetpack_publicize_feature_enabled":true,"jetpack_social_post_already_shared":true,"jetpack_social_options":{"image_generator_settings":{"template":"highway","default_image_id":0,"font":"","enabled":false},"version":2}},"product_brand":[],"product_cat":[25,106,224],"product_tag":[],"class_list":{"0":"post-39263","1":"product","2":"type-product","3":"status-publish","4":"has-post-thumbnail","6":"product_cat-hygiene-et-soins","7":"product_cat-jouet-et-dressage","8":"product_cat-lingettes-serviettes","10":"first","11":"instock","12":"taxable","13":"shipping-taxable","14":"purchasable","15":"product-type-simple"},"supplier_id":8770,"supplier_sku":"15605","barcode":"5400585010794","atum_controlled":true,"out_stock_date":null,"out_stock_threshold":null,"inheritable":false,"inbound_stock":0,"stock_on_hold":0,"sold_today":0,"sales_last_days":0,"reserved_stock":0,"customer_returns":0,"warehouse_damage":0,"lost_in_post":0,"other_logs":0,"out_stock_days":0,"lost_sales":0,"has_location":false,"update_date":"2026-04-16T17:37:49","atum_locations":[],"atum_stock_status":"instock","restock_status":false,"low_stock_amount":2,"sales_update_date":"2026-04-16T17:37:49","calc_backorders":null,"jetpack_publicize_connections":[],"jetpack_sharing_enabled":true,"batches":[],"_links":{"self":[{"href":"https:\/\/petworld.ma\/index.php\/wp-json\/wp\/v2\/product\/39263","targetHints":{"allow":["GET"]}}],"collection":[{"href":"https:\/\/petworld.ma\/index.php\/wp-json\/wp\/v2\/product"}],"about":[{"href":"https:\/\/petworld.ma\/index.php\/wp-json\/wp\/v2\/types\/product"}],"wp:featuredmedia":[{"embeddable":true,"href":"https:\/\/petworld.ma\/index.php\/wp-json\/wp\/v2\/media\/39268"}],"wp:attachment":[{"href":"https:\/\/petworld.ma\/index.php\/wp-json\/wp\/v2\/media?parent=39263"}],"wp:term":[{"taxonomy":"product_brand","embeddable":true,"href":"https:\/\/petworld.ma\/index.php\/wp-json\/wp\/v2\/product_brand?post=39263"},{"taxonomy":"product_cat","embeddable":true,"href":"https:\/\/petworld.ma\/index.php\/wp-json\/wp\/v2\/product_cat?post=39263"},{"taxonomy":"product_tag","embeddable":true,"href":"https:\/\/petworld.ma\/index.php\/wp-json\/wp\/v2\/product_tag?post=39263"}],"curies":[{"name":"wp","href":"https:\/\/api.w.org\/{rel}","templated":true}]}}