{"id":39346,"date":"2026-04-10T16:22:45","date_gmt":"2026-04-10T16:22:45","guid":{"rendered":"https:\/\/petworld.ma\/?post_type=product&#038;p=39346"},"modified":"2026-04-10T17:30:27","modified_gmt":"2026-04-10T17:30:27","slug":"purina-gourmet-perle-duo-aux-viandes-delicates-en-sauce-pour-chats-4x85-g","status":"publish","type":"product","link":"https:\/\/petworld.ma\/index.php\/produit\/purina-gourmet-perle-duo-aux-viandes-delicates-en-sauce-pour-chats-4x85-g\/","title":{"rendered":"Purina Gourmet Perle Duo Aux Viandes D\u00e9licates En Sauce Pour Chats 4&#215;85 g"},"content":{"rendered":"<div class=\"dsu-product--options\">\n<h2><span dir=\"auto\">Purina Gourmet Perle Duo, aliment humide pour chat aux viandes d\u00e9licates en sauce<\/span><\/h2>\n<p><strong><span dir=\"auto\">Purina Gourmet Perle Duo aux Viandes D\u00e9licates en Sauce<\/span><\/strong><span dir=\"auto\">\u00a0est un aliment 100 % complet et \u00e9quilibr\u00e9 pour chats adultes. Ces sachets contiennent de fines tranches de viande cuites dans une sauce savoureuse, pour le plus grand plaisir gustatif de votre chat. Quatre saveurs sont disponibles\u00a0:<\/span><br \/>\n<span dir=\"auto\">b\u0153uf et canard<\/span><br \/>\n<span dir=\"auto\">, lapin et gibier<\/span><br \/>\n<span dir=\"auto\">, poulet et b\u0153uf<\/span><br \/>\n<span dir=\"auto\">, dinde et agneau.<\/span><\/p>\n<h3><span dir=\"auto\">Composition:<\/span><\/h3>\n<p><span dir=\"auto\">Lapin et gibier\u00a0: Viandes et sous-produits animaux (dont 20\u00a0% de lapin et 4\u00a0% de gibier), extraits de prot\u00e9ines v\u00e9g\u00e9tales, poissons et sous-produits de poissons, substances min\u00e9rales, sucres.<\/span><\/p>\n<p><span dir=\"auto\">Veau et canard\u00a0: Viandes et sous-produits animaux (dont 19\u00a0% de veau et 4\u00a0% de canard), extraits de prot\u00e9ines v\u00e9g\u00e9tales, poissons et sous-produits de poissons, substances min\u00e9rales, sucres.<\/span><\/p>\n<p><span dir=\"auto\">Dinde et agneau\u00a0: Viandes et sous-produits animaux (dont 20\u00a0% de dinde et 4\u00a0% d\u2019agneau), extraits de prot\u00e9ines v\u00e9g\u00e9tales, poissons et sous-produits de poissons, substances min\u00e9rales, sucres.<\/span><\/p>\n<p><span dir=\"auto\">Poulet et b\u0153uf\u00a0: Viandes et sous-produits animaux (dont 18\u00a0% de poulet et 4\u00a0% de b\u0153uf), extraits de prot\u00e9ines v\u00e9g\u00e9tales, poissons et sous-produits de poissons, substances min\u00e9rales, sucres.<\/span><\/p>\n<h3><span dir=\"auto\">Additifs :<\/span><\/h3>\n<p><span dir=\"auto\">UI\/kg : Vit. A : 700 ; Vit. D3 : 105.<\/span><\/p>\n<p><span dir=\"auto\">mg\/kg : Sulfate ferreux (II) monohydrat\u00e9 (Fe : 8,0) ; Iodate de calcium anhydre (I : 0,20) ; Sulfate de cuivre (II) pentahydrat\u00e9 (Cu : 0,7) ; Sulfate de mangan\u00e8se monohydrat\u00e9 (Mn : 1,5) ; Sulfate de zinc monohydrat\u00e9 (Zn : 14,5) ; Taurine : 440.<\/span><br \/>\n<span dir=\"auto\">Avec ar\u00f4mes.<\/span><\/p>\n<h3><span dir=\"auto\">Composants analytiques :<\/span><\/h3>\n<p><span dir=\"auto\">Humidit\u00e9 : 80,0 %, Prot\u00e9ines brutes : 13,0 %, Mati\u00e8res grasses brutes : 2,5 %, Cendres brutes : 2,5 %, Fibres brutes : 0,05 %<\/span><\/p>\n<h3><span dir=\"auto\">Ration journali\u00e8re et mode d&#8217;emploi\u00a0:<\/span><\/h3>\n<p><span dir=\"auto\">Pour un chat adulte de taille moyenne (4 kg), servez 3 \u00e0 4 sachets par jour, r\u00e9partis en au moins 2 repas.<\/span><br \/>\n<span dir=\"auto\">Ces rations d&rsquo;entretien sont donn\u00e9es \u00e0 titre indicatif pour un chat mod\u00e9r\u00e9ment actif vivant dans des conditions environnementales normales. Les besoins individuels \u00e9tant diff\u00e9rents, la quantit\u00e9 de nourriture doit \u00eatre adapt\u00e9e afin de maintenir votre chat \u00e0 un poids id\u00e9al. Servez \u00e0 temp\u00e9rature ambiante. Veillez \u00e0 toujours laisser de l&rsquo;eau fra\u00eeche et propre \u00e0 disposition.<\/span><\/p>\n<h3><span dir=\"auto\">Pr\u00e9sentation:<\/span><\/h3>\n<p><span dir=\"auto\">Lot de 4 sachets de 85 grammes chacun (1 sachet B\u0153uf et Canard, 1 sachet Lapin et Gibier, 1 sachet Poulet et B\u0153uf, et 1 sachet Dinde et Agneau).<\/span><br \/>\n<span dir=\"auto\">Lot de 48 sachets de 85 grammes chacun (12 sachets B\u0153uf et Canard, 12 sachets Lapin et Gibier, 12 sachets Poulet et B\u0153uf, et 12 sachets Dinde et Agneau).<\/span><\/p>\n<\/div>\n","protected":false},"excerpt":{"rendered":"<p>Purina Gourmet Perle Duo, aliment humide pour chat aux viandes d\u00e9licates en sauce Purina Gourmet Perle Duo aux Viandes D\u00e9licates en Sauce\u00a0est un aliment 100 % complet et \u00e9quilibr\u00e9 pour chats adultes. Ces sachets contiennent de fines tranches de viande cuites dans une sauce savoureuse, pour le plus grand plaisir gustatif de votre chat. Quatre [&#8230;]\n","protected":false},"featured_media":39351,"template":"","meta":{"jetpack_publicize_message":"","jetpack_publicize_feature_enabled":true,"jetpack_social_post_already_shared":true,"jetpack_social_options":{"image_generator_settings":{"template":"highway","default_image_id":0,"font":"","enabled":false},"version":2}},"product_brand":[],"product_cat":[239],"product_tag":[],"class_list":{"0":"post-39346","1":"product","2":"type-product","3":"status-publish","4":"has-post-thumbnail","6":"product_cat-pate-humides-chat","8":"first","9":"instock","10":"taxable","11":"shipping-taxable","12":"purchasable","13":"product-type-simple"},"supplier_id":5592,"supplier_sku":"","barcode":null,"atum_controlled":true,"out_stock_date":null,"out_stock_threshold":null,"inheritable":false,"inbound_stock":0,"stock_on_hold":0,"sold_today":0,"sales_last_days":0,"reserved_stock":0,"customer_returns":0,"warehouse_damage":0,"lost_in_post":0,"other_logs":0,"out_stock_days":0,"lost_sales":0,"has_location":false,"update_date":"2026-04-10T17:30:27","atum_locations":[],"atum_stock_status":"instock","restock_status":false,"low_stock_amount":12,"sales_update_date":"2026-04-10T17:21:26","calc_backorders":null,"jetpack_publicize_connections":[],"jetpack_sharing_enabled":true,"batches":[{"id":"8787","date_created":"2026-04-10 16:52:59","date_expiry":"2027-08-08 00:00:00","user_id":"2461","batch_number":"Purina Gourmet Perle Duo Aux Viandes D\u00e9licates En Sauce Pour Chats 4x85 g 0827","location":"","quantity":"24.0000","quantity_available":"24.0000","units":"1","status":"active","order_ids":null,"supplier":"Casablanca","po":{"id":"8714","date_created":"2026-04-10 16:53:00","batch_id":"8787","po_number":"","supplier":"Casablanca","cost":null,"regular_price":null,"sale_price":null,"price_margin":null,"price_discount":null}}],"_links":{"self":[{"href":"https:\/\/petworld.ma\/index.php\/wp-json\/wp\/v2\/product\/39346","targetHints":{"allow":["GET"]}}],"collection":[{"href":"https:\/\/petworld.ma\/index.php\/wp-json\/wp\/v2\/product"}],"about":[{"href":"https:\/\/petworld.ma\/index.php\/wp-json\/wp\/v2\/types\/product"}],"wp:featuredmedia":[{"embeddable":true,"href":"https:\/\/petworld.ma\/index.php\/wp-json\/wp\/v2\/media\/39351"}],"wp:attachment":[{"href":"https:\/\/petworld.ma\/index.php\/wp-json\/wp\/v2\/media?parent=39346"}],"wp:term":[{"taxonomy":"product_brand","embeddable":true,"href":"https:\/\/petworld.ma\/index.php\/wp-json\/wp\/v2\/product_brand?post=39346"},{"taxonomy":"product_cat","embeddable":true,"href":"https:\/\/petworld.ma\/index.php\/wp-json\/wp\/v2\/product_cat?post=39346"},{"taxonomy":"product_tag","embeddable":true,"href":"https:\/\/petworld.ma\/index.php\/wp-json\/wp\/v2\/product_tag?post=39346"}],"curies":[{"name":"wp","href":"https:\/\/api.w.org\/{rel}","templated":true}]}}