{"id":39355,"date":"2026-04-10T17:23:52","date_gmt":"2026-04-10T17:23:52","guid":{"rendered":"https:\/\/petworld.ma\/?post_type=product&#038;p=39355"},"modified":"2026-04-10T17:29:21","modified_gmt":"2026-04-10T17:29:21","slug":"purina-gourmet-perle-delices-en-sauce-au-saumon-et-au-thon-pour-chats-4x85-g","status":"publish","type":"product","link":"https:\/\/petworld.ma\/index.php\/produit\/purina-gourmet-perle-delices-en-sauce-au-saumon-et-au-thon-pour-chats-4x85-g\/","title":{"rendered":"Purina Gourmet Perle D\u00e9lices En Sauce Au Saumon et Au Thon Pour Chats 4&#215;85 g"},"content":{"rendered":"<div class=\"dsu-product--options\">\n<ul>\n<li><span dir=\"auto\">Si cela ne tenait qu&rsquo;\u00e0 votre chat, tous ses repas humides seraient compos\u00e9s de sauce, de sauce et encore de sauce.<\/span><\/li>\n<li><span dir=\"auto\">C\u2019est pourquoi GOURMET\u00ae Perle a cr\u00e9\u00e9 Delicias en Salsa : une g\u00e9n\u00e9reuse portion de d\u00e9licieuse sauce associ\u00e9e \u00e0 de d\u00e9licats mini-filets.<\/span><\/li>\n<li><span dir=\"auto\">Chaque recette de Delicias en Salsa commence par une sauce onctueuse et savoureuse, d\u00e9licatement associ\u00e9e \u00e0 de fins et tendres morceaux de poulet, de b\u0153uf ou de poisson.<\/span><\/li>\n<li><span dir=\"auto\">Vous aurez la satisfaction de servir chaque jour les D\u00e9lices Perle en Sauce GOURMET\u00ae car chaque recette est pr\u00e9par\u00e9e pour ravir votre chat.<\/span><\/li>\n<li><span dir=\"auto\">Toutes les vari\u00e9t\u00e9s de GOURMET\u00ae Perle ne contiennent aucun colorant, conservateur ou ar\u00f4me artificiel ajout\u00e9.<\/span><\/li>\n<\/ul>\n<p><strong><span dir=\"auto\">Caract\u00e9ristiques<\/span><\/strong><\/p>\n<ul>\n<li><span dir=\"auto\">Les croquettes Gourmet sont une source importante d&rsquo;hydratation pour votre chat. De plus, vous lui offrirez une alimentation vari\u00e9e, avec diff\u00e9rentes saveurs et textures pour son plus grand plaisir !<\/span><\/li>\n<li><span dir=\"auto\">Aliments 100% complets et \u00e9quilibr\u00e9s<\/span><\/li>\n<li><span dir=\"auto\">Fabriqu\u00e9 avec des ingr\u00e9dients de haute qualit\u00e9<\/span><\/li>\n<li><span dir=\"auto\">Une exp\u00e9rience culinaire unique<\/span><\/li>\n<\/ul>\n<div class=\"field__item\">\n<p><strong><span dir=\"auto\">Composition<\/span><\/strong><\/p>\n<p><span dir=\"auto\">Au thon\u00a0:<\/span><br \/>\n<span dir=\"auto\">viandes et sous-produits animaux,<\/span><br \/>\n<span dir=\"auto\">extraits de prot\u00e9ines v\u00e9g\u00e9tales<\/span><br \/>\n<span dir=\"auto\">, poissons et sous-produits de poissons (thon 4\u00a0%)<\/span><br \/>\n<span dir=\"auto\">, substances min\u00e9rales,<\/span><br \/>\n<span dir=\"auto\">sous-produits d\u2019origine v\u00e9g\u00e9tale,<\/span><br \/>\n<span dir=\"auto\">sucres.<\/span><\/p>\n<p><span dir=\"auto\">Au saumon\u00a0:<\/span><br \/>\n<span dir=\"auto\">viandes et sous-produits animaux ,<\/span><br \/>\n<span dir=\"auto\">extraits de prot\u00e9ines v\u00e9g\u00e9tales<\/span><br \/>\n<span dir=\"auto\">, poissons et sous-produits de poissons (saumon 4\u00a0%)<\/span><br \/>\n<span dir=\"auto\">, substances min\u00e9rales<\/span><br \/>\n<span dir=\"auto\">, sous-produits d\u2019origine v\u00e9g\u00e9tale,<\/span><br \/>\n<span dir=\"auto\">sucres.<\/span><\/p>\n<\/div>\n<div class=\"field__item\">\n<p><strong><span dir=\"auto\">Composants analytiques<\/span><\/strong><\/p>\n<p><span dir=\"auto\">Humidit\u00e9 : 82,0 %<\/span><br \/>\n<span dir=\"auto\">Prot\u00e9ines brutes : 11,5 %<\/span><br \/>\n<span dir=\"auto\">Mati\u00e8res grasses brutes : 2,5 %<\/span><br \/>\n<span dir=\"auto\">Cendres brutes : 2,0 %<\/span><br \/>\n<span dir=\"auto\">Fibres brutes : 0,2 %<\/span><\/p>\n<p><strong><span dir=\"auto\">Additifs<\/span><\/strong><\/p>\n<p><span dir=\"auto\">UI\/kg :<\/span><br \/>\n<span dir=\"auto\">Vit. A : 600 ;<\/span><br \/>\n<span dir=\"auto\">Vit. D3 : 90.<\/span><\/p>\n<p><span dir=\"auto\">mg\/kg :<\/span><br \/>\n<span dir=\"auto\">Sulfate ferreux (II) monohydrat\u00e9 (Fe : 6,8) ;<\/span><br \/>\n<span dir=\"auto\">Iodate de calcium anhydre (I : 0,16) ;<\/span><br \/>\n<span dir=\"auto\">Sulfate de cuivre (II) pentahydrat\u00e9 (Cu : 0,5) ;<\/span><br \/>\n<span dir=\"auto\">Sulfate de mangan\u00e8se monohydrat\u00e9 (Mn : 1,3) ;<\/span><br \/>\n<span dir=\"auto\">Sulfate de zinc monohydrat\u00e9 (Zn : 12,0) ;<\/span><br \/>\n<span dir=\"auto\">Taurine : 370.<\/span><\/p>\n<p><span dir=\"auto\">Avec ar\u00f4mes.<\/span><\/p>\n<p><strong><span dir=\"auto\">Mode d&#8217;emploi et portion quotidienne recommand\u00e9e<\/span><\/strong><\/p>\n<p><span dir=\"auto\">Pour un chat adulte de taille moyenne (4 kg), servez 3 \u00e0 4 sachets par jour, r\u00e9partis en au moins 2 repas.\u00a0<\/span><br \/>\n<span dir=\"auto\">Ces rations d&rsquo;entretien sont donn\u00e9es \u00e0 titre indicatif pour un chat mod\u00e9r\u00e9ment actif vivant dans des conditions environnementales normales.\u00a0<\/span><br \/>\n<span dir=\"auto\">Les besoins individuels \u00e9tant diff\u00e9rents, la quantit\u00e9 de nourriture doit \u00eatre adapt\u00e9e afin de maintenir votre chat \u00e0 un poids id\u00e9al.\u00a0<\/span><br \/>\n<span dir=\"auto\">Servez \u00e0 temp\u00e9rature ambiante. Veillez \u00e0\u00a0<\/span><br \/>\n<span dir=\"auto\">toujours laisser de l&rsquo;eau fra\u00eeche et propre \u00e0 disposition.<\/span><\/p>\n<p><span dir=\"auto\">\u00c0 consommer de pr\u00e9f\u00e9rence avant le : Num\u00e9ro de lot : voir le code sur le c\u00f4t\u00e9 de l&#8217;emballage.\u00a0<\/span><br \/>\n<span dir=\"auto\">Num\u00e9ro d&rsquo;enregistrement : voir sur les contenants individuels.\u00a0<\/span><br \/>\n<span dir=\"auto\">\u00c0 conserver dans un endroit frais et sec.\u00a0<\/span><br \/>\n<span dir=\"auto\">Les unit\u00e9s individuelles ne peuvent \u00eatre vendues s\u00e9par\u00e9ment.<\/span><\/p>\n<\/div>\n<\/div>\n","protected":false},"excerpt":{"rendered":"<p>Si cela ne tenait qu&rsquo;\u00e0 votre chat, tous ses repas humides seraient compos\u00e9s de sauce, de sauce et encore de sauce. C\u2019est pourquoi GOURMET\u00ae Perle a cr\u00e9\u00e9 Delicias en Salsa : une g\u00e9n\u00e9reuse portion de d\u00e9licieuse sauce associ\u00e9e \u00e0 de d\u00e9licats mini-filets. Chaque recette de Delicias en Salsa commence par une sauce onctueuse et savoureuse, [&#8230;]\n","protected":false},"featured_media":39356,"template":"","meta":{"jetpack_publicize_message":"","jetpack_publicize_feature_enabled":true,"jetpack_social_post_already_shared":true,"jetpack_social_options":{"image_generator_settings":{"template":"highway","default_image_id":0,"font":"","enabled":false},"version":2}},"product_brand":[],"product_cat":[239],"product_tag":[],"class_list":{"0":"post-39355","1":"product","2":"type-product","3":"status-publish","4":"has-post-thumbnail","6":"product_cat-pate-humides-chat","8":"first","9":"instock","10":"taxable","11":"shipping-taxable","12":"purchasable","13":"product-type-simple"},"supplier_id":5592,"supplier_sku":"","barcode":null,"atum_controlled":true,"out_stock_date":null,"out_stock_threshold":null,"inheritable":false,"inbound_stock":null,"stock_on_hold":null,"sold_today":null,"sales_last_days":null,"reserved_stock":null,"customer_returns":null,"warehouse_damage":null,"lost_in_post":null,"other_logs":null,"out_stock_days":null,"lost_sales":null,"has_location":false,"update_date":"2026-04-10T17:29:24","atum_locations":[],"atum_stock_status":"instock","restock_status":false,"low_stock_amount":12,"sales_update_date":"2026-04-10T17:21:26","calc_backorders":null,"jetpack_publicize_connections":[],"jetpack_sharing_enabled":true,"batches":[{"id":"8789","date_created":"2026-04-10 17:29:21","date_expiry":"2027-09-09 00:00:00","user_id":"2461","batch_number":"Purina Gourmet Perle D\u00e9lices En Sauce Au Saumon et Au Thon Pour Chats 4x85 g0927","location":"","quantity":"60.0000","quantity_available":"60.0000","units":"1","status":"active","order_ids":null,"supplier":"Casablanca","po":{"id":"8716","date_created":"2026-04-10 17:29:21","batch_id":"8789","po_number":"","supplier":"Casablanca","cost":null,"regular_price":null,"sale_price":null,"price_margin":null,"price_discount":null}}],"_links":{"self":[{"href":"https:\/\/petworld.ma\/index.php\/wp-json\/wp\/v2\/product\/39355","targetHints":{"allow":["GET"]}}],"collection":[{"href":"https:\/\/petworld.ma\/index.php\/wp-json\/wp\/v2\/product"}],"about":[{"href":"https:\/\/petworld.ma\/index.php\/wp-json\/wp\/v2\/types\/product"}],"wp:featuredmedia":[{"embeddable":true,"href":"https:\/\/petworld.ma\/index.php\/wp-json\/wp\/v2\/media\/39356"}],"wp:attachment":[{"href":"https:\/\/petworld.ma\/index.php\/wp-json\/wp\/v2\/media?parent=39355"}],"wp:term":[{"taxonomy":"product_brand","embeddable":true,"href":"https:\/\/petworld.ma\/index.php\/wp-json\/wp\/v2\/product_brand?post=39355"},{"taxonomy":"product_cat","embeddable":true,"href":"https:\/\/petworld.ma\/index.php\/wp-json\/wp\/v2\/product_cat?post=39355"},{"taxonomy":"product_tag","embeddable":true,"href":"https:\/\/petworld.ma\/index.php\/wp-json\/wp\/v2\/product_tag?post=39355"}],"curies":[{"name":"wp","href":"https:\/\/api.w.org\/{rel}","templated":true}]}}