{"id":39391,"date":"2026-04-10T18:57:51","date_gmt":"2026-04-10T18:57:51","guid":{"rendered":"https:\/\/petworld.ma\/?post_type=product&#038;p=39391"},"modified":"2026-04-10T19:04:45","modified_gmt":"2026-04-10T19:04:45","slug":"peigne-electrique-puleks-flamingo","status":"publish","type":"product","link":"https:\/\/petworld.ma\/index.php\/produit\/peigne-electrique-puleks-flamingo\/","title":{"rendered":"Peigne \u00e9lectrique Puleks Flamingo"},"content":{"rendered":"<p>Le peigne anti-puces Der Puleks est la solution ultime pour les puces sur les animaux de compagnie. Avec un sifflement \u00e9lectrique, ce peigne \u00e9limine les puces sans douleur ni produits chimiques. Convient aux chiens et aux chats de tous types de pelage. Le peigne est facile \u00e0 utiliser et \u00e0 nettoyer, gr\u00e2ce \u00e0 son bouton coulissant \u00e0 2 fonctions. Piles non incluses. R\u00e9sultats visibles imm\u00e9diatement !<\/p>\n<ul>\n<li>Mat\u00e9riau : synth\u00e9tique<\/li>\n<li>Ce peigne fonctionne avec un choc \u00e9lectrique pour \u00e9liminer les puces<\/li>\n<li>Convient aux chiens et chats de tous types de pelage<\/li>\n<li>Bouton coulissant \u00e0 2 fonctions pour utiliser et nettoyer le peigne<\/li>\n<li>Fonctionne avec 2 piles AA (non incluse)<\/li>\n<li>Un r\u00e9sultat visible imm\u00e9diat<\/li>\n<li>Indolore et sans produits chimiques<\/li>\n<\/ul>\n<p><span class=\"accordion-header\"><button class=\"product-detail-properties-toggle fw-bold font-size-md btn-reset rounded-0 d-flex align-items-center w-100 btn-no-outline justify-content-between accordion-button \" type=\"button\" data-bs-toggle=\"collapse\" data-bs-target=\"#pdpCollapse1\" aria-expanded=\"true\" aria-controls=\"pdpCollapse1\">D\u00e9tails du produit<\/button><\/span><\/p>\n<div id=\"pdpCollapse1\" class=\"product-detail-properties-content accordion-collapse collapse show\">\n<table class=\"table table-striped product-detail-properties-table product-detail-io-property-set-table accordion-body\">\n<tbody>\n<tr class=\"properties-row\">\n<th class=\"properties-label fw-normal d-block d-md-table-cell\">\n<div class=\"d-flex align-items-center\">Description du produit:<\/div>\n<\/th>\n<td class=\"properties-value d-block d-md-table-cell\">PEIGNE \u00c0 PUCES PULEKS BLANC 17CM<\/td>\n<\/tr>\n<tr class=\"properties-row\">\n<th class=\"properties-label fw-normal d-block d-md-table-cell\">\n<div class=\"d-flex align-items-center\">Nom du produit:<\/div>\n<\/th>\n<td class=\"properties-value d-block d-md-table-cell\">Peigne \u00e9lectrique Puleks<\/td>\n<\/tr>\n<tr class=\"properties-row\">\n<th class=\"properties-label fw-normal d-block d-md-table-cell\">\n<div class=\"d-flex align-items-center\">EAN:<\/div>\n<\/th>\n<td class=\"properties-value d-block d-md-table-cell\">5400585172737<\/p>\n<div class=\"mt-2\"><\/div>\n<\/td>\n<\/tr>\n<tr class=\"properties-row\">\n<th class=\"properties-label fw-normal d-block d-md-table-cell\">\n<div class=\"d-flex align-items-center\">N\u00b0 produit:<\/div>\n<\/th>\n<td class=\"properties-value d-block d-md-table-cell\">520946<\/td>\n<\/tr>\n<tr class=\"properties-row\">\n<th class=\"properties-label fw-normal d-block d-md-table-cell\">\n<div class=\"d-flex align-items-center\">Marque:<\/div>\n<\/th>\n<td class=\"properties-value d-block d-md-table-cell\">Flamingo<\/td>\n<\/tr>\n<tr class=\"properties-row\">\n<th class=\"properties-label fw-normal d-block d-md-table-cell\">Adapt\u00e9 pour:<\/th>\n<td class=\"properties-value d-block d-md-table-cell\">Races \u00e0 poils courts, Races \u00e0 poils longs<\/td>\n<\/tr>\n<tr class=\"properties-row\">\n<th class=\"properties-label fw-normal d-block d-md-table-cell\">Phase de la vie:<\/th>\n<td class=\"properties-value d-block d-md-table-cell\">Tous les \u00e2ges<\/td>\n<\/tr>\n<tr class=\"properties-row\">\n<th class=\"properties-label fw-normal d-block d-md-table-cell\">Sous-nom de marque:<\/th>\n<td class=\"properties-value d-block d-md-table-cell\">Puleks<\/td>\n<\/tr>\n<tr class=\"properties-row\">\n<th class=\"properties-label fw-normal d-block d-md-table-cell\">Type de produit:<\/th>\n<td class=\"properties-value d-block d-md-table-cell\">Peigne<\/td>\n<\/tr>\n<tr class=\"properties-row\">\n<th class=\"properties-label fw-normal d-block d-md-table-cell\">Animal\/race:<\/th>\n<td class=\"properties-value d-block d-md-table-cell\">Toutes races de chats<\/td>\n<\/tr>\n<tr class=\"properties-row\">\n<th class=\"properties-label fw-normal d-block d-md-table-cell\">Taille de la race:<\/th>\n<td class=\"properties-value d-block d-md-table-cell\">Toutes les tailles<\/td>\n<\/tr>\n<tr class=\"properties-row\">\n<th class=\"properties-label fw-normal d-block d-md-table-cell\">Utilisation int\u00e9rieure\/ext\u00e9rieure:<\/th>\n<td class=\"properties-value d-block d-md-table-cell\">Tous les deux<\/td>\n<\/tr>\n<\/tbody>\n<\/table>\n<p><span class=\"accordion-header\"><button class=\"product-detail-properties-toggle fw-bold font-size-md btn-reset rounded-0 d-flex align-items-center w-100 btn-no-outline justify-content-between accordion-button\" type=\"button\" data-bs-toggle=\"collapse\" data-bs-target=\"#pdpCollapse2\" aria-expanded=\"true\" aria-controls=\"pdpCollapse2\">Caract\u00e9ristiques physiques<\/button><\/span><\/p>\n<div id=\"pdpCollapse2\" class=\"product-detail-properties-content accordion-collapse collapse show\">\n<table class=\"table table-striped product-detail-properties-table product-detail-io-property-set-table accordion-body\">\n<tbody>\n<tr class=\"properties-row\">\n<th class=\"properties-label fw-normal d-block d-md-table-cell\">\n<div class=\"d-flex align-items-center\">Couleur:<\/div>\n<\/th>\n<td class=\"properties-value d-block d-md-table-cell\">Bleu, Blanc<\/td>\n<\/tr>\n<tr class=\"properties-row\">\n<th class=\"properties-label fw-normal d-block d-md-table-cell\">\n<div class=\"d-flex align-items-center\">Dimensions:<\/div>\n<\/th>\n<td class=\"properties-value d-block d-md-table-cell\">17cm L x 2.7cm l x 8cm H<\/td>\n<\/tr>\n<tr class=\"properties-row\">\n<th class=\"properties-label fw-normal d-block d-md-table-cell\">\n<div class=\"d-flex align-items-center\">Poids:<\/div>\n<\/th>\n<td class=\"properties-value d-block d-md-table-cell\">70g\u00a0<span class=\"eeg-sign\">\u212e<\/span><\/td>\n<\/tr>\n<tr class=\"properties-row\">\n<th class=\"properties-label fw-normal d-block d-md-table-cell\">Mati\u00e8re principale:<\/th>\n<td class=\"properties-value d-block d-md-table-cell\">Plastique ABS<\/td>\n<\/tr>\n<tr class=\"properties-row\">\n<th class=\"properties-label fw-normal d-block d-md-table-cell\">Groupe de mat\u00e9riaux:<\/th>\n<td class=\"properties-value d-block d-md-table-cell\">Synth\u00e9tique<\/td>\n<\/tr>\n<\/tbody>\n<\/table>\n<\/div>\n<\/div>\n","protected":false},"excerpt":{"rendered":"<p>Le peigne anti-puces Der Puleks est la solution ultime pour les puces sur les animaux de compagnie. Avec un sifflement \u00e9lectrique, ce peigne \u00e9limine les puces sans douleur ni produits chimiques. Convient aux chiens et aux chats de tous types de pelage. Le peigne est facile \u00e0 utiliser et \u00e0 nettoyer, gr\u00e2ce \u00e0 son bouton [&#8230;]\n","protected":false},"featured_media":39396,"template":"","meta":{"jetpack_publicize_message":"","jetpack_publicize_feature_enabled":true,"jetpack_social_post_already_shared":true,"jetpack_social_options":{"image_generator_settings":{"template":"highway","default_image_id":0,"font":"","enabled":false},"version":2}},"product_brand":[],"product_cat":[222,223],"product_tag":[],"class_list":{"0":"post-39391","1":"product","2":"type-product","3":"status-publish","4":"has-post-thumbnail","6":"product_cat-brosses-coupe-griffes","7":"product_cat-brosses-coupe-griffes-hygiene-et-soins","9":"first","10":"instock","11":"taxable","12":"shipping-taxable","13":"purchasable","14":"product-type-simple"},"supplier_id":8770,"supplier_sku":"520946","barcode":"5400585172737","atum_controlled":true,"out_stock_date":null,"out_stock_threshold":null,"inheritable":false,"inbound_stock":null,"stock_on_hold":null,"sold_today":null,"sales_last_days":null,"reserved_stock":null,"customer_returns":null,"warehouse_damage":null,"lost_in_post":null,"other_logs":null,"out_stock_days":null,"lost_sales":null,"has_location":false,"update_date":"2026-04-10T19:04:46","atum_locations":[],"atum_stock_status":"instock","restock_status":false,"low_stock_amount":2,"sales_update_date":"2026-04-05T10:35:07","calc_backorders":null,"jetpack_publicize_connections":[],"jetpack_sharing_enabled":true,"batches":[],"_links":{"self":[{"href":"https:\/\/petworld.ma\/index.php\/wp-json\/wp\/v2\/product\/39391","targetHints":{"allow":["GET"]}}],"collection":[{"href":"https:\/\/petworld.ma\/index.php\/wp-json\/wp\/v2\/product"}],"about":[{"href":"https:\/\/petworld.ma\/index.php\/wp-json\/wp\/v2\/types\/product"}],"wp:featuredmedia":[{"embeddable":true,"href":"https:\/\/petworld.ma\/index.php\/wp-json\/wp\/v2\/media\/39396"}],"wp:attachment":[{"href":"https:\/\/petworld.ma\/index.php\/wp-json\/wp\/v2\/media?parent=39391"}],"wp:term":[{"taxonomy":"product_brand","embeddable":true,"href":"https:\/\/petworld.ma\/index.php\/wp-json\/wp\/v2\/product_brand?post=39391"},{"taxonomy":"product_cat","embeddable":true,"href":"https:\/\/petworld.ma\/index.php\/wp-json\/wp\/v2\/product_cat?post=39391"},{"taxonomy":"product_tag","embeddable":true,"href":"https:\/\/petworld.ma\/index.php\/wp-json\/wp\/v2\/product_tag?post=39391"}],"curies":[{"name":"wp","href":"https:\/\/api.w.org\/{rel}","templated":true}]}}